{"id":20616,"date":"2026-03-18T10:24:13","date_gmt":"2026-03-18T10:24:13","guid":{"rendered":"https:\/\/soydeaqui.ddns.net\/pachuca\/index.php\/producto\/kit-de-torniquete-con-terminales-faciales-incluidas-montajes-incluidos-izquierdo-y-derecho-carril-de-90-cms-3000000-mcbf-4-pares-de-ir\/"},"modified":"2026-03-18T10:24:14","modified_gmt":"2026-03-18T10:24:14","slug":"kit-de-torniquete-con-terminales-faciales-incluidas-montajes-incluidos-izquierdo-y-derecho-carril-de-90-cms-3000000-mcbf-4-pares-de-ir","status":"publish","type":"product","link":"https:\/\/soydeaqui.ddns.net\/pachuca\/index.php\/producto\/kit-de-torniquete-con-terminales-faciales-incluidas-montajes-incluidos-izquierdo-y-derecho-carril-de-90-cms-3000000-mcbf-4-pares-de-ir\/","title":{"rendered":"Kit de Torniquete con Terminales Faciales incluidas \/ Montajes Incluidos \/  Izquierdo y Derecho \/ Carril de 90 cms \/ 3,000,000 MCBF \/ 4 Pares de IR"},"content":{"rendered":"<div style='width: 100%; max-width: 1200px; margin: 0 auto; font-family: sans-serif; line-height: 1.6; color: inherit; background-color: transparent;'>\n<div style='display: flex; flex-wrap: wrap; gap: 30px; margin-bottom: 30px;'>\n<div style='flex: 1 1 300px; min-width: 280px;'>\n<h3 style='font-size: 22px; border-bottom: 2px solid currentColor; padding-bottom: 5px; margin-top: 0; color: inherit; opacity: 0.8;'>Caracter\u00edsticas principales<\/h3>\n<ul style='padding-left: 20px; font-size: 15px; color: inherit;'>\n<li style='margin-bottom: 5px;'>LED indicador de direcci\u00f3n de paso<\/li>\n<li style='margin-bottom: 5px;'>Paso de 20 a 60 personas por minuto<\/li>\n<li style='margin-bottom: 5px;'>Auto detecci\u00f3n&comma; auto diagnostico&comma; y alarma<\/li>\n<\/ul><\/div>\n<div style='flex: 1 1 300px; min-width: 280px;'>\n<h3 style='font-size: 22px; border-bottom: 2px solid currentColor; padding-bottom: 5px; margin-top: 0; color: inherit; opacity: 0.8;'>Caracter\u00edsticas F\u00edsicas y El\u00e9ctrica del Torniquete<\/h3>\n<ul style='padding-left: 20px; font-size: 15px; color: inherit;'>\n<li style='margin-bottom: 5px;'>Alimentaci\u00f3n 110\/220 Vca<\/li>\n<li style='margin-bottom: 5px;'>Material: Acero Inoxidable<\/li>\n<li style='margin-bottom: 5px;'>Temperatura de Operaci\u00f3n: -25 a 70\u00b0C<\/li>\n<li style='margin-bottom: 5px;'>Uso en Interior<\/li>\n<\/ul><\/div>\n<div style='flex: 1 1 300px; min-width: 280px;'>\n<h3 style='font-size: 22px; border-bottom: 2px solid currentColor; padding-bottom: 5px; margin-top: 0; color: inherit; opacity: 0.8;'>Caracter\u00edsticas Destacadas<\/h3>\n<ul style='padding-left: 20px; font-size: 15px; color: inherit;'>\n<li style='margin-bottom: 5px;'>Es un torniquete que viene con preparaci\u00f3n para instalar una terminal facial haciendo uso del montaje para terminales faciales en torniquete.<\/li>\n<li style='margin-bottom: 5px; color: #c0392b; font-weight: bold;'>Ese kit incluye el torniquete para un carril con 2 montajes y 2 terminales faciales para entrada y salida<\/li>\n<\/ul><\/div>\n<\/p><\/div>\n<div style='display: flex; flex-wrap: wrap; gap: 30px; margin-bottom: 30px;'>\n<div style='flex: 1 1 300px; min-width: 280px;'>\n<h3 style='font-size: 22px; border-bottom: 2px solid currentColor; padding-bottom: 5px; margin-top: 0; color: inherit; opacity: 0.8;'>Caracter\u00edsticas t\u00e9cnicas adicionales<\/h3>\n<ul style='padding-left: 20px; font-size: 15px; color: inherit;'>\n<li style='margin-bottom: 5px;'>Servomotor para 3&comma;000&comma;000 MCBF<\/li>\n<li style='margin-bottom: 5px;'>De acero inoxidable SUS304<\/li>\n<li style='margin-bottom: 5px;'>Motor garantizado por hasta 3 Millones de Ciclos antes de cualquier falla<\/li>\n<li style='margin-bottom: 5px;'>4 pares de IRs para detecci\u00f3n de peat\u00f3n<\/li>\n<li style='margin-bottom: 5px;'>Mecanismo robusto&comma; r\u00e1pido y silencioso<\/li>\n<li style='margin-bottom: 5px;'>Paso libre en caso de emergencia o p\u00e9rdida de energ\u00eda<\/li>\n<li style='margin-bottom: 5px;'>Compatible con cualquier sistema de control de acceso<\/li>\n<li style='margin-bottom: 5px;'>Carril de 90 cms para el paso de los peatones<\/li>\n<li style='margin-bottom: 5px;'>Incluye torniquete izquierdo y derecho<\/li>\n<li style='margin-bottom: 5px;'>Torniquete Central para ampliar carriles por separado<\/li>\n<li style='margin-bottom: 5px;'>Instalaci\u00f3n en Interior<\/li>\n<\/ul><\/div>\n<div style='flex: 1 1 300px; min-width: 280px;'> <img style='width: 100%; height: auto; border: 1px solid rgba(150&comma;150&comma;150&comma;0.3); border-radius: 8px;' src='https:\/\/ftp3.syscom.mx\/usuarios\/fotos\/BancoFotografiasSyscom\/HIKVISION\/DSK3B220LXLR_PGDP90\/DSK3B220LXLR_PGDP90-p.PNG' alt=''> <\/div>\n<\/p><\/div>\n<div style='display: flex; flex-wrap: wrap; gap: 30px; margin-bottom: 30px;'>\n<div style='flex: 1 1 300px; min-width: 280px;'>\n<h3 style='font-size: 22px; border-bottom: 2px solid currentColor; padding-bottom: 5px; margin-top: 0; color: inherit; opacity: 0.8;'>Incluye Reconocimiento Facial Min Moe<\/h3>\n<p style='font-size: 15px; color: inherit;'>El kit incluye 2x <strong>DS-KAB6ZU1<\/strong> + 2x Terminal Facial <strong>DS-K1T342MFWX-E1<\/strong> para a\u00f1adir reconocimiento facial&comma; huella&comma; QRs etc y administraci\u00f3n en la nube a trav\u00e9s de la terminal Min Moe y HikConnect Teams.<\/p>\n<div style='display: flex; flex-wrap: wrap; gap: 15px; margin-top: 15px;'>\n<div style='flex: 1 1 200px; min-width: 200px;'> <a href='https:\/\/www.syscom.mx\/producto\/DS-K1T342MFWX-E1-HIKVISION-220996.html'> <img style='width: 100%; height: auto; border: 1px solid rgba(150&comma;150&comma;150&comma;0.3); border-radius: 8px;' src='https:\/\/ftp3.syscom.mx\/usuarios\/fotos\/BancoFotografiasSyscom\/HIKVISION\/DSK1T342MFWXE1\/DSK1T342MFWXE1-p.PNG' alt='Terminal Facial DS-K1T342MFWX-E1'> <\/a> <\/div>\n<div style='flex: 1 1 200px; min-width: 200px;'> <a href='https:\/\/www.syscom.mx\/producto\/DS-KAB6-ZU1-HIKVISION-195201.html'> <img style='width: 100%; height: auto; border: 1px solid rgba(150&comma;150&comma;150&comma;0.3); border-radius: 8px;' src='https:\/\/ftp3.syscom.mx\/usuarios\/fotos\/BancoFotografiasSyscom\/HIKVISION\/DSKAB6ZU1\/DSKAB6ZU1-p.PNG' alt='Montaje DS-KAB6-ZU1'> <\/a> <\/div>\n<\/p><\/div>\n<\/p><\/div>\n<div style='flex: 1 1 300px; min-width: 280px;'> <img style='width: 100%; height: auto; border: 1px solid rgba(150&comma;150&comma;150&comma;0.3); border-radius: 8px;' src='https:\/\/ftp3.syscom.mx\/usuarios\/fespinoza\/HIKVISION\/Dispositivos\/Torniquetes\/DS-K3B220LX\/220.png' alt='Torniquete DS-K3B220KIT'> <\/div>\n<\/p><\/div>\n<hr style='border: 0; border-top: 1px solid rgba(150&comma; 150&comma; 150&comma; 0.3); margin: 30px 0;'>\n<h2 style='text-align: center; font-size: 24px; margin-bottom: 20px; color: inherit;'>VIDEOS DE OPERACION<\/h2>\n<div style='display: flex; flex-wrap: wrap; gap: 30px; margin-bottom: 30px;'>\n<div style='flex: 1 1 400px; min-width: 300px;'>\n<div style='position: relative; padding-bottom: 56.25%; height: 0; overflow: hidden; margin-bottom: 30px;'>   <\/div>\n<\/p><\/div>\n<div style='flex: 1 1 400px; min-width: 300px;'>\n<div style='position: relative; padding-bottom: 56.25%; height: 0; overflow: hidden; margin-bottom: 30px;'>   <\/div>\n<\/p><\/div>\n<\/p><\/div>\n<\/p><\/div>\n","protected":false},"excerpt":{"rendered":"<p>Kit de Torniquete con Terminales Faciales incluidas \/ Montajes Incluidos \/  Izquierdo y Derecho \/ Carril de 90 cms \/ 3,000,000 MCBF \/ 4 Pares de IR<\/p>\n","protected":false},"featured_media":20615,"comment_status":"open","ping_status":"closed","template":"","meta":[],"product_brand":[],"product_cat":[758],"product_tag":[54,760,759],"class_list":{"0":"post-20616","1":"product","2":"type-product","3":"status-publish","4":"has-post-thumbnail","6":"product_cat-torniquetes-de-medio-cuerpo","7":"product_tag-hikvision","8":"product_tag-torniquetes-de-medio-cuerpo","9":"product_tag-torniquetes-y-puertas-de-cortesia","11":"first","12":"instock","13":"sale","14":"shipping-taxable","15":"purchasable","16":"product-type-simple"},"_links":{"self":[{"href":"https:\/\/soydeaqui.ddns.net\/pachuca\/index.php\/wp-json\/wp\/v2\/product\/20616","targetHints":{"allow":["GET"]}}],"collection":[{"href":"https:\/\/soydeaqui.ddns.net\/pachuca\/index.php\/wp-json\/wp\/v2\/product"}],"about":[{"href":"https:\/\/soydeaqui.ddns.net\/pachuca\/index.php\/wp-json\/wp\/v2\/types\/product"}],"replies":[{"embeddable":true,"href":"https:\/\/soydeaqui.ddns.net\/pachuca\/index.php\/wp-json\/wp\/v2\/comments?post=20616"}],"wp:featuredmedia":[{"embeddable":true,"href":"https:\/\/soydeaqui.ddns.net\/pachuca\/index.php\/wp-json\/wp\/v2\/media\/20615"}],"wp:attachment":[{"href":"https:\/\/soydeaqui.ddns.net\/pachuca\/index.php\/wp-json\/wp\/v2\/media?parent=20616"}],"wp:term":[{"taxonomy":"product_brand","embeddable":true,"href":"https:\/\/soydeaqui.ddns.net\/pachuca\/index.php\/wp-json\/wp\/v2\/product_brand?post=20616"},{"taxonomy":"product_cat","embeddable":true,"href":"https:\/\/soydeaqui.ddns.net\/pachuca\/index.php\/wp-json\/wp\/v2\/product_cat?post=20616"},{"taxonomy":"product_tag","embeddable":true,"href":"https:\/\/soydeaqui.ddns.net\/pachuca\/index.php\/wp-json\/wp\/v2\/product_tag?post=20616"}],"curies":[{"name":"wp","href":"https:\/\/api.w.org\/{rel}","templated":true}]}}