{"id":20611,"date":"2026-03-18T10:24:09","date_gmt":"2026-03-18T10:24:09","guid":{"rendered":"https:\/\/soydeaqui.ddns.net\/pachuca\/index.php\/producto\/sensor-de-presencia-para-acceso-vehicular-radar-de-entrada-y-salida-evita-que-baje-la-barrera-vehicular-salida-com-y-no\/"},"modified":"2026-03-18T10:24:10","modified_gmt":"2026-03-18T10:24:10","slug":"sensor-de-presencia-para-acceso-vehicular-radar-de-entrada-y-salida-evita-que-baje-la-barrera-vehicular-salida-com-y-no","status":"publish","type":"product","link":"https:\/\/soydeaqui.ddns.net\/pachuca\/index.php\/producto\/sensor-de-presencia-para-acceso-vehicular-radar-de-entrada-y-salida-evita-que-baje-la-barrera-vehicular-salida-com-y-no\/","title":{"rendered":"Sensor de Presencia para Acceso Vehicular \/ Radar de Entrada y Salida \/ Evita que Baje la Barrera Vehicular \/ Salida COM y NO"},"content":{"rendered":"<div style='width: 100%; max-width: 1200px; margin: 0 auto; font-family: sans-serif; line-height: 1.6; color: inherit; background-color: transparent;'> <!-- Logo HIKVISION --> <\/p>\n<div style='width: 100%; text-align: center; margin-bottom: 20px;'> <img style='width: auto; max-width: 100%; height: auto; border: 1px solid rgba(150&comma;150&comma;150&comma;0.3); border-radius: 8px;' src='http:\/\/ftp3.syscom.mx\/usuarios\/jdelafuente\/HIKVISION\/hikvision%20logo%20complete.png' alt='Logo HIKVISION'> <\/div>\n<p> <!-- Secci\u00f3n de caracter\u00edsticas con grid --> <\/p>\n<div style='display: grid; grid-template-columns: repeat(auto-fit&comma; minmax(300px&comma; 1fr)); gap: 30px; margin-bottom: 30px;'>\n<div>\n<h3 style='font-size: 22px; border-bottom: 2px solid currentColor; padding-bottom: 5px; margin-top: 0; color: inherit; opacity: 0.8;'>Caracter\u00edsticas principales<\/h3>\n<ul style='padding-left: 20px; font-size: 15px; color: inherit;'>\n<li style='margin-bottom: 5px;'>Sensor tipo radar para control y protecci\u00f3n de barrera vehicular.<\/li>\n<li style='margin-bottom: 5px;'>Tecnologia de alta precisi\u00f3n para detectar presencia de veh\u00edculos.<\/li>\n<li style='margin-bottom: 5px;'>Sistema para aplicaciones de Entrada y Salida.<\/li>\n<li style='margin-bottom: 5px;'>Programable mediante aplicaci\u00f3n.<\/li>\n<li style='margin-bottom: 5px;'>Reconoce la direcci\u00f3n de movimiento del objeto.<\/li>\n<li style='margin-bottom: 5px;'>Comunicaci\u00f3n RS-485.<\/li>\n<li style='margin-bottom: 5px;'>Frecuencia MMIC 79 GHz<\/li>\n<li style='margin-bottom: 5px;'>Rango de detecci\u00f3n ajustable.<\/li>\n<li style='margin-bottom: 5px;'>Distancia soportada: 6 metros programable.<\/li>\n<li style='margin-bottom: 5px;'>\u00c1rea de Detecci\u00f3n Horizontal: 0 a 2 m (Ajustable).<\/li>\n<li style='margin-bottom: 5px;'>Instalaci\u00f3n directa a la barrera<\/li>\n<li style='margin-bottom: 5px;'>Salida de relevador NO\/COM (se puede usar NC a\u00f1adiendo un PRORELAY).<\/li>\n<\/ul><\/div>\n<div>\n<h3 style='font-size: 22px; border-bottom: 2px solid currentColor; padding-bottom: 5px; margin-top: 0; color: inherit; opacity: 0.8;'>Caracter\u00edsticas F\u00edsicas y El\u00e9ctricas<\/h3>\n<ul style='padding-left: 20px; font-size: 15px; color: inherit;'>\n<li style='margin-bottom: 5px;'>Voltaje de operaci\u00f3n: 9 a 12 Vcd \/ 0.25 A<\/li>\n<li style='margin-bottom: 5px;'>Temperatura de operaci\u00f3n -40\u00b0 C a 85\u00b0 C.<\/li>\n<li style='margin-bottom: 5px;'>Peso: 350 grs.<\/li>\n<li style='margin-bottom: 5px;'>Dimensiones: 96 x 60 x 29 mm.<\/li>\n<li style='margin-bottom: 5px;'>Led indicador de estatus.<\/li>\n<\/ul><\/div>\n<\/p><\/div>\n<p> <!-- Video de YouTube --> <\/p>\n<div style='position: relative; padding-bottom: 56.25%; height: 0; overflow: hidden; margin-bottom: 30px;'>   <\/div>\n<p> <!-- Separador --> <\/p>\n<hr style='border: 0; border-top: 1px solid rgba(150&comma; 150&comma; 150&comma; 0.3); margin: 30px 0;'> <\/div>\n","protected":false},"excerpt":{"rendered":"<p>Sensor de Presencia para Acceso Vehicular \/ Radar de Entrada y Salida \/ Evita que Baje la Barrera Vehicular \/ Salida COM y NO<\/p>\n","protected":false},"featured_media":20610,"comment_status":"open","ping_status":"closed","template":"","meta":[],"product_brand":[],"product_cat":[777],"product_tag":[401,93,54],"class_list":{"0":"post-20611","1":"product","2":"type-product","3":"status-publish","4":"has-post-thumbnail","6":"product_cat-accesorios-acceso-vehicular","7":"product_tag-acceso-vehicular","8":"product_tag-accesorios","9":"product_tag-hikvision","11":"first","12":"instock","13":"sale","14":"shipping-taxable","15":"purchasable","16":"product-type-simple"},"_links":{"self":[{"href":"https:\/\/soydeaqui.ddns.net\/pachuca\/index.php\/wp-json\/wp\/v2\/product\/20611","targetHints":{"allow":["GET"]}}],"collection":[{"href":"https:\/\/soydeaqui.ddns.net\/pachuca\/index.php\/wp-json\/wp\/v2\/product"}],"about":[{"href":"https:\/\/soydeaqui.ddns.net\/pachuca\/index.php\/wp-json\/wp\/v2\/types\/product"}],"replies":[{"embeddable":true,"href":"https:\/\/soydeaqui.ddns.net\/pachuca\/index.php\/wp-json\/wp\/v2\/comments?post=20611"}],"wp:featuredmedia":[{"embeddable":true,"href":"https:\/\/soydeaqui.ddns.net\/pachuca\/index.php\/wp-json\/wp\/v2\/media\/20610"}],"wp:attachment":[{"href":"https:\/\/soydeaqui.ddns.net\/pachuca\/index.php\/wp-json\/wp\/v2\/media?parent=20611"}],"wp:term":[{"taxonomy":"product_brand","embeddable":true,"href":"https:\/\/soydeaqui.ddns.net\/pachuca\/index.php\/wp-json\/wp\/v2\/product_brand?post=20611"},{"taxonomy":"product_cat","embeddable":true,"href":"https:\/\/soydeaqui.ddns.net\/pachuca\/index.php\/wp-json\/wp\/v2\/product_cat?post=20611"},{"taxonomy":"product_tag","embeddable":true,"href":"https:\/\/soydeaqui.ddns.net\/pachuca\/index.php\/wp-json\/wp\/v2\/product_tag?post=20611"}],"curies":[{"name":"wp","href":"https:\/\/api.w.org\/{rel}","templated":true}]}}