{"id":2061,"date":"2026-03-18T05:52:43","date_gmt":"2026-03-18T05:52:43","guid":{"rendered":"https:\/\/soydeaqui.ddns.net\/pachuca\/index.php\/producto\/control-remoto-inalambrico-pico-con-escenas-predefinidas-para-espacio-en-sala\/"},"modified":"2026-03-18T05:52:43","modified_gmt":"2026-03-18T05:52:43","slug":"control-remoto-inalambrico-pico-con-escenas-predefinidas-para-espacio-en-sala","status":"publish","type":"product","link":"https:\/\/soydeaqui.ddns.net\/pachuca\/index.php\/producto\/control-remoto-inalambrico-pico-con-escenas-predefinidas-para-espacio-en-sala\/","title":{"rendered":"Control remoto inalambrico PICO, con escenas predefinidas para espacio en sala.."},"content":{"rendered":"<div style='width: 100%; max-width: 1200px; margin: 0 auto; font-family: sans-serif; line-height: 1.6; color: inherit; background-color: transparent;'>\n<div style='display: flex; flex-wrap: wrap; gap: 30px; margin-bottom: 30px;'>\n<div style='flex: 1 1 300px; min-width: 280px;'>\n<h3 style='font-size: 22px; border-bottom: 2px solid currentColor; padding-bottom: 5px; margin-top: 0; color: inherit; opacity: 0.8;'>Caracter\u00edsticas Principales<\/h3>\n<ul style='padding-left: 20px; font-size: 15px; color: inherit;'>\n<li style='margin-bottom: 5px;'>Control inal\u00e1mbrico con escenas predefinidas<\/li>\n<li style='margin-bottom: 5px;'>Compatibilidad con Caseta Wireless<\/li>\n<li style='margin-bottom: 5px;'>Compatible con sistemas RA2 Select<\/li>\n<li style='margin-bottom: 5px;'>Integra con RadioRA2 para funcionalidad avanzada<\/li>\n<li style='margin-bottom: 5px;'>Configuraci\u00f3n personalizada para espacios en sala<\/li>\n<li style='margin-bottom: 5px;'>Bater\u00eda con duraci\u00f3n de 10 a\u00f1os<\/li>\n<li style='margin-bottom: 5px;'>Alcance de 30 ft (9 m) a trav\u00e9s de paredes<\/li>\n<\/ul><\/div>\n<div style='flex: 1 1 300px; min-width: 280px;'>\n<h3 style='font-size: 22px; border-bottom: 2px solid currentColor; padding-bottom: 5px; margin-top: 0; color: inherit; opacity: 0.8;'>Especificaciones T\u00e9cnicas<\/h3>\n<ul style='padding-left: 20px; font-size: 15px; color: inherit;'>\n<li style='margin-bottom: 5px;'><strong>Modelo:<\/strong> PJ24BGWHP03<\/li>\n<li style='margin-bottom: 5px;'><strong>Alimentaci\u00f3n:<\/strong> 3V&comma; 1 bater\u00eda CR2032 incluida<\/li>\n<li style='margin-bottom: 5px;'><strong>Frecuencia:<\/strong> 431.0 &#8211; 437.0 MHz<\/li>\n<li style='margin-bottom: 5px;'><strong>Temperatura operaci\u00f3n:<\/strong> 32 \u02daF a 140 \u02daF (0 \u02daC a 60 \u02daC)<\/li>\n<li style='margin-bottom: 5px;'><strong>Humedad:<\/strong> M\u00e1ximo 90% sin condensaci\u00f3n<\/li>\n<li style='margin-bottom: 5px;'><strong>Dimensiones:<\/strong> 2.6&#8242; (66 mm) de alto<\/li>\n<li style='margin-bottom: 5px;'><strong>Garant\u00eda:<\/strong> 1 a\u00f1o<\/li>\n<\/ul><\/div>\n<\/p><\/div>\n<div style='display: flex; flex-wrap: wrap; gap: 20px; margin-bottom: 30px;'>\n<div style='flex: 1 1 250px; border: 1px solid rgba(150&comma; 150&comma; 150&comma; 0.4); border-radius: 8px; overflow: hidden; display: flex; flex-direction: column;'>\n<div style='padding: 15px; border-bottom: 1px solid rgba(150&comma; 150&comma; 150&comma; 0.2); font-weight: bold; font-size: 18px; color: inherit;'>Compatibilidad<\/div>\n<div style='padding: 15px; color: inherit;'>\n<ul style='padding-left: 20px; margin: 0; font-size: 14px; list-style-type: disc;'>\n<li style='margin-bottom: 5px;'>Caseta Wireless<\/li>\n<li style='margin-bottom: 5px;'>RA2 Select<\/li>\n<li style='margin-bottom: 5px;'>RadioRA2<\/li>\n<li style='margin-bottom: 5px;'>Energi Savr Node&comma; Quantum y myRoom<\/li>\n<li style='margin-bottom: 5px;'>Vive Systems<\/li>\n<li style='margin-bottom: 5px;'>GRAFIK Eye QS<\/li>\n<li style='margin-bottom: 5px;'>HomeWorks QS<\/li>\n<li style='margin-bottom: 5px;'>Serena RF<\/li>\n<li style='margin-bottom: 5px;'>Sivoia QS<\/li>\n<\/ul><\/div>\n<\/p><\/div>\n<div style='flex: 1 1 250px; border: 1px solid rgba(150&comma; 150&comma; 150&comma; 0.4); border-radius: 8px; overflow: hidden; display: flex; flex-direction: column;'>\n<div style='padding: 15px; border-bottom: 1px solid rgba(150&comma; 150&comma; 150&comma; 0.2); font-weight: bold; font-size: 18px; color: inherit;'>Configuraci\u00f3n<\/div>\n<div style='padding: 15px; color: inherit;'>\n<ul style='padding-left: 20px; margin: 0; font-size: 14px; list-style-type: disc;'>\n<li style='margin-bottom: 5px;'>Modo remoto port\u00e1til<\/li>\n<li style='margin-bottom: 5px;'>Control montaje en pared (con o sin placa frontal)<\/li>\n<li style='margin-bottom: 5px;'>Montaje en visor de auto<\/li>\n<li style='margin-bottom: 5px;'>Base de escritorio<\/li>\n<li style='margin-bottom: 5px;'>Requiere adaptador para superficies met\u00e1licas<\/li>\n<\/ul><\/div>\n<\/p><\/div>\n<div style='flex: 1 1 250px; border: 1px solid rgba(150&comma; 150&comma; 150&comma; 0.4); border-radius: 8px; overflow: hidden; display: flex; flex-direction: column;'>\n<div style='padding: 15px; border-bottom: 1px solid rgba(150&comma; 150&comma; 150&comma; 0.2); font-weight: bold; font-size: 18px; color: inherit;'>Regulaciones<\/div>\n<div style='padding: 15px; color: inherit;'>\n<ul style='padding-left: 20px; margin: 0; font-size: 14px; list-style-type: disc;'>\n<li style='margin-bottom: 5px;'>ISO 9001:2008<\/li>\n<li style='margin-bottom: 5px;'>FCC Certified (U.S.A.)<\/li>\n<li style='margin-bottom: 5px;'>IC Certified (Canada)<\/li>\n<li style='margin-bottom: 5px;'>COFETEL Certified (Mexico)<\/li>\n<li style='margin-bottom: 5px;'>SUTEL Certified (Costa Rica)<\/li>\n<li style='margin-bottom: 5px;'>Anatel Certified (Brazil)<\/li>\n<\/ul><\/div>\n<\/p><\/div>\n<\/p><\/div>\n<hr style='border: 0; border-top: 1px solid rgba(150&comma; 150&comma; 150&comma; 0.3); margin: 30px 0;'>\n<div style='display: flex; flex-wrap: wrap; gap: 30px; margin-bottom: 30px;'>\n<div style='flex: 1 1 300px; min-width: 280px;'>\n<h3 style='font-size: 22px; border-bottom: 2px solid currentColor; padding-bottom: 5px; margin-top: 0; color: inherit; opacity: 0.8;'>Aplicaciones<\/h3>\n<ul style='padding-left: 20px; font-size: 15px; color: inherit;'>\n<li style='margin-bottom: 5px;'>Control de iluminaci\u00f3n<\/li>\n<li style='margin-bottom: 5px;'>Control de cortinas y persianas<\/li>\n<li style='margin-bottom: 5px;'>Escenas predefinidas<\/li>\n<li style='margin-bottom: 5px;'>Control de dispositivos el\u00e9ctricos<\/li>\n<li style='margin-bottom: 5px;'>Sistemas de automatizaci\u00f3n integrados<\/li>\n<\/ul><\/div>\n<div style='flex: 1 1 300px; min-width: 280px;'>\n<h3 style='font-size: 22px; border-bottom: 2px solid currentColor; padding-bottom: 5px; margin-top: 0; color: inherit; opacity: 0.8;'>Funciones de Control<\/h3>\n<ul style='padding-left: 20px; font-size: 15px; color: inherit;'>\n<li style='margin-bottom: 5px;'>Encendido\/apagado de luces<\/li>\n<li style='margin-bottom: 5px;'>Ajuste de intensidad de luz<\/li>\n<li style='margin-bottom: 5px;'>Control de posici\u00f3n de cortinas<\/li>\n<li style='margin-bottom: 5px;'>Activaci\u00f3n de escenas preestablecidas<\/li>\n<li style='margin-bottom: 5px;'>Configuraci\u00f3n de niveles personalizados<\/li>\n<\/ul><\/div>\n<\/p><\/div>\n<\/p><\/div>\n","protected":false},"excerpt":{"rendered":"<p>Control remoto inalambrico PICO, con escenas predefinidas para espacio en sala..<\/p>\n","protected":false},"featured_media":2060,"comment_status":"open","ping_status":"closed","template":"","meta":[],"product_brand":[],"product_cat":[72],"product_tag":[30,73,36],"class_list":{"0":"post-2061","1":"product","2":"type-product","3":"status-publish","4":"has-post-thumbnail","6":"product_cat-lutron-caseta-wireless","7":"product_tag-automatizacion-casa-inteligente","8":"product_tag-lutron-caseta-wireless","9":"product_tag-lutron-electronics","11":"first","12":"instock","13":"sale","14":"shipping-taxable","15":"purchasable","16":"product-type-simple"},"_links":{"self":[{"href":"https:\/\/soydeaqui.ddns.net\/pachuca\/index.php\/wp-json\/wp\/v2\/product\/2061","targetHints":{"allow":["GET"]}}],"collection":[{"href":"https:\/\/soydeaqui.ddns.net\/pachuca\/index.php\/wp-json\/wp\/v2\/product"}],"about":[{"href":"https:\/\/soydeaqui.ddns.net\/pachuca\/index.php\/wp-json\/wp\/v2\/types\/product"}],"replies":[{"embeddable":true,"href":"https:\/\/soydeaqui.ddns.net\/pachuca\/index.php\/wp-json\/wp\/v2\/comments?post=2061"}],"wp:featuredmedia":[{"embeddable":true,"href":"https:\/\/soydeaqui.ddns.net\/pachuca\/index.php\/wp-json\/wp\/v2\/media\/2060"}],"wp:attachment":[{"href":"https:\/\/soydeaqui.ddns.net\/pachuca\/index.php\/wp-json\/wp\/v2\/media?parent=2061"}],"wp:term":[{"taxonomy":"product_brand","embeddable":true,"href":"https:\/\/soydeaqui.ddns.net\/pachuca\/index.php\/wp-json\/wp\/v2\/product_brand?post=2061"},{"taxonomy":"product_cat","embeddable":true,"href":"https:\/\/soydeaqui.ddns.net\/pachuca\/index.php\/wp-json\/wp\/v2\/product_cat?post=2061"},{"taxonomy":"product_tag","embeddable":true,"href":"https:\/\/soydeaqui.ddns.net\/pachuca\/index.php\/wp-json\/wp\/v2\/product_tag?post=2061"}],"curies":[{"name":"wp","href":"https:\/\/api.w.org\/{rel}","templated":true}]}}