{"id":20586,"date":"2026-03-18T10:23:44","date_gmt":"2026-03-18T10:23:44","guid":{"rendered":"https:\/\/soydeaqui.ddns.net\/pachuca\/index.php\/producto\/lector-de-tarjetas-prox-em-y-de-codigos-qr-teclado-para-contrasena-compatible-con-controladores-dsk2600-series-hikvision-comunicacion-rs485-y-wiegand-ip65\/"},"modified":"2026-03-18T10:23:45","modified_gmt":"2026-03-18T10:23:45","slug":"lector-de-tarjetas-prox-em-y-de-codigos-qr-teclado-para-contrasena-compatible-con-controladores-dsk2600-series-hikvision-comunicacion-rs485-y-wiegand-ip65","status":"publish","type":"product","link":"https:\/\/soydeaqui.ddns.net\/pachuca\/index.php\/producto\/lector-de-tarjetas-prox-em-y-de-codigos-qr-teclado-para-contrasena-compatible-con-controladores-dsk2600-series-hikvision-comunicacion-rs485-y-wiegand-ip65\/","title":{"rendered":"Lector de Tarjetas PROX EM y de C\u00f3digos QR \/ Teclado para Contrase\u00f1a \/ Compatible con Controladores DSK2600 Series Hikvision \/ Comunicaci\u00f3n RS485 y WIEGAND \/ IP65"},"content":{"rendered":"<div style='width: 100%; max-width: 1200px; margin: 0 auto; font-family: sans-serif; line-height: 1.6; color: inherit; background-color: transparent;'> <!-- Secci\u00f3n de caracter\u00edsticas principales --> <\/p>\n<div style='display: flex; flex-wrap: wrap; gap: 30px; margin-bottom: 30px;'>\n<div style='flex: 1 1 300px; min-width: 280px;'>\n<h3 style='font-size: 22px; border-bottom: 2px solid currentColor; padding-bottom: 5px; margin-top: 0; color: inherit; opacity: 0.8;'>Caracter\u00edsticas Principales<\/h3>\n<ul style='padding-left: 20px; font-size: 15px; color: inherit; list-style-type: disc;'>\n<li style='margin-bottom: 5px;'>Lector tarjetas Prox EM y c\u00f3digos QR<\/li>\n<li style='margin-bottom: 5px;'>Teclado integrado para ingreso de contrase\u00f1a<\/li>\n<li style='margin-bottom: 5px;'>Compatibilidad RS485 y Wiegand para conexi\u00f3n segura<\/li>\n<li style='margin-bottom: 5px;'>Lectura QR para controladores espec\u00edficos<\/li>\n<li style='margin-bottom: 5px;'>Tarjeta y contrase\u00f1a para equipos aut\u00f3nomos<\/li>\n<\/ul><\/div>\n<\/p><\/div>\n<p> <!-- Secci\u00f3n de especificaciones t\u00e9cnicas --> <\/p>\n<div style='display: flex; flex-wrap: wrap; gap: 20px; margin-bottom: 30px;'>\n<div style='flex: 1 1 250px; border: 1px solid rgba(150&comma; 150&comma; 150&comma; 0.4); border-radius: 8px; overflow: hidden; display: flex; flex-direction: column;'>\n<div style='padding: 15px; border-bottom: 1px solid rgba(150&comma; 150&comma; 150&comma; 0.2); font-weight: bold; font-size: 18px; color: inherit;'>Protocolos y Comunicaci\u00f3n<\/div>\n<div style='padding: 15px; color: inherit;'>\n<ul style='padding-left: 20px; margin: 0; font-size: 14px; list-style-type: disc;'>\n<li style='margin-bottom: 5px;'>Soporta protocolo RS-485 y Wiegand (W26&comma; W34)<\/li>\n<li style='margin-bottom: 5px;'>Comunicaci\u00f3n RS-485 para controladores DS-K26 y DS-K27<\/li>\n<\/ul><\/div>\n<\/p><\/div>\n<div style='flex: 1 1 250px; border: 1px solid rgba(150&comma; 150&comma; 150&comma; 0.4); border-radius: 8px; overflow: hidden; display: flex; flex-direction: column;'>\n<div style='padding: 15px; border-bottom: 1px solid rgba(150&comma; 150&comma; 150&comma; 0.2); font-weight: bold; font-size: 18px; color: inherit;'>Autenticaci\u00f3n<\/div>\n<div style='padding: 15px; color: inherit;'>\n<ul style='padding-left: 20px; margin: 0; font-size: 14px; list-style-type: disc;'>\n<li style='margin-bottom: 5px;'>Autenticaci\u00f3n por tarjeta&comma; contrase\u00f1a y c\u00f3digo QR<\/li>\n<li style='margin-bottom: 5px;'>Distancia lectura tarjeta M1: \u226450 mm<\/li>\n<li style='margin-bottom: 5px;'>Distancia lectura tarjeta M1 heterom\u00f3rfica: \u226430 mm<\/li>\n<li style='margin-bottom: 5px;'>Duraci\u00f3n lectura tarjeta: < 1 segundo<\/li>\n<\/ul><\/div>\n<\/p><\/div>\n<div style='flex: 1 1 250px; border: 1px solid rgba(150&comma; 150&comma; 150&comma; 0.4); border-radius: 8px; overflow: hidden; display: flex; flex-direction: column;'>\n<div style='padding: 15px; border-bottom: 1px solid rgba(150&comma; 150&comma; 150&comma; 0.2); font-weight: bold; font-size: 18px; color: inherit;'>Especificaciones Generales<\/div>\n<div style='padding: 15px; color: inherit;'>\n<ul style='padding-left: 20px; margin: 0; font-size: 14px; list-style-type: disc;'>\n<li style='margin-bottom: 5px;'>Alimentaci\u00f3n: 12 VDC<\/li>\n<li style='margin-bottom: 5px;'>Temperatura operaci\u00f3n: -40\u00b0C a 65\u00b0C<\/li>\n<li style='margin-bottom: 5px;'>Humedad operaci\u00f3n: 0 a 90% (sin condensaci\u00f3n)<\/li>\n<li style='margin-bottom: 5px;'>Dimensiones: 125 mm \u00d7 84.5 mm \u00d7 18 mm<\/li>\n<li style='margin-bottom: 5px;'>Protecci\u00f3n: IP65<\/li>\n<li style='margin-bottom: 5px;'>Instalaci\u00f3n: Montaje en pared<\/li>\n<li style='margin-bottom: 5px;'>Buzzer: S\u00ed<\/li>\n<\/ul><\/div>\n<\/p><\/div>\n<div style='flex: 1 1 250px; border: 1px solid rgba(150&comma; 150&comma; 150&comma; 0.4); border-radius: 8px; overflow: hidden; display: flex; flex-direction: column;'>\n<div style='padding: 15px; border-bottom: 1px solid rgba(150&comma; 150&comma; 150&comma; 0.2); font-weight: bold; font-size: 18px; color: inherit;'>Lectura de C\u00f3digos<\/div>\n<div style='padding: 15px; color: inherit;'>\n<ul style='padding-left: 20px; margin: 0; font-size: 14px; list-style-type: disc;'>\n<li style='margin-bottom: 5px;'>Formatos de c\u00f3digos: Code 128&comma; Interleaved 2 of 5&comma; Matrix 2 of 5&comma; Code 39&comma; Codebar&comma; Code 9 y UCC\/EAN-128<\/li>\n<li style='margin-bottom: 5px;'>Reconocimiento QR: S\u00ed<\/li>\n<\/ul><\/div>\n<\/p><\/div>\n<\/p><\/div>\n<p> <!-- Secci\u00f3n de compatibilidad --> <\/p>\n<div style='display: flex; flex-wrap: wrap; gap: 20px; margin-bottom: 30px;'>\n<div style='flex: 1 1 250px; border: 1px solid rgba(150&comma; 150&comma; 150&comma; 0.4); border-radius: 8px; overflow: hidden; display: flex; flex-direction: column;'>\n<div style='padding: 15px; border-bottom: 1px solid rgba(150&comma; 150&comma; 150&comma; 0.2); font-weight: bold; font-size: 18px; color: inherit;'>Compatibilidad<\/div>\n<div style='padding: 15px; color: inherit;'>\n<ul style='padding-left: 20px; margin: 0; font-size: 14px; list-style-type: disc;'>\n<li style='margin-bottom: 5px;'>Funci\u00f3n QR compatible con controladores DS-K26 y DS-K27 por RS-485<\/li>\n<li style='margin-bottom: 5px;'>Tarjeta y contrase\u00f1a compatibles con cualquier controlador o equipo aut\u00f3nomo como DS-K1T341CMFW por RS485 o Wiegand<\/li>\n<\/ul><\/div>\n<\/p><\/div>\n<\/p><\/div>\n<p> <!-- Separador --> <\/p>\n<hr style='border: 0; border-top: 1px solid rgba(150&comma; 150&comma; 150&comma; 0.3); margin: 30px 0;'> <\/div>\n","protected":false},"excerpt":{"rendered":"<p>Lector de Tarjetas PROX EM y de C\u00f3digos QR \/ Teclado para Contrase\u00f1a \/ Compatible con Controladores DSK2600 Series Hikvision \/ Comunicaci\u00f3n RS485 y WIEGAND \/ IP65<\/p>\n","protected":false},"featured_media":20585,"comment_status":"open","ping_status":"closed","template":"","meta":[],"product_brand":[],"product_cat":[465],"product_tag":[54,466,467],"class_list":{"0":"post-20586","1":"product","2":"type-product","3":"status-publish","4":"has-post-thumbnail","6":"product_cat-proximidad-125-khz","7":"product_tag-hikvision","8":"product_tag-lectoras-y-tarjetas","9":"product_tag-proximidad-125-khz","11":"first","12":"instock","13":"sale","14":"shipping-taxable","15":"purchasable","16":"product-type-simple"},"_links":{"self":[{"href":"https:\/\/soydeaqui.ddns.net\/pachuca\/index.php\/wp-json\/wp\/v2\/product\/20586","targetHints":{"allow":["GET"]}}],"collection":[{"href":"https:\/\/soydeaqui.ddns.net\/pachuca\/index.php\/wp-json\/wp\/v2\/product"}],"about":[{"href":"https:\/\/soydeaqui.ddns.net\/pachuca\/index.php\/wp-json\/wp\/v2\/types\/product"}],"replies":[{"embeddable":true,"href":"https:\/\/soydeaqui.ddns.net\/pachuca\/index.php\/wp-json\/wp\/v2\/comments?post=20586"}],"wp:featuredmedia":[{"embeddable":true,"href":"https:\/\/soydeaqui.ddns.net\/pachuca\/index.php\/wp-json\/wp\/v2\/media\/20585"}],"wp:attachment":[{"href":"https:\/\/soydeaqui.ddns.net\/pachuca\/index.php\/wp-json\/wp\/v2\/media?parent=20586"}],"wp:term":[{"taxonomy":"product_brand","embeddable":true,"href":"https:\/\/soydeaqui.ddns.net\/pachuca\/index.php\/wp-json\/wp\/v2\/product_brand?post=20586"},{"taxonomy":"product_cat","embeddable":true,"href":"https:\/\/soydeaqui.ddns.net\/pachuca\/index.php\/wp-json\/wp\/v2\/product_cat?post=20586"},{"taxonomy":"product_tag","embeddable":true,"href":"https:\/\/soydeaqui.ddns.net\/pachuca\/index.php\/wp-json\/wp\/v2\/product_tag?post=20586"}],"curies":[{"name":"wp","href":"https:\/\/api.w.org\/{rel}","templated":true}]}}