{"id":2056,"date":"2026-03-18T05:52:40","date_gmt":"2026-03-18T05:52:40","guid":{"rendered":"https:\/\/soydeaqui.ddns.net\/pachuca\/index.php\/producto\/comunicador-dual-ethernet-4gltem-5g-2-entradas-y-2-salidas-programacion-remota-1-ano-de-servicio-gratis\/"},"modified":"2026-03-18T05:52:43","modified_gmt":"2026-03-18T05:52:43","slug":"comunicador-dual-ethernet-4gltem-5g-2-entradas-y-2-salidas-programacion-remota-1-ano-de-servicio-gratis","status":"publish","type":"product","link":"https:\/\/soydeaqui.ddns.net\/pachuca\/index.php\/producto\/comunicador-dual-ethernet-4gltem-5g-2-entradas-y-2-salidas-programacion-remota-1-ano-de-servicio-gratis\/","title":{"rendered":"Comunicador DUAL ETHERNET + 4GLTEM\/5G \/ 2 ENTRADAS Y 2 SALIDAS \/ Programaci\u00f3n Remota \/ 1 A\u00f1o de servicio GRATIS"},"content":{"rendered":"<div style='width: 100%; max-width: 1200px; margin: 0 auto; font-family: sans-serif; line-height: 1.6; color: inherit; background-color: transparent;'>\n<div style='display: flex; flex-direction: column; align-items: center; margin-bottom: 30px;'> <img style='width: 100%; height: auto; border: 1px solid rgba(150&comma;150&comma;150&comma;0.3); border-radius: 8px;' src='https:\/\/ftp3.syscom.mx\/usuarios\/vvega\/M2M\/mq03ltemlan\/mq03ltemlan_banner.jpg' alt=''> <img style='width: 300px; height: auto; border: 1px solid rgba(150&comma;150&comma;150&comma;0.3); border-radius: 8px; margin-top: 15px;' src='https:\/\/ftp3.syscom.mx\/usuarios\/vvega\/M2M\/mq03ltemlan\/mq03ltemlan_Nombres.jpg' alt=''> <\/div>\n<div style='margin-bottom: 30px;'>\n<h3 style='font-size: 22px; border-bottom: 2px solid currentColor; padding-bottom: 5px; margin-top: 0; color: inherit; opacity: 0.8; text-align: center;'>Comunicador de Alarma Universal DUAL COMUNICACI\u00d3N<\/h3>\n<p style='text-align: center; margin: 10px 70px 50px 70px; font-size: 16px; color: inherit;'>Comunicador Multimarca \u00fanico en el mercado compatible con el 99% de paneles de alarma para el env\u00edo de eventos y poder armar y desarmar&comma; todo desde una sola aplicaci\u00f3n (RCONTROL).<\/p>\n<p style='text-align: center; margin: 10px 70px 50px 70px; font-size: 16px; color: inherit;'>Cuenta con <strong style='color: inherit;'>2 salidas Trigger<\/strong> programables y Posibilidad de <strong style='color: inherit;'>programaci\u00f3n remota en paneles Resideo y DSC<\/strong>*<\/p>\n<p style='text-align: center; margin: 10px 70px 50px 70px; font-size: 16px; color: inherit;'> <a style='color: #005cb9; text-decoration: none; font-weight: bold;' href='https:\/\/sites.google.com\/syscom.mx\/m2m-services\/inicio' target='_blank' rel='noopener'>CONFIGURACIONES DE EQUIPOS M2M dando CLIC AQUI<\/a> <\/p>\n<\/p><\/div>\n<div style='display: flex; flex-wrap: wrap; gap: 30px; margin-bottom: 30px;'>\n<div style='flex: 1 1 300px; min-width: 280px;'>\n<div style='border: 1px solid rgba(150&comma;150&comma;150&comma;0.3); border-radius: 8px; overflow: hidden;'> <img style='width: 100%; height: auto; border-bottom: 1px solid rgba(150&comma;150&comma;150&comma;0.3);' src='https:\/\/ftp3.syscom.mx\/usuarios\/vvega\/M2M\/mq03ltemlan\/izquierda.png' alt=''> <\/p>\n<div style='padding: 15px;'>\n<h3 style='font-size: 18px; color: #DF001D; margin-top: 0;'>Comunicador de Alarma compatible y Carga \/ Descarga SIN ACCESORIOS EXTRA<\/h3>\n<h4 style='color: inherit; opacity: 0.6; margin-top: 15px;'>Principales<\/h4>\n<ul style='padding-left: 20px; font-size: 14px; color: inherit;'>\n<li style='margin-bottom: 8px;'>Admite <strong style='color: inherit;'>PROGRAMACI\u00d3N REMOTA<\/strong> en paneles RESIDEO y DSC<\/li>\n<li style='margin-bottom: 8px;'>Soporta <strong style='color: inherit;'>PARTICIONES<\/strong>*<\/li>\n<li style='margin-bottom: 8px;'><strong style='color: inherit;'>Estatus y Bypass<\/strong> de Zonas* <strong style='color: inherit;'>Visualizar hasta 64 Zonas<\/strong> en la APP RControl<\/li>\n<li style='margin-bottom: 8px;'><strong style='color: inherit;'>Armado Total \/ Parcial*<\/strong> y Desarmado desde la APP.<\/li>\n<li style='margin-bottom: 8px;'>Identificacion de usuarios y posibilidad de etiquetado de zonas. (Hasta 100 usuarios)<\/li>\n<li style='margin-bottom: 8px;'>Incluye 1 a\u00f1o de Servicio 4G LTEM \/ 5G<\/li>\n<li style='margin-bottom: 8px;'>A\u00f1o adicional adquiriendo <a style='color: #005cb9; text-decoration: none;' href='https:\/\/www.syscom.mx\/producto\/VOUCHERLTEM-M2M-SERVICES-188046.html' target='_blank' rel='noopener'>VOUCHERLTEM<\/a><\/li>\n<li style='margin-bottom: 8px;'><strong style='color: inherit;'>NOTA:<\/strong> Si el voucher no es renovado dentro del mes correspondiente&comma; el equipo pasara a suspendido y se tendra que adquirir un REACTIVAM2M + VOUCHERLTEM<\/li>\n<\/ul><\/div>\n<\/p><\/div>\n<\/p><\/div>\n<div style='flex: 1 1 300px; min-width: 280px;'>\n<div style='border: 1px solid rgba(150&comma;150&comma;150&comma;0.3); border-radius: 8px; overflow: hidden;'> <img style='width: 100%; height: auto; border-bottom: 1px solid rgba(150&comma;150&comma;150&comma;0.3);' src='https:\/\/ftp3.syscom.mx\/usuarios\/vvega\/M2M\/mq03ltemlan\/frente.png' alt=''> <\/p>\n<div style='padding: 15px;'>\n<h3 style='font-size: 18px; color: #DF001D; margin-top: 0;'>Activaci\u00f3n Remota<\/h3>\n<h4 style='color: inherit; opacity: 0.6; margin-top: 15px;'>Aplicacion y Plataforma<\/h4>\n<ul style='padding-left: 20px; font-size: 14px; color: inherit;'>\n<li style='margin-bottom: 8px;'>Listo para activar o desactivar salidas (Por Aplicacion Android \/ iOS GRATIS).<\/li>\n<li style='margin-bottom: 8px;'>Monitoreo de Sensores en Tiempo Real.<\/li>\n<li style='margin-bottom: 8px;'>Identificacion de ID de usuario de quien activo \/ desactivo.<\/li>\n<li style='margin-bottom: 8px;'>Privilegios por usuarios&comma; Total Control Administrativo.<\/li>\n<li style='margin-bottom: 8px;'>Plataforma de administracion GRATUITA (solicite credenciales en ingenier\u00eda)&comma; <a style='color: #005cb9; text-decoration: none;' href='https:\/\/m2mservices.com\/Admin\/'>https:\/\/m2mservices.com\/Admin\/<\/a><\/li>\n<li style='margin-bottom: 8px;'>Activacion Remota de motores&comma; barrearas&comma; puertas&comma; bombas de agua&comma; energizadores&comma; etc.<\/li>\n<li style='margin-bottom: 8px;'><strong style='color: inherit;'>LOGO<\/strong> Directo en la aplicacion GRATIS!<\/li>\n<\/ul><\/div>\n<\/p><\/div>\n<\/p><\/div>\n<div style='flex: 1 1 300px; min-width: 280px;'>\n<div style='border: 1px solid rgba(150&comma;150&comma;150&comma;0.3); border-radius: 8px; overflow: hidden;'> <img style='width: 100%; height: auto; border-bottom: 1px solid rgba(150&comma;150&comma;150&comma;0.3);' src='https:\/\/ftp3.syscom.mx\/usuarios\/vvega\/M2M\/mq03ltemlan\/derecha.png' alt=''> <\/p>\n<div style='padding: 15px;'>\n<h3 style='font-size: 18px; color: #DF001D; margin-top: 0;'>Peque\u00f1o y Ligero<\/h3>\n<h4 style='color: inherit; opacity: 0.6; margin-top: 15px;'>Especificaciones Tecnicas<\/h4>\n<ul style='padding-left: 20px; font-size: 14px; color: inherit;'>\n<li style='margin-bottom: 8px;'>Multibanda CAT-M1<\/li>\n<li style='margin-bottom: 8px;'>Puerto LAN 10\/100<\/li>\n<li style='margin-bottom: 8px;'>2 Entradas Digitales (Contact-ID)<\/li>\n<li style='margin-bottom: 8px;'>2 Salidas Digitales (300 mA cada Salida)<\/li>\n<li style='margin-bottom: 8px;'>Alimentacion +12 a +24 Vcc<\/li>\n<li style='margin-bottom: 8px;'>Antena: SMA&comma; 50 ohms<\/li>\n<li style='margin-bottom: 8px;'>Dimensiones: 6.3 x 9 x 3.2 cms<\/li>\n<li style='margin-bottom: 8px;'>Peso sin Antena: 85 gr<\/li>\n<\/ul><\/div>\n<\/p><\/div>\n<\/p><\/div>\n<\/p><\/div>\n<p> <img style='width: 100%; height: auto; border: 1px solid rgba(150&comma;150&comma;150&comma;0.3); border-radius: 8px; margin-bottom: 30px;' src='https:\/\/ftp3.syscom.mx\/usuarios\/vvega\/M2M\/mq03ltemlan\/mq03ltemlan_dt42.jpg' alt=''> <\/p>\n<div style='margin-bottom: 30px;'>\n<h2 style='font-size: 20px; color: #c0392b; text-align: center; margin-top: 0; margin-bottom: 20px;'>Evite traslados Innecesarios con Programaci\u00f3n Remota<\/h2>\n<h3 style='font-size: 18px; margin-top: 0; margin-bottom: 15px; color: inherit;'><strong style='color: inherit;'>Programaci\u00f3n Remota (Compatible con Honeywell\u00ae y DSC)<\/strong><\/h3>\n<ul style='padding-left: 20px; font-size: 14px; color: inherit;'>\n<li style='margin-bottom: 8px;'>Realizar configuraciones en el panel sin tener que ir al lugar donde est\u00e1 instalado.<\/li>\n<li style='margin-bottom: 8px;'>El t\u00e9cnico \u00fanicamente reemplaza o instala equipos pero la configuraci\u00f3n se realiza remotamente desde la Central (mayor seguridad).<\/li>\n<\/ul>\n<p style='margin: 15px 0; font-size: 14px; color: inherit;'>Para la programacion remota solo se requiere:<\/p>\n<ul style='padding-left: 20px; font-size: 14px; color: inherit;'>\n<li style='margin-bottom: 8px;'><a style='color: #005cb9; text-decoration: none;' href='https:\/\/www.syscom.mx\/producto\/SW-MODEM-M2M-M2M-SERVICES-205065.html' target='_blank' rel='noopener'>SW-MODEM-M2M<\/a>: Anualidad para conexiones ilimitadas a paneles de alarma.<\/li>\n<\/ul><\/div>\n<p> <img style='width: 100%; height: auto; border: 1px solid rgba(150&comma;150&comma;150&comma;0.3); border-radius: 8px; margin-bottom: 30px;' src='https:\/\/ftp3.syscom.mx\/usuarios\/vvega\/M2M\/mq03ltemlan\/mq03ltemlan_programacion.jpg' alt=''> <\/p>\n<div style='margin-bottom: 30px;'>\n<p style='margin: 15px 0; font-size: 14px; color: inherit;'><strong style='color: inherit;'>IMPORTANTE<\/strong>&comma; Solo los siguientes paneles de alarma son compatibles para utilizar la conexion del Bus de Datos&comma; con lo que podras ver particiones&comma; zonas y realizar armados parciales y bypass de zonas.<\/p>\n<p style='margin: 15px 0; font-size: 14px; color: inherit;'><strong style='color: inherit;'>NOTA: El total de zonas para mostrar en la app de RControl es de 64<\/strong><\/p>\n<p> <img style='width: 100%; height: auto; border: 1px solid rgba(150&comma;150&comma;150&comma;0.3); border-radius: 8px; margin-bottom: 15px;' src='https:\/\/ftp3.syscom.mx\/usuarios\/vvega\/M2M\/MN02LTEM_CompatibilidadBusDatos.jpg' alt=''> <\/p>\n<p style='margin: 15px 0; font-size: 14px; color: inherit;'><strong style='color: inherit;'>Para el resto de los paneles se puede utilizar la conexion a zona llave (KEY SWITCH) para pode realizar el armado \/ desarmado remoto.<\/strong><\/p>\n<\/p><\/div>\n<div style='display: flex; flex-wrap: wrap; gap: 20px; margin-bottom: 30px;'>\n<div style='flex: 1 1 45%; min-width: 300px;'>\n<div style='position: relative; padding-bottom: 56.25%; height: 0; overflow: hidden;'>   <\/div>\n<\/p><\/div>\n<div style='flex: 1 1 45%; min-width: 300px;'>\n<div style='position: relative; padding-bottom: 56.25%; height: 0; overflow: hidden;'>   <\/div>\n<\/p><\/div>\n<\/p><\/div>\n<div style='margin-bottom: 30px;'>\n<p style='margin: 15px 0; font-size: 14px; color: inherit;'><strong style='color: inherit;'>NOTA: Estos dispositivos trabajan sobre redes celulares por lo que su operatividad depende de la estabilidad de estos servicios.<\/strong><\/p>\n<p style='margin: 15px 0; font-size: 14px; color: inherit;'><em style='color: inherit;'>*NOTA: Estos equipos adquiridos en cualquier categoria de &#8216;asterisco&#8217; pueden variar los meses de servicio<\/em><\/p>\n<\/p><\/div>\n<\/p><\/div>\n","protected":false},"excerpt":{"rendered":"<p>Comunicador DUAL ETHERNET + 4GLTEM\/5G \/ 2 ENTRADAS Y 2 SALIDAS \/ Programaci\u00f3n Remota \/ 1 A\u00f1o de servicio GRATIS<\/p>\n","protected":false},"featured_media":2055,"comment_status":"open","ping_status":"closed","template":"","meta":[],"product_brand":[],"product_cat":[214],"product_tag":[93,215,188],"class_list":{"0":"post-2056","1":"product","2":"type-product","3":"status-publish","4":"has-post-thumbnail","6":"product_cat-controles-inalambricos","7":"product_tag-accesorios","8":"product_tag-controles-inalambricos","9":"product_tag-m2m-services","11":"first","12":"instock","13":"sale","14":"shipping-taxable","15":"purchasable","16":"product-type-simple"},"_links":{"self":[{"href":"https:\/\/soydeaqui.ddns.net\/pachuca\/index.php\/wp-json\/wp\/v2\/product\/2056","targetHints":{"allow":["GET"]}}],"collection":[{"href":"https:\/\/soydeaqui.ddns.net\/pachuca\/index.php\/wp-json\/wp\/v2\/product"}],"about":[{"href":"https:\/\/soydeaqui.ddns.net\/pachuca\/index.php\/wp-json\/wp\/v2\/types\/product"}],"replies":[{"embeddable":true,"href":"https:\/\/soydeaqui.ddns.net\/pachuca\/index.php\/wp-json\/wp\/v2\/comments?post=2056"}],"wp:featuredmedia":[{"embeddable":true,"href":"https:\/\/soydeaqui.ddns.net\/pachuca\/index.php\/wp-json\/wp\/v2\/media\/2055"}],"wp:attachment":[{"href":"https:\/\/soydeaqui.ddns.net\/pachuca\/index.php\/wp-json\/wp\/v2\/media?parent=2056"}],"wp:term":[{"taxonomy":"product_brand","embeddable":true,"href":"https:\/\/soydeaqui.ddns.net\/pachuca\/index.php\/wp-json\/wp\/v2\/product_brand?post=2056"},{"taxonomy":"product_cat","embeddable":true,"href":"https:\/\/soydeaqui.ddns.net\/pachuca\/index.php\/wp-json\/wp\/v2\/product_cat?post=2056"},{"taxonomy":"product_tag","embeddable":true,"href":"https:\/\/soydeaqui.ddns.net\/pachuca\/index.php\/wp-json\/wp\/v2\/product_tag?post=2056"}],"curies":[{"name":"wp","href":"https:\/\/api.w.org\/{rel}","templated":true}]}}