{"id":20507,"date":"2026-03-18T10:22:20","date_gmt":"2026-03-18T10:22:20","guid":{"rendered":"https:\/\/soydeaqui.ddns.net\/pachuca\/index.php\/producto\/tarjeta-de-proximidad-estandar-perforada-gruesa-fabricada-con-el-pvc-mas-resistente-de-la-industria\/"},"modified":"2026-03-18T10:22:21","modified_gmt":"2026-03-18T10:22:21","slug":"tarjeta-de-proximidad-estandar-perforada-gruesa-fabricada-con-el-pvc-mas-resistente-de-la-industria","status":"publish","type":"product","link":"https:\/\/soydeaqui.ddns.net\/pachuca\/index.php\/producto\/tarjeta-de-proximidad-estandar-perforada-gruesa-fabricada-con-el-pvc-mas-resistente-de-la-industria\/","title":{"rendered":"Tarjeta de proximidad est\u00e1ndar, perforada (gruesa), fabricada con el PVC m\u00e1s resistente de la industria"},"content":{"rendered":"<div style='width: 100%; max-width: 1200px; margin: 0 auto; font-family: sans-serif; line-height: 1.6; color: inherit; background-color: transparent;'>\n<div style='display: flex; flex-wrap: wrap; gap: 30px; margin-bottom: 30px;'>\n<div style='flex: 1 1 300px; min-width: 280px;'>\n<h3 style='font-size: 22px; border-bottom: 2px solid currentColor; padding-bottom: 5px; margin-top: 0; color: inherit; opacity: 0.8;'>Descripci\u00f3n<\/h3>\n<p style='font-size: 15px; color: inherit; margin-bottom: 15px;'>Esta es una credencial del tama\u00f1o de una tarjeta de cr\u00e9dito con electr\u00f3nica RFID incorporada dentro de la tarjeta&comma; que incluye un circuito integrado y una antena en su interior que se puede imprimir con informaci\u00f3n legible para humanos utilizando impresoras de tarjetas ISO est\u00e1ndar&comma; y que se puede leer por m\u00e1quinas mediante comunicaciones inal\u00e1mbricas de muy baja potencia.<\/p>\n<p style='font-size: 15px; color: inherit; margin-bottom: 15px;'>Al no tener alimentaci\u00f3n propia&comma; puede ser le\u00edda por lectores de tarjetas cuando pasa a trav\u00e9s del campo electromagn\u00e9tico producido en la proximidad del lector. El alcance depende de la antena y el campo generado por el lector&comma; por lo que la tarjeta tendr\u00e1 diferentes rangos de lectura.<\/p>\n<\/p><\/div>\n<\/p><\/div>\n<div style='display: flex; flex-wrap: wrap; gap: 20px; margin-bottom: 30px;'>\n<div style='flex: 1 1 250px; border: 1px solid rgba(150&comma; 150&comma; 150&comma; 0.4); border-radius: 8px; overflow: hidden; display: flex; flex-direction: column;'>\n<div style='padding: 15px; border-bottom: 1px solid rgba(150&comma; 150&comma; 150&comma; 0.2); font-weight: bold; font-size: 18px; color: inherit;'>Caracter\u00edsticas<\/div>\n<div style='padding: 15px; color: inherit;'>\n<ul style='padding-left: 20px; margin: 0; font-size: 14px; list-style-type: disc;'>\n<li style='margin-bottom: 5px;'>Confiable y libre de interferencias: las personas que portan la tarjeta no sentir\u00e1n ninguna interferencia al pasar cerca de otros objetos electromagn\u00e9ticos.<\/li>\n<li style='margin-bottom: 5px;'>Forma de &#8216;clamshell&#8217; (concha)<\/li>\n<li style='margin-bottom: 5px;'>Resistente&comma; flexible y resistente a la rotura: s\u00f3lida y robusta&comma; la tarjeta incluso puede mojarse y seguir funcionando.<\/li>\n<li style='margin-bottom: 5px;'>Compatible con identificaci\u00f3n fotogr\u00e1fica: se puede imprimir directamente a\u00f1adiendo una imagen o mediante impresi\u00f3n de transferencia t\u00e9rmica.<\/li>\n<li style='margin-bottom: 5px;'>Solo lectura: el n\u00famero impreso en la cara de la tarjeta permite la lectura sin contacto por parte de los lectores.<\/li>\n<li style='margin-bottom: 5px;'>Tama\u00f1o de bolsillo: permite a los usuarios llevarla c\u00f3modamente consigo.<\/li>\n<li style='margin-bottom: 5px;'>Seguridad: se conoce por su n\u00famero infinito de lecturas.<\/li>\n<li style='margin-bottom: 5px;'>F\u00e1cilmente identificable: cuando se proporciona el n\u00famero de tarjeta externa a la administraci\u00f3n del sistema.<\/li>\n<\/ul><\/div>\n<\/p><\/div>\n<div style='flex: 1 1 250px; border: 1px solid rgba(150&comma; 150&comma; 150&comma; 0.4); border-radius: 8px; overflow: hidden; display: flex; flex-direction: column;'>\n<div style='padding: 15px; border-bottom: 1px solid rgba(150&comma; 150&comma; 150&comma; 0.2); font-weight: bold; font-size: 18px; color: inherit;'>Disponibilidad de impresi\u00f3n<\/div>\n<div style='padding: 15px; color: inherit;'>\n<ul style='padding-left: 20px; margin: 0; font-size: 14px; list-style-type: disc;'>\n<li style='margin-bottom: 5px;'>Formato Wiegand impreso con ID y c\u00f3digo del sitio.<\/li>\n<li style='margin-bottom: 5px;'>Formato Wiegand y reloj y datos impresos.<\/li>\n<\/ul><\/div>\n<\/p><\/div>\n<div style='flex: 1 1 250px; border: 1px solid rgba(150&comma; 150&comma; 150&comma; 0.4); border-radius: 8px; overflow: hidden; display: flex; flex-direction: column;'>\n<div style='padding: 15px; border-bottom: 1px solid rgba(150&comma; 150&comma; 150&comma; 0.2); font-weight: bold; font-size: 18px; color: inherit;'>Especificaciones<\/div>\n<div style='padding: 15px; color: inherit;'>\n<ul style='padding-left: 20px; margin: 0; font-size: 14px; list-style-type: disc;'>\n<li style='margin-bottom: 5px;'>Elaboradas en PVC para m\u00e1s resistencia al uso cotidiano.<\/li>\n<li style='margin-bottom: 5px;'>Formato de 26 bits.<\/li>\n<li style='margin-bottom: 5px;'>Funcionan en temperaturas extremas de -35 a 65 \u00baC.<\/li>\n<li style='margin-bottom: 5px;'>Compatible con lectores ROSSLARE y teclados ACF44 y ACQ44.<\/li>\n<li style='margin-bottom: 5px;'>Dimensiones: 86 x 54 x 1 mm.<\/li>\n<\/ul><\/div>\n<\/p><\/div>\n<\/p><\/div>\n<div style='display: flex; flex-wrap: wrap; gap: 30px; margin-bottom: 30px;'>\n<div style='flex: 1 1 300px; min-width: 280px;'>\n<p style='font-size: 15px; color: inherit; margin-bottom: 15px;'><strong>*Tarjeta Perforada<\/strong><\/p>\n<p style='font-size: 15px; color: inherit; margin-bottom: 15px;'><strong>Nota:<\/strong> Esta tarjeta no puede ser impresa por ser una tarjeta gruesa&comma; lo que se puede hacer es imprimir un adhesivo <a style='color: #005cb9; text-decoration: none; font-weight: 600; font-size: 12px;' href='https:\/\/www.syscom.mx\/principal\/searchcont?route=DIC-100091-IDP-65343&#038;autodetect=dic10'>DIC-100091<\/a> y pegarlo sobre la tarjeta.<\/p>\n<\/p><\/div>\n<\/p><\/div>\n<hr style='border: 0; border-top: 1px solid rgba(150&comma; 150&comma; 150&comma; 0.3); margin: 30px 0;'> <\/div>\n","protected":false},"excerpt":{"rendered":"<p>Tarjeta de proximidad est\u00e1ndar, perforada (gruesa), fabricada con el PVC m\u00e1s resistente de la industria<\/p>\n","protected":false},"featured_media":20506,"comment_status":"open","ping_status":"closed","template":"","meta":[],"product_brand":[],"product_cat":[469],"product_tag":[93,563,470],"class_list":{"0":"post-20507","1":"product","2":"type-product","3":"status-publish","4":"has-post-thumbnail","6":"product_cat-tarjetas-y-tags","7":"product_tag-accesorios","8":"product_tag-rosslare-security-products","9":"product_tag-tarjetas-y-tags","11":"first","12":"outofstock","13":"sale","14":"shipping-taxable","15":"purchasable","16":"product-type-simple"},"_links":{"self":[{"href":"https:\/\/soydeaqui.ddns.net\/pachuca\/index.php\/wp-json\/wp\/v2\/product\/20507","targetHints":{"allow":["GET"]}}],"collection":[{"href":"https:\/\/soydeaqui.ddns.net\/pachuca\/index.php\/wp-json\/wp\/v2\/product"}],"about":[{"href":"https:\/\/soydeaqui.ddns.net\/pachuca\/index.php\/wp-json\/wp\/v2\/types\/product"}],"replies":[{"embeddable":true,"href":"https:\/\/soydeaqui.ddns.net\/pachuca\/index.php\/wp-json\/wp\/v2\/comments?post=20507"}],"wp:featuredmedia":[{"embeddable":true,"href":"https:\/\/soydeaqui.ddns.net\/pachuca\/index.php\/wp-json\/wp\/v2\/media\/20506"}],"wp:attachment":[{"href":"https:\/\/soydeaqui.ddns.net\/pachuca\/index.php\/wp-json\/wp\/v2\/media?parent=20507"}],"wp:term":[{"taxonomy":"product_brand","embeddable":true,"href":"https:\/\/soydeaqui.ddns.net\/pachuca\/index.php\/wp-json\/wp\/v2\/product_brand?post=20507"},{"taxonomy":"product_cat","embeddable":true,"href":"https:\/\/soydeaqui.ddns.net\/pachuca\/index.php\/wp-json\/wp\/v2\/product_cat?post=20507"},{"taxonomy":"product_tag","embeddable":true,"href":"https:\/\/soydeaqui.ddns.net\/pachuca\/index.php\/wp-json\/wp\/v2\/product_tag?post=20507"}],"curies":[{"name":"wp","href":"https:\/\/api.w.org\/{rel}","templated":true}]}}