{"id":20494,"date":"2026-03-18T10:22:05","date_gmt":"2026-03-18T10:22:05","guid":{"rendered":"https:\/\/soydeaqui.ddns.net\/pachuca\/index.php\/producto\/controlador-de-acceso-para-2-lectoras-expandible-a-2-lectores-adicionales-30000-tarjetas-incluye-gabinete-y-fuente-de-alimentacion-nueva-generacion\/"},"modified":"2026-03-18T10:22:11","modified_gmt":"2026-03-18T10:22:11","slug":"controlador-de-acceso-para-2-lectoras-expandible-a-2-lectores-adicionales-30000-tarjetas-incluye-gabinete-y-fuente-de-alimentacion-nueva-generacion","status":"publish","type":"product","link":"https:\/\/soydeaqui.ddns.net\/pachuca\/index.php\/producto\/controlador-de-acceso-para-2-lectoras-expandible-a-2-lectores-adicionales-30000-tarjetas-incluye-gabinete-y-fuente-de-alimentacion-nueva-generacion\/","title":{"rendered":"Controlador de Acceso para 2 lectoras \/ Expandible a 2 Lectores Adicionales \/ 30,000 Tarjetas \/ Incluye Gabinete y Fuente de Alimentaci\u00f3n \/ Nueva Generaci\u00f3n!"},"content":{"rendered":"<div style='width: 100%; max-width: 1200px; margin: 0 auto; font-family: sans-serif; line-height: 1.6; color: inherit; background-color: transparent;'> <!-- Secci\u00f3n de contenido con flex\/grid --> <\/p>\n<div style='display: flex; flex-wrap: wrap; gap: 30px; margin-bottom: 30px;'>\n<div style='flex: 1 1 300px; min-width: 280px;'>\n<h3 style='font-size: 22px; border-bottom: 2px solid currentColor; padding-bottom: 5px; margin-top: 0; color: inherit; opacity: 0.8;'>Descripci\u00f3n<\/h3>\n<p style='font-size: 15px; color: inherit; margin-bottom: 15px;'>El controlador de acceso en red AC-225IP-B inteligente de 2 lectores est\u00e1 alimentado por el servidor AxTraxNG\u2122 de Rosslare para Microsoft Windows&comma; lo que le permite ofrecer un control de acceso completo y capacidades de automatizaci\u00f3n a trav\u00e9s de un puerto Ethernet 10\/100.<\/p>\n<p style='font-size: 15px; color: inherit; margin-bottom: 15px;'>El AC-225IP-B es un controlador de acceso de grado profesional que cuenta con capacidades avanzadas de l\u00f3gica en l\u00ednea y fuera de l\u00ednea&comma; utilizando memoria no vol\u00e1til en caso de p\u00e9rdida total de energ\u00eda.<\/p>\n<\/p><\/div>\n<\/p><\/div>\n<p> <!-- Secci\u00f3n de cards con especificaciones --> <\/p>\n<div style='display: flex; flex-wrap: wrap; gap: 20px; margin-bottom: 30px;'>\n<div style='flex: 1 1 250px; border: 1px solid rgba(150&comma; 150&comma; 150&comma; 0.4); border-radius: 8px; overflow: hidden; display: flex; flex-direction: column;'>\n<div style='padding: 15px; border-bottom: 1px solid rgba(150&comma; 150&comma; 150&comma; 0.2); font-weight: bold; font-size: 18px; color: inherit;'>Caracter\u00edsticas principales<\/div>\n<div style='padding: 15px; color: inherit;'>\n<ul style='padding-left: 20px; margin: 0; font-size: 14px; list-style-type: disc; color: inherit;'>\n<li style='margin-bottom: 5px; color: inherit;'>Operaci\u00f3n completa en l\u00ednea y fuera de l\u00ednea<\/li>\n<li style='margin-bottom: 5px; color: inherit;'>Admite 30&comma;000 credenciales activas&comma; 30&comma;000 c\u00f3digos PIN&comma; 128 grupos de acceso&comma; 128 \u00e1reas de acceso&comma; 128 zonas horarias&comma; 64 d\u00edas festivos y 32 enlaces inteligentes NG para automatizaci\u00f3n<\/li>\n<li style='margin-bottom: 5px; color: inherit;'>Registra el registro de eventos en memoria no vol\u00e1til FIFO de hasta 20&comma;000 registros mientras est\u00e1 fuera de l\u00ednea<\/li>\n<li style='margin-bottom: 5px; color: inherit;'>Ampliable con la expansi\u00f3n de E\/S MD-IO84B para 8 entradas adicionales&comma; 4 salidas O la expansi\u00f3n de 2 lectores MDD02B para 2 lectores adicionales con 4 entradas y 4 salidas<\/li>\n<li style='margin-bottom: 5px; color: inherit;'>Reloj en tiempo real con supercondensador que mantiene la energ\u00eda y mantiene el reloj RTC en tiempo real durante hasta 24 horas en caso de p\u00e9rdida total de energ\u00eda (no se requiere reemplazo de bater\u00edas)<\/li>\n<li style='margin-bottom: 5px; color: inherit;'>Admite una amplia gama de formatos de lectores Wiegand&comma; formatos de teclado PIN y opciones de l\u00f3gica para soportar una amplia gama de cerraduras&comma; cerrojos&comma; pestillos el\u00e9ctricos&comma; electroimanes y puertas correderas<\/li>\n<\/ul><\/div>\n<\/p><\/div>\n<\/p><\/div>\n<p> <!-- Separador --> <\/p>\n<hr style='border: 0; border-top: 1px solid rgba(150&comma; 150&comma; 150&comma; 0.3); margin: 30px 0;'> <\/div>\n","protected":false},"excerpt":{"rendered":"<p>Controlador de Acceso para 2 lectoras \/ Expandible a 2 Lectores Adicionales \/ 30,000 Tarjetas \/ Incluye Gabinete y Fuente de Alimentaci\u00f3n \/ Nueva Generaci\u00f3n!<\/p>\n","protected":false},"featured_media":20493,"comment_status":"open","ping_status":"closed","template":"","meta":[],"product_brand":[],"product_cat":[783],"product_tag":[785,784,830],"class_list":{"0":"post-20494","1":"product","2":"type-product","3":"status-publish","4":"has-post-thumbnail","6":"product_cat-controladores-de-acceso","7":"product_tag-controladores-de-acceso","8":"product_tag-paneles-de-control-de-acceso","9":"product_tag-rosslare","11":"first","12":"outofstock","13":"sale","14":"shipping-taxable","15":"purchasable","16":"product-type-simple"},"_links":{"self":[{"href":"https:\/\/soydeaqui.ddns.net\/pachuca\/index.php\/wp-json\/wp\/v2\/product\/20494","targetHints":{"allow":["GET"]}}],"collection":[{"href":"https:\/\/soydeaqui.ddns.net\/pachuca\/index.php\/wp-json\/wp\/v2\/product"}],"about":[{"href":"https:\/\/soydeaqui.ddns.net\/pachuca\/index.php\/wp-json\/wp\/v2\/types\/product"}],"replies":[{"embeddable":true,"href":"https:\/\/soydeaqui.ddns.net\/pachuca\/index.php\/wp-json\/wp\/v2\/comments?post=20494"}],"wp:featuredmedia":[{"embeddable":true,"href":"https:\/\/soydeaqui.ddns.net\/pachuca\/index.php\/wp-json\/wp\/v2\/media\/20493"}],"wp:attachment":[{"href":"https:\/\/soydeaqui.ddns.net\/pachuca\/index.php\/wp-json\/wp\/v2\/media?parent=20494"}],"wp:term":[{"taxonomy":"product_brand","embeddable":true,"href":"https:\/\/soydeaqui.ddns.net\/pachuca\/index.php\/wp-json\/wp\/v2\/product_brand?post=20494"},{"taxonomy":"product_cat","embeddable":true,"href":"https:\/\/soydeaqui.ddns.net\/pachuca\/index.php\/wp-json\/wp\/v2\/product_cat?post=20494"},{"taxonomy":"product_tag","embeddable":true,"href":"https:\/\/soydeaqui.ddns.net\/pachuca\/index.php\/wp-json\/wp\/v2\/product_tag?post=20494"}],"curies":[{"name":"wp","href":"https:\/\/api.w.org\/{rel}","templated":true}]}}