{"id":20490,"date":"2026-03-18T10:21:59","date_gmt":"2026-03-18T10:21:59","guid":{"rendered":"https:\/\/soydeaqui.ddns.net\/pachuca\/index.php\/producto\/guia-de-estacionamiento-interior-ideal-para-pasillos-y-areas-de-control-de-estacionamientos-rs485-rj45-indicador-numerico-flecha-dinamica\/"},"modified":"2026-03-18T10:21:59","modified_gmt":"2026-03-18T10:21:59","slug":"guia-de-estacionamiento-interior-ideal-para-pasillos-y-areas-de-control-de-estacionamientos-rs485-rj45-indicador-numerico-flecha-dinamica","status":"publish","type":"product","link":"https:\/\/soydeaqui.ddns.net\/pachuca\/index.php\/producto\/guia-de-estacionamiento-interior-ideal-para-pasillos-y-areas-de-control-de-estacionamientos-rs485-rj45-indicador-numerico-flecha-dinamica\/","title":{"rendered":"Gu\u00eda de Estacionamiento Interior \/ Ideal para Pasillos y \u00c1reas de Control de Estacionamientos \/ RS485- RJ45 \/ Indicador Num\u00e9rico \/ Flecha Din\u00e1mica"},"content":{"rendered":"<div style='width: 100%; max-width: 1200px; margin: 0 auto; font-family: sans-serif; line-height: 1.6; color: inherit; background-color: transparent;'>\n<p style='text-align: center;'><img style='width: 45%; height: auto; border: 1px solid rgba(150&comma;150&comma;150&comma;0.3); border-radius: 8px;' src='https:\/\/ftp3.syscom.mx\/usuarios\/jsosa\/HIKVISION\/imagenes\/logo\/hikvision%20see%20far.png' alt=''><\/p>\n<div style='display: flex; flex-wrap: wrap; gap: 30px; margin-top: 30px;'>\n<div style='flex: 1 1 300px; min-width: 280px;'>\n<h3 style='font-size: 22px; border-bottom: 2px solid currentColor; padding-bottom: 5px; margin-top: 0; color: inherit; opacity: 0.8;'>Caracter\u00edsticas principales<\/h3>\n<ul style='padding-left: 20px; font-size: 15px; color: inherit;'>\n<li style='margin-bottom: 5px;'><strong>Display:<\/strong> Sistema de estacionamientos en interior<\/li>\n<li style='margin-bottom: 5px;'><strong>Comunicaci\u00f3n:<\/strong> RS485&comma; TCP\/IP<\/li>\n<li style='margin-bottom: 5px;'><strong>Visualizaci\u00f3n:<\/strong> 3 N\u00fameros y 1 Direcci\u00f3n<\/li>\n<li style='margin-bottom: 5px;'><strong>Colores:<\/strong> Rojo&comma; verde&comma; amarillo&comma; azul&comma; cian&comma; magenta&comma; blanco<\/li>\n<li style='margin-bottom: 5px;'><strong>Iconos:<\/strong> Mujeres embarazadas&comma; discapacitados&comma; mujeres&comma; carga<\/li>\n<\/ul><\/div>\n<div style='flex: 1 1 300px; min-width: 280px;'>\n<h3 style='font-size: 22px; border-bottom: 2px solid currentColor; padding-bottom: 5px; margin-top: 0; color: inherit; opacity: 0.8;'>Caracter\u00edsticas F\u00edsicas y El\u00e9ctricas<\/h3>\n<ul style='padding-left: 20px; font-size: 15px; color: inherit;'>\n<li style='margin-bottom: 5px;'><strong>Voltaje:<\/strong> 110-220 VCA&comma; 14W<\/li>\n<li style='margin-bottom: 5px;'><strong>Dimensiones:<\/strong> 584 \u00d7 224 \u00d7 66 (ver ficha t\u00e9cnica)<\/li>\n<\/ul><\/div>\n<div style='flex: 1 1 300px; min-width: 280px;'>\n<h3 style='font-size: 22px; border-bottom: 2px solid currentColor; padding-bottom: 5px; margin-top: 0; color: inherit; opacity: 0.8;'>Caracter\u00edsticas Destacadas<\/h3>\n<p style='font-size: 15px; color: inherit; margin-top: 0;'>Muestra en tiempo real los lugares disponibles para proporcionar un servicio r\u00e1pido y preciso a los conductores que buscan estacionamiento.<\/p>\n<\/p><\/div>\n<\/p><\/div>\n<div style='display: flex; flex-wrap: wrap; gap: 30px; margin-top: 40px;'>\n<div style='flex: 1 1 400px; min-width: 300px;'>\n<h3 style='font-size: 22px; text-align: center; margin-top: 0; color: inherit; opacity: 0.8;'>Pantalla de Gu\u00eda Unidireccional<\/h3>\n<p> <img style='width: 100%; height: auto; border: 1px solid rgba(150&comma;150&comma;150&comma;0.3); border-radius: 8px;' src='https:\/\/ftp3.syscom.mx\/usuarios\/rcovarrubias\/Imagenes\/dstvl12165d%20unid.png' alt=''> <\/div>\n<div style='flex: 1 1 400px; min-width: 300px;'>\n<h3 style='font-size: 22px; text-align: center; margin-top: 0; color: inherit; opacity: 0.8;'>Pantalla de Gu\u00eda Bidireccional<\/h3>\n<p> <img style='width: 100%; height: auto; border: 1px solid rgba(150&comma;150&comma;150&comma;0.3); border-radius: 8px;' src='https:\/\/ftp3.syscom.mx\/usuarios\/rcovarrubias\/Imagenes\/dstvl12165d%20bid.png' alt=''> <\/div>\n<\/p><\/div>\n<div style='margin-top: 40px;'>\n<h3 style='font-size: 22px; text-align: center; margin-top: 0; color: inherit; opacity: 0.8;'>Escenario de aplicaci\u00f3n<\/h3>\n<p> <img style='width: 100%; height: auto; border: 1px solid rgba(150&comma;150&comma;150&comma;0.3); border-radius: 8px;' src='https:\/\/ftp3.syscom.mx\/usuarios\/rcovarrubias\/Imagenes\/DSTVL121-6-5D%20foto%202.png' alt=''> <img style='width: 100%; height: auto; border: 1px solid rgba(150&comma;150&comma;150&comma;0.3); border-radius: 8px; margin-top: 20px;' src='https:\/\/ftp3.syscom.mx\/usuarios\/rcovarrubias\/Imagenes\/Diagrama%20de%20DSTVL.png' alt=''> <\/div>\n<\/p><\/div>\n","protected":false},"excerpt":{"rendered":"<p>Gu\u00eda de Estacionamiento Interior \/ Ideal para Pasillos y \u00c1reas de Control de Estacionamientos \/ RS485- RJ45 \/ Indicador Num\u00e9rico \/ Flecha Din\u00e1mica<\/p>\n","protected":false},"featured_media":20489,"comment_status":"open","ping_status":"closed","template":"","meta":[],"product_brand":[],"product_cat":[777],"product_tag":[401,93,54],"class_list":{"0":"post-20490","1":"product","2":"type-product","3":"status-publish","4":"has-post-thumbnail","6":"product_cat-accesorios-acceso-vehicular","7":"product_tag-acceso-vehicular","8":"product_tag-accesorios","9":"product_tag-hikvision","11":"first","12":"outofstock","13":"sale","14":"shipping-taxable","15":"purchasable","16":"product-type-simple"},"_links":{"self":[{"href":"https:\/\/soydeaqui.ddns.net\/pachuca\/index.php\/wp-json\/wp\/v2\/product\/20490","targetHints":{"allow":["GET"]}}],"collection":[{"href":"https:\/\/soydeaqui.ddns.net\/pachuca\/index.php\/wp-json\/wp\/v2\/product"}],"about":[{"href":"https:\/\/soydeaqui.ddns.net\/pachuca\/index.php\/wp-json\/wp\/v2\/types\/product"}],"replies":[{"embeddable":true,"href":"https:\/\/soydeaqui.ddns.net\/pachuca\/index.php\/wp-json\/wp\/v2\/comments?post=20490"}],"wp:featuredmedia":[{"embeddable":true,"href":"https:\/\/soydeaqui.ddns.net\/pachuca\/index.php\/wp-json\/wp\/v2\/media\/20489"}],"wp:attachment":[{"href":"https:\/\/soydeaqui.ddns.net\/pachuca\/index.php\/wp-json\/wp\/v2\/media?parent=20490"}],"wp:term":[{"taxonomy":"product_brand","embeddable":true,"href":"https:\/\/soydeaqui.ddns.net\/pachuca\/index.php\/wp-json\/wp\/v2\/product_brand?post=20490"},{"taxonomy":"product_cat","embeddable":true,"href":"https:\/\/soydeaqui.ddns.net\/pachuca\/index.php\/wp-json\/wp\/v2\/product_cat?post=20490"},{"taxonomy":"product_tag","embeddable":true,"href":"https:\/\/soydeaqui.ddns.net\/pachuca\/index.php\/wp-json\/wp\/v2\/product_tag?post=20490"}],"curies":[{"name":"wp","href":"https:\/\/api.w.org\/{rel}","templated":true}]}}