{"id":2049,"date":"2026-03-18T05:52:36","date_gmt":"2026-03-18T05:52:36","guid":{"rendered":"https:\/\/soydeaqui.ddns.net\/pachuca\/index.php\/producto\/ax-pro-camara-exterior-ip66-ir-15mts-exterior-ip66-requiere-ds-pdtt15am-lm-wb\/"},"modified":"2026-03-18T05:52:38","modified_gmt":"2026-03-18T05:52:38","slug":"ax-pro-camara-exterior-ip66-ir-15mts-exterior-ip66-requiere-ds-pdtt15am-lm-wb","status":"publish","type":"product","link":"https:\/\/soydeaqui.ddns.net\/pachuca\/index.php\/producto\/ax-pro-camara-exterior-ip66-ir-15mts-exterior-ip66-requiere-ds-pdtt15am-lm-wb\/","title":{"rendered":"(AX PRO) C\u00e1mara Exterior IP66 \/ IR 15mts \/ Exterior IP66 \/ Requiere DS-PDTT15AM-LM-WB"},"content":{"rendered":"<div style='width: 100%; max-width: 1200px; margin: 0 auto; font-family: sans-serif; line-height: 1.6; color: inherit; background-color: transparent;'> <!-- Logo --> <\/p>\n<p style='text-align: center; margin: 0;'><img style='width: 45%; height: auto; border: none;' src='https:\/\/ftp3.syscom.mx\/usuarios\/jsosa\/HIKVISION\/imagenes\/logo\/hikvision%20see%20far.png' alt='Logo Hikvision'><\/p>\n<p> <!-- Video Principal --> <\/p>\n<h3 style='text-align: center; font-size: 20px; margin: 30px 0 15px; color: inherit;'><strong>Conoce la serie AX PRO de alarmas Hikvision<\/strong><\/h3>\n<div style='position: relative; padding-bottom: 56.25%; height: 0; overflow: hidden; margin-bottom: 30px;'>   <\/div>\n<p> <!-- Consideraciones --> <\/p>\n<div style='border-left: 5px solid #ff0000; border-radius: 5px; padding: 15px; box-shadow: 2px 2px 10px rgba(216&comma;216&comma;216&comma;0.5); margin-bottom: 30px;'> <strong style='font-family: sans-serif; font-size: 16px; color: inherit;'>Consideraciones:<\/strong> <\/p>\n<ul style='padding-left: 20px; margin: 15px 0 0 20px; color: inherit;'>\n<li style='margin-bottom: 8px; font-family: sans-serif; font-size: 14px;'>Las distancias de comunicaci\u00f3n entre los sensores y el panel pueden variar en cada instalaci\u00f3n por cuestiones como: ruido ambiental&comma; materiales y grosor de los muros&comma; ruido digital&comma; etc.<\/li>\n<\/ul><\/div>\n<p> <!-- Videos Secundarios --> <\/p>\n<div style='display: flex; flex-wrap: wrap; gap: 20px; margin-bottom: 30px;'>\n<div style='flex: 1 1 300px; min-width: 280px;'>\n<h4 style='text-align: center; font-size: 18px; margin: 0 0 15px; color: inherit;'><strong>Configuraci\u00f3n de la alarma AX PRO de Hikvision<\/strong><\/h4>\n<div style='position: relative; padding-bottom: 56.25%; height: 0; overflow: hidden;'>   <\/div>\n<\/p><\/div>\n<div style='flex: 1 1 300px; min-width: 280px;'>\n<h4 style='text-align: center; font-size: 18px; margin: 0 0 15px; color: inherit;'><strong>Bienvenido al futuro con AX PRO Hikvision<\/strong><\/h4>\n<div style='position: relative; padding-bottom: 56.25%; height: 0; overflow: hidden;'>   <\/div>\n<\/p><\/div>\n<div style='flex: 1 1 300px; min-width: 280px;'>\n<h4 style='text-align: center; font-size: 18px; margin: 0 0 15px; color: inherit;'><strong>Sistema Robusto contra Intrusiones AX PRO<\/strong><\/h4>\n<div style='position: relative; padding-bottom: 56.25%; height: 0; overflow: hidden;'>   <\/div>\n<\/p><\/div>\n<\/p><\/div>\n<p> <!-- Videos y Gif --> <\/p>\n<div style='display: flex; flex-wrap: wrap; gap: 20px; margin-bottom: 30px;'>\n<div style='flex: 1 1 300px; min-width: 280px;'>\n<h3 style='text-align: center; font-size: 20px; margin: 0 0 15px; color: inherit;'><strong>PIR para Exterior AX PRO<\/strong><\/h3>\n<div style='position: relative; padding-bottom: 56.25%; height: 0; overflow: hidden;'>   <\/div>\n<\/p><\/div>\n<div style='flex: 1 1 300px; min-width: 280px;'>\n<h3 style='text-align: center; font-size: 20px; margin: 0 0 15px; color: inherit;'><strong>Ajuste el PIR Exterior<\/strong><\/h3>\n<p> <img style='width: 100%; height: auto; border: 1px solid rgba(150&comma;150&comma;150&comma;0.3); border-radius: 8px;' src='https:\/\/ftp3.syscom.mx\/usuarios\/paginaweb\/Gifs\/PIRCamera.gif' alt='Ajuste PIR Exterior'> <\/div>\n<\/p><\/div>\n<p> <!-- Nota --> <\/p>\n<p style='margin-bottom: 30px; color: inherit;'> <strong style='font-family: sans-serif; color: inherit;'>NOTA: Es un accesorio para el modelo DS-PDTT15AM-LM-WB no es posible colocarlo indepandiente.<\/strong> <\/p>\n<p> <!-- Caracter\u00edsticas --> <\/p>\n<div style='display: flex; flex-wrap: wrap; gap: 20px; margin-bottom: 30px;'>\n<div style='flex: 1 1 300px; min-width: 280px;'>\n<div style='border-left: 5px solid #ff0000; border-radius: 5px; padding: 15px; box-shadow: 2px 2px 10px rgba(216&comma;216&comma;216&comma;0.3);'> <strong style='font-family: sans-serif; font-size: 16px; color: inherit;'>Caracter\u00edsticas principales:<\/strong> <\/p>\n<ul style='padding-left: 20px; margin: 15px 0 0 20px; color: inherit;'>\n<li style='margin-bottom: 8px; font-family: sans-serif; font-size: 14px;'>Rango de detecci\u00f3n: 15 m.<\/li>\n<li style='margin-bottom: 8px; font-family: sans-serif; font-size: 14px;'>Angulo de detecci\u00f3n ajustable acorde al sensor.<\/li>\n<\/ul><\/div>\n<\/p><\/div>\n<div style='flex: 1 1 300px; min-width: 280px;'>\n<div style='border-left: 5px solid #ff0000; border-radius: 5px; padding: 15px; box-shadow: 2px 2px 10px rgba(216&comma;216&comma;216&comma;0.3);'> <strong style='font-family: sans-serif; font-size: 16px; color: inherit;'>Caracter\u00edsticas F\u00edsicas y El\u00e9ctricas:<\/strong> <\/p>\n<ul style='padding-left: 20px; margin: 15px 0 0 20px; color: inherit;'>\n<li style='margin-bottom: 8px; font-family: sans-serif; font-size: 14px;'>Voltaje de Operaci\u00f3n: Bater\u00edas de 3V \/ 1200mA (Se alimenta por medio del sensor <strong><a href='https:\/\/www.syscom.mx\/producto\/DS-PDTT15AM-LM-WB-HIKVISION-201181.html' target='_blank' rel='noopener' style='color: inherit; text-decoration: underline;'>DS-PDTT15AM-LM-WB<\/a><\/strong>).<\/li>\n<li style='margin-bottom: 8px; font-family: sans-serif; font-size: 14px;'>Temperatura de operaci\u00f3n: -25\u00b0 a 60\u00b0C.<\/li>\n<li style='margin-bottom: 8px; font-family: sans-serif; font-size: 14px;'>Dimensiones: 74.1 x 72.35 x 53 mm.<\/li>\n<\/ul>\n<p style='margin: 15px 0 0; font-family: sans-serif; font-size: 14px; color: inherit;'>Configuraciones b\u00e1sicas clic <a href='https:\/\/soporte.syscom.mx\/es\/articles\/5117840-hikvision-alarmas-ax-pro-configuraciones-ax-pro' target='_blank' rel='noopener' style='color: inherit; text-decoration: underline;'><strong>Aqu\u00ed<\/strong><\/a><\/p>\n<\/p><\/div>\n<\/p><\/div>\n<div style='flex: 1 1 300px; min-width: 280px;'>\n<div style='border-left: 5px solid #ff0000; border-radius: 5px; padding: 15px; box-shadow: 2px 2px 10px rgba(216&comma;216&comma;216&comma;0.3);'> <strong style='font-family: sans-serif; font-size: 16px; color: inherit;'>Caracter\u00edsticas Destacadas:<\/strong> <\/p>\n<p style='margin: 15px 0 0; font-family: sans-serif; font-size: 14px; color: inherit;'>C\u00e1mara infrarroja que permite una videoverificaci\u00f3n.<\/p>\n<p style='margin: 15px 0 0; font-family: sans-serif; font-size: 14px; color: inherit;'>Conozca todos los dispositivos que pueden integrar en la Serie AX PRO dando clic <a href='https:\/\/www.syscom.mx\/principal\/listadoproductosazul\/intrusion-hikvision-paneles-de-alarma-y-accesorios-ax-pro-series-66286.html?ordenar=Precio_de_Menor_a_Mayor&#038;pag=1' target='_blank' rel='noopener' style='color: inherit; text-decoration: underline;'><strong>aqu\u00ed<\/strong><\/a>.<\/p>\n<\/p><\/div>\n<\/p><\/div>\n<\/p><\/div>\n<p> <!-- Diagrama Familia AX PRO --> <\/p>\n<h2 style='text-align: center; font-size: 22px; margin: 50px 0 20px; color: inherit;'><strong>Linea de Productos AX PRO<\/strong><\/h2>\n<p> <a href='https:\/\/www.syscom.mx\/principal\/listadoproductosazul\/intrusion-hikvision-paneles-de-alarma-y-accesorios-ax-pro-series-66286.html?ordenar=Precio_de_Menor_a_Mayor&#038;pag=1' target='_blank' rel='noopener' style='display: block; margin-bottom: 30px;'> <img style='width: 100%; height: auto; border: 1px solid rgba(150&comma;150&comma;150&comma;0.3); border-radius: 8px;' src='https:\/\/ftp3.syscom.mx\/usuarios\/jsosa\/HIKVISION\/alarmas\/AXPPRO\/banner\/AX%20PRO%20disgramas-hikvision.jpg' alt='Linea de Productos AX PRO'> <\/a> <!-- Serie AX PRO --> <\/p>\n<div style='display: flex; flex-wrap: wrap; gap: 20px; margin-bottom: 30px;'>\n<div style='flex: 1 1 300px; min-width: 280px;'> <a href='https:\/\/www.syscom.mx\/principal\/listadoproductosazul\/intrusion-hikvision-paneles-de-alarma-y-accesorios-ax-pro-series-66286.html?ordenar=Precio_de_Menor_a_Mayor&#038;pag=1' target='_blank' rel='noopener' style='display: block;'> <img style='width: 100%; height: auto; border: 1px solid rgba(150&comma;150&comma;150&comma;0.3); border-radius: 8px;' src='https:\/\/ftp3.syscom.mx\/usuarios\/jsosa\/HIKVISION\/alarmas\/AXPPRO\/Serie%20AXPRO.png' alt='Serie AX PRO'> <\/a> <\/div>\n<div style='flex: 1 1 300px; min-width: 280px;'>\n<h2 style='font-size: 20px; margin-top: 0; color: inherit;'><span style='font-family: sans-serif;'>Serie AX PRO<\/span><\/h2>\n<p style='margin: 15px 0; font-family: sans-serif; font-size: 14px; color: inherit;'>\u00bfNecesita proteger su hogar&comma; oficina o tienda?<\/p>\n<p style='margin: 15px 0; font-family: sans-serif; font-size: 14px; color: inherit;'>\u00bfCansado de tantos cables y mucho tiempo de instalaci\u00f3n?<\/p>\n<p style='margin: 15px 0; font-family: sans-serif; font-size: 14px; color: inherit;'>\u00a1Utilice una soluci\u00f3n de alarma inal\u00e1mbrica profesional!<\/p>\n<p style='margin: 15px 0; font-family: sans-serif; font-size: 14px; color: inherit;'>Conozca todos los dispositivos que pueden integrar en la Serie AX PRO dando clic <a href='https:\/\/www.syscom.mx\/principal\/listadoproductosazul\/intrusion-hikvision-paneles-de-alarma-y-accesorios-ax-pro-series-66286.html?ordenar=Precio_de_Menor_a_Mayor&#038;pag=1' target='_blank' rel='noopener' style='color: inherit; text-decoration: underline;'><strong>aqu\u00ed<\/strong><\/a>.<\/p>\n<\/p><\/div>\n<\/p><\/div>\n<p> <!-- Banner Final --> <a title='Serie AX PRO' href='https:\/\/www.syscom.mx\/principal\/promociones\/serie_ax_pro_alarmas_hikvision-5416.html?ordenar=Relevancia&#038;pag=1' target='_blank' rel='noopener' style='display: block; margin-bottom: 30px;'> <img style='width: 100%; height: auto; border: 1px solid rgba(150&comma;150&comma;150&comma;0.3); border-radius: 8px;' src='https:\/\/ftp3.syscom.mx\/usuarios\/jsosa\/HIKVISION\/alarmas\/AXPPRO\/banner\/HIKVISION-AXPRO-SERIES.jpg' alt='Promoci\u00f3n Serie AX PRO'> <\/a> <!-- Separador final --> <\/p>\n<hr style='border: 0; border-top: 1px solid rgba(150&comma; 150&comma; 150&comma; 0.3); margin: 30px 0;'> <\/div>\n","protected":false},"excerpt":{"rendered":"<p>(AX PRO) C\u00e1mara Exterior IP66 \/ IR 15mts \/ Exterior IP66 \/ Requiere DS-PDTT15AM-LM-WB<\/p>\n","protected":false},"featured_media":2048,"comment_status":"open","ping_status":"closed","template":"","meta":[],"product_brand":[],"product_cat":[68],"product_tag":[70,54,69],"class_list":{"0":"post-2049","1":"product","2":"type-product","3":"status-publish","4":"has-post-thumbnail","6":"product_cat-ax-pro-series","7":"product_tag-ax-pro-series","8":"product_tag-hikvision","9":"product_tag-paneles-de-alarma-y-accesorios-hikvision","11":"first","12":"instock","13":"sale","14":"shipping-taxable","15":"purchasable","16":"product-type-simple"},"_links":{"self":[{"href":"https:\/\/soydeaqui.ddns.net\/pachuca\/index.php\/wp-json\/wp\/v2\/product\/2049","targetHints":{"allow":["GET"]}}],"collection":[{"href":"https:\/\/soydeaqui.ddns.net\/pachuca\/index.php\/wp-json\/wp\/v2\/product"}],"about":[{"href":"https:\/\/soydeaqui.ddns.net\/pachuca\/index.php\/wp-json\/wp\/v2\/types\/product"}],"replies":[{"embeddable":true,"href":"https:\/\/soydeaqui.ddns.net\/pachuca\/index.php\/wp-json\/wp\/v2\/comments?post=2049"}],"wp:featuredmedia":[{"embeddable":true,"href":"https:\/\/soydeaqui.ddns.net\/pachuca\/index.php\/wp-json\/wp\/v2\/media\/2048"}],"wp:attachment":[{"href":"https:\/\/soydeaqui.ddns.net\/pachuca\/index.php\/wp-json\/wp\/v2\/media?parent=2049"}],"wp:term":[{"taxonomy":"product_brand","embeddable":true,"href":"https:\/\/soydeaqui.ddns.net\/pachuca\/index.php\/wp-json\/wp\/v2\/product_brand?post=2049"},{"taxonomy":"product_cat","embeddable":true,"href":"https:\/\/soydeaqui.ddns.net\/pachuca\/index.php\/wp-json\/wp\/v2\/product_cat?post=2049"},{"taxonomy":"product_tag","embeddable":true,"href":"https:\/\/soydeaqui.ddns.net\/pachuca\/index.php\/wp-json\/wp\/v2\/product_tag?post=2049"}],"curies":[{"name":"wp","href":"https:\/\/api.w.org\/{rel}","templated":true}]}}