{"id":20450,"date":"2026-03-18T10:21:19","date_gmt":"2026-03-18T10:21:19","guid":{"rendered":"https:\/\/soydeaqui.ddns.net\/pachuca\/index.php\/producto\/arco-detector-de-metales-de-18-zonas-con-pantalla-lcd-de-7-conteo-de-personas-y-alarmas-ajuste-de-sensibilidad-e-interferencias\/"},"modified":"2026-03-18T10:21:21","modified_gmt":"2026-03-18T10:21:21","slug":"arco-detector-de-metales-de-18-zonas-con-pantalla-lcd-de-7-conteo-de-personas-y-alarmas-ajuste-de-sensibilidad-e-interferencias","status":"publish","type":"product","link":"https:\/\/soydeaqui.ddns.net\/pachuca\/index.php\/producto\/arco-detector-de-metales-de-18-zonas-con-pantalla-lcd-de-7-conteo-de-personas-y-alarmas-ajuste-de-sensibilidad-e-interferencias\/","title":{"rendered":"Arco Detector de Metales de 18 Zonas con Pantalla LCD de 7&#8243; \/ Conteo de personas y Alarmas \/ Ajuste de Sensibilidad e Interferencias"},"content":{"rendered":"<div style='width: 100%; max-width: 1200px; margin: 0 auto; font-family: sans-serif; line-height: 1.6; color: inherit; background-color: transparent;'>\n<div style='display: flex; flex-wrap: wrap; gap: 30px; margin-bottom: 30px;'>\n<div style='flex: 1 1 300px; min-width: 280px;'>\n<h3 style='font-size: 22px; border-bottom: 2px solid currentColor; padding-bottom: 5px; margin-top: 0; color: inherit; opacity: 0.8;'>Caracter\u00edsticas Principales<\/h3>\n<ul style='padding-left: 20px; font-size: 15px; color: inherit;'>\n<li style='margin-bottom: 5px;'>Configuraci\u00f3n con control remoto o software<\/li>\n<li style='margin-bottom: 5px;'>18 zonas de detecci\u00f3n<\/li>\n<li style='margin-bottom: 5px;'>Pantalla LCD de 7&#8242;<\/li>\n<li style='margin-bottom: 5px;'>Funci\u00f3n de alarma multizona<\/li>\n<li style='margin-bottom: 5px;'>Muestra zona donde lleva metal la persona<\/li>\n<li style='margin-bottom: 5px;'>Frecuencia configurable para reducci\u00f3n de falsas alarmas<\/li>\n<li style='margin-bottom: 5px; color: #c0392b;'><strong>Arco detector de metales de 18 zonas<\/strong><\/li>\n<\/ul><\/div>\n<div style='flex: 1 1 300px; min-width: 280px;'>\n<h3 style='font-size: 22px; border-bottom: 2px solid currentColor; padding-bottom: 5px; margin-top: 0; color: inherit; opacity: 0.8;'>Caracter\u00edsticas F\u00edsicas y El\u00e9ctricas<\/h3>\n<ul style='padding-left: 20px; font-size: 15px; color: inherit;'>\n<li style='margin-bottom: 5px;'>Alimentaci\u00f3n<\/li>\n<li style='margin-bottom: 5px;'>Consumo: 25 W<\/li>\n<li style='margin-bottom: 5px;'>Temperatura de Operaci\u00f3n: -20\u00b0C &#8211; 55\u00b0C<\/li>\n<li style='margin-bottom: 5px;'>Condiciones de humedad: 10 &#8211; 95% no condensada<\/li>\n<li style='margin-bottom: 5px;'>Nivel de protecci\u00f3n: IP41<\/li>\n<li style='margin-bottom: 5px;'>Peso: <75 Kg<\/li>\n<li style='margin-bottom: 5px;'>Dimensiones totales: 220 x 84 x 60 cms<\/li>\n<li style='margin-bottom: 5px;'>Dimensiones del pasillo 200 x 71 x 50 cms<\/li>\n<\/ul><\/div>\n<div style='flex: 1 1 300px; min-width: 280px;'>\n<h3 style='font-size: 22px; border-bottom: 2px solid currentColor; padding-bottom: 5px; margin-top: 0; color: inherit; opacity: 0.8;'>Caracter\u00edsticas Destacadas<\/h3>\n<ul style='padding-left: 20px; font-size: 15px; color: inherit;'>\n<li style='margin-bottom: 5px;'>Contador de personas y de alarmas<\/li>\n<li style='margin-bottom: 5px;'>Inofensivo para personas con problemas cardiacos&comma; embarazadas etc<\/li>\n<li style='margin-bottom: 5px;'>Alta sensibilidad de detecci\u00f3n y habilidad anti-interferencia<\/li>\n<li style='margin-bottom: 5px;'>Aplicables a oficinas&comma; escuelas&comma; corporativos&comma; hospitales&comma; museos etc<\/li>\n<\/ul><\/div>\n<\/p><\/div>\n<hr style='border: 0; border-top: 1px solid rgba(150&comma; 150&comma; 150&comma; 0.3); margin: 30px 0;'>\n<div style='width: 100%; text-align: center; margin-bottom: 30px;'>\n<h2 style='font-size: 20px; margin-bottom: 20px; color: inherit;'>VIDEOS DEMOSTRATIVOS<\/h2>\n<div style='position: relative; padding-bottom: 56.25%; height: 0; overflow: hidden; margin-bottom: 30px;'>   <\/div>\n<\/p><\/div>\n<\/p><\/div>\n","protected":false},"excerpt":{"rendered":"<p>Arco Detector de Metales de 18 Zonas con Pantalla LCD de 7&#8243; \/ Conteo de personas y Alarmas \/ Ajuste de Sensibilidad e Interferencias<\/p>\n","protected":false},"featured_media":20449,"comment_status":"open","ping_status":"closed","template":"","meta":[],"product_brand":[],"product_cat":[826],"product_tag":[827,54],"class_list":{"0":"post-20450","1":"product","2":"type-product","3":"status-publish","4":"has-post-thumbnail","6":"product_cat-detectores-de-metal-detectores-de-metal","7":"product_tag-detectores-de-metal","8":"product_tag-hikvision","10":"first","11":"outofstock","12":"sale","13":"shipping-taxable","14":"purchasable","15":"product-type-simple"},"_links":{"self":[{"href":"https:\/\/soydeaqui.ddns.net\/pachuca\/index.php\/wp-json\/wp\/v2\/product\/20450","targetHints":{"allow":["GET"]}}],"collection":[{"href":"https:\/\/soydeaqui.ddns.net\/pachuca\/index.php\/wp-json\/wp\/v2\/product"}],"about":[{"href":"https:\/\/soydeaqui.ddns.net\/pachuca\/index.php\/wp-json\/wp\/v2\/types\/product"}],"replies":[{"embeddable":true,"href":"https:\/\/soydeaqui.ddns.net\/pachuca\/index.php\/wp-json\/wp\/v2\/comments?post=20450"}],"wp:featuredmedia":[{"embeddable":true,"href":"https:\/\/soydeaqui.ddns.net\/pachuca\/index.php\/wp-json\/wp\/v2\/media\/20449"}],"wp:attachment":[{"href":"https:\/\/soydeaqui.ddns.net\/pachuca\/index.php\/wp-json\/wp\/v2\/media?parent=20450"}],"wp:term":[{"taxonomy":"product_brand","embeddable":true,"href":"https:\/\/soydeaqui.ddns.net\/pachuca\/index.php\/wp-json\/wp\/v2\/product_brand?post=20450"},{"taxonomy":"product_cat","embeddable":true,"href":"https:\/\/soydeaqui.ddns.net\/pachuca\/index.php\/wp-json\/wp\/v2\/product_cat?post=20450"},{"taxonomy":"product_tag","embeddable":true,"href":"https:\/\/soydeaqui.ddns.net\/pachuca\/index.php\/wp-json\/wp\/v2\/product_tag?post=20450"}],"curies":[{"name":"wp","href":"https:\/\/api.w.org\/{rel}","templated":true}]}}