{"id":2040,"date":"2026-03-18T05:52:31","date_gmt":"2026-03-18T05:52:31","guid":{"rendered":"https:\/\/soydeaqui.ddns.net\/pachuca\/index.php\/producto\/ax-pro-detector-pir-dual-tech-exterior-ip65-compatible-con-camara-ds-pdcm15pf-ir-rango-de-deteccion-15-mts-angulo-de-cobertura-de-90-movilidad-de-lente-en-eje-de-180-inmunidad\/"},"modified":"2026-03-18T05:52:32","modified_gmt":"2026-03-18T05:52:32","slug":"ax-pro-detector-pir-dual-tech-exterior-ip65-compatible-con-camara-ds-pdcm15pf-ir-rango-de-deteccion-15-mts-angulo-de-cobertura-de-90-movilidad-de-lente-en-eje-de-180-inmunidad","status":"publish","type":"product","link":"https:\/\/soydeaqui.ddns.net\/pachuca\/index.php\/producto\/ax-pro-detector-pir-dual-tech-exterior-ip65-compatible-con-camara-ds-pdcm15pf-ir-rango-de-deteccion-15-mts-angulo-de-cobertura-de-90-movilidad-de-lente-en-eje-de-180-inmunidad\/","title":{"rendered":"(AX PRO) Detector PIR Dual-Tech Exterior IP65 \/ COMPATIBLE CON C\u00c1MARA DS-PDCM15PF-IR \/ Rango de Detecci\u00f3n 15 mts \/ \u00c1ngulo de Cobertura de 90\u00b0 \/  Movilidad de Lente en Eje de 180\u00b0 \/ Inmunidad a Mascotas 40"},"content":{"rendered":"<div style=\"width: 100%; max-width: 1200px; margin: 0 auto; font-family: sans-serif; line-height: 1.6; color: inherit; background-color: transparent;\"><!-- Logo --><\/p>\n<div style=\"text-align: center; margin: 30px 0;\"><img decoding=\"async\" style=\"width: 45%; max-width: 500px; height: auto; border: 1px solid rgba(150&comma; 150&comma; 150&comma; 0.3); border-radius: 8px;\" src=\"https:\/\/ftp3.syscom.mx\/usuarios\/jsosa\/HIKVISION\/imagenes\/logo\/hikvision%20see%20far.png\" alt=\"Logo Hikvision\" class=\"fr-fic fr-dii\"><\/div>\n<p><!-- Video principal --><\/p>\n<div style=\"margin: 30px 0;\">\n<h3 style=\"text-align: center; font-size: 20px; margin-bottom: 20px; color: inherit; opacity: 0.9;\">Conoce la serie AX PRO de alarmas Hikvision<\/h3>\n<div style=\"position: relative; padding-bottom: 56.25%; height: 0; overflow: hidden; margin-bottom: 30px;\"> <\/div>\n<\/div>\n<p><!-- Consideraciones --><\/p>\n<div style=\"margin: 30px 0;\">\n<div style=\"border-left: 5px solid #ff0000; border-radius: 8px; padding: 15px; background-color: rgba(255&comma; 0&comma; 0&comma; 0.05); margin: 15px 0;\"><strong style=\"font-size: 16px; display: block; margin-bottom: 10px; color: inherit;\">Consideraciones:<\/strong><\/p>\n<ul style=\"padding-left: 20px; margin: 0;\">\n<li style=\"margin-bottom: 8px;\"><strong style=\"color: inherit;\">No compatible con el panel DS-PHA64-LP<\/strong><\/li>\n<li style=\"margin-bottom: 8px;\">Las distancias de comunicaci&oacute;n entre los sensores y el panel pueden variar en cada instalaci&oacute;n por cuestiones como: ruido ambiental&comma; materiales y grosor de los muros&comma; ruido digital&comma; etc.<\/li>\n<\/ul>\n<\/div>\n<\/div>\n<p><!-- Videos secundarios --><\/p>\n<div style=\"margin: 30px 0;\">\n<div style=\"display: flex; flex-wrap: wrap; gap: 20px; justify-content: center;\">\n<div style=\"flex: 1 1 300px; min-width: 280px;\">\n<h4 style=\"text-align: center; font-size: 18px; margin-bottom: 15px; color: inherit; opacity: 0.9;\">Configuraci&oacute;n de la alarma AX PRO de Hikvision<\/h4>\n<div style=\"position: relative; padding-bottom: 56.25%; height: 0; overflow: hidden; margin-bottom: 30px;\"> <\/div>\n<\/div>\n<div style=\"flex: 1 1 300px; min-width: 280px;\">\n<h4 style=\"text-align: center; font-size: 18px; margin-bottom: 15px; color: inherit; opacity: 0.9;\">Bienvenido al futuro con AX PRO Hikvision<\/h4>\n<div style=\"position: relative; padding-bottom: 56.25%; height: 0; overflow: hidden; margin-bottom: 30px;\"> <\/div>\n<\/div>\n<div style=\"flex: 1 1 300px; min-width: 280px;\">\n<h4 style=\"text-align: center; font-size: 18px; margin-bottom: 15px; color: inherit; opacity: 0.9;\">Sistema Robusto contra Intrusiones AX PRO<\/h4>\n<div style=\"position: relative; padding-bottom: 56.25%; height: 0; overflow: hidden; margin-bottom: 30px;\"> <\/div>\n<\/div>\n<\/div>\n<\/div>\n<p><!-- Videos adicionales --><\/p>\n<div style=\"margin: 30px 0;\">\n<div style=\"display: flex; flex-wrap: wrap; gap: 30px;\">\n<div style=\"flex: 1 1 45%; min-width: 300px;\">\n<h3 style=\"text-align: center; font-size: 20px; margin-bottom: 20px; color: inherit; opacity: 0.9;\">PIR para Exterior AX PRO<\/h3>\n<div style=\"position: relative; padding-bottom: 56.25%; height: 0; overflow: hidden; margin-bottom: 30px;\"> <\/div>\n<\/div>\n<div style=\"flex: 1 1 45%; min-width: 300px;\">\n<h3 style=\"text-align: center; font-size: 20px; margin-bottom: 20px; color: inherit; opacity: 0.9;\">Ajuste el PIR Exterior<\/h3>\n<p><img decoding=\"async\" style=\"width: 100%; height: auto; border: 1px solid rgba(150&comma; 150&comma; 150&comma; 0.3); border-radius: 8px;\" src=\"https:\/\/ftp3.syscom.mx\/usuarios\/paginaweb\/Gifs\/PIRCamera.gif\" alt=\"Ajuste del PIR Exterior\" class=\"fr-fic fr-dii\"><\/div>\n<\/div>\n<\/div>\n<p><!-- Caracter\u00edsticas principales --><\/p>\n<div style=\"margin: 30px 0;\">\n<div style=\"display: flex; flex-wrap: wrap; gap: 20px;\">\n<div style=\"flex: 1 1 300px; min-width: 280px;\">\n<div style=\"border-left: 5px solid #ff0000; border-radius: 8px; padding: 15px; background-color: rgba(255&comma; 0&comma; 0&comma; 0.05); margin: 15px 0;\"><strong style=\"font-size: 16px; display: block; margin-bottom: 10px; color: inherit;\">Caracter&iacute;sticas principales:<\/strong><\/p>\n<ul style=\"padding-left: 20px; margin: 0;\">\n<li style=\"margin-bottom: 8px;\">Alarma de intrusi&oacute;n&comma; doble tecnolog&iacute;a (infrarojo \/ microondas)<\/li>\n<li style=\"margin-bottom: 8px;\"><strong style=\"color: inherit;\">No compatible con el panel DS-PHA64-LP<\/strong><\/li>\n<li style=\"margin-bottom: 8px;\">Rango de detecci&oacute;n: 15 m<\/li>\n<li style=\"margin-bottom: 8px;\">&Aacute;ngulo de detecci&oacute;n: 90&deg; (Movilidad del lente en eje de 180&deg;)<\/li>\n<li style=\"margin-bottom: 8px;\">Inmunidad contra mascotas: 40Kg<\/li>\n<\/ul>\n<\/div>\n<\/div>\n<p><!-- Caracter\u00edsticas F\u00edsicas y El\u00e9ctricas --><\/p>\n<div style=\"flex: 1 1 300px; min-width: 280px;\">\n<div style=\"border-left: 5px solid #ff0000; border-radius: 8px; padding: 15px; background-color: rgba(255&comma; 0&comma; 0&comma; 0.05); margin: 15px 0;\"><strong style=\"font-size: 16px; display: block; margin-bottom: 10px; color: inherit;\">Caracter&iacute;sticas F&iacute;sicas y El&eacute;ctricas:<\/strong><\/p>\n<ul style=\"padding-left: 20px; margin: 0;\">\n<li style=\"margin-bottom: 8px;\">Voltaje de Operaci&oacute;n: Bater&iacute;as de 3V \/ 5 x CR123A (Incluida)<\/li>\n<li style=\"margin-bottom: 8px;\">Tiempo &uacute;til de la bater&iacute;a: 5 a&ntilde;os<\/li>\n<li style=\"margin-bottom: 8px;\">Tamper antisabotaje<\/li>\n<li style=\"margin-bottom: 8px;\">Temperatura de operaci&oacute;n: -25&deg; a 60&deg;C<\/li>\n<li style=\"margin-bottom: 8px;\">Dimensiones: 75 x 202 x 73 mm<\/li>\n<\/ul>\n<p style=\"margin-top: 15px; font-size: 14px;\"><strong style=\"color: inherit;\">Configuraciones b&aacute;sicas clic <a style=\"color: #0066cc; text-decoration: none;\" href=\"https:\/\/soporte.syscom.mx\/es\/articles\/5117840-hikvision-alarmas-ax-pro-configuraciones-ax-pro\" target=\"_blank\" rel=\"noopener\">Aqu&iacute;<\/a><\/strong><\/p>\n<\/div>\n<\/div>\n<p><!-- Caracter\u00edsticas Destacadas --><\/p>\n<div style=\"flex: 1 1 300px; min-width: 280px;\">\n<div style=\"border-left: 5px solid #ff0000; border-radius: 8px; padding: 15px; background-color: rgba(255&comma; 0&comma; 0&comma; 0.05); margin: 15px 0;\"><strong style=\"font-size: 16px; display: block; margin-bottom: 10px; color: inherit;\">Caracter&iacute;sticas Destacadas:<\/strong><\/p>\n<p style=\"margin: 8px 0;\">Detector inal&aacute;mbrico bidireccional con tecnolog&iacute;a infrarroja y microondas<\/p>\n<p style=\"margin: 8px 0;\"><strong style=\"color: inherit;\">Altura de instalaci&oacute;n: 0.8m a 1.2m<\/strong><\/p>\n<p style=\"margin: 8px 0;\">Conozca todos los dispositivos que pueden integrar en la Serie AX PRO dando clic <a style=\"color: #0066cc; text-decoration: none;\" href=\"https:\/\/www.syscom.mx\/principal\/listadoproductosazul\/intrusion-hikvision-paneles-de-alarma-y-accesorios-ax-pro-series-66286.html?ordenar=Precio_de_Menor_a_Mayor&#038;pag=1\" target=\"_blank\" rel=\"noopener\"><strong>aqu&iacute;<\/strong><\/a><\/p>\n<\/div>\n<\/div>\n<\/div>\n<\/div>\n<p><!-- Diagrama Familia AX PRO --><\/p>\n<div style=\"margin: 30px 0;\">\n<h2 style=\"text-align: center; font-size: 22px; margin-bottom: 20px; color: inherit; opacity: 0.9;\">Linea de Productos AX PRO<\/h2>\n<div style=\"text-align: center; margin: 20px 0;\"><a style=\"text-decoration: none;\" href=\"https:\/\/www.syscom.mx\/principal\/listadoproductosazul\/intrusion-hikvision-paneles-de-alarma-y-accesorios-ax-pro-series-66286.html?ordenar=Precio_de_Menor_a_Mayor&#038;pag=1\" target=\"_blank\" rel=\"noopener\"><img decoding=\"async\" style=\"width: 100%; max-width: 800px; height: auto; border: 1px solid rgba(150&comma; 150&comma; 150&comma; 0.3); border-radius: 8px;\" src=\"https:\/\/ftp3.syscom.mx\/usuarios\/jsosa\/HIKVISION\/alarmas\/AXPPRO\/banner\/AX%20PRO%20disgramas-hikvision.jpg\" alt=\"Linea de Productos AX PRO\" class=\"fr-fic fr-dii\"><\/a><\/div>\n<\/div>\n<p><!-- Serie AX PRO --><\/p>\n<div style=\"margin: 30px 0;\">\n<div style=\"display: flex; flex-wrap: wrap; gap: 30px; align-items: center; justify-content: center;\">\n<div style=\"flex: 1 1 300px; min-width: 280px;\">\n<div style=\"text-align: center; margin: 15px 0;\"><a style=\"text-decoration: none;\" href=\"https:\/\/www.syscom.mx\/principal\/listadoproductosazul\/intrusion-hikvision-paneles-de-alarma-y-accesorios-ax-pro-series-66286.html?ordenar=Precio_de_Menor_a_Mayor&#038;pag=1\" target=\"_blank\" rel=\"noopener\"><img decoding=\"async\" style=\"width: 100%; max-width: 500px; height: auto; border: 1px solid rgba(150&comma; 150&comma; 150&comma; 0.3); border-radius: 8px;\" src=\"https:\/\/ftp3.syscom.mx\/usuarios\/jsosa\/HIKVISION\/alarmas\/AXPPRO\/Serie%20AXPRO.png\" alt=\"Serie AX PRO\" class=\"fr-fic fr-dii\"><\/a><\/div>\n<\/div>\n<div style=\"flex: 1 1 300px; min-width: 280px;\">\n<h2 style=\"font-size: 20px; margin-bottom: 15px; color: inherit; opacity: 0.9;\">Serie AX PRO<\/h2>\n<p style=\"margin: 8px 0;\">&iquest;Necesita proteger su hogar&comma; oficina o tienda?<\/p>\n<p style=\"margin: 8px 0;\">&iquest;Cansado de tantos cables y mucho tiempo de instalaci&oacute;n?<\/p>\n<p style=\"margin: 8px 0;\">&iexcl;Utilice una soluci&oacute;n de alarma inal&aacute;mbrica profesional!<\/p>\n<p style=\"margin: 8px 0;\">Conozca todos los dispositivos que pueden integrar en la Serie AX PRO dando clic <a style=\"color: #0066cc; text-decoration: none;\" href=\"https:\/\/www.syscom.mx\/principal\/listadoproductosazul\/intrusion-hikvision-paneles-de-alarma-y-accesorios-ax-pro-series-66286.html?ordenar=Precio_de_Menor_a_Mayor&#038;pag=1\" target=\"_blank\" rel=\"noopener\"><strong>aqu&iacute;<\/strong><\/a><\/p>\n<\/div>\n<\/div>\n<\/div>\n<p><!-- Banner --><\/p>\n<div style=\"margin: 30px 0; text-align: center;\"><a style=\"text-decoration: none;\" title=\"Serie AX PRO\" href=\"https:\/\/www.syscom.mx\/principal\/promociones\/serie_ax_pro_alarmas_hikvision-5416.html?ordenar=Relevancia&#038;pag=1\" target=\"_blank\" rel=\"noopener\"><img decoding=\"async\" style=\"width: 100%; max-width: 1200px; height: auto; border: 1px solid rgba(150&comma; 150&comma; 150&comma; 0.3); border-radius: 8px;\" src=\"https:\/\/ftp3.syscom.mx\/usuarios\/jsosa\/HIKVISION\/alarmas\/AXPPRO\/banner\/HIKVISION-AXPRO-SERIES.jpg\" alt=\"Serie AX PRO\" class=\"fr-fic fr-dii\"><\/a><\/div>\n<\/div>\n","protected":false},"excerpt":{"rendered":"<p>(AX PRO) Detector PIR Dual-Tech Exterior IP65 \/ COMPATIBLE CON C\u00c1MARA DS-PDCM15PF-IR \/ Rango de Detecci\u00f3n 15 mts \/ \u00c1ngulo de Cobertura de 90\u00b0 \/  Movilidad de Lente en Eje de 180\u00b0 \/ Inmunidad a Mascotas 40<\/p>\n","protected":false},"featured_media":2039,"comment_status":"open","ping_status":"closed","template":"","meta":[],"product_brand":[],"product_cat":[68],"product_tag":[70,54,69],"class_list":{"0":"post-2040","1":"product","2":"type-product","3":"status-publish","4":"has-post-thumbnail","6":"product_cat-ax-pro-series","7":"product_tag-ax-pro-series","8":"product_tag-hikvision","9":"product_tag-paneles-de-alarma-y-accesorios-hikvision","11":"first","12":"instock","13":"sale","14":"shipping-taxable","15":"purchasable","16":"product-type-simple"},"_links":{"self":[{"href":"https:\/\/soydeaqui.ddns.net\/pachuca\/index.php\/wp-json\/wp\/v2\/product\/2040","targetHints":{"allow":["GET"]}}],"collection":[{"href":"https:\/\/soydeaqui.ddns.net\/pachuca\/index.php\/wp-json\/wp\/v2\/product"}],"about":[{"href":"https:\/\/soydeaqui.ddns.net\/pachuca\/index.php\/wp-json\/wp\/v2\/types\/product"}],"replies":[{"embeddable":true,"href":"https:\/\/soydeaqui.ddns.net\/pachuca\/index.php\/wp-json\/wp\/v2\/comments?post=2040"}],"wp:featuredmedia":[{"embeddable":true,"href":"https:\/\/soydeaqui.ddns.net\/pachuca\/index.php\/wp-json\/wp\/v2\/media\/2039"}],"wp:attachment":[{"href":"https:\/\/soydeaqui.ddns.net\/pachuca\/index.php\/wp-json\/wp\/v2\/media?parent=2040"}],"wp:term":[{"taxonomy":"product_brand","embeddable":true,"href":"https:\/\/soydeaqui.ddns.net\/pachuca\/index.php\/wp-json\/wp\/v2\/product_brand?post=2040"},{"taxonomy":"product_cat","embeddable":true,"href":"https:\/\/soydeaqui.ddns.net\/pachuca\/index.php\/wp-json\/wp\/v2\/product_cat?post=2040"},{"taxonomy":"product_tag","embeddable":true,"href":"https:\/\/soydeaqui.ddns.net\/pachuca\/index.php\/wp-json\/wp\/v2\/product_tag?post=2040"}],"curies":[{"name":"wp","href":"https:\/\/api.w.org\/{rel}","templated":true}]}}