{"id":20373,"date":"2026-03-18T10:19:53","date_gmt":"2026-03-18T10:19:53","guid":{"rendered":"https:\/\/soydeaqui.ddns.net\/pachuca\/index.php\/producto\/kit-de-operadores-subterraneos-faac-770n-220v-para-puertas-abatibles-para-puertas-de-hasta-3-5-metros\/"},"modified":"2026-03-18T10:19:54","modified_gmt":"2026-03-18T10:19:54","slug":"kit-de-operadores-subterraneos-faac-770n-220v-para-puertas-abatibles-para-puertas-de-hasta-3-5-metros","status":"publish","type":"product","link":"https:\/\/soydeaqui.ddns.net\/pachuca\/index.php\/producto\/kit-de-operadores-subterraneos-faac-770n-220v-para-puertas-abatibles-para-puertas-de-hasta-3-5-metros\/","title":{"rendered":"Kit de Operadores Subterraneos FAAC 770N 220V para Puertas Abatibles \/ Para Puertas de Hasta 3.5 Metros"},"content":{"rendered":"<div style='width: 100%; max-width: 1200px; margin: 0 auto; font-family: sans-serif; line-height: 1.6; color: inherit; background-color: transparent;'> <!-- Secci\u00f3n de capacidades --> <\/p>\n<div style='display: flex; flex-wrap: wrap; gap: 20px; margin-bottom: 30px;'>\n<div style='flex: 1 1 300px; min-width: 280px;'>\n<div style='border-left: 5px solid #0091ff; border-radius: 8px; padding: 15px; box-shadow: 2px 2px 10px rgba(216&comma; 216&comma; 216&comma; 0.3); background-color: rgba(216&comma; 216&comma; 216&comma; 0.1);'> <strong style='font-size: 16px; color: inherit;'>Capacidades respecto al tama\u00f1o de la hoja:<\/strong> <\/p>\n<ul style='padding-left: 20px; margin-top: 10px; font-size: 14px; color: inherit;'>\n<li style='margin-bottom: 5px;'>1.5 metros hasta 500kg<\/li>\n<li style='margin-bottom: 5px;'>1.8 metros hasta 480 kg<\/li>\n<li style='margin-bottom: 5px;'>2.25 metros hasta 250kg<\/li>\n<li style='margin-bottom: 5px;'>3 metros hasta 130kg<\/li>\n<li style='margin-bottom: 5px;'>3.5 metros hasta 220kg<\/li>\n<\/ul><\/div>\n<\/p><\/div>\n<div style='flex: 1 1 300px; min-width: 280px;'>\n<div style='border-left: 5px solid #0091ff; border-radius: 8px; padding: 15px; box-shadow: 2px 2px 10px rgba(216&comma; 216&comma; 216&comma; 0.3); background-color: rgba(216&comma; 216&comma; 216&comma; 0.1);'> <strong style='font-size: 16px; color: inherit;'>Caracter\u00edsticas F\u00edsicas y El\u00e9ctricas:<\/strong> <\/p>\n<ul style='padding-left: 20px; margin-top: 10px; font-size: 14px; color: inherit;'>\n<li style='margin-bottom: 5px;'>Voltaje de alimentaci\u00f3n del mando 220V<\/li>\n<li style='margin-bottom: 5px;'>Voltaje del motor 220V<\/li>\n<li style='margin-bottom: 5px;'>Motor asincrono<\/li>\n<li style='margin-bottom: 5px;'>Potencia m\u00e1xima 380W<\/li>\n<li style='margin-bottom: 5px;'>Torque m\u00e1ximo 330Nm<\/li>\n<\/ul><\/div>\n<\/p><\/div>\n<div style='flex: 1 1 300px; min-width: 280px;'>\n<div style='border-left: 5px solid #0091ff; border-radius: 8px; padding: 15px; box-shadow: 2px 2px 10px rgba(216&comma; 216&comma; 216&comma; 0.3); background-color: rgba(216&comma; 216&comma; 216&comma; 0.1);'> <strong style='font-size: 16px; color: inherit;'>Caracter\u00edsticas Destacadas:<\/strong> <\/p>\n<ul style='padding-left: 20px; margin-top: 10px; font-size: 14px; color: inherit;'>\n<li style='margin-bottom: 5px;'>Velocidad angular 6 \u00b0\/S.<\/li>\n<li style='margin-bottom: 5px;'>Temperatura de operaci\u00f3n -20 a 55\u00b0C<\/li>\n<li style='margin-bottom: 5px;'>Grado de protecci\u00f3n IP67<\/li>\n<li style='margin-bottom: 5px;'>Peso del motor 12kg<\/li>\n<li style='margin-bottom: 5px;'>Medidas del motor 362 x 153 x 127 mm<\/li>\n<\/ul><\/div>\n<\/p><\/div>\n<\/p><\/div>\n<p> <!-- Informaci\u00f3n adicional --> <\/p>\n<div style='display: flex; flex-wrap: wrap; gap: 20px; margin-bottom: 30px;'>\n<div style='flex: 1 1 400px; min-width: 280px;'>\n<h3 style='font-size: 20px; border-bottom: 2px solid currentColor; padding-bottom: 5px; margin-top: 0; color: inherit; opacity: 0.8;'>Kit de operadores subterr\u00e1neos para puertas abatibles<\/h3>\n<ul style='padding-left: 20px; font-size: 14px; color: inherit;'>\n<li style='margin-bottom: 5px;'>Operador Invisible&comma; ya que se instala bajo la puerta.<\/li>\n<li style='margin-bottom: 5px;'>Acceso al operador sin la necesidad de remover la hoja.<\/li>\n<li style='margin-bottom: 5px;'>Desblooqueo manual con doble palanca.<\/li>\n<\/ul>\n<h3 style='font-size: 20px; border-bottom: 2px solid currentColor; padding-bottom: 5px; margin-top: 20px; color: inherit; opacity: 0.8;'>Caracter\u00edsticas adicionales:<\/h3>\n<ul style='padding-left: 20px; font-size: 14px; color: inherit;'>\n<li style='margin-bottom: 5px;'>Equipo con un a\u00f1o de garant\u00eda contra defectos de f\u00e1brica.<\/li>\n<li style='margin-bottom: 5px;'><strong style='color: inherit;'>No incluye accesorios&comma; se adquieren por separado.<\/strong><\/li>\n<\/ul><\/div>\n<div style='flex: 1 1 400px; min-width: 280px;'> <img style='width: 100%; height: auto; border: 1px solid rgba(150&comma;150&comma;150&comma;0.3); border-radius: 8px;' src='https:\/\/ftp3.syscom.mx\/usuarios\/fotos\/10675301\/200124-770n_medidas_1.png' alt='Medidas del operador subterr\u00e1neo FAAC 770N'> <\/div>\n<\/p><\/div>\n<p> <!-- Contenido del kit --> <\/p>\n<div style='margin-bottom: 30px;'>\n<h3 style='font-size: 20px; text-align: center; margin-bottom: 20px; color: inherit;'>\u00bfCual es el contenido del kit FAAC-770N-220V?<\/h3>\n<div style='display: flex; flex-wrap: wrap; gap: 10px; justify-content: center;'>\n<p style='width: 100%; text-align: center; margin: 5px 0; color: inherit;'>2 x <strong style='color: inherit;'>10675201<\/strong> Operador subterraneo FAAC 770N 220V<\/p>\n<p style='width: 100%; text-align: center; margin: 5px 0; color: inherit;'>1 x <strong style='color: inherit;'>790077<\/strong> Tarjeta de control E045S FAAC a 220V<\/p>\n<p style='width: 100%; text-align: center; margin: 5px 0; color: inherit;'>1 x <strong style='color: inherit;'>720119<\/strong> Contenedor para tarjeta electronica<\/p>\n<p style='width: 100%; text-align: center; margin: 5px 0; color: inherit;'>2 x <strong style='color: inherit;'>490065<\/strong> Caja para operador FAAC 770<\/p>\n<p style='width: 100%; text-align: center; margin: 5px 0; color: inherit;'>2 x <strong style='color: inherit;'>722121<\/strong> Tope mecanico de apertura<\/p>\n<p style='width: 100%; text-align: center; margin: 5px 0; color: inherit;'>2 x <strong style='color: inherit;'>722122<\/strong> Tope mecanico de cierre<\/p>\n<\/p><\/div>\n<\/p><\/div>\n<p> <!-- Separador --> <\/p>\n<hr style='border: 0; border-top: 1px solid rgba(150&comma; 150&comma; 150&comma; 0.3); margin: 30px 0;'> <!-- Accesorios opcionales --> <\/p>\n<div style='margin-bottom: 30px;'>\n<h3 style='font-size: 20px; text-align: center; margin-bottom: 20px; color: inherit;'>\u00bfQu\u00e9 accesorios opcionales puedo utilizar para mi instalaci\u00f3n?<\/h3>\n<div style='display: flex; flex-wrap: wrap; gap: 10px; justify-content: center;'>\n<p style='width: 100%; text-align: center; margin: 5px 0; color: inherit;'><strong style='color: inherit;'>785102<\/strong> Fotoceldas FAAC XP-20D con alcance de hasta 20 metros<\/p>\n<p style='width: 100%; text-align: center; margin: 5px 0; color: inherit;'><strong style='color: inherit;'>787856<\/strong> Receptor FAAC RP1<\/p>\n<p style='width: 100%; text-align: center; margin: 5px 0; color: inherit;'><strong style='color: inherit;'>787456<\/strong> Control Remoto inalambrico XT4 de 4 canales<\/p>\n<p style='width: 100%; text-align: center; margin: 5px 0; color: inherit;'><strong style='color: inherit;'>410029<\/strong> Lampara Intermintete XLED FAAC<\/p>\n<p style='width: 100%; text-align: center; margin: 5px 0; color: inherit;'><strong style='color: inherit;'>712650<\/strong> Electrocerradura FAAC (Requiere cilindros)<\/p>\n<p style='width: 100%; text-align: center; margin: 5px 0; color: inherit;'><strong style='color: inherit;'>712652003<\/strong> Cilindro externo para electrocerradura<\/p>\n<p style='width: 100%; text-align: center; margin: 5px 0; color: inherit;'><strong style='color: inherit;'>712651003<\/strong> Cilindro interno para electrocerradura<\/p>\n<p style='width: 100%; text-align: center; margin: 5px 0; color: inherit;'><strong style='color: inherit;'>XBSSW01<\/strong> Botonera triple de uso rudo para aplicaciones de acceso vehicular<\/p>\n<\/p><\/div>\n<\/p><\/div>\n<p> <!-- Nota importante --> <\/p>\n<div style='margin-bottom: 30px;'>\n<p style='text-align: center; font-size: 14px; color: inherit; padding: 15px; background-color: rgba(255&comma; 255&comma; 255&comma; 0.05); border-left: 4px solid #ff9800; margin: 0 auto; max-width: 800px;'>Es importante tener en cuenta la resistencia que el viento puede generar en los portones sin ranuras de ventilaci\u00f3n al operar los motores en apertura y cierre de puertas abatibles. Recomendamos considerar la instalaci\u00f3n de rejillas que permitan la adecuada ventilaci\u00f3n para facilitar el correcto funcionamiento de los dispositivos.<\/p>\n<\/p><\/div>\n<\/p><\/div>\n","protected":false},"excerpt":{"rendered":"<p>Kit de Operadores Subterraneos FAAC 770N 220V para Puertas Abatibles \/ Para Puertas de Hasta 3.5 Metros<\/p>\n","protected":false},"featured_media":32,"comment_status":"open","ping_status":"closed","template":"","meta":[],"product_brand":[],"product_cat":[821],"product_tag":[401,778,822],"class_list":{"0":"post-20373","1":"product","2":"type-product","3":"status-publish","4":"has-post-thumbnail","6":"product_cat-puertas-abatibles","7":"product_tag-acceso-vehicular","8":"product_tag-faac","9":"product_tag-puertas-abatibles","11":"first","12":"outofstock","13":"sale","14":"shipping-taxable","15":"purchasable","16":"product-type-simple"},"_links":{"self":[{"href":"https:\/\/soydeaqui.ddns.net\/pachuca\/index.php\/wp-json\/wp\/v2\/product\/20373","targetHints":{"allow":["GET"]}}],"collection":[{"href":"https:\/\/soydeaqui.ddns.net\/pachuca\/index.php\/wp-json\/wp\/v2\/product"}],"about":[{"href":"https:\/\/soydeaqui.ddns.net\/pachuca\/index.php\/wp-json\/wp\/v2\/types\/product"}],"replies":[{"embeddable":true,"href":"https:\/\/soydeaqui.ddns.net\/pachuca\/index.php\/wp-json\/wp\/v2\/comments?post=20373"}],"wp:featuredmedia":[{"embeddable":true,"href":"https:\/\/soydeaqui.ddns.net\/pachuca\/index.php\/wp-json\/wp\/v2\/media\/32"}],"wp:attachment":[{"href":"https:\/\/soydeaqui.ddns.net\/pachuca\/index.php\/wp-json\/wp\/v2\/media?parent=20373"}],"wp:term":[{"taxonomy":"product_brand","embeddable":true,"href":"https:\/\/soydeaqui.ddns.net\/pachuca\/index.php\/wp-json\/wp\/v2\/product_brand?post=20373"},{"taxonomy":"product_cat","embeddable":true,"href":"https:\/\/soydeaqui.ddns.net\/pachuca\/index.php\/wp-json\/wp\/v2\/product_cat?post=20373"},{"taxonomy":"product_tag","embeddable":true,"href":"https:\/\/soydeaqui.ddns.net\/pachuca\/index.php\/wp-json\/wp\/v2\/product_tag?post=20373"}],"curies":[{"name":"wp","href":"https:\/\/api.w.org\/{rel}","templated":true}]}}