{"id":20372,"date":"2026-03-18T10:19:52","date_gmt":"2026-03-18T10:19:52","guid":{"rendered":"https:\/\/soydeaqui.ddns.net\/pachuca\/index.php\/producto\/operador-subterraneo-faac-770n-a-220v-para-puertas-de-hasta-3-5-metros-se-instala-bajo-la-puerta-sin-afectar-la-estetica-de-los-accesos\/"},"modified":"2026-03-18T10:19:53","modified_gmt":"2026-03-18T10:19:53","slug":"operador-subterraneo-faac-770n-a-220v-para-puertas-de-hasta-3-5-metros-se-instala-bajo-la-puerta-sin-afectar-la-estetica-de-los-accesos","status":"publish","type":"product","link":"https:\/\/soydeaqui.ddns.net\/pachuca\/index.php\/producto\/operador-subterraneo-faac-770n-a-220v-para-puertas-de-hasta-3-5-metros-se-instala-bajo-la-puerta-sin-afectar-la-estetica-de-los-accesos\/","title":{"rendered":"Operador Subterraneo FAAC 770N a 220V Para Puertas de Hasta 3.5 Metros \/  Se Instala Bajo la Puerta  Sin Afectar la Estetica de los Accesos"},"content":{"rendered":"<div style='width: 100%; max-width: 1200px; margin: 0 auto; font-family: sans-serif; line-height: 1.6; color: inherit; background-color: transparent;'>\n<div style='display: flex; flex-wrap: wrap; gap: 30px; margin-bottom: 30px;'>\n<div style='flex: 1 1 300px; min-width: 280px;'>\n<h3 style='font-size: 22px; border-bottom: 2px solid currentColor; padding-bottom: 5px; margin-top: 0; color: inherit; opacity: 0.8;'>Caracter\u00edsticas Principales<\/h3>\n<ul style='padding-left: 20px; font-size: 15px; color: inherit;'>\n<li style='margin-bottom: 5px;'>Para puertas de 2 metros peso soportado 500KG<\/li>\n<li style='margin-bottom: 5px;'>Para puertas de 3.5 metros peso soportado 200KG<\/li>\n<li style='margin-bottom: 5px;'>Operador Subterr\u00e1neo<\/li>\n<\/ul><\/div>\n<div style='flex: 1 1 300px; min-width: 280px;'>\n<h3 style='font-size: 22px; border-bottom: 2px solid currentColor; padding-bottom: 5px; margin-top: 0; color: inherit; opacity: 0.8;'>Caracter\u00edsticas F\u00edsicas y El\u00e9ctricas<\/h3>\n<ul style='padding-left: 20px; font-size: 15px; color: inherit;'>\n<li style='margin-bottom: 5px;'>Alimentaci\u00f3n de 220 a 240 VAC<\/li>\n<li style='margin-bottom: 5px;'>Potencia m\u00e1xima de 380W<\/li>\n<li style='margin-bottom: 5px;'>Grado de protecci\u00f3n IP6<\/li>\n<\/ul><\/div>\n<div style='flex: 1 1 300px; min-width: 280px;'>\n<h3 style='font-size: 22px; border-bottom: 2px solid currentColor; padding-bottom: 5px; margin-top: 0; color: inherit; opacity: 0.8;'>Caracter\u00edsticas Destacadas<\/h3>\n<ul style='padding-left: 20px; font-size: 15px; color: inherit;'>\n<li style='margin-bottom: 5px;'>Frecuencia de uso del 30%<\/li>\n<li style='margin-bottom: 5px;'>Protecci\u00f3n t\u00e9rmica a los 140\u00b0C<\/li>\n<li style='margin-bottom: 5px;'>\u00c1ngulo de apertura de 110\u00b0<\/li>\n<\/ul><\/div>\n<\/p><\/div>\n<hr style='border: 0; border-top: 1px solid rgba(150&comma; 150&comma; 150&comma; 0.3); margin: 30px 0;'>\n<div style='margin-bottom: 30px;'>\n<h2 style='font-size: 20px; text-align: center; color: inherit; margin-bottom: 20px;'>\u00bfQu\u00e9 elementos necesito para una instalaci\u00f3n de una puerta?<\/h2>\n<div style='display: flex; flex-wrap: wrap; justify-content: center; gap: 15px; font-size: 15px;'>\n<p style='margin: 5px 0;'><strong>490065<\/strong> Caja de cimentaci\u00f3n para motores FAAC 770<\/p>\n<p style='margin: 5px 0;'><strong>10675201<\/strong> Operador subterr\u00e1neo FAAC 770<\/p>\n<p style='margin: 5px 0;'><strong>790077<\/strong> Tarjeta electr\u00f3nica E045S para operadores a 220V<\/p>\n<p style='margin: 5px 0;'><strong>720119<\/strong> Contenedor para tarjeta electr\u00f3nica<\/p>\n<p style='margin: 5px 0;'><strong>722121<\/strong> Tope mec\u00e1nico de apertura<\/p>\n<p style='margin: 5px 0;'><strong>722122<\/strong> Tope mec\u00e1nico de cierre<\/p>\n<\/p><\/div>\n<\/p><\/div>\n<hr style='border: 0; border-top: 1px solid rgba(150&comma; 150&comma; 150&comma; 0.3); margin: 30px 0;'>\n<div style='margin-bottom: 30px;'>\n<h2 style='font-size: 20px; text-align: center; color: inherit; margin-bottom: 20px;'>Accesorios adicionales<\/h2>\n<div style='display: flex; flex-wrap: wrap; justify-content: center; gap: 15px; font-size: 15px;'>\n<p style='margin: 5px 0;'><strong>XBSSW01<\/strong> Botonera triple de uso rudo<\/p>\n<\/p><\/div>\n<\/p><\/div>\n<hr style='border: 0; border-top: 1px solid rgba(150&comma; 150&comma; 150&comma; 0.3); margin: 30px 0;'>\n<div style='margin-bottom: 30px;'>\n<h2 style='font-size: 20px; text-align: center; color: inherit; margin-bottom: 20px;'>Notas adicionales<\/h2>\n<div style='display: flex; flex-wrap: wrap; justify-content: center; gap: 15px; font-size: 15px;'>\n<p style='margin: 5px 0; text-align: center;'>Equipo con un a\u00f1o de garant\u00eda contra defectos de fabricaci\u00f3n<\/p>\n<p style='margin: 5px 0; text-align: center;'>El peso soportado depende de la longitud de la puerta&comma; validar en la siguiente <a style='color: inherit; text-decoration: underline;' href='https:\/\/ftp3.syscom.mx\/usuarios\/fotos\/10675201\/217123-grafica_pesos_faac_770.jpg' target='_blank' rel='noopener'>gr\u00e1fica<\/a><\/p>\n<\/p><\/div>\n<\/p><\/div>\n<\/p><\/div>\n","protected":false},"excerpt":{"rendered":"<p>Operador Subterraneo FAAC 770N a 220V Para Puertas de Hasta 3.5 Metros \/  Se Instala Bajo la Puerta  Sin Afectar la Estetica de los Accesos<\/p>\n","protected":false},"featured_media":32,"comment_status":"open","ping_status":"closed","template":"","meta":[],"product_brand":[],"product_cat":[821],"product_tag":[401,778,822],"class_list":{"0":"post-20372","1":"product","2":"type-product","3":"status-publish","4":"has-post-thumbnail","6":"product_cat-puertas-abatibles","7":"product_tag-acceso-vehicular","8":"product_tag-faac","9":"product_tag-puertas-abatibles","11":"first","12":"instock","13":"sale","14":"shipping-taxable","15":"purchasable","16":"product-type-simple"},"_links":{"self":[{"href":"https:\/\/soydeaqui.ddns.net\/pachuca\/index.php\/wp-json\/wp\/v2\/product\/20372","targetHints":{"allow":["GET"]}}],"collection":[{"href":"https:\/\/soydeaqui.ddns.net\/pachuca\/index.php\/wp-json\/wp\/v2\/product"}],"about":[{"href":"https:\/\/soydeaqui.ddns.net\/pachuca\/index.php\/wp-json\/wp\/v2\/types\/product"}],"replies":[{"embeddable":true,"href":"https:\/\/soydeaqui.ddns.net\/pachuca\/index.php\/wp-json\/wp\/v2\/comments?post=20372"}],"wp:featuredmedia":[{"embeddable":true,"href":"https:\/\/soydeaqui.ddns.net\/pachuca\/index.php\/wp-json\/wp\/v2\/media\/32"}],"wp:attachment":[{"href":"https:\/\/soydeaqui.ddns.net\/pachuca\/index.php\/wp-json\/wp\/v2\/media?parent=20372"}],"wp:term":[{"taxonomy":"product_brand","embeddable":true,"href":"https:\/\/soydeaqui.ddns.net\/pachuca\/index.php\/wp-json\/wp\/v2\/product_brand?post=20372"},{"taxonomy":"product_cat","embeddable":true,"href":"https:\/\/soydeaqui.ddns.net\/pachuca\/index.php\/wp-json\/wp\/v2\/product_cat?post=20372"},{"taxonomy":"product_tag","embeddable":true,"href":"https:\/\/soydeaqui.ddns.net\/pachuca\/index.php\/wp-json\/wp\/v2\/product_tag?post=20372"}],"curies":[{"name":"wp","href":"https:\/\/api.w.org\/{rel}","templated":true}]}}