{"id":20351,"date":"2026-03-18T10:19:30","date_gmt":"2026-03-18T10:19:30","guid":{"rendered":"https:\/\/soydeaqui.ddns.net\/pachuca\/index.php\/producto\/chapa-magnetica-de-600-lbs-272-kg-montaje-en-puerta-normal-certificado-ce-uso-en-interior-magnetismo-anti-residual\/"},"modified":"2026-03-18T10:19:34","modified_gmt":"2026-03-18T10:19:34","slug":"chapa-magnetica-de-600-lbs-272-kg-montaje-en-puerta-normal-certificado-ce-uso-en-interior-magnetismo-anti-residual","status":"publish","type":"product","link":"https:\/\/soydeaqui.ddns.net\/pachuca\/index.php\/producto\/chapa-magnetica-de-600-lbs-272-kg-montaje-en-puerta-normal-certificado-ce-uso-en-interior-magnetismo-anti-residual\/","title":{"rendered":"Chapa Magn\u00e9tica de 600 Lbs (272 Kg) \/ Montaje en Puerta Normal \/ Certificado CE \/  Uso en Interior \/ Magnetismo Anti-residual"},"content":{"rendered":"<div style='width: 100%; max-width: 1200px; margin: 0 auto; font-family: sans-serif; line-height: 1.6; color: inherit; background-color: transparent;'> <!-- Imagen destacada --> <img style='width: 100%; height: auto; border: 1px solid rgba(150&comma;150&comma;150&comma;0.3); border-radius: 8px;' src='https:\/\/ftp3.syscom.mx\/usuarios\/fespinoza\/HIKVISION\/Dispositivos\/Banners\/BannerIntegracion.jpg' alt='Banner de integraci\u00f3n'> <!-- Secci\u00f3n de caracter\u00edsticas --> <\/p>\n<div style='display: flex; flex-wrap: wrap; gap: 30px; margin-top: 30px;'>\n<div style='flex: 1 1 300px; min-width: 280px;'>\n<h3 style='font-size: 22px; border-bottom: 2px solid currentColor; padding-bottom: 5px; margin-top: 0; color: inherit; opacity: 0.8;'>Caracter\u00edsticas principales<\/h3>\n<ul style='padding-left: 20px; font-size: 15px; color: inherit;'>\n<li style='margin-bottom: 5px;'>Soporta m\u00e1ximo 600 Lbs (272g).<\/li>\n<li style='margin-bottom: 5px;'>Dise\u00f1o magnetismo anti-residual.<\/li>\n<li style='margin-bottom: 5px;'>Material resistente a la abrasi\u00f3n.<\/li>\n<li style='margin-bottom: 5px;'>Requiere montajes Z y L modelo <span style='font-family: Calibri&comma; sans-serif; font-size: small; background-color: #ffffff;'>DS-K4H255-LZ<\/span> para cualquier tipo de puerta.<\/li>\n<\/ul><\/div>\n<div style='flex: 1 1 300px; min-width: 280px;'>\n<h3 style='font-size: 22px; border-bottom: 2px solid currentColor; padding-bottom: 5px; margin-top: 0; color: inherit; opacity: 0.8;'>Caracter\u00edsticas F\u00edsicas y El\u00e9ctricas<\/h3>\n<ul style='padding-left: 20px; font-size: 15px; color: inherit;'>\n<li style='margin-bottom: 5px;'>Consumo el\u00e9ctrico: 12 VDC&comma; 340 mA<\/li>\n<li style='margin-bottom: 5px;'>Temperatura de operaci\u00f3n: -10 \u00b0C ~ +55 \u00b0C (14 \u00b0F ~ 131 \u00b0F)<\/li>\n<\/ul><\/div>\n<div style='flex: 1 1 300px; min-width: 280px;'>\n<h3 style='font-size: 22px; border-bottom: 2px solid currentColor; padding-bottom: 5px; margin-top: 0; color: inherit; opacity: 0.8;'>Caracter\u00edsticas Destacadas<\/h3>\n<p style='font-size: 15px; color: inherit; margin: 0;'>Recomendado para puertas de madera&comma; cristal&comma; metal y blindada.<\/p>\n<\/p><\/div>\n<\/p><\/div>\n<p> <!-- Separador --> <\/p>\n<hr style='border: 0; border-top: 1px solid rgba(150&comma; 150&comma; 150&comma; 0.3); margin: 30px 0;'> <\/div>\n","protected":false},"excerpt":{"rendered":"<p>Chapa Magn\u00e9tica de 600 Lbs (272 Kg) \/ Montaje en Puerta Normal \/ Certificado CE \/  Uso en Interior \/ Magnetismo Anti-residual<\/p>\n","protected":false},"featured_media":20350,"comment_status":"open","ping_status":"closed","template":"","meta":[],"product_brand":[],"product_cat":[761],"product_tag":[87,762,54],"class_list":{"0":"post-20351","1":"product","2":"type-product","3":"status-publish","4":"has-post-thumbnail","6":"product_cat-chapas-magneticas","7":"product_tag-cerraduras","8":"product_tag-chapas-magneticas","9":"product_tag-hikvision","11":"first","12":"instock","13":"sale","14":"shipping-taxable","15":"purchasable","16":"product-type-simple"},"_links":{"self":[{"href":"https:\/\/soydeaqui.ddns.net\/pachuca\/index.php\/wp-json\/wp\/v2\/product\/20351","targetHints":{"allow":["GET"]}}],"collection":[{"href":"https:\/\/soydeaqui.ddns.net\/pachuca\/index.php\/wp-json\/wp\/v2\/product"}],"about":[{"href":"https:\/\/soydeaqui.ddns.net\/pachuca\/index.php\/wp-json\/wp\/v2\/types\/product"}],"replies":[{"embeddable":true,"href":"https:\/\/soydeaqui.ddns.net\/pachuca\/index.php\/wp-json\/wp\/v2\/comments?post=20351"}],"wp:featuredmedia":[{"embeddable":true,"href":"https:\/\/soydeaqui.ddns.net\/pachuca\/index.php\/wp-json\/wp\/v2\/media\/20350"}],"wp:attachment":[{"href":"https:\/\/soydeaqui.ddns.net\/pachuca\/index.php\/wp-json\/wp\/v2\/media?parent=20351"}],"wp:term":[{"taxonomy":"product_brand","embeddable":true,"href":"https:\/\/soydeaqui.ddns.net\/pachuca\/index.php\/wp-json\/wp\/v2\/product_brand?post=20351"},{"taxonomy":"product_cat","embeddable":true,"href":"https:\/\/soydeaqui.ddns.net\/pachuca\/index.php\/wp-json\/wp\/v2\/product_cat?post=20351"},{"taxonomy":"product_tag","embeddable":true,"href":"https:\/\/soydeaqui.ddns.net\/pachuca\/index.php\/wp-json\/wp\/v2\/product_tag?post=20351"}],"curies":[{"name":"wp","href":"https:\/\/api.w.org\/{rel}","templated":true}]}}