{"id":20333,"date":"2026-03-18T10:19:09","date_gmt":"2026-03-18T10:19:09","guid":{"rendered":"https:\/\/soydeaqui.ddns.net\/pachuca\/index.php\/producto\/kit-wifi-de-control-de-acceso-lite-todo-incluido-con-lector-de-rostros-tarjetas-y-huellas-500-rostros-compatible-con-app-hikconnect-incluye-electroiman-boton-de-salida-y-montajes-z-y-l-para-im\/"},"modified":"2026-03-18T10:19:15","modified_gmt":"2026-03-18T10:19:15","slug":"kit-wifi-de-control-de-acceso-lite-todo-incluido-con-lector-de-rostros-tarjetas-y-huellas-500-rostros-compatible-con-app-hikconnect-incluye-electroiman-boton-de-salida-y-montajes-z-y-l-para-im","status":"publish","type":"product","link":"https:\/\/soydeaqui.ddns.net\/pachuca\/index.php\/producto\/kit-wifi-de-control-de-acceso-lite-todo-incluido-con-lector-de-rostros-tarjetas-y-huellas-500-rostros-compatible-con-app-hikconnect-incluye-electroiman-boton-de-salida-y-montajes-z-y-l-para-im\/","title":{"rendered":"Kit WiFi de Control de Acceso Lite TODO INCLUIDO con Lector de Rostros, Tarjetas y Huellas \/ 500 Rostros \/ Compatible con App HIKConnect \/ Incluye Electroim\u00e1n  Bot\u00f3n de Salida y Montajes Z y L para im\u00e1n \/ HIK-IA"},"content":{"rendered":"<div style='width: 100%; max-width: 1200px; margin: 0 auto; font-family: sans-serif; line-height: 1.6; color: inherit; background-color: transparent;'> <!-- Imagen principal --> <\/p>\n<div style='margin-bottom: 30px;'> <img style='width: 100%; height: auto; border: 1px solid rgba(150&comma;150&comma;150&comma;0.3); border-radius: 8px;' src='https:\/\/ftp3.syscom.mx\/usuarios\/fespinoza\/HIKVISION\/Dispositivos\/Banners\/Deep-learning-2.jpg' alt=''> <\/div>\n<p> <!-- Videos --> <\/p>\n<div style='display: grid; grid-template-columns: repeat(auto-fit&comma; minmax(280px&comma; 1fr)); gap: 30px; margin-bottom: 30px;'> <!-- Video 1 --> <\/p>\n<div style='display: flex; flex-direction: column; align-items: center;'>\n<div style='position: relative; padding-bottom: 56.25%; height: 0; overflow: hidden; width: 100%;'>   <\/div>\n<h3 style='font-size: 18px; margin-top: 15px; margin-bottom: 0; text-align: center; color: inherit; opacity: 0.8;'>Demostraci\u00f3n de Velocidad Deep Learning<\/h3>\n<\/p><\/div>\n<p> <!-- Video 2 --> <\/p>\n<div style='display: flex; flex-direction: column; align-items: center;'>\n<div style='position: relative; padding-bottom: 56.25%; height: 0; overflow: hidden; width: 100%;'>   <\/div>\n<h3 style='font-size: 18px; margin-top: 15px; margin-bottom: 0; text-align: center; color: inherit; opacity: 0.8;'>Prueba en Gemelos con Deep Learning<\/h3>\n<\/p><\/div>\n<p> <!-- Video 3 --> <\/p>\n<div style='display: flex; flex-direction: column; align-items: center;'>\n<div style='position: relative; padding-bottom: 56.25%; height: 0; overflow: hidden; width: 100%;'>   <\/div>\n<h3 style='font-size: 18px; margin-top: 15px; margin-bottom: 0; text-align: center; color: inherit; opacity: 0.8;'>Velocidad en Torniquetes con Deep Learning<\/h3>\n<\/p><\/div>\n<\/p><\/div>\n<p> <!-- Secci\u00f3n de caracter\u00edsticas --> <\/p>\n<div style='display: flex; flex-wrap: wrap; gap: 30px; margin-bottom: 30px;'> <!-- Caracter\u00edsticas principales --> <\/p>\n<div style='flex: 1 1 300px; min-width: 280px;'>\n<h3 style='font-size: 22px; border-bottom: 2px solid currentColor; padding-bottom: 5px; margin-top: 0; color: inherit; opacity: 0.8;'>Caracter\u00edsticas principales<\/h3>\n<ul style='padding-left: 20px; font-size: 15px; color: inherit;'>\n<li style='margin-bottom: 5px;'>Distancia de detecci\u00f3n de los rostros: 0.3 mts hasta 2 mts.<\/li>\n<li style='margin-bottom: 5px;'>Distancia de Reconocimiento 0.3 a 1.5 m<\/li>\n<li style='margin-bottom: 5px;'>Soporta hasta 500 rostros.<\/li>\n<li style='margin-bottom: 5px;'>Capacidad para 150&comma;000 eventos.<\/li>\n<li style='margin-bottom: 5px;'>Soporta hasta 1&comma;000 huellas.<\/li>\n<li style='margin-bottom: 5px;'>Soporta hasta 1&comma;000 tarjetas (Mifare)<\/li>\n<li style='margin-bottom: 5px;'>\n<p style='margin: 0;'> <span style='color: inherit; font-size: 14px;'>Tarjetas recomendadas: <\/span> <strong style='color: inherit; font-size: 14px;'>ACCESSCARM1K&comma; ACCESSCARDM4K&comma; ACCESKFBM1K&comma; ACCESSWB65M1K&comma; ACCESSWB74M1K<\/strong>. <u style='color: inherit;'> <a href='https:\/\/www.syscom.mx\/principal\/promociones\/tarjetas_mifare-7359.html?ordenar=Relevancia&#038;pag=1' style='color: inherit; text-decoration: underline;'> Ver aqu\u00ed. <\/a> <\/u> <\/p>\n<\/li>\n<li style='margin-bottom: 5px;'>Funcionamiento Aut\u00f3nomo o con IVMS4200.<\/li>\n<\/ul><\/div>\n<p> <!-- Caracter\u00edsticas F\u00edsicas y El\u00e9ctricas --> <\/p>\n<div style='flex: 1 1 300px; min-width: 280px;'>\n<h3 style='font-size: 22px; border-bottom: 2px solid currentColor; padding-bottom: 5px; margin-top: 0; color: inherit; opacity: 0.8;'>Caracter\u00edsticas F\u00edsicas y El\u00e9ctricas<\/h3>\n<ul style='padding-left: 20px; font-size: 15px; color: inherit;'>\n<li style='margin-bottom: 5px;'>Alimentaci\u00f3n: 12 Vcc \/ 2 Amp \/ 24 W. (Incluido)<\/li>\n<li style='margin-bottom: 5px;'>Aplicaci\u00f3n: Interior<\/li>\n<li style='margin-bottom: 5px;'>Temperatura: -30 \u00b0C to 60 \u00b0C (-22 \u00b0F to 140 \u00b0F)<\/li>\n<li style='margin-bottom: 5px;'>Dimensiones del biometrico: 130 mm \u00d7 150 mm \u00d7 24.7 mm<\/li>\n<\/ul>\n<h4 style='font-size: 18px; margin-top: 20px; margin-bottom: 10px; color: inherit; opacity: 0.8;'>Interfaces:<\/h4>\n<ul style='padding-left: 20px; font-size: 15px; color: inherit;'>\n<li style='margin-bottom: 5px;'>Relay NC\/NO: 1<\/li>\n<li style='margin-bottom: 5px;'>USB: 1<\/li>\n<li style='margin-bottom: 5px;'>Bot\u00f3n de salida: 1<\/li>\n<li style='margin-bottom: 5px;'><strong style='color: inherit;'>Red cableada y WiFi.<\/strong><\/li>\n<li style='margin-bottom: 5px;'>Sensor de puerta<\/li>\n<\/ul><\/div>\n<p> <!-- Caracter\u00edsticas Destacadas --> <\/p>\n<div style='flex: 1 1 300px; min-width: 280px;'>\n<h3 style='font-size: 22px; border-bottom: 2px solid currentColor; padding-bottom: 5px; margin-top: 0; color: inherit; opacity: 0.8;'>Caracter\u00edsticas Destacadas<\/h3>\n<p style='font-size: 15px; color: inherit; margin-top: 0;'> El terminal frontal de la serie DS-KAS320 adopta un algoritmo DEEP LEARNING con HIK-IA que ayuda a reconocer el rostro de las personas m\u00e1s r\u00e1pido y con mayor precisi\u00f3n. Aplicable en escenarios&comma; como edificios&comma; empresas&comma; industrias y otras \u00e1reas importantes. <\/p>\n<h4 style='font-size: 18px; margin-top: 20px; margin-bottom: 10px; color: inherit; opacity: 0.8;'>El kit incluye:<\/h4>\n<ul style='padding-left: 20px; font-size: 15px; color: inherit;'>\n<li style='margin-bottom: 5px;'>Biometrico <a href='https:\/\/www.syscom.mx\/principal\/searchcont?route=DS-K1T320MFWX-HIKVISION-210343&#038;autodetect=:_DS-K1T320MFWX' style='color: inherit; text-decoration: underline;'>DS-K1T320MFWX<\/a><\/li>\n<li style='margin-bottom: 5px;'>Chapa magn\u00e9tica <a href='https:\/\/www.syscom.mx\/principal\/searchcont?route=DS-K4H258S-HIKVISION-176625&#038;autodetect=dsk4h' style='color: inherit; text-decoration: underline;'>DS-K4H258S<\/a><\/li>\n<li style='margin-bottom: 5px;'>Montajes Z y L para chapa <a href='https:\/\/www.syscom.mx\/principal\/searchcont?route=DS-K4H258-L\/Z-HIKVISION-176632&#038;autodetect=dsk4h' style='color: inherit; text-decoration: underline;'>DS-K4H258-L\/Z<\/a><\/li>\n<li style='margin-bottom: 5px;'>Bot\u00f3n sin contacto <a href='https:\/\/www.syscom.mx\/principal\/searchcont?route=DS-K7P03-HIKVISION-163079&#038;autodetect=dsk7p03' style='color: inherit; text-decoration: underline;'>DS-K7P03<\/a><\/li>\n<li style='margin-bottom: 5px;'>3x Tarjeta Mifare<\/li>\n<li style='margin-bottom: 5px;'>Fuente de alimentaci\u00f3n 12 Vcc<\/li>\n<\/ul><\/div>\n<\/p><\/div>\n<p> <!-- Consideraciones --> <\/p>\n<div style='margin-bottom: 30px;'>\n<div style='border-left: 5px solid #ff0000; padding: 15px; background-color: rgba(255&comma; 0&comma; 0&comma; 0.05); border-radius: 8px;'>\n<h3 style='font-size: 22px; margin-top: 0; margin-bottom: 15px; color: inherit; opacity: 0.8;'>Consideraciones<\/h3>\n<ul style='padding-left: 20px; font-size: 15px; color: inherit;'>\n<li style='margin-bottom: 10px;'>Compatible con P2P a trav\u00e9s de APP Hik-Connect solo para apertura y monitoreo de c\u00e1mara remotamente desde cualquier parte del mundo. Tambi\u00e9n recepci\u00f3n de llamada de videoportero (1 sola cuenta).<\/li>\n<li style='margin-bottom: 0;'>Sin IP p\u00fablica fija \/ Sin DDNS (En la NUBE).<\/li>\n<\/ul><\/div>\n<\/p><\/div>\n<p> <!-- Imagen adicional --> <\/p>\n<div style='margin-bottom: 30px;'> <img style='width: 100%; height: auto; border: 1px solid rgba(150&comma;150&comma;150&comma;0.3); border-radius: 8px;' src='https:\/\/ftp3.syscom.mx\/usuarios\/fotos\/DSK1T607E\/171893-hikvision-controlacceso.png' alt=''> <\/div>\n<p> <!-- Video adicional --> <\/p>\n<div style='margin-bottom: 30px;'>\n<div style='position: relative; padding-bottom: 56.25%; height: 0; overflow: hidden;'>   <\/div>\n<\/p><\/div>\n<\/p><\/div>\n","protected":false},"excerpt":{"rendered":"<p>Kit WiFi de Control de Acceso Lite TODO INCLUIDO con Lector de Rostros, Tarjetas y Huellas \/ 500 Rostros \/ Compatible con App HIKConnect \/ Incluye Electroim\u00e1n  Bot\u00f3n de Salida y Montajes Z y L para im\u00e1n \/ HIK-IA<\/p>\n","protected":false},"featured_media":20332,"comment_status":"open","ping_status":"closed","template":"","meta":[],"product_brand":[],"product_cat":[806],"product_tag":[744,54,807],"class_list":{"0":"post-20333","1":"product","2":"type-product","3":"status-publish","4":"has-post-thumbnail","6":"product_cat-para-control-de-acceso","7":"product_tag-biometricos","8":"product_tag-hikvision","9":"product_tag-para-control-de-acceso","11":"first","12":"instock","13":"sale","14":"shipping-taxable","15":"purchasable","16":"product-type-simple"},"_links":{"self":[{"href":"https:\/\/soydeaqui.ddns.net\/pachuca\/index.php\/wp-json\/wp\/v2\/product\/20333","targetHints":{"allow":["GET"]}}],"collection":[{"href":"https:\/\/soydeaqui.ddns.net\/pachuca\/index.php\/wp-json\/wp\/v2\/product"}],"about":[{"href":"https:\/\/soydeaqui.ddns.net\/pachuca\/index.php\/wp-json\/wp\/v2\/types\/product"}],"replies":[{"embeddable":true,"href":"https:\/\/soydeaqui.ddns.net\/pachuca\/index.php\/wp-json\/wp\/v2\/comments?post=20333"}],"wp:featuredmedia":[{"embeddable":true,"href":"https:\/\/soydeaqui.ddns.net\/pachuca\/index.php\/wp-json\/wp\/v2\/media\/20332"}],"wp:attachment":[{"href":"https:\/\/soydeaqui.ddns.net\/pachuca\/index.php\/wp-json\/wp\/v2\/media?parent=20333"}],"wp:term":[{"taxonomy":"product_brand","embeddable":true,"href":"https:\/\/soydeaqui.ddns.net\/pachuca\/index.php\/wp-json\/wp\/v2\/product_brand?post=20333"},{"taxonomy":"product_cat","embeddable":true,"href":"https:\/\/soydeaqui.ddns.net\/pachuca\/index.php\/wp-json\/wp\/v2\/product_cat?post=20333"},{"taxonomy":"product_tag","embeddable":true,"href":"https:\/\/soydeaqui.ddns.net\/pachuca\/index.php\/wp-json\/wp\/v2\/product_tag?post=20333"}],"curies":[{"name":"wp","href":"https:\/\/api.w.org\/{rel}","templated":true}]}}