{"id":20325,"date":"2026-03-18T10:19:01","date_gmt":"2026-03-18T10:19:01","guid":{"rendered":"https:\/\/soydeaqui.ddns.net\/pachuca\/index.php\/producto\/montaje-en-pared-capacidad-9-modulos-fuente-de-alimentacion-y-bateria-no-incluidas\/"},"modified":"2026-03-18T10:19:02","modified_gmt":"2026-03-18T10:19:02","slug":"montaje-en-pared-capacidad-9-modulos-fuente-de-alimentacion-y-bateria-no-incluidas","status":"publish","type":"product","link":"https:\/\/soydeaqui.ddns.net\/pachuca\/index.php\/producto\/montaje-en-pared-capacidad-9-modulos-fuente-de-alimentacion-y-bateria-no-incluidas\/","title":{"rendered":"(Montaje en pared) Capacidad: 9 m\u00f3dulos. Fuente de alimentaci\u00f3n y bater\u00eda no incluidas."},"content":{"rendered":"<div style='width: 100%; max-width: 1200px; margin: 0 auto; font-family: sans-serif; line-height: 1.6; color: inherit; background-color: transparent;'>\n<div style='display: flex; flex-wrap: wrap; gap: 30px; margin-bottom: 30px;'>\n<div style='flex: 1 1 300px; min-width: 280px;'>\n<h3 style='font-size: 22px; border-bottom: 2px solid currentColor; padding-bottom: 5px; margin-top: 0; color: inherit; opacity: 0.8;'>Descripci\u00f3n<\/h3>\n<p style='font-size: 15px; color: inherit; margin-top: 0; margin-bottom: 20px;'>Los gabinetes de la serie PRO se usan con los m\u00f3dulos de acceso de la serie profesional PRO4200. Hay gabinetes disponibles para montaje en pared&comma; montaje en bastidor y montaje en mosaico. La fuente de alimentaci\u00f3n y la bater\u00eda no est\u00e1n incluidas.<\/p>\n<ul style='padding-left: 20px; font-size: 15px; color: inherit;'>\n<li style='margin-bottom: 5px;'><strong>Producto:<\/strong> Montaje en pared<\/li>\n<li style='margin-bottom: 5px;'><strong>Capacidad:<\/strong> 9 m\u00f3dulos<\/li>\n<li style='margin-bottom: 5px;'><strong>Fuente de alimentaci\u00f3n:<\/strong> No incluida<\/li>\n<li style='margin-bottom: 5px;'><strong>Bater\u00eda:<\/strong> No incluida<\/li>\n<li style='margin-bottom: 5px;'><strong>Marca:<\/strong> HONEYWELL<\/li>\n<li style='margin-bottom: 5px;'><strong>Modelo:<\/strong> PRO22ENC3<\/li>\n<\/ul>\n<\/div>\n<\/div>\n<\/div>\n<hr style='border: 0; border-top: 1px solid rgba(150&comma; 150&comma; 150&comma; 0.3); margin: 30px 0;'><\/div>\n","protected":false},"excerpt":{"rendered":"<p>(Montaje en pared) Capacidad: 9 m\u00f3dulos. Fuente de alimentaci\u00f3n y bater\u00eda no incluidas.<\/p>\n","protected":false},"featured_media":32,"comment_status":"open","ping_status":"closed","template":"","meta":[],"product_brand":[],"product_cat":[558],"product_tag":[457,559,209],"class_list":{"0":"post-20325","1":"product","2":"type-product","3":"status-publish","4":"has-post-thumbnail","6":"product_cat-fuentes-de-respaldo","7":"product_tag-fuentes-de-alimentacion","8":"product_tag-fuentes-de-respaldo","9":"product_tag-honeywell","11":"first","12":"outofstock","13":"sale","14":"shipping-taxable","15":"purchasable","16":"product-type-simple"},"_links":{"self":[{"href":"https:\/\/soydeaqui.ddns.net\/pachuca\/index.php\/wp-json\/wp\/v2\/product\/20325","targetHints":{"allow":["GET"]}}],"collection":[{"href":"https:\/\/soydeaqui.ddns.net\/pachuca\/index.php\/wp-json\/wp\/v2\/product"}],"about":[{"href":"https:\/\/soydeaqui.ddns.net\/pachuca\/index.php\/wp-json\/wp\/v2\/types\/product"}],"replies":[{"embeddable":true,"href":"https:\/\/soydeaqui.ddns.net\/pachuca\/index.php\/wp-json\/wp\/v2\/comments?post=20325"}],"wp:featuredmedia":[{"embeddable":true,"href":"https:\/\/soydeaqui.ddns.net\/pachuca\/index.php\/wp-json\/wp\/v2\/media\/32"}],"wp:attachment":[{"href":"https:\/\/soydeaqui.ddns.net\/pachuca\/index.php\/wp-json\/wp\/v2\/media?parent=20325"}],"wp:term":[{"taxonomy":"product_brand","embeddable":true,"href":"https:\/\/soydeaqui.ddns.net\/pachuca\/index.php\/wp-json\/wp\/v2\/product_brand?post=20325"},{"taxonomy":"product_cat","embeddable":true,"href":"https:\/\/soydeaqui.ddns.net\/pachuca\/index.php\/wp-json\/wp\/v2\/product_cat?post=20325"},{"taxonomy":"product_tag","embeddable":true,"href":"https:\/\/soydeaqui.ddns.net\/pachuca\/index.php\/wp-json\/wp\/v2\/product_tag?post=20325"}],"curies":[{"name":"wp","href":"https:\/\/api.w.org\/{rel}","templated":true}]}}