{"id":20287,"date":"2026-03-18T10:18:20","date_gmt":"2026-03-18T10:18:20","guid":{"rendered":"https:\/\/soydeaqui.ddns.net\/pachuca\/index.php\/producto\/controlador-de-acceso-para-2-puertas-y-2-lectores-wiegand-facil-administracion-totalmente-en-la-nube-incluye-gabienete-y-fuente-de-alimentacion\/"},"modified":"2026-03-18T10:18:20","modified_gmt":"2026-03-18T10:18:20","slug":"controlador-de-acceso-para-2-puertas-y-2-lectores-wiegand-facil-administracion-totalmente-en-la-nube-incluye-gabienete-y-fuente-de-alimentacion","status":"publish","type":"product","link":"https:\/\/soydeaqui.ddns.net\/pachuca\/index.php\/producto\/controlador-de-acceso-para-2-puertas-y-2-lectores-wiegand-facil-administracion-totalmente-en-la-nube-incluye-gabienete-y-fuente-de-alimentacion\/","title":{"rendered":"Controlador de Acceso para 2 Puertas y 2 Lectores Wiegand \/ F\u00e1cil Administraci\u00f3n Totalmente en la Nube \/ Incluye Gabienete y Fuente de Alimentaci\u00f3n"},"content":{"rendered":"<div style='width: 100%; max-width: 1200px; margin: 0 auto; font-family: sans-serif; line-height: 1.6; color: inherit; background-color: transparent;'>\n<div style='display: flex; flex-wrap: wrap; gap: 30px; margin-bottom: 30px;'>\n<div style='flex: 1 1 300px; min-width: 280px;'>\n<h3 style='font-size: 22px; border-bottom: 2px solid currentColor; padding-bottom: 5px; margin-top: 0; color: inherit; opacity: 0.8;'>Caracter\u00edsticas Principales<\/h3>\n<ul style='padding-left: 20px; font-size: 15px; color: inherit;'>\n<li style='margin-bottom: 5px;'>Controlador de acceso para 2 puertas y 2 lectores Wiegand<\/li>\n<li style='margin-bottom: 5px;'>Comunicaci\u00f3n segura con protocolos avanzados (OSDP&comma; m\u00f3vil y credenciales encriptadas)<\/li>\n<li style='margin-bottom: 5px;'>Descubrimiento autom\u00e1tico en la red mediante Ethernet<\/li>\n<li style='margin-bottom: 5px;'>Dise\u00f1o plug-and-play para f\u00e1cil instalaci\u00f3n y expansi\u00f3n<\/li>\n<li style='margin-bottom: 5px;'>Capacidad de escalabilidad desde 2 hasta miles de puertas<\/li>\n<\/ul><\/div>\n<div style='flex: 1 1 300px; min-width: 280px;'>\n<h3 style='font-size: 22px; border-bottom: 2px solid currentColor; padding-bottom: 5px; margin-top: 0; color: inherit; opacity: 0.8;'>Caracter\u00edsticas de Seguridad<\/h3>\n<ul style='padding-left: 20px; font-size: 15px; color: inherit;'>\n<li style='margin-bottom: 5px;'>Comunicaci\u00f3n encriptada AES 128-bit<\/li>\n<li style='margin-bottom: 5px;'>Funcionalidad OSDP integrada<\/li>\n<li style='margin-bottom: 5px;'>Circuito de alimentaci\u00f3n supervisado<\/li>\n<li style='margin-bottom: 5px;'>Monitoreo de voltaje de entrada&comma; salida y bater\u00eda<\/li>\n<li style='margin-bottom: 5px;'>Cumple con est\u00e1ndar UL 294<\/li>\n<\/ul><\/div>\n<div style='flex: 1 1 300px; min-width: 280px;'>\n<h3 style='font-size: 22px; border-bottom: 2px solid currentColor; padding-bottom: 5px; margin-top: 0; color: inherit; opacity: 0.8;'>Conectividad<\/h3>\n<ul style='padding-left: 20px; font-size: 15px; color: inherit;'>\n<li style='margin-bottom: 5px;'>Ethernet integrado<\/li>\n<li style='margin-bottom: 5px;'>M\u00f3dulo WiMAC inal\u00e1mbrico (2.4 GHz\/802.15.4)<\/li>\n<li style='margin-bottom: 5px;'>Opci\u00f3n de m\u00f3dulo PoE++<\/li>\n<li style='margin-bottom: 5px;'>Rango inal\u00e1mbrico: 1 milla (l\u00ednea de vista)&comma; 137m interior<\/li>\n<\/ul><\/div>\n<div style='flex: 1 1 300px; min-width: 280px;'>\n<h3 style='font-size: 22px; border-bottom: 2px solid currentColor; padding-bottom: 5px; margin-top: 0; color: inherit; opacity: 0.8;'>Especificaciones T\u00e9cnicas<\/h3>\n<ul style='padding-left: 20px; font-size: 15px; color: inherit;'>\n<li style='margin-bottom: 5px;'><strong>Alimentaci\u00f3n:<\/strong> 12V-24V DC<\/li>\n<li style='margin-bottom: 5px;'><strong>Consumo:<\/strong> 35mA (en reposo)<\/li>\n<li style='margin-bottom: 5px;'><strong>Temperatura:<\/strong> -4\u00b0 a +140\u00b0 F (-20\u00b0 a +60\u00b0 C)<\/li>\n<li style='margin-bottom: 5px;'><strong>Humedad:<\/strong> 0-95% sin condensaci\u00f3n<\/li>\n<li style='margin-bottom: 5px;'><strong>Dimensiones:<\/strong> 7.625&#8242; x 10.4375&#8242; x 3&#8242;<\/li>\n<\/ul><\/div>\n<div style='flex: 1 1 300px; min-width: 280px;'>\n<h3 style='font-size: 22px; border-bottom: 2px solid currentColor; padding-bottom: 5px; margin-top: 0; color: inherit; opacity: 0.8;'>Expansi\u00f3n y M\u00f3dulos<\/h3>\n<ul style='padding-left: 20px; font-size: 15px; color: inherit;'>\n<li style='margin-bottom: 5px;'>M\u00f3dulo inal\u00e1mbrico WiMAC &#8211; PN: RMW<\/li>\n<li style='margin-bottom: 5px;'>M\u00f3dulo PoE++ &#8211; PN: RMPOE<\/li>\n<li style='margin-bottom: 5px;'>Rel\u00e9s industriales de 2A Form-C (2)<\/li>\n<li style='margin-bottom: 5px;'>Alimenta lectores y hardware de puerta directamente desde el bus<\/li>\n<\/ul><\/div>\n<div style='flex: 1 1 300px; min-width: 280px;'>\n<h3 style='font-size: 22px; border-bottom: 2px solid currentColor; padding-bottom: 5px; margin-top: 0; color: inherit; opacity: 0.8;'>Garant\u00eda<\/h3>\n<ul style='padding-left: 20px; font-size: 15px; color: inherit;'>\n<li style='margin-bottom: 5px;'>Garant\u00eda limitada del fabricante<\/li>\n<li style='margin-bottom: 5px;'>De 1 a 5 a\u00f1os contra defectos de materiales y mano de obra<\/li>\n<\/ul><\/div>\n<\/p><\/div>\n<hr style='border: 0; border-top: 1px solid rgba(150&comma; 150&comma; 150&comma; 0.3); margin: 30px 0;'> <\/div>\n","protected":false},"excerpt":{"rendered":"<p>Controlador de Acceso para 2 Puertas y 2 Lectores Wiegand \/ F\u00e1cil Administraci\u00f3n Totalmente en la Nube \/ Incluye Gabienete y Fuente de Alimentaci\u00f3n<\/p>\n","protected":false},"featured_media":32,"comment_status":"open","ping_status":"closed","template":"","meta":[],"product_brand":[],"product_cat":[783],"product_tag":[785,784,63],"class_list":{"0":"post-20287","1":"product","2":"type-product","3":"status-publish","4":"has-post-thumbnail","6":"product_cat-controladores-de-acceso","7":"product_tag-controladores-de-acceso","8":"product_tag-paneles-de-control-de-acceso","9":"product_tag-syscom","11":"first","12":"outofstock","13":"sale","14":"shipping-taxable","15":"purchasable","16":"product-type-simple"},"_links":{"self":[{"href":"https:\/\/soydeaqui.ddns.net\/pachuca\/index.php\/wp-json\/wp\/v2\/product\/20287","targetHints":{"allow":["GET"]}}],"collection":[{"href":"https:\/\/soydeaqui.ddns.net\/pachuca\/index.php\/wp-json\/wp\/v2\/product"}],"about":[{"href":"https:\/\/soydeaqui.ddns.net\/pachuca\/index.php\/wp-json\/wp\/v2\/types\/product"}],"replies":[{"embeddable":true,"href":"https:\/\/soydeaqui.ddns.net\/pachuca\/index.php\/wp-json\/wp\/v2\/comments?post=20287"}],"wp:featuredmedia":[{"embeddable":true,"href":"https:\/\/soydeaqui.ddns.net\/pachuca\/index.php\/wp-json\/wp\/v2\/media\/32"}],"wp:attachment":[{"href":"https:\/\/soydeaqui.ddns.net\/pachuca\/index.php\/wp-json\/wp\/v2\/media?parent=20287"}],"wp:term":[{"taxonomy":"product_brand","embeddable":true,"href":"https:\/\/soydeaqui.ddns.net\/pachuca\/index.php\/wp-json\/wp\/v2\/product_brand?post=20287"},{"taxonomy":"product_cat","embeddable":true,"href":"https:\/\/soydeaqui.ddns.net\/pachuca\/index.php\/wp-json\/wp\/v2\/product_cat?post=20287"},{"taxonomy":"product_tag","embeddable":true,"href":"https:\/\/soydeaqui.ddns.net\/pachuca\/index.php\/wp-json\/wp\/v2\/product_tag?post=20287"}],"curies":[{"name":"wp","href":"https:\/\/api.w.org\/{rel}","templated":true}]}}