{"id":2026,"date":"2026-03-18T05:52:22","date_gmt":"2026-03-18T05:52:22","guid":{"rendered":"https:\/\/soydeaqui.ddns.net\/pachuca\/index.php\/producto\/aire-acondicionado-split-on-offde-2-toneladas-frio-y-calor\/"},"modified":"2026-03-18T05:52:22","modified_gmt":"2026-03-18T05:52:22","slug":"aire-acondicionado-split-on-offde-2-toneladas-frio-y-calor","status":"publish","type":"product","link":"https:\/\/soydeaqui.ddns.net\/pachuca\/index.php\/producto\/aire-acondicionado-split-on-offde-2-toneladas-frio-y-calor\/","title":{"rendered":"Aire Acondicionado Split On\/Offde 2 Toneladas\/ Frio y Calor"},"content":{"rendered":"<div style='width: 100%; max-width: 1200px; margin: 0 auto; font-family: sans-serif; line-height: 1.6; color: inherit; background-color: transparent;'> <!-- Secci\u00f3n de caracter\u00edsticas principales --> <\/p>\n<div style='display: flex; flex-wrap: wrap; gap: 30px; margin-bottom: 30px;'>\n<div style='flex: 1 1 300px; min-width: 280px;'>\n<h3 style='font-size: 22px; border-bottom: 2px solid currentColor; padding-bottom: 5px; margin-top: 0; color: inherit; opacity: 0.8;'>Caracter\u00edsticas Generales<\/h3>\n<ul style='padding-left: 20px; font-size: 15px; color: inherit;'>\n<li style='margin-bottom: 5px;'><strong>Capacidad:<\/strong> 2 Toneladas (23800 BTU\/h)<\/li>\n<li style='margin-bottom: 5px;'><strong>Modo de Operaci\u00f3n:<\/strong> Fr\u00edo y Calor<\/li>\n<li style='margin-bottom: 5px;'><strong>Clase de Eficiencia:<\/strong> On\/Off<\/li>\n<li style='margin-bottom: 5px;'><strong>Tipo de Unidad:<\/strong> Split<\/li>\n<li style='margin-bottom: 5px;'><strong>Refrigerante:<\/strong> R410A<\/li>\n<\/ul><\/div>\n<div style='flex: 1 1 300px; min-width: 280px;'>\n<h3 style='font-size: 22px; border-bottom: 2px solid currentColor; padding-bottom: 5px; margin-top: 0; color: inherit; opacity: 0.8;'>Especificaciones El\u00e9ctricas<\/h3>\n<ul style='padding-left: 20px; font-size: 15px; color: inherit;'>\n<li style='margin-bottom: 5px;'><strong>Voltaje:<\/strong> 230V~\/1\/60HZ<\/li>\n<li style='margin-bottom: 5px;'><strong>Corriente Nominal (Fr\u00edo\/Calor):<\/strong> 10.3A \/ 9A<\/li>\n<li style='margin-bottom: 5px;'><strong>Potencia M\u00e1xima:<\/strong> 2750W<\/li>\n<li style='margin-bottom: 5px;'><strong>Corriente M\u00e1xima:<\/strong> 15A<\/li>\n<li style='margin-bottom: 5px;'><strong>Capacidad de Enfriamiento:<\/strong> 6984W<\/li>\n<li style='margin-bottom: 5px;'><strong>Capacidad de Calefacci\u00f3n:<\/strong> 6000W<\/li>\n<\/ul><\/div>\n<div style='flex: 1 1 300px; min-width: 280px;'>\n<h3 style='font-size: 22px; border-bottom: 2px solid currentColor; padding-bottom: 5px; margin-top: 0; color: inherit; opacity: 0.8;'>Eficiencia Energ\u00e9tica<\/h3>\n<ul style='padding-left: 20px; font-size: 15px; color: inherit;'>\n<li style='margin-bottom: 5px;'><strong>REEE:<\/strong> 11.3 BTU\/hW<\/li>\n<li style='margin-bottom: 5px;'><strong>COP (Calentamiento):<\/strong> 3.16 W\/W<\/li>\n<li style='margin-bottom: 5px;'><strong>EER:<\/strong> 11.5<\/li>\n<\/ul><\/div>\n<\/p><\/div>\n<p> <!-- Secci\u00f3n de dimensiones y pesos --> <\/p>\n<div style='display: flex; flex-wrap: wrap; gap: 30px; margin-bottom: 30px;'>\n<div style='flex: 1 1 300px; min-width: 280px;'>\n<h3 style='font-size: 22px; border-bottom: 2px solid currentColor; padding-bottom: 5px; margin-top: 0; color: inherit; opacity: 0.8;'>Dimensiones y Pesos<\/h3>\n<ul style='padding-left: 20px; font-size: 15px; color: inherit;'>\n<li style='margin-bottom: 5px;'><strong>Peso Unidad Interior:<\/strong> 14.5 kg<\/li>\n<li style='margin-bottom: 5px;'><strong>Peso Unidad Exterior:<\/strong> 44 kg<\/li>\n<li style='margin-bottom: 5px;'><strong>Dimensiones Unidad Interior:<\/strong> 1082\u00d7330\u00d7233 mm<\/li>\n<li style='margin-bottom: 5px;'><strong>Dimensiones Unidad Exterior:<\/strong> 825\u00d7655\u00d7310 mm<\/li>\n<li style='margin-bottom: 5px;'><strong>Longitud Tuber\u00eda:<\/strong> 2000 mm<\/li>\n<\/ul><\/div>\n<div style='flex: 1 1 300px; min-width: 280px;'>\n<h3 style='font-size: 22px; border-bottom: 2px solid currentColor; padding-bottom: 5px; margin-top: 0; color: inherit; opacity: 0.8;'>Caracter\u00edsticas F\u00edsicas<\/h3>\n<ul style='padding-left: 20px; font-size: 15px; color: inherit;'>\n<li style='margin-bottom: 5px;'><strong>Material:<\/strong> AS<\/li>\n<li style='margin-bottom: 5px;'><strong>Di\u00e1metro del Ventilador:<\/strong> 107.9 mm<\/li>\n<li style='margin-bottom: 5px;'><strong>Nivel de Ruido:<\/strong> 51 dB(A) (Interior)&comma; 58 dB(A) (Exterior)<\/li>\n<li style='margin-bottom: 5px;'><strong>Velocidad del Ventilador:<\/strong> 1130\/1020\/900 rpm (H\/M\/L)<\/li>\n<li style='margin-bottom: 5px;'><strong>Capacidad del Condensador:<\/strong> 3 \u03bcF<\/li>\n<\/ul><\/div>\n<div style='flex: 1 1 300px; min-width: 280px;'>\n<h3 style='font-size: 22px; border-bottom: 2px solid currentColor; padding-bottom: 5px; margin-top: 0; color: inherit; opacity: 0.8;'>Capacidades<\/h3>\n<ul style='padding-left: 20px; font-size: 15px; color: inherit;'>\n<li style='margin-bottom: 5px;'><strong>Desumidificaci\u00f3n:<\/strong> 3 Kg\/h<\/li>\n<li style='margin-bottom: 5px;'><strong>Capacidad de Ventilaci\u00f3n:<\/strong> 1200 m\u00b3\/h<\/li>\n<li style='margin-bottom: 5px;'><strong>Presi\u00f3n M\u00e1xima (Descarga):<\/strong> 4.15 MPa<\/li>\n<li style='margin-bottom: 5px;'><strong>Presi\u00f3n M\u00e1xima (Aspiraci\u00f3n):<\/strong> 1.15 MPa<\/li>\n<\/ul><\/div>\n<\/p><\/div>\n<p> <!-- Secci\u00f3n de configuraci\u00f3n de empaque --> <\/p>\n<div style='display: flex; flex-wrap: wrap; gap: 20px; margin-bottom: 30px;'>\n<div style='flex: 1 1 250px; border: 1px solid rgba(150&comma; 150&comma; 150&comma; 0.4); border-radius: 8px; overflow: hidden; display: flex; flex-direction: column;'>\n<div style='padding: 15px; border-bottom: 1px solid rgba(150&comma; 150&comma; 150&comma; 0.2); font-weight: bold; font-size: 18px; color: inherit;'>Embalaje Unidad Interior<\/div>\n<div style='padding: 15px; color: inherit;'>\n<ul style='padding-left: 20px; margin: 0; font-size: 14px; list-style-type: disc;'>\n<li style='margin-bottom: 5px;'><strong>Tipo:<\/strong> 6 caras<\/li>\n<li style='margin-bottom: 5px;'><strong>Dimensiones:<\/strong> 1155\u00d7397\u00d7312 mm<\/li>\n<\/ul><\/div>\n<\/p><\/div>\n<div style='flex: 1 1 250px; border: 1px solid rgba(150&comma; 150&comma; 150&comma; 0.4); border-radius: 8px; overflow: hidden; display: flex; flex-direction: column;'>\n<div style='padding: 15px; border-bottom: 1px solid rgba(150&comma; 150&comma; 150&comma; 0.2); font-weight: bold; font-size: 18px; color: inherit;'>Embalaje Unidad Exterior<\/div>\n<div style='padding: 15px; color: inherit;'>\n<ul style='padding-left: 20px; margin: 0; font-size: 14px; list-style-type: disc;'>\n<li style='margin-bottom: 5px;'><strong>Tipo:<\/strong> 6 caras<\/li>\n<li style='margin-bottom: 5px;'><strong>Dimensiones:<\/strong> 945\u00d7725\u00d7435 mm<\/li>\n<\/ul><\/div>\n<\/p><\/div>\n<div style='flex: 1 1 250px; border: 1px solid rgba(150&comma; 150&comma; 150&comma; 0.4); border-radius: 8px; overflow: hidden; display: flex; flex-direction: column;'>\n<div style='padding: 15px; border-bottom: 1px solid rgba(150&comma; 150&comma; 150&comma; 0.2); font-weight: bold; font-size: 18px; color: inherit;'>Capacidad de Carga<\/div>\n<div style='padding: 15px; color: inherit;'>\n<ul style='padding-left: 20px; margin: 0; font-size: 14px; list-style-type: disc;'>\n<li style='margin-bottom: 5px;'><strong>Contenedor 20\/40\/40HC:<\/strong> 156 sets<\/li>\n<\/ul><\/div>\n<\/p><\/div>\n<\/p><\/div>\n<p> <!-- Separador --> <\/p>\n<hr style='border: 0; border-top: 1px solid rgba(150&comma; 150&comma; 150&comma; 0.3); margin: 30px 0;'> <\/div>\n","protected":false},"excerpt":{"rendered":"<p>Aire Acondicionado Split On\/Offde 2 Toneladas\/ Frio y Calor<\/p>\n","protected":false},"featured_media":32,"comment_status":"open","ping_status":"closed","template":"","meta":[],"product_brand":[],"product_cat":[43],"product_tag":[30,63,44],"class_list":{"0":"post-2026","1":"product","2":"type-product","3":"status-publish","4":"has-post-thumbnail","6":"product_cat-termostatos","7":"product_tag-automatizacion-casa-inteligente","8":"product_tag-syscom","9":"product_tag-termostatos","11":"first","12":"outofstock","13":"sale","14":"shipping-taxable","15":"purchasable","16":"product-type-simple"},"_links":{"self":[{"href":"https:\/\/soydeaqui.ddns.net\/pachuca\/index.php\/wp-json\/wp\/v2\/product\/2026","targetHints":{"allow":["GET"]}}],"collection":[{"href":"https:\/\/soydeaqui.ddns.net\/pachuca\/index.php\/wp-json\/wp\/v2\/product"}],"about":[{"href":"https:\/\/soydeaqui.ddns.net\/pachuca\/index.php\/wp-json\/wp\/v2\/types\/product"}],"replies":[{"embeddable":true,"href":"https:\/\/soydeaqui.ddns.net\/pachuca\/index.php\/wp-json\/wp\/v2\/comments?post=2026"}],"wp:featuredmedia":[{"embeddable":true,"href":"https:\/\/soydeaqui.ddns.net\/pachuca\/index.php\/wp-json\/wp\/v2\/media\/32"}],"wp:attachment":[{"href":"https:\/\/soydeaqui.ddns.net\/pachuca\/index.php\/wp-json\/wp\/v2\/media?parent=2026"}],"wp:term":[{"taxonomy":"product_brand","embeddable":true,"href":"https:\/\/soydeaqui.ddns.net\/pachuca\/index.php\/wp-json\/wp\/v2\/product_brand?post=2026"},{"taxonomy":"product_cat","embeddable":true,"href":"https:\/\/soydeaqui.ddns.net\/pachuca\/index.php\/wp-json\/wp\/v2\/product_cat?post=2026"},{"taxonomy":"product_tag","embeddable":true,"href":"https:\/\/soydeaqui.ddns.net\/pachuca\/index.php\/wp-json\/wp\/v2\/product_tag?post=2026"}],"curies":[{"name":"wp","href":"https:\/\/api.w.org\/{rel}","templated":true}]}}