{"id":20255,"date":"2026-03-18T10:17:46","date_gmt":"2026-03-18T10:17:46","guid":{"rendered":"https:\/\/soydeaqui.ddns.net\/pachuca\/index.php\/producto\/boton-multiproposito-apagado-de-emergencia-llave-para-reset-bocina-integrada-espanol-tapa-de-policarbonato-2-relevadores-no-nc-interior\/"},"modified":"2026-03-18T10:17:47","modified_gmt":"2026-03-18T10:17:47","slug":"boton-multiproposito-apagado-de-emergencia-llave-para-reset-bocina-integrada-espanol-tapa-de-policarbonato-2-relevadores-no-nc-interior","status":"publish","type":"product","link":"https:\/\/soydeaqui.ddns.net\/pachuca\/index.php\/producto\/boton-multiproposito-apagado-de-emergencia-llave-para-reset-bocina-integrada-espanol-tapa-de-policarbonato-2-relevadores-no-nc-interior\/","title":{"rendered":"Bot\u00f3n Multiprop\u00f3sito, Apagado De Emergencia, Llave Para Reset, Bocina Integrada, Espa\u00f1ol, Tapa De Policarbonato, 2 Relevadores NO\/NC, Interior"},"content":{"rendered":"<div style='width: 100%; max-width: 1200px; margin: 0 auto; font-family: sans-serif; line-height: 1.6; color: inherit; background-color: transparent;'>\n<div style='display: flex; flex-direction: column; gap: 30px;'>\n<div>\n<h1 style='text-align: center; font-size: 24px; margin-top: 0; margin-bottom: 10px; color: inherit; opacity: 0.9;'>Botones Multiproposito con Relevadores<\/h1>\n<h2 style='text-align: center; font-size: 20px; margin-top: 0; margin-bottom: 20px; color: inherit; opacity: 0.8;'>Serie Stopper\u00ae Station<\/h2>\n<p style='font-size: 15px; margin-bottom: 20px; color: inherit;'>Estos interruptores de bot\u00f3n pulsador multiusos son <strong>ADA compatibles<\/strong> y cubren una amplia gama de aplicaciones tanto en interiores como en exteriores. Se llaman <strong>Stopper Stations o estaciones de parada<\/strong>. Incorporan un exclusivo dise\u00f1o patentado que ayuda dram\u00e1ticamente a evitar la activaci\u00f3n accidental. Un n\u00famero de modelos est\u00e1ndar est\u00e1n disponibles o podemos crear unidades personalizadas para satisfacer sus necesidades. Usted tiene la elecci\u00f3n de cualquiera de los cinco colores universales del exterior&comma; varios estilos de bot\u00f3n&comma; as\u00ed como textos e idiomas est\u00e1ndar o personalizados.<\/p>\n<p style='font-size: 15px; margin-bottom: 20px; color: inherit;'>Debido a su dise\u00f1o patentado superior&comma; combinado con la calidad de construcci\u00f3n integral&comma; usted puede esperar un rendimiento excepcional para los a\u00f1os venideros. De hecho&comma; muchos clientes de STI se sorprenden al encontrar que toda esta calidad est\u00e1 disponible sin aumento de precio. Adem\u00e1s&comma; los clientes aprecian la opci\u00f3n para proteger los interruptores con las tapas protectoras de STI que llevan tres a\u00f1os de garant\u00eda contra la rotura en condiciones normales de uso&comma; un a\u00f1o en componentes electromec\u00e1nicos y electr\u00f3nicos. Para aplicaciones de interior&comma; usted podr\u00e1 pedir su Stopper Station con una tapa de pre-alarma para ayudar a evitar la activaci\u00f3n accidental o maliciosa.<\/p>\n<\/p><\/div>\n<div style='display: flex; flex-wrap: wrap; gap: 30px;'>\n<div style='flex: 1 1 300px; min-width: 280px;'>\n<h3 style='font-size: 22px; border-bottom: 2px solid currentColor; padding-bottom: 5px; margin-top: 0; color: inherit; opacity: 0.8;'>Caracter\u00edsticas Generales Serie Stopper Station<\/h3>\n<ul style='padding-left: 20px; font-size: 14px; color: inherit;'>\n<li style='margin-bottom: 5px;'><span style='color: inherit;'>Ayudan a prevenir activaciones accidentales gracias a su dise\u00f1o curvo y tapa protectora de policarbonato.<\/span><\/li>\n<li style='margin-bottom: 5px;'><span style='color: inherit;'><strong>Listados UL\/cUL&comma; Cumplimiento ADA&comma; CE<\/strong>.<\/span><\/li>\n<li style='margin-bottom: 5px;'><span style='color: inherit;'>Botones multiproposito con relevadores <strong>NO\/NC tipo C<\/strong> para activaciones.<\/span><\/li>\n<li style='margin-bottom: 5px;'><span style='color: inherit;'>Disponibles en seis diferentes colores&comma; textos personalizables y cualquier idioma.<\/span><\/li>\n<li style='margin-bottom: 5px;'><span style='color: inherit;'>Iluminacion con LED opcional para indicar la activaci\u00f3n.<\/span><\/li>\n<li style='margin-bottom: 5px;'><span style='color: inherit;'>Diferentes modos de restablecimiento como: Momentaneo&comma; Girar para Restablecer&comma; Llave para Restablecer.<\/span><\/li>\n<li style='margin-bottom: 5px;'><span style='color: inherit;'>Con o sin cubierta de policarbonato.<\/span><\/li>\n<li style='margin-bottom: 5px;'><span style='color: inherit;'>Tres a\u00f1os de garantia contra roptura del policarbonato en uso normal. Un a\u00f1o en los componentes electronicos y electromecanicos.<\/span><\/li>\n<li style='margin-bottom: 5px;'><span style='color: inherit;'>Carcasa de policarbonato super resistente.<\/span><\/li>\n<li style='margin-bottom: 5px;'><span style='color: inherit;'>Placa posterior de acero inoxidable.<\/span><\/li>\n<li style='margin-bottom: 5px;'><span style='color: inherit;'>Propiedades de trabajo tipicas del policarbonato son de -40 a 121\u00baC.<\/span><\/li>\n<li style='margin-bottom: 5px;'><span style='color: inherit;'>El policarbonato cumple con las normas de la <strong>FDA<\/strong> para aplicaciones en contacto con alimentos.<\/span><\/li>\n<\/ul><\/div>\n<div style='flex: 1 1 300px; min-width: 280px;'>\n<h3 style='font-size: 22px; border-bottom: 2px solid currentColor; padding-bottom: 5px; margin-top: 0; color: inherit; opacity: 0.8;'>Caracter\u00edsticas del Bot\u00f3n<\/h3>\n<ul style='padding-left: 20px; font-size: 14px; color: inherit;'>\n<li style='margin-bottom: 5px;'><span style='color: inherit;'>Serie SS2xy2<\/span><\/li>\n<li style='margin-bottom: 5px;'><span style='color: inherit;'>Color: Rojo<\/span><\/li>\n<li style='margin-bottom: 5px;'><span style='color: inherit;'>Frase de texto: APAGADO DE EMERGENCIA<\/span><\/li>\n<li style='margin-bottom: 5px;'><span style='color: inherit;'>Cubierta protectora de policarbonato para interior.<\/span><\/li>\n<li style='margin-bottom: 5px;'><span style='color: inherit;'>Bocina de advertencia integrada: SI<\/span><\/li>\n<li style='margin-bottom: 5px;'><span style='color: inherit;'>Funcionamiento de bot\u00f3n: Llave para restablecer<\/span><\/li>\n<li style='margin-bottom: 5px;'><span style='color: inherit;'>Idioma: Espa\u00f1ol<\/span><\/li>\n<\/ul><\/div>\n<\/p><\/div>\n<\/p><\/div>\n<\/p><\/div>\n","protected":false},"excerpt":{"rendered":"<p>Bot\u00f3n Multiprop\u00f3sito, Apagado De Emergencia, Llave Para Reset, Bocina Integrada, Espa\u00f1ol, Tapa De Policarbonato, 2 Relevadores NO\/NC, Interior<\/p>\n","protected":false},"featured_media":20254,"comment_status":"open","ping_status":"closed","template":"","meta":[],"product_brand":[],"product_cat":[190],"product_tag":[93,191,169],"class_list":{"0":"post-20255","1":"product","2":"type-product","3":"status-publish","4":"has-post-thumbnail","6":"product_cat-botones-de-salida","7":"product_tag-accesorios","8":"product_tag-botones-de-salida","9":"product_tag-sti","11":"first","12":"outofstock","13":"sale","14":"shipping-taxable","15":"purchasable","16":"product-type-simple"},"_links":{"self":[{"href":"https:\/\/soydeaqui.ddns.net\/pachuca\/index.php\/wp-json\/wp\/v2\/product\/20255","targetHints":{"allow":["GET"]}}],"collection":[{"href":"https:\/\/soydeaqui.ddns.net\/pachuca\/index.php\/wp-json\/wp\/v2\/product"}],"about":[{"href":"https:\/\/soydeaqui.ddns.net\/pachuca\/index.php\/wp-json\/wp\/v2\/types\/product"}],"replies":[{"embeddable":true,"href":"https:\/\/soydeaqui.ddns.net\/pachuca\/index.php\/wp-json\/wp\/v2\/comments?post=20255"}],"wp:featuredmedia":[{"embeddable":true,"href":"https:\/\/soydeaqui.ddns.net\/pachuca\/index.php\/wp-json\/wp\/v2\/media\/20254"}],"wp:attachment":[{"href":"https:\/\/soydeaqui.ddns.net\/pachuca\/index.php\/wp-json\/wp\/v2\/media?parent=20255"}],"wp:term":[{"taxonomy":"product_brand","embeddable":true,"href":"https:\/\/soydeaqui.ddns.net\/pachuca\/index.php\/wp-json\/wp\/v2\/product_brand?post=20255"},{"taxonomy":"product_cat","embeddable":true,"href":"https:\/\/soydeaqui.ddns.net\/pachuca\/index.php\/wp-json\/wp\/v2\/product_cat?post=20255"},{"taxonomy":"product_tag","embeddable":true,"href":"https:\/\/soydeaqui.ddns.net\/pachuca\/index.php\/wp-json\/wp\/v2\/product_tag?post=20255"}],"curies":[{"name":"wp","href":"https:\/\/api.w.org\/{rel}","templated":true}]}}