{"id":20230,"date":"2026-03-18T10:17:19","date_gmt":"2026-03-18T10:17:19","guid":{"rendered":"https:\/\/soydeaqui.ddns.net\/pachuca\/index.php\/producto\/cierrapuertas-de-uso-rudo-con-funcion-hold-open\/"},"modified":"2026-03-18T10:17:19","modified_gmt":"2026-03-18T10:17:19","slug":"cierrapuertas-de-uso-rudo-con-funcion-hold-open","status":"publish","type":"product","link":"https:\/\/soydeaqui.ddns.net\/pachuca\/index.php\/producto\/cierrapuertas-de-uso-rudo-con-funcion-hold-open\/","title":{"rendered":"Cierrapuertas de Uso Rudo, con funcion Hold Open,"},"content":{"rendered":"<div style='width: 100%; max-width: 1200px; margin: 0 auto; font-family: sans-serif; line-height: 1.6; color: inherit; background-color: transparent;'>\n<div style='display: flex; flex-wrap: wrap; gap: 30px; margin-bottom: 30px;'>\n<div style='flex: 1 1 300px; min-width: 280px;'>\n<h3 style='font-size: 22px; border-bottom: 2px solid currentColor; padding-bottom: 5px; margin-top: 0; color: inherit; opacity: 0.8;'>Caracter\u00edsticas principales<\/h3>\n<ul style='padding-left: 20px; font-size: 15px; color: inherit;'>\n<li style='margin-bottom: 5px;'>2 millones de ciclos de uso<\/li>\n<li style='margin-bottom: 5px;'>Aprueba de Corrosion (por 2 a\u00f1os)<\/li>\n<li style='margin-bottom: 5px;'>Aplicable a puertas corta fuego.<\/li>\n<li style='margin-bottom: 5px;'><strong>Material de fabricaci\u00f3n:<\/strong> Aleaci\u00f3n de zinc y aluminio en cuerpo central del cierrapuertas.<\/li>\n<li style='margin-bottom: 5px;'><strong>Mecanismo:<\/strong> Mecanismo hidr\u00e1ulico de suave operaci\u00f3n y excelente funcionamiento.<\/li>\n<li style='margin-bottom: 5px;'>Con cubierta de protecci\u00f3n.<\/li>\n<\/ul><\/div>\n<div style='flex: 1 1 300px; min-width: 280px;'>\n<h3 style='font-size: 22px; border-bottom: 2px solid currentColor; padding-bottom: 5px; margin-top: 0; color: inherit; opacity: 0.8;'>Caracter\u00edsticas adicionales<\/h3>\n<ul style='padding-left: 20px; font-size: 15px; color: inherit;'>\n<li style='margin-bottom: 5px;'>Reversibles.<\/li>\n<li style='margin-bottom: 5px;'>BA auto-ajustable presi\u00f3n 1-6 (15-150kg) o 1-4 (15-85kg) dispositivo de retenci\u00f3n&comma; acci\u00f3n retardada y brazo de retenci\u00f3n son opcionales.<\/li>\n<li style='margin-bottom: 5px;'>Aplicaciones: Instalaci\u00f3n normal&comma; instalaci\u00f3n invertida y instalaci\u00f3n normal reversa.<\/li>\n<li style='margin-bottom: 5px;'>Resistencia al fuego<\/li>\n<li style='margin-bottom: 5px;'><strong>Componentes:<\/strong> Brazos mec\u00e1nicos retr\u00e1ctiles de excelente desempe\u00f1o con posibilidad de ajustarse a los grados de apertura deseable (90\u00b0 a 180\u00b0).<\/li>\n<\/ul><\/div>\n<\/p><\/div>\n<div style='display: flex; flex-wrap: wrap; gap: 20px; margin-bottom: 30px;'>\n<div style='flex: 1 1 250px; border: 1px solid rgba(150&comma; 150&comma; 150&comma; 0.4); border-radius: 8px; overflow: hidden; display: flex; flex-direction: column;'>\n<div style='padding: 15px; border-bottom: 1px solid rgba(150&comma; 150&comma; 150&comma; 0.2); font-weight: bold; font-size: 18px; color: inherit;'>Certificaciones<\/div>\n<div style='padding: 15px; color: inherit;'>\n<ul style='padding-left: 20px; margin: 0; font-size: 14px; list-style-type: disc; color: inherit;'>\n<li style='margin-bottom: 5px;'>ANSI\/BHMA A156.4&comma; Grade1 certified<\/li>\n<li style='margin-bottom: 5px;'>UL 10 C (3 horas)<\/li>\n<li style='margin-bottom: 5px;'>UL 228<\/li>\n<\/ul><\/div>\n<\/p><\/div>\n<\/p><\/div>\n<hr style='border: 0; border-top: 1px solid rgba(150&comma; 150&comma; 150&comma; 0.3); margin: 30px 0;'>\n<div style='margin-bottom: 30px;'>\n<h3 style='font-size: 22px; border-bottom: 2px solid currentColor; padding-bottom: 5px; margin-top: 0; color: inherit; opacity: 0.8;'>V\u00eddeo de referencia<\/h3>\n<div style='position: relative; padding-bottom: 56.25%; height: 0; overflow: hidden; margin-bottom: 30px;'>   <\/div>\n<p style='text-align: center; margin: 0; font-size: 15px; color: inherit;'><a href='https:\/\/www.youtube.com\/watch?v=4lj1OhQP3Xc' target='_blank' rel='noopener' style='color: inherit; text-decoration: none; border-bottom: 1px solid currentColor; padding-bottom: 2px; font-weight: bold;'>Como Instalar un Cierrapuertas<\/a><\/p>\n<\/p><\/div>\n<\/p><\/div>\n","protected":false},"excerpt":{"rendered":"<p>Cierrapuertas de Uso Rudo, con funcion Hold Open,<\/p>\n","protected":false},"featured_media":20229,"comment_status":"open","ping_status":"closed","template":"","meta":[],"product_brand":[],"product_cat":[815],"product_tag":[93,218,816],"class_list":{"0":"post-20230","1":"product","2":"type-product","3":"status-publish","4":"has-post-thumbnail","6":"product_cat-cierrapuertas","7":"product_tag-accesorios","8":"product_tag-assa-abloy","9":"product_tag-cierrapuertas","11":"first","12":"outofstock","13":"sale","14":"shipping-taxable","15":"purchasable","16":"product-type-simple"},"_links":{"self":[{"href":"https:\/\/soydeaqui.ddns.net\/pachuca\/index.php\/wp-json\/wp\/v2\/product\/20230","targetHints":{"allow":["GET"]}}],"collection":[{"href":"https:\/\/soydeaqui.ddns.net\/pachuca\/index.php\/wp-json\/wp\/v2\/product"}],"about":[{"href":"https:\/\/soydeaqui.ddns.net\/pachuca\/index.php\/wp-json\/wp\/v2\/types\/product"}],"replies":[{"embeddable":true,"href":"https:\/\/soydeaqui.ddns.net\/pachuca\/index.php\/wp-json\/wp\/v2\/comments?post=20230"}],"wp:featuredmedia":[{"embeddable":true,"href":"https:\/\/soydeaqui.ddns.net\/pachuca\/index.php\/wp-json\/wp\/v2\/media\/20229"}],"wp:attachment":[{"href":"https:\/\/soydeaqui.ddns.net\/pachuca\/index.php\/wp-json\/wp\/v2\/media?parent=20230"}],"wp:term":[{"taxonomy":"product_brand","embeddable":true,"href":"https:\/\/soydeaqui.ddns.net\/pachuca\/index.php\/wp-json\/wp\/v2\/product_brand?post=20230"},{"taxonomy":"product_cat","embeddable":true,"href":"https:\/\/soydeaqui.ddns.net\/pachuca\/index.php\/wp-json\/wp\/v2\/product_cat?post=20230"},{"taxonomy":"product_tag","embeddable":true,"href":"https:\/\/soydeaqui.ddns.net\/pachuca\/index.php\/wp-json\/wp\/v2\/product_tag?post=20230"}],"curies":[{"name":"wp","href":"https:\/\/api.w.org\/{rel}","templated":true}]}}