{"id":20205,"date":"2026-03-18T10:16:53","date_gmt":"2026-03-18T10:16:53","guid":{"rendered":"https:\/\/soydeaqui.ddns.net\/pachuca\/index.php\/producto\/puerta-de-alta-seguridad-de-cuerpo-completo-acabado-en-acero-galvanizado\/"},"modified":"2026-03-18T10:16:54","modified_gmt":"2026-03-18T10:16:54","slug":"puerta-de-alta-seguridad-de-cuerpo-completo-acabado-en-acero-galvanizado","status":"publish","type":"product","link":"https:\/\/soydeaqui.ddns.net\/pachuca\/index.php\/producto\/puerta-de-alta-seguridad-de-cuerpo-completo-acabado-en-acero-galvanizado\/","title":{"rendered":"Puerta de Alta Seguridad de Cuerpo Completo  ACABADO EN ACERO GALVANIZADO"},"content":{"rendered":"<div style='width: 100%; max-width: 1200px; margin: 0 auto; font-family: sans-serif; line-height: 1.6; color: inherit; background-color: transparent;'> <!-- Secci\u00f3n de introducci\u00f3n --> <\/p>\n<div style='margin-bottom: 30px;'>\n<p style='margin: 0 0 10px 0; font-size: 16px; color: inherit;'>SERIE MSG<\/p>\n<p style='margin: 0 0 10px 0; font-size: 16px; color: inherit;'>Puerta Peatonal<\/p>\n<p style='margin: 0; color: inherit;'>Nuestra puerta de paso completo MSG&comma; se ve y funciona mucho mejor que cualquier otra puerta fabricada de forma local. Contamos con varios modelos a elegir&comma; y ellas pueden cumplir con cualquier aplicaci\u00f3n y requerimiento.<\/p>\n<\/p><\/div>\n<p> <!-- Secci\u00f3n de aplicaciones --> <\/p>\n<div style='display: flex; flex-wrap: wrap; gap: 30px; margin-bottom: 30px;'>\n<div style='flex: 1 1 300px; min-width: 280px;'>\n<h3 style='font-size: 22px; border-bottom: 2px solid currentColor; padding-bottom: 5px; margin-top: 0; color: inherit; opacity: 0.8;'>Aplicaciones<\/h3>\n<ul style='padding-left: 20px; font-size: 15px; color: inherit;'>\n<li style='margin-bottom: 5px;'>Control de acceso a empleados y visitantes<\/li>\n<li style='margin-bottom: 5px;'>Prevenci\u00f3n de p\u00e9rdidas<\/li>\n<li style='margin-bottom: 5px;'>Acceso liberado<\/li>\n<\/ul><\/div>\n<p> <!-- Secci\u00f3n de sitios t\u00edpicos --> <\/p>\n<div style='flex: 1 1 300px; min-width: 280px;'>\n<h3 style='font-size: 22px; border-bottom: 2px solid currentColor; padding-bottom: 5px; margin-top: 0; color: inherit; opacity: 0.8;'>Sitios T\u00edpicos para Utilizarlas<\/h3>\n<ul style='padding-left: 20px; font-size: 15px; color: inherit;'>\n<li style='margin-bottom: 5px;'>Entrada en fraccionamientos&comma; cerradas o villas<\/li>\n<li style='margin-bottom: 5px;'>Almacenes y centros de distribuci\u00f3n<\/li>\n<li style='margin-bottom: 5px;'>Refiner\u00edas y edificios de qu\u00edmicos<\/li>\n<li style='margin-bottom: 5px;'>Accesos a maquiladoras<\/li>\n<\/ul><\/div>\n<\/p><\/div>\n<p> <!-- Secci\u00f3n de acabados --> <\/p>\n<div style='margin-bottom: 30px;'>\n<h3 style='font-size: 22px; border-bottom: 2px solid currentColor; padding-bottom: 5px; margin-top: 0; color: inherit; opacity: 0.8;'>Acabados Disponibles<\/h3>\n<div style='display: flex; flex-wrap: wrap; gap: 20px;'>\n<div style='flex: 1 1 300px; min-width: 250px; border: 1px solid rgba(150&comma; 150&comma; 150&comma; 0.4); border-radius: 8px; padding: 15px;'> <strong style='color: inherit;'>Acero Galvanizado (GALVANIZED)<\/strong> <\/p>\n<p style='margin: 10px 0 0 0; color: inherit;'>Todo el exterior es fabricado en acero galvanizado ASTM Standards A123\/A153.<\/p>\n<\/p><\/div>\n<div style='flex: 1 1 300px; min-width: 250px; border: 1px solid rgba(150&comma; 150&comma; 150&comma; 0.4); border-radius: 8px; padding: 15px;'> <strong style='color: inherit;'>Acero Inoxidable (STAINLESS STEEL)<\/strong> <\/p>\n<p style='margin: 10px 0 0 0; color: inherit;'>Puerta y Marco acabado en acero inoxidable #304 con terminado en satin #4.<\/p>\n<\/p><\/div>\n<\/p><\/div>\n<\/p><\/div>\n<p> <!-- Secci\u00f3n de opciones adicionales --> <\/p>\n<div style='margin-bottom: 30px;'>\n<h3 style='font-size: 22px; border-bottom: 2px solid currentColor; padding-bottom: 5px; margin-top: 0; color: inherit; opacity: 0.8;'>Opciones Adicionales<\/h3>\n<ul style='padding-left: 20px; font-size: 15px; color: inherit;'>\n<li style='margin-bottom: 5px;'>Malla tipo diamante o rombo (en modelo Galvanizado)<\/li>\n<li style='margin-bottom: 5px;'>Cerradura el\u00e9ctrica (abierta o cerrada en caso de falla)<\/li>\n<\/ul><\/div>\n<p> <!-- Nota importante --> <\/p>\n<div style='margin-bottom: 30px; border-left: 4px solid rgba(150&comma; 150&comma; 150&comma; 0.4); padding-left: 15px;'>\n<p style='margin: 0; color: inherit;'><strong>Nota:<\/strong> Solicitar cotizaci\u00f3n seg\u00fan el acabado y opciones requeridas.<\/p>\n<\/p><\/div>\n<p> <!-- Aviso legal --> <\/p>\n<div style='margin-bottom: 30px;'>\n<pre style='margin: 0; font-size: 14px; color: inherit; background-color: transparent; border-left: 4px solid rgba(150&comma; 150&comma; 150&comma; 0.3); padding-left: 15px;'><strong>Especificaciones y Fotograf\u00edas de los Productos:<\/strong> Las especificaciones&comma; caracter\u00edsticas&comma; funciones&comma; cualidades&comma; colores&comma; as\u00ed como las fotograf\u00edas&comma; son ciertas al momento de la publicaci\u00f3n&comma; pero pueden variar&comma; por lo que no podemos hacernos responsables en cambios o errores de nuestros proveedores&comma; debido a la cambiante tecnolog\u00eda y a otros factores.<\/pre>\n<\/p><\/div>\n<\/p><\/div>\n","protected":false},"excerpt":{"rendered":"<p>Puerta de Alta Seguridad de Cuerpo Completo  ACABADO EN ACERO GALVANIZADO<\/p>\n","protected":false},"featured_media":32,"comment_status":"open","ping_status":"closed","template":"","meta":[],"product_brand":[],"product_cat":[766],"product_tag":[769,767,759],"class_list":{"0":"post-20205","1":"product","2":"type-product","3":"status-publish","4":"has-post-thumbnail","6":"product_cat-torniquetes-de-cuerpo-completo","7":"product_tag-alvarado","8":"product_tag-torniquetes-de-cuerpo-completo","9":"product_tag-torniquetes-y-puertas-de-cortesia","11":"first","12":"outofstock","13":"sale","14":"shipping-taxable","15":"purchasable","16":"product-type-simple"},"_links":{"self":[{"href":"https:\/\/soydeaqui.ddns.net\/pachuca\/index.php\/wp-json\/wp\/v2\/product\/20205","targetHints":{"allow":["GET"]}}],"collection":[{"href":"https:\/\/soydeaqui.ddns.net\/pachuca\/index.php\/wp-json\/wp\/v2\/product"}],"about":[{"href":"https:\/\/soydeaqui.ddns.net\/pachuca\/index.php\/wp-json\/wp\/v2\/types\/product"}],"replies":[{"embeddable":true,"href":"https:\/\/soydeaqui.ddns.net\/pachuca\/index.php\/wp-json\/wp\/v2\/comments?post=20205"}],"wp:featuredmedia":[{"embeddable":true,"href":"https:\/\/soydeaqui.ddns.net\/pachuca\/index.php\/wp-json\/wp\/v2\/media\/32"}],"wp:attachment":[{"href":"https:\/\/soydeaqui.ddns.net\/pachuca\/index.php\/wp-json\/wp\/v2\/media?parent=20205"}],"wp:term":[{"taxonomy":"product_brand","embeddable":true,"href":"https:\/\/soydeaqui.ddns.net\/pachuca\/index.php\/wp-json\/wp\/v2\/product_brand?post=20205"},{"taxonomy":"product_cat","embeddable":true,"href":"https:\/\/soydeaqui.ddns.net\/pachuca\/index.php\/wp-json\/wp\/v2\/product_cat?post=20205"},{"taxonomy":"product_tag","embeddable":true,"href":"https:\/\/soydeaqui.ddns.net\/pachuca\/index.php\/wp-json\/wp\/v2\/product_tag?post=20205"}],"curies":[{"name":"wp","href":"https:\/\/api.w.org\/{rel}","templated":true}]}}