{"id":20204,"date":"2026-03-18T10:16:52","date_gmt":"2026-03-18T10:16:52","guid":{"rendered":"https:\/\/soydeaqui.ddns.net\/pachuca\/index.php\/producto\/lector-mullion-arc1s-bt-wiegand-cable-de-3-m-llave-vacia-3\/"},"modified":"2026-03-18T10:16:53","modified_gmt":"2026-03-18T10:16:53","slug":"lector-mullion-arc1s-bt-wiegand-cable-de-3-m-llave-vacia-3","status":"publish","type":"product","link":"https:\/\/soydeaqui.ddns.net\/pachuca\/index.php\/producto\/lector-mullion-arc1s-bt-wiegand-cable-de-3-m-llave-vacia-3\/","title":{"rendered":"LECTOR MULLION ARC1S\/BT: WIEGAND: CABLE DE 3 M: LLAVE VAC\u00cdA"},"content":{"rendered":"<div style='width: 100%; max-width: 1200px; margin: 0 auto; font-family: sans-serif; line-height: 1.6; color: inherit; background-color: transparent;'>\n<div style='display: flex; flex-wrap: wrap; gap: 30px; margin-bottom: 30px;'>\n<div style='flex: 1 1 300px; min-width: 280px;'>\n<h3 style='font-size: 22px; border-bottom: 2px solid currentColor; padding-bottom: 5px; margin-top: 0; color: inherit; opacity: 0.8;'>Caracter\u00edsticas Principales<\/h3>\n<ul style='padding-left: 20px; font-size: 15px; color: inherit;'>\n<li style='margin-bottom: 5px;'>Lector de acceso modular con tecnolog\u00eda RFID&comma; NFC y Bluetooth\u00ae<\/li>\n<li style='margin-bottom: 5px;'>Dise\u00f1o elegante para integraci\u00f3n en cualquier entorno<\/li>\n<li style='margin-bottom: 5px;'>Compatibilidad con m\u00faltiples tecnolog\u00edas de identificaci\u00f3n<\/li>\n<li style='margin-bottom: 5px;'>M\u00f3dulos intercambiables para f\u00e1cil actualizaci\u00f3n<\/li>\n<li style='margin-bottom: 5px;'>Compatible con protocolos OSDP y SSCP para comunicaci\u00f3n segura<\/li>\n<\/ul>\n<\/div>\n<div style='flex: 1 1 300px; min-width: 280px;'>\n<h3 style='font-size: 22px; border-bottom: 2px solid currentColor; padding-bottom: 5px; margin-top: 0; color: inherit; opacity: 0.8;'>Especificaciones T\u00e9cnicas<\/h3>\n<ul style='padding-left: 20px; font-size: 15px; color: inherit;'>\n<li style='margin-bottom: 5px;'><strong>Frecuencia:<\/strong> 13.56 MHz<\/li>\n<li style='margin-bottom: 5px;'><strong>Est\u00e1ndares:<\/strong> ISO14443A&comma; ISO15693<\/li>\n<li style='margin-bottom: 5px;'><strong>Protocolos:<\/strong> Wiegand&comma; RS-232&comma; RS-485<\/li>\n<li style='margin-bottom: 5px;'><strong>Distancia de lectura:<\/strong> Hasta 8 cm con tarjetas DESFire\u00ae EV2<\/li>\n<li style='margin-bottom: 5px;'><strong>Alimentaci\u00f3n:<\/strong> 7-28 Vdc<\/li>\n<li style='margin-bottom: 5px;'><strong>Consumo:<\/strong> M\u00e1x. 130 mA\/12 Vdc<\/li>\n<li style='margin-bottom: 5px;'><strong>Protecci\u00f3n:<\/strong> IP65&comma; IK10<\/li>\n<\/ul>\n<\/div>\n<div style='flex: 1 1 300px; min-width: 280px;'>\n<h3 style='font-size: 22px; border-bottom: 2px solid currentColor; padding-bottom: 5px; margin-top: 0; color: inherit; opacity: 0.8;'>Compatibilidad<\/h3>\n<ul style='padding-left: 20px; font-size: 15px; color: inherit;'>\n<li style='margin-bottom: 5px;'>MIFARE\u00ae: Classic\u2122 EV1&comma; Ultralight\u2122&comma; Plus\u2122 &#038; Plus\u2122 EV1&comma; DESFire\u00ae 256&comma; EV1&comma; EV2 &#038; EV3<\/li>\n<li style='margin-bottom: 5px;'>iClass\u2122 (CSN)&comma; Orange Pack ID<\/li>\n<li style='margin-bottom: 5px;'>Crosspoint\u00ae&comma; AWID&comma; IoProx&comma; Indala\u00ae27 bits<\/li>\n<li style='margin-bottom: 5px;'>Honeywell Quadrakey\u2122<\/li>\n<\/ul>\n<\/div>\n<\/div>\n<div style='display: flex; flex-wrap: wrap; gap: 20px; margin-bottom: 30px;'>\n<div style='flex: 1 1 250px; border: 1px solid rgba(150&comma; 150&comma; 150&comma; 0.4); border-radius: 8px; overflow: hidden; display: flex; flex-direction: column;'>\n<div style='padding: 15px; border-bottom: 1px solid rgba(150&comma; 150&comma; 150&comma; 0.2); font-weight: bold; font-size: 18px; color: inherit;'>Comunicaci\u00f3n<\/div>\n<div style='padding: 15px; color: inherit;'>\n<ul style='padding-left: 20px; margin: 0; font-size: 14px; list-style-type: disc;'>\n<li style='margin-bottom: 5px;'>TTL clock and data (ISO2)<\/li>\n<li style='margin-bottom: 5px;'>Wiegand (opci\u00f3n encriptada &#8211; Sx1)<\/li>\n<li style='margin-bottom: 5px;'>RS-485 (opci\u00f3n encriptada &#8211; Sx3)<\/li>\n<li style='margin-bottom: 5px;'>SSCP V1 &#038; V2<\/li>\n<li style='margin-bottom: 5px;'>OSDP V1 (comunicaci\u00f3n no encriptada)<\/li>\n<li style='margin-bottom: 5px;'>OSDP V2 (comunicaci\u00f3n segura SCP)<\/li>\n<\/ul>\n<\/div>\n<\/div>\n<div style='flex: 1 1 250px; border: 1px solid rgba(150&comma; 150&comma; 150&comma; 0.4); border-radius: 8px; overflow: hidden; display: flex; flex-direction: column;'>\n<div style='padding: 15px; border-bottom: 1px solid rgba(150&comma; 150&comma; 150&comma; 0.2); font-weight: bold; font-size: 18px; color: inherit;'>Indicadores<\/div>\n<div style='padding: 15px; color: inherit;'>\n<ul style='padding-left: 20px; margin: 0; font-size: 14px; list-style-type: disc;'>\n<li style='margin-bottom: 5px;'>2 LEDs RGB \u2013 360 colores<\/li>\n<li style='margin-bottom: 5px;'>Configuraci\u00f3n por tarjeta o software<\/li>\n<li style='margin-bottom: 5px;'>Zumbador interno con intensidad ajustable<\/li>\n<\/ul>\n<\/div>\n<\/div>\n<div style='flex: 1 1 250px; border: 1px solid rgba(150&comma; 150&comma; 150&comma; 0.4); border-radius: 8px; overflow: hidden; display: flex; flex-direction: column;'>\n<div style='padding: 15px; border-bottom: 1px solid rgba(150&comma; 150&comma; 150&comma; 0.2); font-weight: bold; font-size: 18px; color: inherit;'>Mec\u00e1nica<\/div>\n<div style='padding: 15px; color: inherit;'>\n<ul style='padding-left: 20px; margin: 0; font-size: 14px; list-style-type: disc;'>\n<li style='margin-bottom: 5px;'>Material: ABS-PC UL-V0 (negro)\/ASA-PC-UL-V0 UV (blanco)<\/li>\n<li style='margin-bottom: 5px;'>Dimensiones: 107 mm x 80 mm x 26 mm<\/li>\n<li style='margin-bottom: 5px;'>Montaje: Pared\/sobremesa (europeo y americano)<\/li>\n<li style='margin-bottom: 5px;'>Temperatura operaci\u00f3n: -30\u00b0C a 70\u00b0C<\/li>\n<\/ul>\n<\/div>\n<\/div>\n<\/div>\n<hr style='border: 0; border-top: 1px solid rgba(150&comma; 150&comma; 150&comma; 0.3); margin: 30px 0;'><\/div>\n","protected":false},"excerpt":{"rendered":"<p>LECTOR MULLION ARC1S\/BT: WIEGAND: CABLE DE 3 M: LLAVE VAC\u00cdA<\/p>\n","protected":false},"featured_media":32,"comment_status":"open","ping_status":"closed","template":"","meta":[],"product_brand":[],"product_cat":[770],"product_tag":[209,466,771],"class_list":{"0":"post-20204","1":"product","2":"type-product","3":"status-publish","4":"has-post-thumbnail","6":"product_cat-mifare-iclass-13-56-mhz","7":"product_tag-honeywell","8":"product_tag-lectoras-y-tarjetas","9":"product_tag-mifare-iclass-13-56-mhz","11":"first","12":"outofstock","13":"sale","14":"shipping-taxable","15":"purchasable","16":"product-type-simple"},"_links":{"self":[{"href":"https:\/\/soydeaqui.ddns.net\/pachuca\/index.php\/wp-json\/wp\/v2\/product\/20204","targetHints":{"allow":["GET"]}}],"collection":[{"href":"https:\/\/soydeaqui.ddns.net\/pachuca\/index.php\/wp-json\/wp\/v2\/product"}],"about":[{"href":"https:\/\/soydeaqui.ddns.net\/pachuca\/index.php\/wp-json\/wp\/v2\/types\/product"}],"replies":[{"embeddable":true,"href":"https:\/\/soydeaqui.ddns.net\/pachuca\/index.php\/wp-json\/wp\/v2\/comments?post=20204"}],"wp:featuredmedia":[{"embeddable":true,"href":"https:\/\/soydeaqui.ddns.net\/pachuca\/index.php\/wp-json\/wp\/v2\/media\/32"}],"wp:attachment":[{"href":"https:\/\/soydeaqui.ddns.net\/pachuca\/index.php\/wp-json\/wp\/v2\/media?parent=20204"}],"wp:term":[{"taxonomy":"product_brand","embeddable":true,"href":"https:\/\/soydeaqui.ddns.net\/pachuca\/index.php\/wp-json\/wp\/v2\/product_brand?post=20204"},{"taxonomy":"product_cat","embeddable":true,"href":"https:\/\/soydeaqui.ddns.net\/pachuca\/index.php\/wp-json\/wp\/v2\/product_cat?post=20204"},{"taxonomy":"product_tag","embeddable":true,"href":"https:\/\/soydeaqui.ddns.net\/pachuca\/index.php\/wp-json\/wp\/v2\/product_tag?post=20204"}],"curies":[{"name":"wp","href":"https:\/\/api.w.org\/{rel}","templated":true}]}}