{"id":20188,"date":"2026-03-18T10:16:37","date_gmt":"2026-03-18T10:16:37","guid":{"rendered":"https:\/\/soydeaqui.ddns.net\/pachuca\/index.php\/producto\/boton-sin-contacto-indicador-led-no-nc-interior-acero-inoxidable\/"},"modified":"2026-03-18T10:16:42","modified_gmt":"2026-03-18T10:16:42","slug":"boton-sin-contacto-indicador-led-no-nc-interior-acero-inoxidable","status":"publish","type":"product","link":"https:\/\/soydeaqui.ddns.net\/pachuca\/index.php\/producto\/boton-sin-contacto-indicador-led-no-nc-interior-acero-inoxidable\/","title":{"rendered":"Bot\u00f3n Sin Contacto \/ Indicador LED \/ NO \/ NC \/ Interior \/ Acero Inoxidable"},"content":{"rendered":"<div style='width: 100%; max-width: 1200px; margin: 0 auto; font-family: sans-serif; line-height: 1.6; color: inherit; background-color: transparent;'>\n<div style='width: 100%; text-align: center; margin: 20px 0;'>\n<h1 style='font-size: 24px; color: inherit; opacity: 0.8;'>Especificaciones<\/h1>\n<\/p><\/div>\n<div style='display: flex; flex-wrap: wrap; gap: 30px; margin-bottom: 30px;'>\n<div style='flex: 1 1 300px; min-width: 280px;'>\n<h3 style='font-size: 22px; border-bottom: 2px solid currentColor; padding-bottom: 5px; margin-top: 0; color: inherit; opacity: 0.8;'>Caracter\u00edsticas Principales:<\/h3>\n<ul style='padding-left: 20px; font-size: 15px; color: inherit;'>\n<li style='margin-bottom: 5px;'>Distancia de detecci\u00f3n ajustable de 5 a 15 cm.<\/li>\n<li style='margin-bottom: 5px;'>Panel frontal de acero inoxidabe.<\/li>\n<li style='margin-bottom: 5px;'>Sensor IR<\/li>\n<li style='margin-bottom: 5px;'>Iluminaci\u00f3n LED<\/li>\n<\/ul><\/div>\n<div style='flex: 1 1 300px; min-width: 280px;'>\n<h3 style='font-size: 22px; border-bottom: 2px solid currentColor; padding-bottom: 5px; margin-top: 0; color: inherit; opacity: 0.8;'>Caracter\u00edsticas F\u00edsicas y El\u00e9ctricas:<\/h3>\n<ul style='padding-left: 20px; font-size: 15px; color: inherit;'>\n<li style='margin-bottom: 5px;'>12-24 VCD<\/li>\n<li style='margin-bottom: 5px;'>Contacto NO\/COM\/NC<\/li>\n<li style='margin-bottom: 5px;'>Dimensiones: 115mm x 70 mm x 16 mm<\/li>\n<li style='margin-bottom: 5px;'>Peso: 0.13 Kg<\/li>\n<li style='margin-bottom: 5px;'>Temperatura de operaci\u00f3n: -20 \u2103 a +55 \u2103<\/li>\n<\/ul><\/div>\n<div style='flex: 1 1 300px; min-width: 280px;'>\n<h3 style='font-size: 22px; border-bottom: 2px solid currentColor; padding-bottom: 5px; margin-top: 0; color: inherit; opacity: 0.8;'>Caracter\u00edsticas Destacadas:<\/h3>\n<ul style='padding-left: 20px; font-size: 15px; color: inherit;'>\n<li style='margin-bottom: 5px;'>Elegante bot\u00f3n de salida sin contacto con tecnolog\u00eda IR e iluminaci\u00f3n LED de f\u00e1cil instalaci\u00f3n para solicitar una salida de forma r\u00e1pida y segura.<\/li>\n<\/ul><\/div>\n<\/p><\/div>\n<hr style='border: 0; border-top: 1px solid rgba(150&comma; 150&comma; 150&comma; 0.3); margin: 30px 0;'>\n<div style='display: flex; flex-wrap: wrap; gap: 30px; margin-bottom: 30px;'>\n<div style='flex: 1 1 300px; min-width: 280px;'> <img style='width: 100%; height: auto; border: 1px solid rgba(150&comma;150&comma;150&comma;0.3); border-radius: 8px;' src='https:\/\/ftp3.syscom.mx\/usuarios\/xguereque\/accesspro\/botones\/sin-contacto\/btn-sin-contacto.png' alt=''> <\/div>\n<div style='flex: 1 1 300px; min-width: 280px;'>\n<h2 style='font-size: 20px; margin-top: 0; color: inherit; opacity: 0.8;'>Salida sin contacto<\/h2>\n<p style='margin-bottom: 15px; font-size: 15px; color: inherit;'>Nuestro bot\u00f3n de salida sin contacto Hikvision nos ofrece las ventajas de la tecnolog\u00eda IR e iluminaci\u00f3n LED para un acceso r\u00e1pido y seguro<\/p>\n<p style='margin-bottom: 15px; font-size: 15px; color: inherit;'>Ideal para instalar en hospitales&comma; cl\u00ednicas&comma; oficinas o cualquier instalaci\u00f3n con gran flujo de personas<\/p>\n<p style='margin-bottom: 15px; font-size: 15px; color: inherit;'>Compatible con chapas magn\u00e9ticas&comma; el\u00e9ctricas&comma; de perno o contrachapas<\/p>\n<\/p><\/div>\n<\/p><\/div>\n<div style='width: 100%; text-align: center; margin: 20px 0;'>\n<h1 style='font-size: 24px; color: inherit; opacity: 0.8;'>Conexi\u00f3n con chapa magn\u00e9tica<\/h1>\n<\/p><\/div>\n<div style='margin-bottom: 30px;'> <img style='width: 100%; height: auto; border: 1px solid rgba(150&comma;150&comma;150&comma;0.3); border-radius: 8px;' src='https:\/\/ftp3.syscom.mx\/usuarios\/fotos\/chapas.gif' alt=''> <\/div>\n<\/p><\/div>\n","protected":false},"excerpt":{"rendered":"<p>Bot\u00f3n Sin Contacto \/ Indicador LED \/ NO \/ NC \/ Interior \/ Acero Inoxidable<\/p>\n","protected":false},"featured_media":20187,"comment_status":"open","ping_status":"closed","template":"","meta":[],"product_brand":[],"product_cat":[190],"product_tag":[93,191,54],"class_list":{"0":"post-20188","1":"product","2":"type-product","3":"status-publish","4":"has-post-thumbnail","6":"product_cat-botones-de-salida","7":"product_tag-accesorios","8":"product_tag-botones-de-salida","9":"product_tag-hikvision","11":"first","12":"instock","13":"sale","14":"shipping-taxable","15":"purchasable","16":"product-type-simple"},"_links":{"self":[{"href":"https:\/\/soydeaqui.ddns.net\/pachuca\/index.php\/wp-json\/wp\/v2\/product\/20188","targetHints":{"allow":["GET"]}}],"collection":[{"href":"https:\/\/soydeaqui.ddns.net\/pachuca\/index.php\/wp-json\/wp\/v2\/product"}],"about":[{"href":"https:\/\/soydeaqui.ddns.net\/pachuca\/index.php\/wp-json\/wp\/v2\/types\/product"}],"replies":[{"embeddable":true,"href":"https:\/\/soydeaqui.ddns.net\/pachuca\/index.php\/wp-json\/wp\/v2\/comments?post=20188"}],"wp:featuredmedia":[{"embeddable":true,"href":"https:\/\/soydeaqui.ddns.net\/pachuca\/index.php\/wp-json\/wp\/v2\/media\/20187"}],"wp:attachment":[{"href":"https:\/\/soydeaqui.ddns.net\/pachuca\/index.php\/wp-json\/wp\/v2\/media?parent=20188"}],"wp:term":[{"taxonomy":"product_brand","embeddable":true,"href":"https:\/\/soydeaqui.ddns.net\/pachuca\/index.php\/wp-json\/wp\/v2\/product_brand?post=20188"},{"taxonomy":"product_cat","embeddable":true,"href":"https:\/\/soydeaqui.ddns.net\/pachuca\/index.php\/wp-json\/wp\/v2\/product_cat?post=20188"},{"taxonomy":"product_tag","embeddable":true,"href":"https:\/\/soydeaqui.ddns.net\/pachuca\/index.php\/wp-json\/wp\/v2\/product_tag?post=20188"}],"curies":[{"name":"wp","href":"https:\/\/api.w.org\/{rel}","templated":true}]}}