{"id":20169,"date":"2026-03-18T10:16:19","date_gmt":"2026-03-18T10:16:19","guid":{"rendered":"https:\/\/soydeaqui.ddns.net\/pachuca\/index.php\/producto\/terminal-de-pago-con-pantalla-touch-y-camara-dual-para-reconocimiento-facial-solo-para-proyectos-de-desarrollo-con-plataforma-hikvision\/"},"modified":"2026-03-18T10:16:20","modified_gmt":"2026-03-18T10:16:20","slug":"terminal-de-pago-con-pantalla-touch-y-camara-dual-para-reconocimiento-facial-solo-para-proyectos-de-desarrollo-con-plataforma-hikvision","status":"publish","type":"product","link":"https:\/\/soydeaqui.ddns.net\/pachuca\/index.php\/producto\/terminal-de-pago-con-pantalla-touch-y-camara-dual-para-reconocimiento-facial-solo-para-proyectos-de-desarrollo-con-plataforma-hikvision\/","title":{"rendered":"Terminal de Pago con Pantalla Touch y Camara Dual para Reconocimiento Facial \/ Solo para proyectos de desarrollo con plataforma Hikvision"},"content":{"rendered":"<div style='width: 100%; max-width: 1200px; margin: 0 auto; font-family: sans-serif; line-height: 1.6; color: inherit; background-color: transparent;'> <!-- Secci\u00f3n de caracter\u00edsticas principales --> <\/p>\n<div style='display: flex; flex-wrap: wrap; gap: 30px; margin-bottom: 30px;'>\n<div style='flex: 1 1 300px; min-width: 280px;'>\n<h3 style='font-size: 22px; border-bottom: 2px solid currentColor; padding-bottom: 5px; margin-top: 0; color: inherit; opacity: 0.8;'>Caracter\u00edsticas Principales<\/h3>\n<ul style='padding-left: 20px; font-size: 15px; color: inherit;'>\n<li style='margin-bottom: 5px;'>Pantalla touch de alta sensibilidad<\/li>\n<li style='margin-bottom: 5px;'>C\u00e1mara dual para reconocimiento facial avanzado<\/li>\n<li style='margin-bottom: 5px;'>Procesamiento r\u00e1pido gracias a CPU de 1.5 GHz<\/li>\n<li style='margin-bottom: 5px;'>Conectividad WiFi y Bluetooth integrada<\/li>\n<li style='margin-bottom: 5px;'>Dise\u00f1o compacto para f\u00e1cil instalaci\u00f3n<\/li>\n<\/ul><\/div>\n<\/p><\/div>\n<p> <!-- Secci\u00f3n de especificaciones t\u00e9cnicas --> <\/p>\n<div style='display: flex; flex-wrap: wrap; gap: 20px; margin-bottom: 30px;'>\n<div style='flex: 1 1 250px; border: 1px solid rgba(150&comma; 150&comma; 150&comma; 0.4); border-radius: 8px; overflow: hidden; display: flex; flex-direction: column;'>\n<div style='padding: 15px; border-bottom: 1px solid rgba(150&comma; 150&comma; 150&comma; 0.2); font-weight: bold; font-size: 18px; color: inherit;'>Sistema<\/div>\n<div style='padding: 15px; color: inherit;'>\n<ul style='padding-left: 20px; margin: 0; font-size: 14px; list-style-type: disc;'>\n<li style='margin-bottom: 5px;'><strong>Sistema operativo:<\/strong> Android 11<\/li>\n<li style='margin-bottom: 5px;'><strong>Procesador:<\/strong> 1.5 GHz<\/li>\n<\/ul><\/div>\n<\/p><\/div>\n<div style='flex: 1 1 250px; border: 1px solid rgba(150&comma; 150&comma; 150&comma; 0.4); border-radius: 8px; overflow: hidden; display: flex; flex-direction: column;'>\n<div style='padding: 15px; border-bottom: 1px solid rgba(150&comma; 150&comma; 150&comma; 0.2); font-weight: bold; font-size: 18px; color: inherit;'>Pantalla<\/div>\n<div style='padding: 15px; color: inherit;'>\n<ul style='padding-left: 20px; margin: 0; font-size: 14px; list-style-type: disc;'>\n<li style='margin-bottom: 5px;'><strong>Pantalla principal:<\/strong> 8&#8242; IPS touch screen (800 \u00d7 1280)<\/li>\n<li style='margin-bottom: 5px;'><strong>Pantalla secundaria:<\/strong> 4.3&#8242; IPS display (480 \u00d7 272)<\/li>\n<\/ul><\/div>\n<\/p><\/div>\n<div style='flex: 1 1 250px; border: 1px solid rgba(150&comma; 150&comma; 150&comma; 0.4); border-radius: 8px; overflow: hidden; display: flex; flex-direction: column;'>\n<div style='padding: 15px; border-bottom: 1px solid rgba(150&comma; 150&comma; 150&comma; 0.2); font-weight: bold; font-size: 18px; color: inherit;'>C\u00e1mara<\/div>\n<div style='padding: 15px; color: inherit;'>\n<ul style='padding-left: 20px; margin: 0; font-size: 14px; list-style-type: disc;'>\n<li style='margin-bottom: 5px;'><strong>Lente:<\/strong> Doble (2 MP wide-angle lens)<\/li>\n<li style='margin-bottom: 5px;'><strong>Distancia de reconocimiento facial:<\/strong> 0.3 m a 1.2 m<\/li>\n<li style='margin-bottom: 5px;'><strong>Precisi\u00f3n de reconocimiento facial:<\/strong> \u2264 99%<\/li>\n<li style='margin-bottom: 5px;'><strong>Duraci\u00f3n del reconocimiento facial:<\/strong> < 0.2 s<\/li>\n<\/ul><\/div>\n<\/p><\/div>\n<div style='flex: 1 1 250px; border: 1px solid rgba(150&comma; 150&comma; 150&comma; 0.4); border-radius: 8px; overflow: hidden; display: flex; flex-direction: column;'>\n<div style='padding: 15px; border-bottom: 1px solid rgba(150&comma; 150&comma; 150&comma; 0.2); font-weight: bold; font-size: 18px; color: inherit;'>Conectividad<\/div>\n<div style='padding: 15px; color: inherit;'>\n<ul style='padding-left: 20px; margin: 0; font-size: 14px; list-style-type: disc;'>\n<li style='margin-bottom: 5px;'><strong>Red:<\/strong> 1 x RJ-45<\/li>\n<li style='margin-bottom: 5px;'><strong>Wi-Fi:<\/strong> 2.4 G&comma; 802.11b\/g\/n<\/li>\n<li style='margin-bottom: 5px;'><strong>USB:<\/strong> 1 x Tipo-C<\/li>\n<li style='margin-bottom: 5px;'><strong>Bluetooth:<\/strong> Integrado<\/li>\n<\/ul><\/div>\n<\/p><\/div>\n<div style='flex: 1 1 250px; border: 1px solid rgba(150&comma; 150&comma; 150&comma; 0.4); border-radius: 8px; overflow: hidden; display: flex; flex-direction: column;'>\n<div style='padding: 15px; border-bottom: 1px solid rgba(150&comma; 150&comma; 150&comma; 0.2); font-weight: bold; font-size: 18px; color: inherit;'>Capacidad<\/div>\n<div style='padding: 150px; color: inherit;'>\n<ul style='padding-left: 20px; margin: 0; font-size: 14px; list-style-type: disc;'>\n<li style='margin-bottom: 5px;'><strong>Capacidad facial:<\/strong> 100&comma;000 rostros<\/li>\n<li style='margin-bottom: 5px;'><strong>Capacidad de tarjetas:<\/strong> 500&comma;000 tarjetas<\/li>\n<li style='margin-bottom: 5px;'><strong>Capacidad de eventos:<\/strong> 500&comma;000 eventos<\/li>\n<\/ul><\/div>\n<\/p><\/div>\n<div style='flex: 1 1 250px; border: 1px solid rgba(150&comma; 150&comma; 150&comma; 0.4); border-radius: 8px; overflow: hidden; display: flex; flex-direction: column;'>\n<div style='padding: 15px; border-bottom: 1px solid rgba(150&comma; 150&comma; 150&comma; 0.2); font-weight: bold; font-size: 18px; color: inherit;'>Alimentaci\u00f3n<\/div>\n<div style='padding: 15px; color: inherit;'>\n<ul style='padding-left: 20px; margin: 0; font-size: 14px; list-style-type: disc;'>\n<li style='margin-bottom: 5px;'><strong>Alimentaci\u00f3n:<\/strong> 12 VDC a 16 VDC<\/li>\n<li style='margin-bottom: 5px;'><strong>Temperatura de operaci\u00f3n:<\/strong> -10 \u00b0C a 50 \u00b0C<\/li>\n<li style='margin-bottom: 5px;'><strong>Humedad de operaci\u00f3n:<\/strong> 0 a 90% (sin condensaci\u00f3n)<\/li>\n<li style='margin-bottom: 5px;'><strong>Dimensiones:<\/strong> 172.9 mm \u00d7 387.9 mm \u00d7 261 mm<\/li>\n<li style='margin-bottom: 5px;'><strong>Peso:<\/strong> 2.3 kg<\/li>\n<\/ul><\/div>\n<\/p><\/div>\n<div style='flex: 1 1 250px; border: 1px solid rgba(150&comma; 150&comma; 150&comma; 0.4); border-radius: 8px; overflow: hidden; display: flex; flex-direction: column;'>\n<div style='padding: 15px; border-bottom: 1px solid rgba(150&comma; 150&comma; 150&comma; 0.2); font-weight: bold; font-size: 18px; color: inherit;'>M\u00e9todos de Pago<\/div>\n<div style='padding: 15px; color: inherit;'>\n<ul style='padding-left: 20px; margin: 0; font-size: 14px; list-style-type: disc;'>\n<li style='margin-bottom: 5px;'><strong>Reconocimiento facial:<\/strong> Soportado (incluyendo rostro con mascarilla)<\/li>\n<li style='margin-bottom: 5px;'><strong>Tarjeta:<\/strong> M1&comma; DESfire&comma; Felica (0 cm a 5 cm de distancia)<\/li>\n<li style='margin-bottom: 5px;'><strong>Modos de pago:<\/strong> Monto fijo&comma; monto variable y pagos por cantidad fija<\/li>\n<li style='margin-bottom: 5px;'><strong>Estad\u00edsticas:<\/strong> Visualizaci\u00f3n de pagos (cantidad&comma; monto&comma; etc.)<\/li>\n<\/ul><\/div>\n<\/p><\/div>\n<div style='flex: 1 1 250px; border: 1px solid rgba(150&comma; 150&comma; 150&comma; 0.4); border-radius: 8px; overflow: hidden; display: flex; flex-direction: column;'>\n<div style='padding: 15px; border-bottom: 1px solid rgba(150&comma; 150&comma; 150&comma; 0.2); font-weight: bold; font-size: 18px; color: inherit;'>Caracter\u00edsticas Adicionales<\/div>\n<div style='padding: 15px; color: inherit;'>\n<ul style='padding-left: 20px; margin: 0; font-size: 14px; list-style-type: disc;'>\n<li style='margin-bottom: 5px;'><strong>Anti-spoofing:<\/strong> Soportado<\/li>\n<li style='margin-bottom: 5px;'><strong>Sincronizaci\u00f3n horaria:<\/strong> Soportado<\/li>\n<li style='margin-bottom: 5px;'><strong>Iluminaci\u00f3n:<\/strong> Suplemento IR<\/li>\n<li style='margin-bottom: 5px;'><strong>Conector para altavoz:<\/strong> Soportado<\/li>\n<li style='margin-bottom: 5px;'><strong>Entorno de aplicaci\u00f3n:<\/strong> Interior<\/li>\n<\/ul><\/div>\n<\/p><\/div>\n<\/p><\/div>\n<p> <!-- Separador --> <\/p>\n<hr style='border: 0; border-top: 1px solid rgba(150&comma; 150&comma; 150&comma; 0.3); margin: 30px 0;'> <\/div>\n","protected":false},"excerpt":{"rendered":"<p>Terminal de Pago con Pantalla Touch y Camara Dual para Reconocimiento Facial \/ Solo para proyectos de desarrollo con plataforma Hikvision<\/p>\n","protected":false},"featured_media":20168,"comment_status":"open","ping_status":"closed","template":"","meta":[],"product_brand":[],"product_cat":[764],"product_tag":[765,744,54],"class_list":{"0":"post-20169","1":"product","2":"type-product","3":"status-publish","4":"has-post-thumbnail","6":"product_cat-biometricos-acceso-sin-contacto","7":"product_tag-acceso-sin-contacto","8":"product_tag-biometricos","9":"product_tag-hikvision","11":"first","12":"outofstock","13":"sale","14":"shipping-taxable","15":"purchasable","16":"product-type-simple"},"_links":{"self":[{"href":"https:\/\/soydeaqui.ddns.net\/pachuca\/index.php\/wp-json\/wp\/v2\/product\/20169","targetHints":{"allow":["GET"]}}],"collection":[{"href":"https:\/\/soydeaqui.ddns.net\/pachuca\/index.php\/wp-json\/wp\/v2\/product"}],"about":[{"href":"https:\/\/soydeaqui.ddns.net\/pachuca\/index.php\/wp-json\/wp\/v2\/types\/product"}],"replies":[{"embeddable":true,"href":"https:\/\/soydeaqui.ddns.net\/pachuca\/index.php\/wp-json\/wp\/v2\/comments?post=20169"}],"wp:featuredmedia":[{"embeddable":true,"href":"https:\/\/soydeaqui.ddns.net\/pachuca\/index.php\/wp-json\/wp\/v2\/media\/20168"}],"wp:attachment":[{"href":"https:\/\/soydeaqui.ddns.net\/pachuca\/index.php\/wp-json\/wp\/v2\/media?parent=20169"}],"wp:term":[{"taxonomy":"product_brand","embeddable":true,"href":"https:\/\/soydeaqui.ddns.net\/pachuca\/index.php\/wp-json\/wp\/v2\/product_brand?post=20169"},{"taxonomy":"product_cat","embeddable":true,"href":"https:\/\/soydeaqui.ddns.net\/pachuca\/index.php\/wp-json\/wp\/v2\/product_cat?post=20169"},{"taxonomy":"product_tag","embeddable":true,"href":"https:\/\/soydeaqui.ddns.net\/pachuca\/index.php\/wp-json\/wp\/v2\/product_tag?post=20169"}],"curies":[{"name":"wp","href":"https:\/\/api.w.org\/{rel}","templated":true}]}}