{"id":20156,"date":"2026-03-18T10:16:06","date_gmt":"2026-03-18T10:16:06","guid":{"rendered":"https:\/\/soydeaqui.ddns.net\/pachuca\/index.php\/producto\/kit-de-cerradura-el460\/"},"modified":"2026-03-18T10:16:07","modified_gmt":"2026-03-18T10:16:07","slug":"kit-de-cerradura-el460","status":"publish","type":"product","link":"https:\/\/soydeaqui.ddns.net\/pachuca\/index.php\/producto\/kit-de-cerradura-el460\/","title":{"rendered":"KIT DE CERRADURA EL460"},"content":{"rendered":"<div style='width: 100%; max-width: 1200px; margin: 0 auto; font-family: sans-serif; line-height: 1.6; color: inherit; background-color: transparent;'> <!-- Secci\u00f3n de descripci\u00f3n --> <\/p>\n<div style='margin-bottom: 30px;'>\n<h2 style='font-size: 24px; margin-top: 0; color: inherit; opacity: 0.9;'>Puerta Simple electrificada con dispositivo de p\u00e1nico&comma; perfil angosto<\/h2>\n<p style='font-size: 15px; color: inherit; margin-top: 15px; margin-bottom: 15px;'>La cerradura controlada por manija se puede abrir desde el exterior mediante una manija cuando se da una se\u00f1al desde un sistema de control de acceso con un lector externo. La cerradura siempre se puede abrir desde el exterior con llave y desde el interior con barra antip\u00e1nico.<\/p>\n<p style='font-size: 15px; color: inherit; margin-top: 15px; margin-bottom: 15px;'>Emergencias (corte de energ\u00eda el\u00e9ctrica&comma; incendio&comma; p\u00e1nico): La cerradura siempre se puede abrir desde adentro con la barra antip\u00e1nico.<\/p>\n<\/p><\/div>\n<p> <!-- Secci\u00f3n de componentes incluidos --> <\/p>\n<div style='display: flex; flex-wrap: wrap; gap: 20px; margin-bottom: 30px;'>\n<div style='flex: 1 1 250px; border: 1px solid rgba(150&comma; 150&comma; 150&comma; 0.4); border-radius: 8px; overflow: hidden; display: flex; flex-direction: column;'>\n<div style='padding: 15px; border-bottom: 1px solid rgba(150&comma; 150&comma; 150&comma; 0.2); font-weight: bold; font-size: 18px; color: inherit;'>Componentes incluidos<\/div>\n<div style='padding: 15px; color: inherit;'>\n<ul style='padding-left: 20px; margin: 0; font-size: 14px; list-style-type: disc;'>\n<li style='margin-bottom: 5px;'>EL460_100110 35\/24MM<\/li>\n<li style='margin-bottom: 5px;'>CY321T_118005<\/li>\n<li style='margin-bottom: 5px;'>EA330_000000<\/li>\n<li style='margin-bottom: 5px;'>EA288_001000 \/ EA288_002000 (handle control locks)<\/li>\n<li style='margin-bottom: 5px;'>EA218_000000<\/li>\n<li style='margin-bottom: 5px;'>EA281_100000<\/li>\n<li style='margin-bottom: 5px;'>PBE011_B00200010 DIN Panic profile PZ+BL NiHa<\/li>\n<li style='margin-bottom: 5px;'>DH070_A4120M000 INOXI 3-19\/0751 Ms NiHa 38-54<\/li>\n<\/ul><\/div>\n<\/p><\/div>\n<\/p><\/div>\n<p> <!-- Separador --> <\/p>\n<hr style='border: 0; border-top: 1px solid rgba(150&comma; 150&comma; 150&comma; 0.3); margin: 30px 0;'> <\/div>\n","protected":false},"excerpt":{"rendered":"<p>KIT DE CERRADURA EL460<\/p>\n","protected":false},"featured_media":20155,"comment_status":"open","ping_status":"closed","template":"","meta":[],"product_brand":[],"product_cat":[803],"product_tag":[805,87,804],"class_list":{"0":"post-20156","1":"product","2":"type-product","3":"status-publish","4":"has-post-thumbnail","6":"product_cat-electricas","7":"product_tag-abloy","8":"product_tag-cerraduras","9":"product_tag-electricas","11":"first","12":"outofstock","13":"sale","14":"shipping-taxable","15":"purchasable","16":"product-type-simple"},"_links":{"self":[{"href":"https:\/\/soydeaqui.ddns.net\/pachuca\/index.php\/wp-json\/wp\/v2\/product\/20156","targetHints":{"allow":["GET"]}}],"collection":[{"href":"https:\/\/soydeaqui.ddns.net\/pachuca\/index.php\/wp-json\/wp\/v2\/product"}],"about":[{"href":"https:\/\/soydeaqui.ddns.net\/pachuca\/index.php\/wp-json\/wp\/v2\/types\/product"}],"replies":[{"embeddable":true,"href":"https:\/\/soydeaqui.ddns.net\/pachuca\/index.php\/wp-json\/wp\/v2\/comments?post=20156"}],"wp:featuredmedia":[{"embeddable":true,"href":"https:\/\/soydeaqui.ddns.net\/pachuca\/index.php\/wp-json\/wp\/v2\/media\/20155"}],"wp:attachment":[{"href":"https:\/\/soydeaqui.ddns.net\/pachuca\/index.php\/wp-json\/wp\/v2\/media?parent=20156"}],"wp:term":[{"taxonomy":"product_brand","embeddable":true,"href":"https:\/\/soydeaqui.ddns.net\/pachuca\/index.php\/wp-json\/wp\/v2\/product_brand?post=20156"},{"taxonomy":"product_cat","embeddable":true,"href":"https:\/\/soydeaqui.ddns.net\/pachuca\/index.php\/wp-json\/wp\/v2\/product_cat?post=20156"},{"taxonomy":"product_tag","embeddable":true,"href":"https:\/\/soydeaqui.ddns.net\/pachuca\/index.php\/wp-json\/wp\/v2\/product_tag?post=20156"}],"curies":[{"name":"wp","href":"https:\/\/api.w.org\/{rel}","templated":true}]}}