{"id":2015,"date":"2026-03-18T05:52:17","date_gmt":"2026-03-18T05:52:17","guid":{"rendered":"https:\/\/soydeaqui.ddns.net\/pachuca\/index.php\/producto\/altavoz-industrial-para-interior-y-exterior-50w-100w-200w-etiqueta-incendio\/"},"modified":"2026-03-18T05:52:18","modified_gmt":"2026-03-18T05:52:18","slug":"altavoz-industrial-para-interior-y-exterior-50w-100w-200w-etiqueta-incendio","status":"publish","type":"product","link":"https:\/\/soydeaqui.ddns.net\/pachuca\/index.php\/producto\/altavoz-industrial-para-interior-y-exterior-50w-100w-200w-etiqueta-incendio\/","title":{"rendered":"Altavoz Industrial Para Interior y Exterior | 50w \/ 100w \/ 200w | Etiqueta Incendio"},"content":{"rendered":"<div style='width: 100%; max-width: 1200px; margin: 0 auto; font-family: sans-serif; line-height: 1.6; color: inherit; background-color: transparent;'>\n<div style='display: flex; flex-wrap: wrap; gap: 30px; margin-bottom: 30px;'>\n<div style='flex: 1 1 300px; min-width: 280px;'>\n<h3 style='font-size: 22px; border-bottom: 2px solid currentColor; padding-bottom: 5px; margin-top: 0; color: inherit; opacity: 0.8;'>Descripci\u00f3n<\/h3>\n<p style='font-size: 15px; color: inherit; margin-bottom: 15px;'>El TCPA-Omni es el perfecto soluci\u00f3n para interiores y necesidades de notificaci\u00f3n masiva al aire libre. Est\u00e1 listado en UL 1480 y ULC S541 para notificaci\u00f3n general y fuego y se\u00f1alizaci\u00f3n de emergencia. La TCPA-Omni proporciona ambos voz clara y tonos de alto impacto&comma; haciendo posible que un altavoz pueda cubrir todas sus necesidades ac\u00fasticas.<\/p>\n<p style='font-size: 15px; color: inherit; margin-bottom: 15px;'>El TCPA-Omni es el l\u00edder de su clase en inteligibilidad y ac\u00fastica Densidad de poder. Con tan solo 18 pulgadas de di\u00e1metro y peso s\u00f3lo 19 libras&comma; el TCPA-Omni se escuchar\u00e1 m\u00e1s de lo que es visto. Su pegada ac\u00fastica permite para que se instalen menos unidades en grandes complejos industriales&comma; aumentando la inteligibilidad mientras reduciendo la instalaci\u00f3n y costos de mantenimiento.<\/p>\n<p style='font-size: 15px; color: inherit; margin-bottom: 15px;'>El TCPA-Omni se puede alimentar directamente desde un control de alarma contra incendios panel&comma; dando al cliente una soluci\u00f3n totalmente listada por UL. Tiene tres tomas de corriente (50W&comma; 100W y 200W)&comma; que est\u00e1n configurados durante la instalaci\u00f3n.<\/p>\n<p style='font-size: 15px; color: inherit; margin-bottom: 15px;'>La unidad es resistente a la corrosi\u00f3n&comma; permitiendo que resista las m\u00e1s duras de la industria condiciones ambientales. La carcasa resistente es estable a los rayos UV y mantendr\u00e1 una calidad apariencia a lo largo del tiempo.<\/p>\n<p style='font-size: 15px; color: inherit; margin-bottom: 15px;'><strong style='color: inherit;'>ETIQUETADA PARA INCENDIO<\/strong><\/p>\n<\/p><\/div>\n<\/p><\/div>\n<div style='display: flex; flex-wrap: wrap; gap: 20px; margin-bottom: 30px;'>\n<div style='flex: 1 1 250px; border: 1px solid rgba(150&comma; 150&comma; 150&comma; 0.4); border-radius: 8px; overflow: hidden; display: flex; flex-direction: column;'>\n<div style='padding: 15px; border-bottom: 1px solid rgba(150&comma; 150&comma; 150&comma; 0.2); font-weight: bold; font-size: 18px; color: inherit;'>Caracter\u00edsticas<\/div>\n<div style='padding: 15px; color: inherit;'>\n<ul style='padding-left: 20px; margin: 0; font-size: 14px; list-style-type: disc;'>\n<li style='margin-bottom: 5px;'>UL 1480 Y ULC S541 Listados<\/li>\n<li style='margin-bottom: 5px;'>SPL de 129db<\/li>\n<li style='margin-bottom: 5px;'>Radio de 1\/4 Millas rango de comunicaci\u00f3n<\/li>\n<li style='margin-bottom: 5px;'>Amplio rango de Frecuencias: 350hz &#8211; 5khz&comma; optimizado para voz humana<\/li>\n<li style='margin-bottom: 5px;'>50-200 Vatios<\/li>\n<li style='margin-bottom: 5px;'>Unidad de 70V<\/li>\n<li style='margin-bottom: 5px;'>Voz inteligible en anuncios y tonos de emergencia<\/li>\n<\/ul><\/div>\n<\/p><\/div>\n<div style='flex: 1 1 250px; border: 1px solid rgba(150&comma; 150&comma; 150&comma; 0.4); border-radius: 8px; overflow: hidden; display: flex; flex-direction: column;'>\n<div style='padding: 15px; border-bottom: 1px solid rgba(150&comma; 150&comma; 150&comma; 0.2); font-weight: bold; font-size: 18px; color: inherit;'>Aplicaciones<\/div>\n<div style='padding: 15px; color: inherit;'>\n<ul style='padding-left: 20px; margin: 0; font-size: 14px; list-style-type: disc;'>\n<li style='margin-bottom: 5px;'>Notificaciones de emergencia<\/li>\n<li style='margin-bottom: 5px;'>Comunicaciones del campus<\/li>\n<li style='margin-bottom: 5px;'>Instalaciones de fabricaci\u00f3n<\/li>\n<li style='margin-bottom: 5px;'>Seguridad contra incendios y vida<\/li>\n<li style='margin-bottom: 5px;'>Almacenes<\/li>\n<li style='margin-bottom: 5px;'>Campus corporativos<\/li>\n<li style='margin-bottom: 5px;'>Aeropuertos \/ Hangares del aeropuerto<\/li>\n<li style='margin-bottom: 5px;'>Campos \/ estadios<\/li>\n<li style='margin-bottom: 5px;'>Estructuras de estacionamiento<\/li>\n<\/ul><\/div>\n<\/p><\/div>\n<div style='flex: 1 1 250px; border: 1px solid rgba(150&comma; 150&comma; 150&comma; 0.4); border-radius: 8px; overflow: hidden; display: flex; flex-direction: column;'>\n<div style='padding: 15px; border-bottom: 1px solid rgba(150&comma; 150&comma; 150&comma; 0.2); font-weight: bold; font-size: 18px; color: inherit;'>Certificaciones<\/div>\n<div style='padding: 15px; color: inherit;'>\n<ul style='padding-left: 20px; margin: 0; font-size: 14px; list-style-type: disc;'>\n<li style='margin-bottom: 5px;'>UL 1480<\/li>\n<li style='margin-bottom: 5px;'>ULC S541<\/li>\n<\/ul><\/div>\n<\/p><\/div>\n<\/p><\/div>\n<div style='display: flex; flex-wrap: wrap; gap: 30px; margin-bottom: 30px;'>\n<div style='flex: 1 1 300px; min-width: 280px;'>\n<h3 style='font-size: 22px; border-bottom: 2px solid currentColor; padding-bottom: 5px; margin-top: 0; color: inherit; opacity: 0.8;'>Caracter\u00edsticas Adicionales<\/h3>\n<ul style='padding-left: 20px; font-size: 15px; color: inherit;'>\n<li style='margin-bottom: 5px;'><strong style='color: inherit;'>Etiqueta de incendio:<\/strong> S\u00ed<\/li>\n<li style='margin-bottom: 5px;'><strong style='color: inherit;'>Resistente a la corrosi\u00f3n:<\/strong> S\u00ed<\/li>\n<li style='margin-bottom: 5px;'><strong style='color: inherit;'>Estabilidad UV:<\/strong> S\u00ed<\/li>\n<li style='margin-bottom: 5px;'><strong style='color: inherit;'>Peso:<\/strong> 19 libras<\/li>\n<li style='margin-bottom: 5px;'><strong style='color: inherit;'>Di\u00e1metro:<\/strong> 18 pulgadas<\/li>\n<li style='margin-bottom: 5px;'><strong style='color: inherit;'>Alimentaci\u00f3n:<\/strong> Directamente desde un panel de control de alarma contra incendios<\/li>\n<li style='margin-bottom: 5px;'><strong style='color: inherit;'>Configuraci\u00f3n:<\/strong> 50W&comma; 100W y 200W durante instalaci\u00f3n<\/li>\n<\/ul><\/div>\n<\/p><\/div>\n<hr style='border: 0; border-top: 1px solid rgba(150&comma; 150&comma; 150&comma; 0.3); margin: 30px 0;'> <\/div>\n","protected":false},"excerpt":{"rendered":"<p>Altavoz Industrial Para Interior y Exterior | 50w \/ 100w \/ 200w | Etiqueta Incendio<\/p>\n","protected":false},"featured_media":2014,"comment_status":"open","ping_status":"closed","template":"","meta":[],"product_brand":[],"product_cat":[208],"product_tag":[209,197,109],"class_list":{"0":"post-2015","1":"product","2":"type-product","3":"status-publish","4":"has-post-thumbnail","6":"product_cat-honeywell","7":"product_tag-honeywell","8":"product_tag-hyperspike","9":"product_tag-megafonia-y-audioevacuacion","11":"first","12":"outofstock","13":"sale","14":"shipping-taxable","15":"purchasable","16":"product-type-simple"},"_links":{"self":[{"href":"https:\/\/soydeaqui.ddns.net\/pachuca\/index.php\/wp-json\/wp\/v2\/product\/2015","targetHints":{"allow":["GET"]}}],"collection":[{"href":"https:\/\/soydeaqui.ddns.net\/pachuca\/index.php\/wp-json\/wp\/v2\/product"}],"about":[{"href":"https:\/\/soydeaqui.ddns.net\/pachuca\/index.php\/wp-json\/wp\/v2\/types\/product"}],"replies":[{"embeddable":true,"href":"https:\/\/soydeaqui.ddns.net\/pachuca\/index.php\/wp-json\/wp\/v2\/comments?post=2015"}],"wp:featuredmedia":[{"embeddable":true,"href":"https:\/\/soydeaqui.ddns.net\/pachuca\/index.php\/wp-json\/wp\/v2\/media\/2014"}],"wp:attachment":[{"href":"https:\/\/soydeaqui.ddns.net\/pachuca\/index.php\/wp-json\/wp\/v2\/media?parent=2015"}],"wp:term":[{"taxonomy":"product_brand","embeddable":true,"href":"https:\/\/soydeaqui.ddns.net\/pachuca\/index.php\/wp-json\/wp\/v2\/product_brand?post=2015"},{"taxonomy":"product_cat","embeddable":true,"href":"https:\/\/soydeaqui.ddns.net\/pachuca\/index.php\/wp-json\/wp\/v2\/product_cat?post=2015"},{"taxonomy":"product_tag","embeddable":true,"href":"https:\/\/soydeaqui.ddns.net\/pachuca\/index.php\/wp-json\/wp\/v2\/product_tag?post=2015"}],"curies":[{"name":"wp","href":"https:\/\/api.w.org\/{rel}","templated":true}]}}