{"id":20130,"date":"2026-03-18T10:15:40","date_gmt":"2026-03-18T10:15:40","guid":{"rendered":"https:\/\/soydeaqui.ddns.net\/pachuca\/index.php\/producto\/gabinete-para-control-seguro-de-llaves-solucion-inteligente-para-la-organizacion-y-proteccion-de-accesos\/"},"modified":"2026-03-18T10:15:44","modified_gmt":"2026-03-18T10:15:44","slug":"gabinete-para-control-seguro-de-llaves-solucion-inteligente-para-la-organizacion-y-proteccion-de-accesos","status":"publish","type":"product","link":"https:\/\/soydeaqui.ddns.net\/pachuca\/index.php\/producto\/gabinete-para-control-seguro-de-llaves-solucion-inteligente-para-la-organizacion-y-proteccion-de-accesos\/","title":{"rendered":"Gabinete para Control Seguro de Llaves: Soluci\u00f3n Inteligente para la Organizaci\u00f3n y Protecci\u00f3n de Accesos"},"content":{"rendered":"<div style='width: 100%; max-width: 1200px; margin: 0 auto; font-family: sans-serif; line-height: 1.6; color: inherit; background-color: transparent;'> <!-- Descripci\u00f3n principal --> <\/p>\n<div style='margin-bottom: 30px;'>\n<p style='font-size: 16px; color: inherit; opacity: 0.9;'>El Gabinete Inteligente LANDWELL K26 representa una soluci\u00f3n de vanguardia para la gesti\u00f3n eficiente y segura de llaves en organizaciones y empresas. Este sistema&comma; que combina tecnolog\u00eda innovadora y un dise\u00f1o robusto&comma; es ideal para controlar el acceso a llaves y otros activos que requieren un alto nivel de seguridad y responsabilidad. El K26 es un gabinete de acero controlado electr\u00f3nicamente&comma; dise\u00f1ado para restringir el acceso solo a personal autorizado. Cada llave o conjunto de llaves se bloquea individualmente y solo se puede acceder mediante identificaci\u00f3n biom\u00e9trica (huella dactilar y reconocimiento facial)&comma; PIN&comma; tarjeta o RFID. Esto garantiza que solo el personal autorizado tenga acceso 24\/7 a las llaves necesarias.<\/p>\n<\/p><\/div>\n<p> <!-- Video principal --> <\/p>\n<div style='position: relative; padding-bottom: 56.25%; height: 0; overflow: hidden; margin-bottom: 30px;'>   <\/div>\n<p> <!-- Secci\u00f3n de caracter\u00edsticas --> <\/p>\n<div style='margin-bottom: 30px;'>\n<p style='font-size: 16px; color: inherit; opacity: 0.9;'>Se trata de un innovador sistema de gesti\u00f3n de llaves que otorga a los usuarios la capacidad de asignar permisos espec\u00edficos para acceder \u00fanicamente a las llaves a las que tienen autorizaci\u00f3n. Esta soluci\u00f3n contribuye a prevenir una serie de situaciones inc\u00f3modas&comma; como la p\u00e9rdida de llaves o el uso no autorizado de veh\u00edculos. Adem\u00e1s&comma; ofrece la posibilidad de generar informes de manera local como a trav\u00e9s de su plataforma&comma; lo que facilita la identificaci\u00f3n de los usuarios que han accedido al sistema. Con este sistema&comma; se garantiza un mayor control y seguridad en la gesti\u00f3n de llaves.<\/p>\n<\/p><\/div>\n<p> <!-- Secci\u00f3n de videos --> <\/p>\n<div style='display: grid; grid-template-columns: repeat(auto-fill&comma; minmax(300px&comma; 1fr)); gap: 20px; margin-bottom: 30px;'>\n<div style='border: 1px solid rgba(150&comma;150&comma;150&comma;0.3); border-radius: 8px; overflow: hidden; background-color: rgba(255&comma;255&comma;255&comma;0.02);'>\n<div style='padding: 15px; border-bottom: 1px solid rgba(150&comma;150&comma;150&comma;0.2); font-weight: bold; font-size: 16px; color: inherit;'>Instalaci\u00f3n intuitiva<\/div>\n<div style='padding: 15px;'>\n<p style='font-size: 14px; color: inherit; margin-bottom: 15px;'>La instalaci\u00f3n es bastante pr\u00e1ctica ya que no se requiere herramienta especial para ser realizada como muestra el siguiente video.<\/p>\n<div style='position: relative; padding-bottom: 56.25%; height: 0; overflow: hidden;'>   <\/div>\n<\/p><\/div>\n<\/p><\/div>\n<div style='border: 1px solid rgba(150&comma;150&comma;150&comma;0.3); border-radius: 8px; overflow: hidden; background-color: rgba(255&comma;255&comma;255&comma;0.02);'>\n<div style='padding: 15px; border-bottom: 1px solid rgba(150&comma;150&comma;150&comma;0.2); font-weight: bold; font-size: 16px; color: inherit;'>Practicidad para agregar llaveros al sistema<\/div>\n<div style='padding: 15px;'>\n<p style='font-size: 14px; color: inherit; margin-bottom: 15px;'>La instalaci\u00f3n es bastante pr\u00e1ctica ya que no se requiere herramienta especial para ser realizada como muestra el siguiente video.<\/p>\n<div style='position: relative; padding-bottom: 56.25%; height: 0; overflow: hidden;'>   <\/div>\n<\/p><\/div>\n<\/p><\/div>\n<div style='border: 1px solid rgba(150&comma;150&comma;150&comma;0.3); border-radius: 8px; overflow: hidden; background-color: rgba(255&comma;255&comma;255&comma;0.02);'>\n<div style='padding: 15px; border-bottom: 1px solid rgba(150&comma;150&comma;150&comma;0.2); font-weight: bold; font-size: 16px; color: inherit;'>Permite el uso de administrador local<\/div>\n<div style='padding: 15px;'>\n<div style='position: relative; padding-bottom: 56.25%; height: 0; overflow: hidden;'>   <\/div>\n<\/p><\/div>\n<\/p><\/div>\n<div style='border: 1px solid rgba(150&comma;150&comma;150&comma;0.3); border-radius: 8px; overflow: hidden; background-color: rgba(255&comma;255&comma;255&comma;0.02);'>\n<div style='padding: 15px; border-bottom: 1px solid rgba(150&comma;150&comma;150&comma;0.2); font-weight: bold; font-size: 16px; color: inherit;'>Administracion intuitiva de los usuarios<\/div>\n<div style='padding: 15px;'>\n<div style='position: relative; padding-bottom: 56.25%; height: 0; overflow: hidden;'>   <\/div>\n<\/p><\/div>\n<\/p><\/div>\n<div style='border: 1px solid rgba(150&comma;150&comma;150&comma;0.3); border-radius: 8px; overflow: hidden; background-color: rgba(255&comma;255&comma;255&comma;0.02);'>\n<div style='padding: 15px; border-bottom: 1px solid rgba(150&comma;150&comma;150&comma;0.2); font-weight: bold; font-size: 16px; color: inherit;'>Ver y exportar eventos<\/div>\n<div style='padding: 15px;'>\n<div style='position: relative; padding-bottom: 56.25%; height: 0; overflow: hidden;'>   <\/div>\n<\/p><\/div>\n<\/p><\/div>\n<div style='border: 1px solid rgba(150&comma;150&comma;150&comma;0.3); border-radius: 8px; overflow: hidden; background-color: rgba(255&comma;255&comma;255&comma;0.02);'>\n<div style='padding: 15px; border-bottom: 1px solid rgba(150&comma;150&comma;150&comma;0.2); font-weight: bold; font-size: 16px; color: inherit;'>Permite el uso de plataforma<\/div>\n<div style='padding: 15px;'>\n<div style='position: relative; padding-bottom: 56.25%; height: 0; overflow: hidden;'>   <\/div>\n<\/p><\/div>\n<\/p><\/div>\n<\/p><\/div>\n<p> <!-- T\u00edtulo de especificaciones --> <\/p>\n<div style='margin: 40px 0 20px; text-align: center;'> <span style='font-size: 20px; font-weight: bold; color: #3598db; opacity: 0.8;'>Especificaciones t\u00e9cnicas<\/span> <\/div>\n<p> <!-- Secci\u00f3n de especificaciones --> <\/p>\n<div style='display: flex; flex-wrap: wrap; gap: 20px; margin-bottom: 30px;'>\n<div style='flex: 1 1 300px; min-width: 280px; border: 1px solid rgba(150&comma; 150&comma; 150&comma; 0.4); border-radius: 8px; overflow: hidden;'>\n<div style='padding: 15px; border-bottom: 1px solid rgba(150&comma; 150&comma; 150&comma; 0.2); font-weight: bold; font-size: 16px; color: #3598db;'>Energ\u00eda<\/div>\n<div style='padding: 15px; color: inherit;'>\n<ul style='padding-left: 20px; margin: 0; font-size: 14px; list-style-type: disc;'>\n<li style='margin-bottom: 8px;'><strong>Fuente de alimentaci\u00f3n:<\/strong> Entrada: 100~240 VCA&comma; Salida: 12 VCC<\/li>\n<li style='margin-bottom: 8px;'><strong>Consumo:<\/strong> 14 W m\u00e1ximo&comma; t\u00edpico 9 W inactivo<\/li>\n<\/ul><\/div>\n<\/p><\/div>\n<div style='flex: 1 1 300px; min-width: 280px; border: 1px solid rgba(150&comma; 150&comma; 150&comma; 0.4); border-radius: 8px; overflow: hidden;'>\n<div style='padding: 15px; border-bottom: 1px solid rgba(150&comma; 150&comma; 150&comma; 0.2); font-weight: bold; font-size: 16px; color: #3598db;'>Caracter\u00edsticas f\u00edsicas<\/div>\n<div style='padding: 15px; color: inherit;'>\n<ul style='padding-left: 20px; margin: 0; font-size: 14px; list-style-type: disc;'>\n<li style='margin-bottom: 8px;'><strong>Dimensiones:<\/strong> Ancho 566 mm x alto 380 mm x profundidad 177 mm (ancho 22&comma;3&#8242; x alto 15&#8242; x profundidad 7&#8242;)<\/li>\n<li style='margin-bottom: 8px;'><strong>Peso neto:<\/strong> aprox. 17 kg (37&comma;5 libras)<\/li>\n<li style='margin-bottom: 8px;'><strong>Materiales del cuerpo:<\/strong> Acero + ABS<\/li>\n<\/ul><\/div>\n<\/p><\/div>\n<div style='flex: 1 1 300px; min-width: 280px; border: 1px solid rgba(150&comma; 150&comma; 150&comma; 0.4); border-radius: 8px; overflow: hidden;'>\n<div style='padding: 15px; border-bottom: 1px solid rgba(150&comma; 150&comma; 150&comma; 0.2); font-weight: bold; font-size: 16px; color: #3598db;'>Capacidad y comunicaci\u00f3n<\/div>\n<div style='padding: 15px; color: inherit;'>\n<ul style='padding-left: 20px; margin: 0; font-size: 14px; list-style-type: disc;'>\n<li style='margin-bottom: 8px;'><strong>Capacidad clave:<\/strong> hasta 26 llaves o juegos de llaves<\/li>\n<li style='margin-bottom: 8px;'><strong>Comunicaci\u00f3n:<\/strong> Ethernet RJ45 TCP\/IP<\/li>\n<li style='margin-bottom: 8px;'><strong>Requisito de red:<\/strong> Conexi\u00f3n a internet obligatoria para configuraci\u00f3n y administraci\u00f3n<\/li>\n<\/ul><\/div>\n<\/p><\/div>\n<\/p><\/div>\n<p> <!-- Separador final --> <\/p>\n<hr style='border: 0; border-top: 1px solid rgba(150&comma; 150&comma; 150&comma; 0.3); margin: 30px 0;'> <\/div>\n","protected":false},"excerpt":{"rendered":"<p>Gabinete para Control Seguro de Llaves: Soluci\u00f3n Inteligente para la Organizaci\u00f3n y Protecci\u00f3n de Accesos<\/p>\n","protected":false},"featured_media":20129,"comment_status":"open","ping_status":"closed","template":"","meta":[],"product_brand":[],"product_cat":[752],"product_tag":[93,800,753],"class_list":{"0":"post-20130","1":"product","2":"type-product","3":"status-publish","4":"has-post-thumbnail","6":"product_cat-mobiliario-de-apoyo","7":"product_tag-accesorios","8":"product_tag-landwell","9":"product_tag-mobiliario-de-apoyo","11":"first","12":"instock","13":"sale","14":"shipping-taxable","15":"purchasable","16":"product-type-simple"},"_links":{"self":[{"href":"https:\/\/soydeaqui.ddns.net\/pachuca\/index.php\/wp-json\/wp\/v2\/product\/20130","targetHints":{"allow":["GET"]}}],"collection":[{"href":"https:\/\/soydeaqui.ddns.net\/pachuca\/index.php\/wp-json\/wp\/v2\/product"}],"about":[{"href":"https:\/\/soydeaqui.ddns.net\/pachuca\/index.php\/wp-json\/wp\/v2\/types\/product"}],"replies":[{"embeddable":true,"href":"https:\/\/soydeaqui.ddns.net\/pachuca\/index.php\/wp-json\/wp\/v2\/comments?post=20130"}],"wp:featuredmedia":[{"embeddable":true,"href":"https:\/\/soydeaqui.ddns.net\/pachuca\/index.php\/wp-json\/wp\/v2\/media\/20129"}],"wp:attachment":[{"href":"https:\/\/soydeaqui.ddns.net\/pachuca\/index.php\/wp-json\/wp\/v2\/media?parent=20130"}],"wp:term":[{"taxonomy":"product_brand","embeddable":true,"href":"https:\/\/soydeaqui.ddns.net\/pachuca\/index.php\/wp-json\/wp\/v2\/product_brand?post=20130"},{"taxonomy":"product_cat","embeddable":true,"href":"https:\/\/soydeaqui.ddns.net\/pachuca\/index.php\/wp-json\/wp\/v2\/product_cat?post=20130"},{"taxonomy":"product_tag","embeddable":true,"href":"https:\/\/soydeaqui.ddns.net\/pachuca\/index.php\/wp-json\/wp\/v2\/product_tag?post=20130"}],"curies":[{"name":"wp","href":"https:\/\/api.w.org\/{rel}","templated":true}]}}