{"id":20091,"date":"2026-03-18T10:14:58","date_gmt":"2026-03-18T10:14:58","guid":{"rendered":"https:\/\/soydeaqui.ddns.net\/pachuca\/index.php\/producto\/mininivel-laser-verde-de-lineas-en-cruz-con-montaje-magnetico-y-para-tripoide-alcance-de-15-2-m\/"},"modified":"2026-03-18T10:15:05","modified_gmt":"2026-03-18T10:15:05","slug":"mininivel-laser-verde-de-lineas-en-cruz-con-montaje-magnetico-y-para-tripoide-alcance-de-15-2-m","status":"publish","type":"product","link":"https:\/\/soydeaqui.ddns.net\/pachuca\/index.php\/producto\/mininivel-laser-verde-de-lineas-en-cruz-con-montaje-magnetico-y-para-tripoide-alcance-de-15-2-m\/","title":{"rendered":"Mininivel L\u00e1ser Verde de L\u00edneas en Cruz, con Montaje Magn\u00e9tico y para Tripoide. Alcance de 15.2 m."},"content":{"rendered":"<div style='width: 100%; max-width: 1200px; margin: 0 auto; font-family: sans-serif; line-height: 1.6; color: inherit;'>\n<div style='display: flex; flex-wrap: wrap; gap: 30px; margin-bottom: 30px;'>\n<div style='flex: 1 1 300px; min-width: 280px;'>\n<h3 style='font-size: 22px; border-bottom: 2px solid currentColor; padding-bottom: 5px; margin-top: 0; color: inherit; opacity: 0.8;'>Caracter\u00edsticas<\/h3>\n<ul style='padding-left: 20px; font-size: 15px; color: inherit;'>\n<li style='margin-bottom: 5px;'>El nivel l\u00e1ser verde autonivelante tiene una l\u00ednea verde brillante horizontal y vertical f\u00e1cil de leer con un rango de trabajo de hasta 50&#8242; (15&comma;2&nbsp;m)<\/li>\n<li style='margin-bottom: 5px;'>Proyecta l\u00edneas horizontales y verticales para realizar diversas tareas de alineaci\u00f3n<\/li>\n<li style='margin-bottom: 5px;'>Su dise\u00f1o compacto y liviano es f\u00e1cil de utilizar en \u00e1reas estrechas y de guardar cuando no se usa<\/li>\n<li style='margin-bottom: 5px;'>El l\u00e1ser de alta precisi\u00f3n proyecta l\u00edneas limpias con una precisi\u00f3n de 3\/16&#8221; a 33&#8242; (10&nbsp;m); la detecci\u00f3n autom\u00e1tica de desnivel hace que el l\u00e1ser parpadee cuando deja de estar nivelado<\/li>\n<li style='margin-bottom: 5px;'>El soporte magn\u00e9tico de montaje se enrosca en el montaje para tr\u00edpode integrado de 1\/4&#8221;<\/li>\n<li style='margin-bottom: 5px;'>El tiempo de operaci\u00f3n de m\u00e1s de 8&nbsp;horas proporciona energ\u00eda a los l\u00e1seres para garantizar su uso prolongado durante todo el d\u00eda<\/li>\n<li style='margin-bottom: 5px;'>El duradero dise\u00f1o sobremoldeado con clasificaci\u00f3n IP54 protege el nivel l\u00e1ser del agua y el polvo<\/li>\n<\/ul><\/div>\n<\/p><\/div>\n<div style='display: flex; justify-content: center; margin: 30px 0;'> <img style='width: 100%; height: auto; border: 1px solid rgba(150&comma;150&comma;150&comma;0.3); border-radius: 8px;' src='https:\/\/ftp3.syscom.mx\/usuarios\/fotos\/93MCLG\/228471-93mclg_app8.jpg' alt=''> <\/div>\n<div style='position: relative; padding-bottom: 56.25%; height: 0; overflow: hidden; margin-bottom: 30px;'>   <\/div>\n<\/p><\/div>\n","protected":false},"excerpt":{"rendered":"<p>Mininivel L\u00e1ser Verde de L\u00edneas en Cruz, con Montaje Magn\u00e9tico y para Tripoide. Alcance de 15.2 m.<\/p>\n","protected":false},"featured_media":20090,"comment_status":"open","ping_status":"closed","template":"","meta":[],"product_brand":[],"product_cat":[24],"product_tag":[26,25,432],"class_list":{"0":"post-20091","1":"product","2":"type-product","3":"status-publish","4":"has-post-thumbnail","6":"product_cat-accesorios-de-instalacion","7":"product_tag-accesorios-de-instalacion","8":"product_tag-herramientas","9":"product_tag-klein-tools","11":"first","12":"instock","13":"sale","14":"shipping-taxable","15":"purchasable","16":"product-type-simple"},"_links":{"self":[{"href":"https:\/\/soydeaqui.ddns.net\/pachuca\/index.php\/wp-json\/wp\/v2\/product\/20091","targetHints":{"allow":["GET"]}}],"collection":[{"href":"https:\/\/soydeaqui.ddns.net\/pachuca\/index.php\/wp-json\/wp\/v2\/product"}],"about":[{"href":"https:\/\/soydeaqui.ddns.net\/pachuca\/index.php\/wp-json\/wp\/v2\/types\/product"}],"replies":[{"embeddable":true,"href":"https:\/\/soydeaqui.ddns.net\/pachuca\/index.php\/wp-json\/wp\/v2\/comments?post=20091"}],"wp:featuredmedia":[{"embeddable":true,"href":"https:\/\/soydeaqui.ddns.net\/pachuca\/index.php\/wp-json\/wp\/v2\/media\/20090"}],"wp:attachment":[{"href":"https:\/\/soydeaqui.ddns.net\/pachuca\/index.php\/wp-json\/wp\/v2\/media?parent=20091"}],"wp:term":[{"taxonomy":"product_brand","embeddable":true,"href":"https:\/\/soydeaqui.ddns.net\/pachuca\/index.php\/wp-json\/wp\/v2\/product_brand?post=20091"},{"taxonomy":"product_cat","embeddable":true,"href":"https:\/\/soydeaqui.ddns.net\/pachuca\/index.php\/wp-json\/wp\/v2\/product_cat?post=20091"},{"taxonomy":"product_tag","embeddable":true,"href":"https:\/\/soydeaqui.ddns.net\/pachuca\/index.php\/wp-json\/wp\/v2\/product_tag?post=20091"}],"curies":[{"name":"wp","href":"https:\/\/api.w.org\/{rel}","templated":true}]}}