{"id":2009,"date":"2026-03-18T05:52:13","date_gmt":"2026-03-18T05:52:13","guid":{"rendered":"https:\/\/soydeaqui.ddns.net\/pachuca\/index.php\/producto\/cerradura-yrl226-con-teclado-tactil-y-manija-smarphone-control-opcional-bronce-antiguo-para-puertas-de-35-mm-a-45-mm-de-espesor\/"},"modified":"2026-03-18T05:52:16","modified_gmt":"2026-03-18T05:52:16","slug":"cerradura-yrl226-con-teclado-tactil-y-manija-smarphone-control-opcional-bronce-antiguo-para-puertas-de-35-mm-a-45-mm-de-espesor","status":"publish","type":"product","link":"https:\/\/soydeaqui.ddns.net\/pachuca\/index.php\/producto\/cerradura-yrl226-con-teclado-tactil-y-manija-smarphone-control-opcional-bronce-antiguo-para-puertas-de-35-mm-a-45-mm-de-espesor\/","title":{"rendered":"Cerradura  YRL226 con Teclado T\u00e1ctil y Manija \/Smarphone Control Opcional\/ bronce Antiguo\/ Para puertas de 35 mm a 45 mm de espesor."},"content":{"rendered":"<div style='width: 100%; max-width: 1200px; margin: 0 auto; font-family: sans-serif; line-height: 1.6; color: inherit; background-color: transparent;'>\n<div style='display: flex; flex-wrap: wrap; gap: 30px; margin-bottom: 30px;'>\n<div style='flex: 1 1 300px; min-width: 280px;'>\n<h3 style='font-size: 22px; border-bottom: 2px solid currentColor; padding-bottom: 5px; margin-top: 0; color: inherit; opacity: 0.8;'>Beneficios<\/h3>\n<ul style='padding-left: 20px; font-size: 15px; color: inherit;'>\n<li style='margin-bottom: 5px;'>Cierre autom\u00e1tico&comma; al cabo de 30 segundos despu\u00e9s de abrir.<\/li>\n<li style='margin-bottom: 5px;'>Luz indicadora interior&comma; muestra estado de la cerradura (cerrado).<\/li>\n<li style='margin-bottom: 5px;'>Modo de ajuste de idioma.<\/li>\n<li style='margin-bottom: 5px;'>Bater\u00eda baja&comma; el icono de la bater\u00eda comenzar\u00e1 a parpadear&comma; si est\u00e1 totalmente descargada use la llave o el puerto de emergencia (bater\u00eda 9V).<\/li>\n<\/ul><\/div>\n<\/p><\/div>\n<div style='display: flex; flex-wrap: wrap; gap: 30px; margin-bottom: 30px;'>\n<div style='flex: 1 1 300px; min-width: 280px;'>\n<h3 style='font-size: 22px; border-bottom: 2px solid currentColor; padding-bottom: 5px; margin-top: 0; color: inherit; opacity: 0.8;'>Caracter\u00edsticas<\/h3>\n<ul style='padding-left: 20px; font-size: 15px; color: inherit;'>\n<li style='margin-bottom: 5px;'>Medidas generales 65&#215;150* mm.<\/li>\n<li style='margin-bottom: 5px;'>Material base (Aleaci\u00f3n de metal).<\/li>\n<li style='margin-bottom: 5px;'>F\u00e1cil instalaci\u00f3n.<\/li>\n<li style='margin-bottom: 5px;'>Cerradura tubular.<\/li>\n<li style='margin-bottom: 5px;'>El c\u00f3digo maestro tiene que haber sido registrado con anterioridad (4 a 8 d\u00edgitos)<\/li>\n<li style='margin-bottom: 5px;'>Administraci\u00f3n de c\u00f3digos (con m\u00f3dulo de Red hasta 250 c\u00f3digos PIN).<\/li>\n<li style='margin-bottom: 5px;'>Cantidad c\u00f3digos de usuarios m\u00e1ximos: 25 sin m\u00f3dulo de red.<\/li>\n<li style='margin-bottom: 5px;'>Cantidad c\u00f3digos de usuarios m\u00e1ximos: 250 con m\u00f3dulo de red Z-Wave Plus <a href='https:\/\/www.syscom.mx\/principal\/searchcont?route=89407-ASSA-ABLOY-159250&#038;autodetect=89407' target='_blank' rel='noopener' style='color: inherit; text-decoration: underline;'>89407<\/a>&comma; Zigbee <a href='https:\/\/www.syscom.mx\/principal\/searchcont?route=89522-ASSA-ABLOY-170197&#038;autodetect=89522' target='_blank' rel='noopener' style='color: inherit; text-decoration: underline;'>89522<\/a>.<\/li>\n<li style='margin-bottom: 5px; background-color: rgba(241&comma; 196&comma; 15&comma; 0.3); padding: 10px; border-radius: 4px;'> <strong style='color: inherit;'>Para apertura a trav\u00e9s del Smartphone o interacci\u00f3n Alexa es indispensable adquirir:<\/strong> <a href='https:\/\/www.syscom.mx\/principal\/searchcont?route=89407-ASSA-ABLOY-159250&#038;autodetect=89407' target='_blank' rel='noopener' style='color: inherit; text-decoration: underline;'>89407<\/a> y <a href='https:\/\/www.syscom.mx\/producto\/51020-ASSA-ABLOY-143439.html' target='_blank' rel='noopener' style='color: inherit; text-decoration: underline;'>51020<\/a>. <\/li>\n<li style='margin-bottom: 5px;'>Para puertas de <strong style='color: inherit;'>35 mm a 45 mm<\/strong> de espesor.<\/li>\n<li style='margin-bottom: 5px;'>Backset ajustable a 60 o 70 mm.<\/li>\n<li style='margin-bottom: 5px;'>Certificado ANSI \/ BHMA Grado 2.<\/li>\n<li style='margin-bottom: 5px;'>Men\u00fa asistido por voz.<\/li>\n<li style='margin-bottom: 5px;'>Manija anti-vandalismo con sistema de CLUTCH.<\/li>\n<li style='margin-bottom: 5px;'>Funciona con 4 pilas alcalinas AA.<\/li>\n<li style='margin-bottom: 5px;'>Llaves de pernos (5 pines).<\/li>\n<\/ul><\/div>\n<\/p><\/div>\n<div style='display: flex; flex-wrap: wrap; gap: 30px; margin-bottom: 30px;'>\n<div style='flex: 1 1 300px; min-width: 280px;'>\n<h3 style='font-size: 22px; border-bottom: 2px solid currentColor; padding-bottom: 5px; margin-top: 0; color: inherit; opacity: 0.8;'>Acabado<\/h3>\n<ul style='padding-left: 20px; font-size: 15px; color: inherit;'>\n<li style='margin-bottom: 5px;'>Bronce Antiguo<\/li>\n<\/ul><\/div>\n<\/p><\/div>\n<div style='display: flex; flex-wrap: wrap; gap: 30px; margin-bottom: 30px;'>\n<div style='flex: 1 1 300px; min-width: 280px;'>\n<h3 style='font-size: 22px; border-bottom: 2px solid currentColor; padding-bottom: 5px; margin-top: 0; color: inherit; opacity: 0.8;'>Especificaciones<\/h3>\n<div style='display: flex; flex-direction: column; gap: 15px;'>\n<div style='border: 1px solid rgba(150&comma; 150&comma; 150&comma; 0.4); border-radius: 8px; overflow: hidden;'>\n<div style='padding: 15px; border-bottom: 1px solid rgba(150&comma; 150&comma; 150&comma; 0.2); font-weight: bold; font-size: 18px; color: inherit;'>Logo de la marca<\/div>\n<div style='padding: 15px; color: inherit;'> <img style='width: 100%; height: auto; border: 1px solid rgba(150&comma;150&comma;150&comma;0.3); border-radius: 8px;' src='http:\/\/ftp3.syscom.mx\/usuarios\/ftp\/2017\/01\/03\/43ba4\/yale-logo.jpg' alt='Logo Yale-Assa Abloy'> <\/div>\n<\/p><\/div>\n<div style='border: 1px solid rgba(150&comma; 150&comma; 150&comma; 0.4); border-radius: 8px; overflow: hidden;'>\n<div style='padding: 15px; border-bottom: 1px solid rgba(150&comma; 150&comma; 150&comma; 0.2); font-weight: bold; font-size: 18px; color: inherit;'>Videos<\/div>\n<div style='padding: 15px; color: inherit;'>\n<div style='position: relative; padding-bottom: 56.25%; height: 0; overflow: hidden; margin-bottom: 30px;'>   <\/div>\n<\/p><\/div>\n<\/p><\/div>\n<\/p><\/div>\n<\/p><\/div>\n<\/p><\/div>\n<hr style='border: 0; border-top: 1px solid rgba(150&comma; 150&comma; 150&comma; 0.3); margin: 30px 0;'> <\/div>\n","protected":false},"excerpt":{"rendered":"<p>Cerradura  YRL226 con Teclado T\u00e1ctil y Manija \/Smarphone Control Opcional\/ bronce Antiguo\/ Para puertas de 35 mm a 45 mm de espesor.<\/p>\n","protected":false},"featured_media":2008,"comment_status":"open","ping_status":"closed","template":"","meta":[],"product_brand":[],"product_cat":[86],"product_tag":[88,87,395],"class_list":{"0":"post-2009","1":"product","2":"type-product","3":"status-publish","4":"has-post-thumbnail","6":"product_cat-autonomas-inteligentes","7":"product_tag-autonomas-inteligentes","8":"product_tag-cerraduras","9":"product_tag-yale-assa-abloy","11":"first","12":"instock","13":"sale","14":"shipping-taxable","15":"purchasable","16":"product-type-simple"},"_links":{"self":[{"href":"https:\/\/soydeaqui.ddns.net\/pachuca\/index.php\/wp-json\/wp\/v2\/product\/2009","targetHints":{"allow":["GET"]}}],"collection":[{"href":"https:\/\/soydeaqui.ddns.net\/pachuca\/index.php\/wp-json\/wp\/v2\/product"}],"about":[{"href":"https:\/\/soydeaqui.ddns.net\/pachuca\/index.php\/wp-json\/wp\/v2\/types\/product"}],"replies":[{"embeddable":true,"href":"https:\/\/soydeaqui.ddns.net\/pachuca\/index.php\/wp-json\/wp\/v2\/comments?post=2009"}],"wp:featuredmedia":[{"embeddable":true,"href":"https:\/\/soydeaqui.ddns.net\/pachuca\/index.php\/wp-json\/wp\/v2\/media\/2008"}],"wp:attachment":[{"href":"https:\/\/soydeaqui.ddns.net\/pachuca\/index.php\/wp-json\/wp\/v2\/media?parent=2009"}],"wp:term":[{"taxonomy":"product_brand","embeddable":true,"href":"https:\/\/soydeaqui.ddns.net\/pachuca\/index.php\/wp-json\/wp\/v2\/product_brand?post=2009"},{"taxonomy":"product_cat","embeddable":true,"href":"https:\/\/soydeaqui.ddns.net\/pachuca\/index.php\/wp-json\/wp\/v2\/product_cat?post=2009"},{"taxonomy":"product_tag","embeddable":true,"href":"https:\/\/soydeaqui.ddns.net\/pachuca\/index.php\/wp-json\/wp\/v2\/product_tag?post=2009"}],"curies":[{"name":"wp","href":"https:\/\/api.w.org\/{rel}","templated":true}]}}