{"id":20038,"date":"2026-03-18T10:13:59","date_gmt":"2026-03-18T10:13:59","guid":{"rendered":"https:\/\/soydeaqui.ddns.net\/pachuca\/index.php\/producto\/relay-inalmbrico-2-relevadores-2-entradas-atraviesa-hasta-1-6-kilmetros-1-milla-en-construccin-o-material\/"},"modified":"2026-03-18T10:14:01","modified_gmt":"2026-03-18T10:14:01","slug":"relay-inalmbrico-2-relevadores-2-entradas-atraviesa-hasta-1-6-kilmetros-1-milla-en-construccin-o-material","status":"publish","type":"product","link":"https:\/\/soydeaqui.ddns.net\/pachuca\/index.php\/producto\/relay-inalmbrico-2-relevadores-2-entradas-atraviesa-hasta-1-6-kilmetros-1-milla-en-construccin-o-material\/","title":{"rendered":"Relay Inal?mbrico \/ 2 Relevadores \/ 2 Entradas \/ Atraviesa Hasta 1.6 Kil?metros (1 Milla) En Construcci?n o Material"},"content":{"rendered":"<div style='width: 100%; max-width: 1200px; margin: 0 auto; font-family: sans-serif; line-height: 1.6; color: inherit; background-color: transparent;'>\n<div style='display: flex; flex-wrap: wrap; gap: 30px; margin-bottom: 30px;'>\n<div style='flex: 1 1 300px; min-width: 280px;'>\n<h3 style='font-size: 22px; border-bottom: 2px solid currentColor; padding-bottom: 5px; margin-top: 0; color: inherit; opacity: 0.8;'>Descripci\u00f3n<\/h3>\n<p style='font-size: 15px; color: inherit;'>Un puente de rel\u00e9 inal\u00e1mbrico que permite la comunicaci\u00f3n inal\u00e1mbrica entre dos dispositivos que normalmente se comunican a trav\u00e9s de una conexi\u00f3n por cable usando un rel\u00e9. Los rel\u00e9s son interruptores operados el\u00e9ctricamente que permiten que una se\u00f1al de baja potencia controle un circuito de mayor potencia. El puente de rel\u00e9 inal\u00e1mbrico consta de dos unidades Sure-Fi&comma; A y B. Una unidad se conecta al primer dispositivo y la otra al segundo dispositivo. En operaci\u00f3n&comma; cuando el primer dispositivo env\u00eda una se\u00f1al para activar el rel\u00e9 (encender un interruptor&comma; por ejemplo)&comma; esta se\u00f1al es recibida por la unidad Sure-Fi conectada. Esta unidad luego env\u00eda esta se\u00f1al de forma inal\u00e1mbrica a la otra unidad Sure-Fi&comma; que a su vez&comma; activa su propio rel\u00e9&comma; completando as\u00ed la acci\u00f3n como si existiera una conexi\u00f3n cableada directa entre los dos dispositivos. La comunicaci\u00f3n inal\u00e1mbrica elimina la necesidad de cableado f\u00edsico entre los dos dispositivos.<\/p>\n<h3 style='font-size: 22px; border-bottom: 2px solid currentColor; padding-bottom: 5px; margin-top: 30px; margin-bottom: 20px; color: inherit; opacity: 0.8;'>Qu\u00e9 se Incluye:<\/h3>\n<ul style='padding-left: 20px; font-size: 15px; color: inherit;'>\n<li style='margin-bottom: 5px;'>1 \u2013 Sistema de Puente de Rel\u00e9 Inal\u00e1mbrico Sure-Fi&comma; DS006-RELAY. Incluye una Unidad de Rel\u00e9 A y una Unidad de Rel\u00e9 B<\/li>\n<li style='margin-bottom: 5px;'>2 \u2013 Fuentes de Alimentaci\u00f3n de Salida de 12V 2.5A con Entrada de 100-240&comma; 277 VAC<\/li>\n<li style='margin-bottom: 5px;'>2 \u2013 Cables de alimentaci\u00f3n de 6 pies<\/li>\n<li style='margin-bottom: 5px;'>1 \u2013 Destornillador Sure-Fi<\/li>\n<\/ul>\n<h3 style='font-size: 22px; border-bottom: 2px solid currentColor; padding-bottom: 5px; margin-top: 30px; margin-bottom: 20px; color: inherit; opacity: 0.8;'>Especificaciones:<\/h3>\n<ul style='padding-left: 20px; font-size: 15px; color: inherit;'>\n<li style='margin-bottom: 5px;'>Funciona para el control de rel\u00e9 de prop\u00f3sito general<\/li>\n<li style='margin-bottom: 5px;'>2 pares de entrada\/salida de rel\u00e9 en cada direcci\u00f3n<\/li>\n<li style='margin-bottom: 5px;'>1 entrada\/salida digital por unidad<\/li>\n<li style='margin-bottom: 5px;'>Entrada de respaldo de bater\u00eda con funci\u00f3n UPS<\/li>\n<\/ul>\n<h3 style='font-size: 22px; border-bottom: 2px solid currentColor; padding-bottom: 5px; margin-top: 30px; margin-bottom: 20px; color: inherit; opacity: 0.8;'>Beneficios:<\/h3>\n<p style='font-size: 15px; color: inherit;'>La ventaja de usar el Kit de Rel\u00e9 Sure-Fi es que permite el control a largas distancias y en ubicaciones donde el tendido de cables ser\u00eda poco pr\u00e1ctico&comma; costoso o f\u00edsicamente imposible. Esto podr\u00eda ser \u00fatil en una variedad de aplicaciones&comma; desde la automatizaci\u00f3n del hogar hasta los sistemas de control industrial.<\/p>\n<\/p><\/div>\n<div style='flex: 1 1 300px; min-width: 280px; display: flex; flex-direction: column; gap: 30px;'> <img style='width: 100%; height: auto; border: 1px solid rgba(150&comma;150&comma;150&comma;0.3); border-radius: 8px;' src='https:\/\/www.sure-fi.com\/wp-content\/uploads\/2024\/07\/Group-336-600x534.jpg' alt=''> <\/p>\n<div style='position: relative; padding-bottom: 56.25%; height: 0; overflow: hidden; margin-bottom: 30px;'>   <\/div>\n<\/p><\/div>\n<\/p><\/div>\n<\/p><\/div>\n","protected":false},"excerpt":{"rendered":"<p>Relay Inal?mbrico \/ 2 Relevadores \/ 2 Entradas \/ Atraviesa Hasta 1.6 Kil?metros (1 Milla) En Construcci?n o Material<\/p>\n","protected":false},"featured_media":20037,"comment_status":"open","ping_status":"closed","template":"","meta":[],"product_brand":[],"product_cat":[487],"product_tag":[488,489,797],"class_list":{"0":"post-20038","1":"product","2":"type-product","3":"status-publish","4":"has-post-thumbnail","6":"product_cat-para-alimentacion-y-electricidad","7":"product_tag-cables-y-conectores","8":"product_tag-para-alimentacion-y-electricidad","9":"product_tag-sure-fi","11":"first","12":"instock","13":"sale","14":"shipping-taxable","15":"purchasable","16":"product-type-simple"},"_links":{"self":[{"href":"https:\/\/soydeaqui.ddns.net\/pachuca\/index.php\/wp-json\/wp\/v2\/product\/20038","targetHints":{"allow":["GET"]}}],"collection":[{"href":"https:\/\/soydeaqui.ddns.net\/pachuca\/index.php\/wp-json\/wp\/v2\/product"}],"about":[{"href":"https:\/\/soydeaqui.ddns.net\/pachuca\/index.php\/wp-json\/wp\/v2\/types\/product"}],"replies":[{"embeddable":true,"href":"https:\/\/soydeaqui.ddns.net\/pachuca\/index.php\/wp-json\/wp\/v2\/comments?post=20038"}],"wp:featuredmedia":[{"embeddable":true,"href":"https:\/\/soydeaqui.ddns.net\/pachuca\/index.php\/wp-json\/wp\/v2\/media\/20037"}],"wp:attachment":[{"href":"https:\/\/soydeaqui.ddns.net\/pachuca\/index.php\/wp-json\/wp\/v2\/media?parent=20038"}],"wp:term":[{"taxonomy":"product_brand","embeddable":true,"href":"https:\/\/soydeaqui.ddns.net\/pachuca\/index.php\/wp-json\/wp\/v2\/product_brand?post=20038"},{"taxonomy":"product_cat","embeddable":true,"href":"https:\/\/soydeaqui.ddns.net\/pachuca\/index.php\/wp-json\/wp\/v2\/product_cat?post=20038"},{"taxonomy":"product_tag","embeddable":true,"href":"https:\/\/soydeaqui.ddns.net\/pachuca\/index.php\/wp-json\/wp\/v2\/product_tag?post=20038"}],"curies":[{"name":"wp","href":"https:\/\/api.w.org\/{rel}","templated":true}]}}