{"id":20003,"date":"2026-03-18T10:13:22","date_gmt":"2026-03-18T10:13:22","guid":{"rendered":"https:\/\/soydeaqui.ddns.net\/pachuca\/index.php\/producto\/torniquete-sencillo-cuerpo-completo-fabricado-en-acero-inoxidable-grado-304-bidireccional-compatible-con-cualquier-control-de-acceso\/"},"modified":"2026-03-18T10:13:22","modified_gmt":"2026-03-18T10:13:22","slug":"torniquete-sencillo-cuerpo-completo-fabricado-en-acero-inoxidable-grado-304-bidireccional-compatible-con-cualquier-control-de-acceso","status":"publish","type":"product","link":"https:\/\/soydeaqui.ddns.net\/pachuca\/index.php\/producto\/torniquete-sencillo-cuerpo-completo-fabricado-en-acero-inoxidable-grado-304-bidireccional-compatible-con-cualquier-control-de-acceso\/","title":{"rendered":"Torniquete Sencillo \/ Cuerpo Completo \/ Fabricado En Acero Inoxidable Grado 304 \/ Bidireccional \/ Compatible Con Cualquier Control de Acceso"},"content":{"rendered":"<div style='width: 100%; max-width: 1200px; margin: 0 auto; font-family: sans-serif; line-height: 1.6; color: inherit; background-color: transparent;'>\n<div style='width: 100%; text-align: center; margin-bottom: 30px;'>\n<h1 style='font-size: 28px; color: inherit; opacity: 0.8; margin: 0;'>Especificaciones<\/h1>\n<\/p><\/div>\n<div style='display: flex; flex-wrap: wrap; gap: 30px; margin-bottom: 30px;'>\n<div style='flex: 1 1 300px; min-width: 280px;'>\n<div style='border: 1px solid rgba(150&comma; 150&comma; 150&comma; 0.4); border-radius: 8px; overflow: hidden; display: flex; flex-direction: column;'>\n<div style='padding: 15px; background-color: rgba(0&comma; 0&comma; 0&comma; 0.05); border-bottom: 1px solid rgba(150&comma; 150&comma; 150&comma; 0.2); font-weight: bold; font-size: 18px; color: inherit;'>Caracter\u00edsticas Principales:<\/div>\n<div style='padding: 15px; color: inherit;'>\n<ul style='padding-left: 20px; margin: 0; font-size: 14px; list-style-type: disc;'>\n<li style='margin-bottom: 5px;'>Para aplicaciones de interior y exterior<\/li>\n<li style='margin-bottom: 5px;'>Paso sencillo<\/li>\n<li style='margin-bottom: 5px;'>Altura completa<\/li>\n<\/ul><\/div>\n<\/p><\/div>\n<\/p><\/div>\n<div style='flex: 1 1 300px; min-width: 280px;'>\n<div style='border: 1px solid rgba(150&comma; 150&comma; 150&comma; 0.4); border-radius: 8px; overflow: hidden; display: flex; flex-direction: column;'>\n<div style='padding: 15px; background-color: rgba(0&comma; 0&comma; 0&comma; 0.05); border-bottom: 1px solid rgba(150&comma; 150&comma; 150&comma; 0.2); font-weight: bold; font-size: 18px; color: inherit;'>Caracter\u00edsticas F\u00edsicas y El\u00e9ctricas:<\/div>\n<div style='padding: 15px; color: inherit;'>\n<ul style='padding-left: 20px; margin: 0; font-size: 14px; list-style-type: disc;'>\n<li style='margin-bottom: 5px;'>Alimentaci\u00f3n a 110VAC<\/li>\n<li style='margin-bottom: 5px;'>Consumo m\u00e1ximo 8.1 W<\/li>\n<li style='margin-bottom: 5px;'>Fabricado en acero inoxidable grado 304<\/li>\n<\/ul><\/div>\n<\/p><\/div>\n<\/p><\/div>\n<div style='flex: 1 1 300px; min-width: 280px;'>\n<div style='border: 1px solid rgba(150&comma; 150&comma; 150&comma; 0.4); border-radius: 8px; overflow: hidden; display: flex; flex-direction: column;'>\n<div style='padding: 15px; background-color: rgba(0&comma; 0&comma; 0&comma; 0.05); border-bottom: 1px solid rgba(150&comma; 150&comma; 150&comma; 0.2); font-weight: bold; font-size: 18px; color: inherit;'>Caracter\u00edsticas Destacadas:<\/div>\n<div style='padding: 15px; color: inherit;'>\n<ul style='padding-left: 20px; margin: 0; font-size: 14px; list-style-type: disc;'>\n<li style='margin-bottom: 5px;'>Frecuencia de operaci\u00f3n del 100%<\/li>\n<li style='margin-bottom: 5px;'>Temperatura de operaci\u00f3n -20 a 68\u00b0C<\/li>\n<li style='margin-bottom: 5px;'>M\u00faltiples modos de trabajo.<\/li>\n<\/ul><\/div>\n<\/p><\/div>\n<\/p><\/div>\n<\/p><\/div>\n<hr style='border: 0; border-top: 1px solid rgba(150&comma; 150&comma; 150&comma; 0.3); margin: 30px 0;'>\n<div style='width: 100%; margin: 30px 0;'> <img style='width: 100%; height: auto; border: 1px solid rgba(150&comma;150&comma;150&comma;0.3); border-radius: 8px;' src='https:\/\/ftp3.syscom.mx\/usuarios\/fotos\/BTC300S\/229888-btc300s.png' alt=''> <\/div>\n<hr style='border: 0; border-top: 1px solid rgba(150&comma; 150&comma; 150&comma; 0.3); margin: 30px 0;'>\n<div style='width: 100%; text-align: center; margin: 30px 0;'>\n<h1 style='font-size: 28px; color: inherit; opacity: 0.8; margin: 0;'>Notas adicionales<\/h1>\n<\/p><\/div>\n<div style='display: flex; flex-direction: column; gap: 15px; margin-bottom: 30px;'>\n<div style='padding: 15px; border-left: 4px solid rgba(150&comma; 150&comma; 150&comma; 0.4); background-color: rgba(0&comma; 0&comma; 0&comma; 0.03);'>\n<p style='margin: 0; font-size: 15px; color: inherit;'>Equipo con un a\u00f1o de garant\u00eda contra defectos de f\u00e1brica.<\/p>\n<\/p><\/div>\n<div style='padding: 15px; border-left: 4px solid rgba(150&comma; 150&comma; 150&comma; 0.4); background-color: rgba(0&comma; 0&comma; 0&comma; 0.03);'>\n<p style='margin: 0; font-size: 15px; color: inherit;'>Producto NO est\u00e1 dentro de las pol\u00edticas de flete gratis&comma; se debe de cotizar por separado.<\/p>\n<\/p><\/div>\n<div style='padding: 15px; border-left: 4px solid rgba(150&comma; 150&comma; 150&comma; 0.4); background-color: rgba(0&comma; 0&comma; 0&comma; 0.03);'>\n<p style='margin: 0; font-size: 15px; color: inherit;'>Equipo de gran volumen y peso&comma; requiere montacargas para su carga\/descarga y\/o maniobra de desplazamiento.<\/p>\n<\/p><\/div>\n<div style='padding: 15px; border-left: 4px solid rgba(150&comma; 150&comma; 150&comma; 0.4); background-color: rgba(0&comma; 0&comma; 0&comma; 0.03);'>\n<p style='margin: 0; font-size: 15px; color: inherit;'>No aplica entrega de mercanc\u00eda en zona extendida.<\/p>\n<\/p><\/div>\n<div style='padding: 15px; border-left: 4px solid rgba(150&comma; 150&comma; 150&comma; 0.4); background-color: rgba(0&comma; 0&comma; 0&comma; 0.03);'>\n<p style='margin: 0; font-size: 15px; color: inherit;'>El torniquete se entrega desarmado&comma; por lo que requiere ensamble en sitio de instalaci\u00f3n.<\/p>\n<\/p><\/div>\n<\/p><\/div>\n<hr style='border: 0; border-top: 1px solid rgba(150&comma; 150&comma; 150&comma; 0.3); margin: 30px 0;'>\n<div style='width: 100%; text-align: center; margin: 30px 0;'>\n<p style='margin: 0; font-size: 24px; color: inherit; font-weight: bold;'>Para mantener en buen estado la apariencia del torniquete es necesario su limpieza y\/o mantenimiento semanal.<\/p>\n<\/p><\/div>\n<hr style='border: 0; border-top: 1px solid rgba(150&comma; 150&comma; 150&comma; 0.3); margin: 30px 0;'> <\/div>\n","protected":false},"excerpt":{"rendered":"<p>Torniquete Sencillo \/ Cuerpo Completo \/ Fabricado En Acero Inoxidable Grado 304 \/ Bidireccional \/ Compatible Con Cualquier Control de Acceso<\/p>\n","protected":false},"featured_media":20002,"comment_status":"open","ping_status":"closed","template":"","meta":[],"product_brand":[],"product_cat":[766],"product_tag":[779,767,759],"class_list":{"0":"post-20003","1":"product","2":"type-product","3":"status-publish","4":"has-post-thumbnail","6":"product_cat-torniquetes-de-cuerpo-completo","7":"product_tag-came","8":"product_tag-torniquetes-de-cuerpo-completo","9":"product_tag-torniquetes-y-puertas-de-cortesia","11":"first","12":"instock","13":"sale","14":"shipping-taxable","15":"purchasable","16":"product-type-simple"},"_links":{"self":[{"href":"https:\/\/soydeaqui.ddns.net\/pachuca\/index.php\/wp-json\/wp\/v2\/product\/20003","targetHints":{"allow":["GET"]}}],"collection":[{"href":"https:\/\/soydeaqui.ddns.net\/pachuca\/index.php\/wp-json\/wp\/v2\/product"}],"about":[{"href":"https:\/\/soydeaqui.ddns.net\/pachuca\/index.php\/wp-json\/wp\/v2\/types\/product"}],"replies":[{"embeddable":true,"href":"https:\/\/soydeaqui.ddns.net\/pachuca\/index.php\/wp-json\/wp\/v2\/comments?post=20003"}],"wp:featuredmedia":[{"embeddable":true,"href":"https:\/\/soydeaqui.ddns.net\/pachuca\/index.php\/wp-json\/wp\/v2\/media\/20002"}],"wp:attachment":[{"href":"https:\/\/soydeaqui.ddns.net\/pachuca\/index.php\/wp-json\/wp\/v2\/media?parent=20003"}],"wp:term":[{"taxonomy":"product_brand","embeddable":true,"href":"https:\/\/soydeaqui.ddns.net\/pachuca\/index.php\/wp-json\/wp\/v2\/product_brand?post=20003"},{"taxonomy":"product_cat","embeddable":true,"href":"https:\/\/soydeaqui.ddns.net\/pachuca\/index.php\/wp-json\/wp\/v2\/product_cat?post=20003"},{"taxonomy":"product_tag","embeddable":true,"href":"https:\/\/soydeaqui.ddns.net\/pachuca\/index.php\/wp-json\/wp\/v2\/product_tag?post=20003"}],"curies":[{"name":"wp","href":"https:\/\/api.w.org\/{rel}","templated":true}]}}