{"id":1997,"date":"2026-03-18T05:52:04","date_gmt":"2026-03-18T05:52:04","guid":{"rendered":"https:\/\/soydeaqui.ddns.net\/pachuca\/index.php\/producto\/altavoz-para-techo-5w-10w-20w-40w\/"},"modified":"2026-03-18T05:52:05","modified_gmt":"2026-03-18T05:52:05","slug":"altavoz-para-techo-5w-10w-20w-40w","status":"publish","type":"product","link":"https:\/\/soydeaqui.ddns.net\/pachuca\/index.php\/producto\/altavoz-para-techo-5w-10w-20w-40w\/","title":{"rendered":"Altavoz Para Techo | 5W, 10W, 20W, 40W"},"content":{"rendered":"<div style='width: 100%; max-width: 1200px; margin: 0 auto; font-family: sans-serif; line-height: 1.6; color: inherit; background-color: transparent;'>\n<div style='display: flex; flex-direction: column; align-items: center; text-align: center; margin-bottom: 30px;'> <img style='width: 100%; height: auto; border: 1px solid rgba(150&comma;150&comma;150&comma;0.3); border-radius: 8px;' src='https:\/\/ftp3.syscom.mx\/usuarios\/fotos\/SF208CW\/196704-sf208cw.jpg' alt=''> <\/div>\n<div style='margin-bottom: 30px;'>\n<p style='font-size: 16px; color: inherit; text-align: center;'>Es un altavoz para techo con un transformador incorporado de 70V \/ 100V y 8\u03a9. La tecnolog\u00eda del transformador reduce las p\u00e9rdidas de l\u00ednea en mayor distancia y permite una f\u00e1cil conexi\u00f3n en paralelo de m\u00faltiples altavoces. Con su potencia de 40W m\u00e1ximo es ideal para instalaci\u00f3nes que requieren audio de gran calidad donde el plaf\u00f3n esta m\u00e1s arriba de la altura promedio.<\/p>\n<\/p><\/div>\n<div style='display: flex; flex-wrap: wrap; gap: 30px; margin-bottom: 30px;'>\n<div style='flex: 1 1 300px; min-width: 280px;'>\n<h3 style='font-size: 22px; border-bottom: 2px solid currentColor; padding-bottom: 5px; margin-top: 0; color: inherit; opacity: 0.8;'>APLICACIONES<\/h3>\n<ul style='padding-left: 20px; font-size: 15px; color: inherit; list-style-type: disc;'>\n<li style='margin-bottom: 5px;'>Restaurantes<\/li>\n<li style='margin-bottom: 5px;'>Gimnasios<\/li>\n<li style='margin-bottom: 5px;'>Oficinas<\/li>\n<li style='margin-bottom: 5px;'>Salas de junta<\/li>\n<li style='margin-bottom: 5px;'>Universidades<\/li>\n<li style='margin-bottom: 5px;'>Escuelas<\/li>\n<\/ul><\/div>\n<div style='flex: 1 1 300px; min-width: 280px;'>\n<h3 style='font-size: 22px; border-bottom: 2px solid currentColor; padding-bottom: 5px; margin-top: 0; color: inherit; opacity: 0.8;'>CARACTER\u00cdSTICAS<\/h3>\n<ul style='padding-left: 20px; font-size: 15px; color: inherit; list-style-type: disc;'>\n<li style='margin-bottom: 5px;'>Potencia a 100V | 5W&comma; 10W&comma; 20W&comma; 40W<\/li>\n<li style='margin-bottom: 5px;'>Potencia a 70V | 2.5W&comma; 5W&comma; 10W&comma; 20W&comma; 40W<\/li>\n<li style='margin-bottom: 5px;'>Entrada 8\u03a9<\/li>\n<li style='margin-bottom: 5px;'>Material Pl\u00e1stico&comma; rejilla met\u00e1lica<\/li>\n<li style='margin-bottom: 5px;'>Diametro empotrable 245 mm<\/li>\n<li style='margin-bottom: 5px;'>Dimensiones 280 x 195 mm<\/li>\n<\/ul><\/div>\n<\/p><\/div>\n<div style='display: flex; flex-direction: column; align-items: center; text-align: center; margin-bottom: 30px;'> <img style='width: 100%; height: auto; border: 1px solid rgba(150&comma;150&comma;150&comma;0.3); border-radius: 8px;' src='https:\/\/ftp3.syscom.mx\/usuarios\/fotos\/SF804\/196020-sf208cw.jpg' alt=''> <\/div>\n<\/p><\/div>\n","protected":false},"excerpt":{"rendered":"<p>Altavoz Para Techo | 5W, 10W, 20W, 40W<\/p>\n","protected":false},"featured_media":1996,"comment_status":"open","ping_status":"closed","template":"","meta":[],"product_brand":[],"product_cat":[108],"product_tag":[110,109],"class_list":{"0":"post-1997","1":"product","2":"type-product","3":"status-publish","4":"has-post-thumbnail","6":"product_cat-epcom-proaudio","7":"product_tag-epcom-proaudio","8":"product_tag-megafonia-y-audioevacuacion","10":"first","11":"instock","12":"sale","13":"shipping-taxable","14":"purchasable","15":"product-type-simple"},"_links":{"self":[{"href":"https:\/\/soydeaqui.ddns.net\/pachuca\/index.php\/wp-json\/wp\/v2\/product\/1997","targetHints":{"allow":["GET"]}}],"collection":[{"href":"https:\/\/soydeaqui.ddns.net\/pachuca\/index.php\/wp-json\/wp\/v2\/product"}],"about":[{"href":"https:\/\/soydeaqui.ddns.net\/pachuca\/index.php\/wp-json\/wp\/v2\/types\/product"}],"replies":[{"embeddable":true,"href":"https:\/\/soydeaqui.ddns.net\/pachuca\/index.php\/wp-json\/wp\/v2\/comments?post=1997"}],"wp:featuredmedia":[{"embeddable":true,"href":"https:\/\/soydeaqui.ddns.net\/pachuca\/index.php\/wp-json\/wp\/v2\/media\/1996"}],"wp:attachment":[{"href":"https:\/\/soydeaqui.ddns.net\/pachuca\/index.php\/wp-json\/wp\/v2\/media?parent=1997"}],"wp:term":[{"taxonomy":"product_brand","embeddable":true,"href":"https:\/\/soydeaqui.ddns.net\/pachuca\/index.php\/wp-json\/wp\/v2\/product_brand?post=1997"},{"taxonomy":"product_cat","embeddable":true,"href":"https:\/\/soydeaqui.ddns.net\/pachuca\/index.php\/wp-json\/wp\/v2\/product_cat?post=1997"},{"taxonomy":"product_tag","embeddable":true,"href":"https:\/\/soydeaqui.ddns.net\/pachuca\/index.php\/wp-json\/wp\/v2\/product_tag?post=1997"}],"curies":[{"name":"wp","href":"https:\/\/api.w.org\/{rel}","templated":true}]}}