{"id":19962,"date":"2026-03-18T10:12:37","date_gmt":"2026-03-18T10:12:37","guid":{"rendered":"https:\/\/soydeaqui.ddns.net\/pachuca\/index.php\/producto\/single-mag-12-24-vdc-dss-scs\/"},"modified":"2026-03-18T10:12:38","modified_gmt":"2026-03-18T10:12:38","slug":"single-mag-12-24-vdc-dss-scs","status":"publish","type":"product","link":"https:\/\/soydeaqui.ddns.net\/pachuca\/index.php\/producto\/single-mag-12-24-vdc-dss-scs\/","title":{"rendered":"Single Mag 12\/24 VDC DSS\/SCS"},"content":{"rendered":"<div style='width: 100%; max-width: 1200px; margin: 0 auto; font-family: sans-serif; line-height: 1.6; color: inherit; background-color: transparent;'> <!-- Descripci\u00f3n principal --> <\/p>\n<div style='margin-bottom: 30px; font-size: 15px; color: inherit;'>\n<p>La serie MultiMag\u00ae de cerraduras electromagn\u00e9ticas est\u00e1 dise\u00f1ada para una f\u00e1cil instalaci\u00f3n y operaci\u00f3n multiprop\u00f3sito para puertas interiores o perimetrales. El soporte de montaje tiene un orificio de cerradura para soportar el im\u00e1n&comma; liberando las manos del instalador para fijar los tornillos de montaje del im\u00e1n. La cubierta de la cavidad extra\u00edble ofrece un acceso r\u00e1pido y f\u00e1cil al cableado. El RCI 8310 MultiMag\u00ae se aplica a puertas de una sola ala. Para monitoreo de seguridad adicional&comma; estas cerraduras electromagn\u00e9ticas ofrecen sensores opcionales de estado de puerta y condici\u00f3n de seguridad.<\/p>\n<\/p><\/div>\n<p> <!-- Especificaciones t\u00e9cnicas --> <\/p>\n<div style='display: flex; flex-wrap: wrap; gap: 30px; margin-bottom: 30px;'>\n<div style='flex: 1 1 300px; min-width: 280px;'>\n<h3 style='font-size: 22px; border-bottom: 2px solid currentColor; padding-bottom: 5px; margin-top: 0; color: inherit; opacity: 0.8;'>Especificaciones<\/h3>\n<ul style='padding-left: 20px; font-size: 15px; color: inherit;'>\n<li style='margin-bottom: 5px;'><strong>Energ\u00eda:<\/strong> 230mA Auto-Sensing 12-24VDC (Max a 12VDC para 8310&comma; 460mA para 8320)<\/li>\n<li style='margin-bottom: 5px;'><strong>Resistencia:<\/strong> hasta 1.200 lbf de fuerza de retenci\u00f3n (cada electroim\u00e1n)<\/li>\n<li style='margin-bottom: 5px;'><strong>Garant\u00eda:<\/strong> Garant\u00eda limitada de por vida<\/li>\n<li style='margin-bottom: 5px;'><strong>Modo:<\/strong> a prueba de fallos<\/li>\n<li style='margin-bottom: 5px;'><strong>Resistente al fuego:<\/strong> CAN \/ ULC S104 UL 10C 1-1 \/ 2 horas<\/li>\n<li style='margin-bottom: 5px;'><strong>Monitoreo:<\/strong> Sensor de estado de puerta (DSS) y Sensor de Condici\u00f3n de Seguridad<\/li>\n<\/ul><\/div>\n<\/p><\/div>\n<p> <!-- Caracter\u00edsticas --> <\/p>\n<div style='display: flex; flex-wrap: wrap; gap: 20px; margin-bottom: 30px;'>\n<div style='flex: 1 1 250px; border: 1px solid rgba(150&comma; 150&comma; 150&comma; 0.4); border-radius: 8px; overflow: hidden; display: flex; flex-direction: column;'>\n<div style='padding: 15px; border-bottom: 1px solid rgba(150&comma; 150&comma; 150&comma; 0.2); font-weight: bold; font-size: 18px; color: inherit;'>Caracter\u00edsticas<\/div>\n<div style='padding: 15px; color: inherit;'>\n<ul style='padding-left: 20px; margin: 0; font-size: 14px; list-style-type: disc;'>\n<li style='margin-bottom: 5px;'>Montaje de ojo de cerradura para facilitar la instalaci\u00f3n<\/li>\n<li style='margin-bottom: 5px;'>Retardo de tiempo incorporado (liberaci\u00f3n instant\u00e1nea con bloqueo ajustable&comma; programable de 0 a 90 segundos)<\/li>\n<li style='margin-bottom: 5px;'>Convenientes terminales de cableado enchufables<\/li>\n<li style='margin-bottom: 5px;'>Cavidad de cableado de f\u00e1cil acceso<\/li>\n<li style='margin-bottom: 5px;'>Estabilizaci\u00f3n de 4 pernos de montaje &#8216;stop stop&#8217;<\/li>\n<li style='margin-bottom: 5px;'>Protecci\u00f3n contra sobretensiones<\/li>\n<li style='margin-bottom: 5px;'>Dise\u00f1ado para superar el magnetismo residual<\/li>\n<li style='margin-bottom: 5px;'>Detecci\u00f3n autom\u00e1tica de 230 mA 12-24 V CC (m\u00e1x. A 12 V CC para 8310&comma; 460 mA para 8320)<\/li>\n<li style='margin-bottom: 5px;'>Fuerza de retenci\u00f3n de hasta 1&comma;200 lbf (cada electroim\u00e1n)<\/li>\n<li style='margin-bottom: 5px;'>Garant\u00eda limitada de por vida<\/li>\n<li style='margin-bottom: 5px;'>A prueba de fallos<\/li>\n<li style='margin-bottom: 5px;'>CAN \/ ULC S104 UL 10C 1-1 \/ 2 horas<\/li>\n<li style='margin-bottom: 5px;'>Sensor de estado de puerta opcional (DSS)<\/li>\n<\/ul><\/div>\n<\/p><\/div>\n<\/p><\/div>\n<p> <!-- Informaci\u00f3n adicional --> <\/p>\n<div style='margin-bottom: 30px; font-size: 15px; color: inherit;'>\n<p>Producto sobre pedido<\/p>\n<\/p><\/div>\n<p> <!-- Separador --> <\/p>\n<hr style='border: 0; border-top: 1px solid rgba(150&comma; 150&comma; 150&comma; 0.3); margin: 30px 0;'> <\/div>\n","protected":false},"excerpt":{"rendered":"<p>Single Mag 12\/24 VDC DSS\/SCS<\/p>\n","protected":false},"featured_media":19961,"comment_status":"open","ping_status":"closed","template":"","meta":[],"product_brand":[],"product_cat":[761],"product_tag":[87,762,453],"class_list":{"0":"post-19962","1":"product","2":"type-product","3":"status-publish","4":"has-post-thumbnail","6":"product_cat-chapas-magneticas","7":"product_tag-cerraduras","8":"product_tag-chapas-magneticas","9":"product_tag-rci-dormakaba","11":"first","12":"outofstock","13":"sale","14":"shipping-taxable","15":"purchasable","16":"product-type-simple"},"_links":{"self":[{"href":"https:\/\/soydeaqui.ddns.net\/pachuca\/index.php\/wp-json\/wp\/v2\/product\/19962","targetHints":{"allow":["GET"]}}],"collection":[{"href":"https:\/\/soydeaqui.ddns.net\/pachuca\/index.php\/wp-json\/wp\/v2\/product"}],"about":[{"href":"https:\/\/soydeaqui.ddns.net\/pachuca\/index.php\/wp-json\/wp\/v2\/types\/product"}],"replies":[{"embeddable":true,"href":"https:\/\/soydeaqui.ddns.net\/pachuca\/index.php\/wp-json\/wp\/v2\/comments?post=19962"}],"wp:featuredmedia":[{"embeddable":true,"href":"https:\/\/soydeaqui.ddns.net\/pachuca\/index.php\/wp-json\/wp\/v2\/media\/19961"}],"wp:attachment":[{"href":"https:\/\/soydeaqui.ddns.net\/pachuca\/index.php\/wp-json\/wp\/v2\/media?parent=19962"}],"wp:term":[{"taxonomy":"product_brand","embeddable":true,"href":"https:\/\/soydeaqui.ddns.net\/pachuca\/index.php\/wp-json\/wp\/v2\/product_brand?post=19962"},{"taxonomy":"product_cat","embeddable":true,"href":"https:\/\/soydeaqui.ddns.net\/pachuca\/index.php\/wp-json\/wp\/v2\/product_cat?post=19962"},{"taxonomy":"product_tag","embeddable":true,"href":"https:\/\/soydeaqui.ddns.net\/pachuca\/index.php\/wp-json\/wp\/v2\/product_tag?post=19962"}],"curies":[{"name":"wp","href":"https:\/\/api.w.org\/{rel}","templated":true}]}}