{"id":19960,"date":"2026-03-18T10:12:36","date_gmt":"2026-03-18T10:12:36","guid":{"rendered":"https:\/\/soydeaqui.ddns.net\/pachuca\/index.php\/producto\/sensor-de-presencia-vehicular-ideal-para-automatizacion-de-motores-o-barreras\/"},"modified":"2026-03-18T10:12:36","modified_gmt":"2026-03-18T10:12:36","slug":"sensor-de-presencia-vehicular-ideal-para-automatizacion-de-motores-o-barreras","status":"publish","type":"product","link":"https:\/\/soydeaqui.ddns.net\/pachuca\/index.php\/producto\/sensor-de-presencia-vehicular-ideal-para-automatizacion-de-motores-o-barreras\/","title":{"rendered":"Sensor de presencia Vehicular \/ Ideal para Automatizaci\u00f3n de motores o barreras"},"content":{"rendered":"<div style='width: 100%; max-width: 1200px; margin: 0 auto; font-family: sans-serif; line-height: 1.6; color: inherit; background-color: transparent;'>\n<div style='display: flex; flex-wrap: wrap; gap: 30px; margin-bottom: 30px;'>\n<div style='flex: 1 1 300px; min-width: 280px;'>\n<h3 style='font-size: 22px; border-bottom: 2px solid currentColor; padding-bottom: 5px; margin-top: 0; color: inherit; opacity: 0.8;'>Sensor para detecci\u00f3n de veh\u00edculos y activaci\u00f3n de puertas y barreras autom\u00e1ticas<\/h3>\n<p style='font-size: 15px; color: inherit; margin-bottom: 15px;'>El OPTEX OVS-02 es la soluci\u00f3n de detecci\u00f3n avanzada para activaci\u00f3n de puertas y barreras autom\u00e1ticas y es una perfecta alternativa al bucle de tierra&comma; ya que es f\u00e1cil de instalar sobre el suelo en una pared&comma; poste o en la propia carcasa de la barrera. Esto lo hace adecuado para casi cualquier aplicaci\u00f3n&comma; especialmente aquellas donde existe una dificultad en el entorno de instalaci\u00f3n&comma; como el tipo de pavimento o restricciones legales que no permitan obras de ingenier\u00eda civil. El sensor puede utilizarse para la gesti\u00f3n del tr\u00e1fico&comma; protecci\u00f3n de veh\u00edculos y aplicaciones de seguridad.<\/p>\n<\/p><\/div>\n<\/p><\/div>\n<div style='display: flex; flex-wrap: wrap; gap: 30px; margin-bottom: 30px;'>\n<div style='flex: 1 1 300px; min-width: 280px;'>\n<h3 style='font-size: 20px; border-bottom: 2px solid currentColor; padding-bottom: 5px; margin-top: 0; color: inherit; opacity: 0.8;'>Detecci\u00f3n de veh\u00edculos fiable y flexible<\/h3>\n<p style='font-size: 15px; color: inherit; margin-bottom: 15px;'>El sensor OVS-02GT para detecci\u00f3n de presencia y activaci\u00f3n de portones autom\u00e1ticos&comma; barreras y puertas industriales ofrece una excelente detecci\u00f3n a corto y largo alcance hasta 8 metros con ajuste gran angular de 90\u00ba a 95\u00ba. Detecta veh\u00edculos parados o en movimiento hasta 35 km\/h&comma; de todos los materiales y dispone de un indicador luminoso para una detecci\u00f3n visible. Se adapta tanto a aplicaciones sencillas de activaci\u00f3n de puertas como a sistemas de aparcamiento de \u00faltima generaci\u00f3n. Est\u00e1 disponible en negro (est\u00e1ndar) y gris (opcional).<\/p>\n<\/p><\/div>\n<div style='flex: 1 1 300px; min-width: 280px;'>\n<h3 style='font-size: 20px; border-bottom: 2px solid currentColor; padding-bottom: 5px; margin-top: 0; color: inherit; opacity: 0.8;'>F\u00e1cil instalaci\u00f3n sobre el suelo<\/h3>\n<p style='font-size: 15px; color: inherit; margin-bottom: 15px;'>La instalaci\u00f3n sobre el suelo lo convierte en una soluci\u00f3n menos invasiva para una variedad de ubicaciones en las que no es posible instalar un sensor de bucle de tierra o donde no est\u00e1 permitido. Tras montar el sensor a 50 cm del suelo &#8211; en una barrera&comma; una pared o un poste &#8211; la configuraci\u00f3n se puede realizar f\u00e1cilmente desde un dispositivo m\u00f3vil o una tableta&comma; mediante una App espec\u00edfica llamada &#8216;Virtual Loop&#8217;.<\/p>\n<\/p><\/div>\n<div style='flex: 1 1 300px; min-width: 280px;'>\n<h3 style='font-size: 20px; border-bottom: 2px solid currentColor; padding-bottom: 5px; margin-top: 0; color: inherit; opacity: 0.8;'>Excelente funcionamiento<\/h3>\n<p style='font-size: 15px; color: inherit; margin-bottom: 15px;'>El sensor OVS-02GT no se ve afectado por el movimiento del suelo y es capaz de filtrar el tr\u00e1fico peatonal para evitar activaciones innecesarias. La tecnolog\u00eda de microondas&comma; el calefactor incorporado y la clasificaci\u00f3n IP66 y NEMA4 garantizan una detecci\u00f3n estable en condiciones clim\u00e1ticas donde este expuesto a fr\u00edo&comma; humedad y polvo.<\/p>\n<\/p><\/div>\n<div style='flex: 1 1 300px; min-width: 280px;'>\n<h3 style='font-size: 20px; border-bottom: 2px solid currentColor; padding-bottom: 5px; margin-top: 0; color: inherit; opacity: 0.8;'>Protecci\u00f3n de veh\u00edculos<\/h3>\n<p style='font-size: 15px; color: inherit; margin-bottom: 15px;'>Gracias a la detecci\u00f3n de presencia&comma; el sensor ofrece medidas de seguridad como la protecci\u00f3n antichoque&comma; que puede evitar que una barrera golpee a un coche cerr\u00e1ndose antes de que el veh\u00edculo la atraviese.<\/p>\n<\/p><\/div>\n<\/p><\/div>\n<div style='display: flex; flex-wrap: wrap; gap: 30px; margin-bottom: 30px;'>\n<div style='flex: 1 1 300px; min-width: 280px;'>\n<h3 style='font-size: 20px; border-bottom: 2px solid currentColor; padding-bottom: 5px; margin-top: 0; color: inherit; opacity: 0.8;'>Soluciones<\/h3>\n<p style='font-size: 15px; color: inherit; margin-bottom: 15px;'>El sensor de veh\u00edculos OVS-02GT es una soluci\u00f3n ideal para muchos lugares y puede sustituir de forma fiable el uso del lazo inductivo en situaciones:<\/p>\n<ul style='padding-left: 20px; font-size: 15px; color: inherit; margin-bottom: 15px;'>\n<li style='margin-bottom: 5px;'><strong>Donde no sea posible excavar:<\/strong><br \/>Calzadas de resina&comma; pavimentos empedrados y ladrillo.<\/li>\n<li style='margin-bottom: 5px;'><strong>Donde obras de ingenier\u00eda civil no sean posible:<\/strong><br \/>Zonas p\u00fablicas&comma; hormig\u00f3n postensado&comma; desag\u00fces de cubierta de rejilla de acero.<\/li>\n<li style='margin-bottom: 5px;'><strong>Lugares propensos a aver\u00edas del lazo inductivo:<\/strong><br \/>Superficies da\u00f1adas&comma; superficies propensas a inundarse&comma; aver\u00edas por hielo o nieve.<\/li>\n<\/ul><\/div>\n<\/p><\/div>\n<div style='display: flex; flex-wrap: wrap; gap: 30px; margin-bottom: 30px;'>\n<div style='flex: 1 1 300px; min-width: 280px;'>\n<h3 style='font-size: 20px; border-bottom: 2px solid currentColor; padding-bottom: 5px; margin-top: 0; color: inherit; opacity: 0.8;'>Aplicaciones<\/h3>\n<p style='font-size: 15px; color: inherit; margin-bottom: 15px;'>Las puertas autom\u00e1ticas batientes y correderas&comma; las barreras y las puertas plegables de alta velocidad pueden activarse f\u00e1cilmente con el sensor OVS-02GT. Proporciona tecnolog\u00eda de detecci\u00f3n en superficie para instalaciones comerciales&comma; aparcamientos&comma; aparcamientos vigilados y aplicaciones residenciales. Gracias a su doble salida&comma; tambi\u00e9n puede usarse para activar al mismo tiempo una m\u00e1quina expendedora de billetes o una luz de se\u00f1alizaci\u00f3n.<\/p>\n<\/p><\/div>\n<\/p><\/div>\n<div style='display: flex; flex-wrap: wrap; gap: 30px; margin-bottom: 30px;'>\n<div style='flex: 1 1 300px; min-width: 280px;'>\n<h3 style='font-size: 20px; border-bottom: 2px solid currentColor; padding-bottom: 5px; margin-top: 0; color: inherit; opacity: 0.8;'>Detalles t\u00e9cnicos<\/h3>\n<p style='font-size: 15px; color: inherit; margin-bottom: 15px;'>El sensor de detecci\u00f3n de veh\u00edculos OPTEX OVS-02GT es el modelo m\u00e1s reciente dentro de la gama de sensores de veh\u00edculos de OPTEX. Usa avanzada tecnolog\u00eda microondas para ofrecer una detecci\u00f3n precisa y fiable de coches&comma; camiones&comma; furgonetas y otros veh\u00edculos motorizados&comma; y complementa la gama de sensores existente aportando un mayor rendimiento en alcance y precisi\u00f3n de detecci\u00f3n&comma; as\u00ed como facilidad de instalaci\u00f3n en superficie y configuraci\u00f3n mediante App.<\/p>\n<p style='font-size: 15px; color: inherit; margin-bottom: 15px;'>El sensor es una alternativa ideal al lazo inductivo&comma; ya que puede instalarse en situaciones en las que no es posible realizar obras. Este sensor es adecuado para aplicaciones de interior y exterior y su detecci\u00f3n es estable incluso en condiciones climatol\u00f3gicas adversas&comma; como lluvia y heladas&comma; pero por supuesto tambi\u00e9n cuando hace calor; pero adem\u00e1s est\u00e1 equipado para ignorar el tr\u00e1fico peatonal. Gracias a su doble salida&comma; puede activar varios dispositivos a la vez&comma; como barreras&comma; portones y puertas autom\u00e1ticas&comma; y simult\u00e1neamente una luz de se\u00f1alizaci\u00f3n o una m\u00e1quina expendedora de billetes. Benef\u00edciese del OVS-02GT en su aparcamiento&comma; garaje&comma; estacionamiento&comma; camino de entrada vallado&comma; entrada segura con puerta plegable de alta velocidad o entrada perimetral. Si desea m\u00e1s informaci\u00f3n sobre las posibilidades&comma; p\u00f3ngase en contacto con nosotros.<\/p>\n<h3 style='font-size: 18px; border-bottom: 2px solid currentColor; padding-bottom: 5px; margin-top: 0; color: inherit; opacity: 0.8; margin-bottom: 15px;'>Caracter\u00edsticas<\/h3>\n<ul style='padding-left: 20px; font-size: 15px; color: inherit; margin-bottom: 15px;'>\n<li style='margin-bottom: 5px;'>Instalaci\u00f3n sobre el suelo<\/li>\n<li style='margin-bottom: 5px;'>Detecta hasta 35 km\/h (22 mph)<\/li>\n<li style='margin-bottom: 5px;'>Alcance hasta 8 metros<\/li>\n<li style='margin-bottom: 5px;'>Filtra el tr\u00e1fico peatonal<\/li>\n<\/ul><\/div>\n<\/p><\/div>\n<div style='display: flex; flex-wrap: wrap; gap: 30px; margin-bottom: 30px;'>\n<div style='flex: 1 1 300px; min-width: 280px;'> <img style='width: 100%; height: auto; border: 1px solid rgba(150&comma;150&comma;150&comma;0.3); border-radius: 8px;' src='https:\/\/s3-eu-west-1.amazonaws.com\/optex-europe\/uploads\/Vehicle-Detection\/News-Events\/_1200xAUTO_fit_center-center_none\/OVS-02GT-website-image-parking-garage.png' alt='OVS 02 GT website image parking garage'> <\/div>\n<div style='flex: 1 1 300px; min-width: 280px;'> <img style='width: 100%; height: auto; border: 1px solid rgba(150&comma;150&comma;150&comma;0.3); border-radius: 8px;' src='https:\/\/s3-eu-west-1.amazonaws.com\/optex-europe\/featured-images\/Vehicle-Detection\/_1200xAUTO_fit_center-center_none\/Applications-OVS02.png' alt='Applications OVS02'> <\/div>\n<div style='flex: 1 1 300px; min-width: 280px;'> <img style='width: 100%; height: auto; border: 1px solid rgba(150&comma;150&comma;150&comma;0.3); border-radius: 8px;' src='https:\/\/s3-eu-west-1.amazonaws.com\/optex-europe\/featured-images\/Vehicle-Detection\/_1200xAUTO_fit_center-center_none\/OVS-02GT-Detection-Area.png' alt='OVS 02 GT Detection Area'> <\/div>\n<div style='flex: 1 1 300px; min-width: 280px;'> <img style='width: 100%; height: auto; border: 1px solid rgba(150&comma;150&comma;150&comma;0.3); border-radius: 8px;' src='https:\/\/s3-eu-west-1.amazonaws.com\/optex-europe\/featured-images\/Vehicle-Detection\/_1200xAUTO_fit_center-center_none\/OVS-02GT-installation-conditions.png' alt='OVS 02 GT installation conditions'> <\/div>\n<div style='flex: 1 1 300px; min-width: 280px;'> <img style='width: 100%; height: auto; border: 1px solid rgba(150&comma;150&comma;150&comma;0.3); border-radius: 8px;' src='https:\/\/s3-eu-west-1.amazonaws.com\/optex-europe\/featured-images\/Vehicle-Detection\/_1200xAUTO_fit_center-center_none\/OVS-02GT-Dimensions.png' alt='OVS 02 GT Dimensions'> <\/div>\n<\/p><\/div>\n<\/p><\/div>\n","protected":false},"excerpt":{"rendered":"<p>Sensor de presencia Vehicular \/ Ideal para Automatizaci\u00f3n de motores o barreras<\/p>\n","protected":false},"featured_media":19959,"comment_status":"open","ping_status":"closed","template":"","meta":[],"product_brand":[],"product_cat":[777],"product_tag":[401,93,106],"class_list":{"0":"post-19960","1":"product","2":"type-product","3":"status-publish","4":"has-post-thumbnail","6":"product_cat-accesorios-acceso-vehicular","7":"product_tag-acceso-vehicular","8":"product_tag-accesorios","9":"product_tag-optex","11":"first","12":"outofstock","13":"sale","14":"shipping-taxable","15":"purchasable","16":"product-type-simple"},"_links":{"self":[{"href":"https:\/\/soydeaqui.ddns.net\/pachuca\/index.php\/wp-json\/wp\/v2\/product\/19960","targetHints":{"allow":["GET"]}}],"collection":[{"href":"https:\/\/soydeaqui.ddns.net\/pachuca\/index.php\/wp-json\/wp\/v2\/product"}],"about":[{"href":"https:\/\/soydeaqui.ddns.net\/pachuca\/index.php\/wp-json\/wp\/v2\/types\/product"}],"replies":[{"embeddable":true,"href":"https:\/\/soydeaqui.ddns.net\/pachuca\/index.php\/wp-json\/wp\/v2\/comments?post=19960"}],"wp:featuredmedia":[{"embeddable":true,"href":"https:\/\/soydeaqui.ddns.net\/pachuca\/index.php\/wp-json\/wp\/v2\/media\/19959"}],"wp:attachment":[{"href":"https:\/\/soydeaqui.ddns.net\/pachuca\/index.php\/wp-json\/wp\/v2\/media?parent=19960"}],"wp:term":[{"taxonomy":"product_brand","embeddable":true,"href":"https:\/\/soydeaqui.ddns.net\/pachuca\/index.php\/wp-json\/wp\/v2\/product_brand?post=19960"},{"taxonomy":"product_cat","embeddable":true,"href":"https:\/\/soydeaqui.ddns.net\/pachuca\/index.php\/wp-json\/wp\/v2\/product_cat?post=19960"},{"taxonomy":"product_tag","embeddable":true,"href":"https:\/\/soydeaqui.ddns.net\/pachuca\/index.php\/wp-json\/wp\/v2\/product_tag?post=19960"}],"curies":[{"name":"wp","href":"https:\/\/api.w.org\/{rel}","templated":true}]}}