{"id":19899,"date":"2026-03-18T10:11:36","date_gmt":"2026-03-18T10:11:36","guid":{"rendered":"https:\/\/soydeaqui.ddns.net\/pachuca\/index.php\/producto\/barrera-vehicular-uso-continuo-5000000-ciclos-mcbf-brazo-incluido-de-4-mts-iluminacion-rojo-verde-apertura-en-2-seg-ajustable-cambio-de-sentido-en-campo\/"},"modified":"2026-03-18T10:11:36","modified_gmt":"2026-03-18T10:11:36","slug":"barrera-vehicular-uso-continuo-5000000-ciclos-mcbf-brazo-incluido-de-4-mts-iluminacion-rojo-verde-apertura-en-2-seg-ajustable-cambio-de-sentido-en-campo","status":"publish","type":"product","link":"https:\/\/soydeaqui.ddns.net\/pachuca\/index.php\/producto\/barrera-vehicular-uso-continuo-5000000-ciclos-mcbf-brazo-incluido-de-4-mts-iluminacion-rojo-verde-apertura-en-2-seg-ajustable-cambio-de-sentido-en-campo\/","title":{"rendered":"Barrera Vehicular USO CONTINUO 5,000,000 Ciclos MCBF \/ Brazo INCLUIDO de 4 mts Iluminaci\u00f3n Rojo\/Verde \/ Apertura en 2 Seg (Ajustable) \/ Cambio de sentido en campo"},"content":{"rendered":"<div style='width: 100%; max-width: 1200px; margin: 0 auto; font-family: sans-serif; line-height: 1.6; color: inherit; background-color: transparent;'> <!-- Secci\u00f3n de caracter\u00edsticas principales --> <\/p>\n<div style='display: flex; flex-wrap: wrap; gap: 30px; margin-bottom: 30px;'>\n<div style='flex: 1 1 300px; min-width: 280px;'>\n<h3 style='font-size: 22px; border-bottom: 2px solid currentColor; padding-bottom: 5px; margin-top: 0; color: inherit; opacity: 0.8;'>Caracter\u00edsticas principales<\/h3>\n<ul style='padding-left: 20px; font-size: 15px; color: inherit;'>\n<li style='margin-bottom: 5px;'>Ajuste Independiente bajada\/subida de pluma<\/li>\n<li style='margin-bottom: 5px;'>Pluma ajustable de izquierda o derecha en campo.<\/li>\n<li style='margin-bottom: 5px;'><strong>Incluye Brazo de 4 mts<\/strong> Iluminado a 12 Vcd (366001839).<\/li>\n<li style='margin-bottom: 5px;'><strong>Incluye Resortes<\/strong> Blanco y Verde.<\/li>\n<li style='margin-bottom: 5px;'><strong>Incluye Enganche<\/strong> 192100995<\/li>\n<li style='margin-bottom: 5px;'><strong>Incluye 2 controles remotos<\/strong> (bater\u00eda no incluida FPD009).<\/li>\n<\/ul><\/div>\n<p> <!-- Secci\u00f3n de caracter\u00edsticas f\u00edsicas y el\u00e9ctricas --> <\/p>\n<div style='flex: 1 1 300px; min-width: 280px;'>\n<h3 style='font-size: 22px; border-bottom: 2px solid currentColor; padding-bottom: 5px; margin-top: 0; color: inherit; opacity: 0.8;'>Caracter\u00edsticas F\u00edsicas y El\u00e9ctricas<\/h3>\n<ul style='padding-left: 20px; font-size: 15px; color: inherit;'>\n<li style='margin-bottom: 5px;'>Alimentaci\u00f3n: 110 Vca \/ 300 w \/1.5 A<\/li>\n<li style='margin-bottom: 5px;'>Velocidad de Apertura: 2 seg<\/li>\n<li style='margin-bottom: 5px;'>Velocidad de cierre ajustable 1.5\/3.5 sg<\/li>\n<li style='margin-bottom: 5px;'>Peso: 59.3<\/li>\n<li style='margin-bottom: 5px;'>Frecuencia de control remoto: 433 MHz<\/li>\n<li style='margin-bottom: 5px;'>Temperatura de trabajo: -30 \u00b0C a 70 \u00b0C (-22 \u00b0F a 158 \u00b0F)<\/li>\n<\/ul><\/div>\n<\/p><\/div>\n<p> <!-- Secci\u00f3n de consideraciones --> <\/p>\n<div style='margin-bottom: 30px;'>\n<h3 style='font-size: 22px; border-bottom: 2px solid currentColor; padding-bottom: 5px; margin-top: 0; color: inherit; opacity: 0.8;'>Consideraciones<\/h3>\n<ul style='padding-left: 20px; font-size: 15px; color: inherit;'>\n<li style='margin-bottom: 5px;'>Pruebas de operaci\u00f3n llevadas al l\u00edmite dando confiabilidad en partes mec\u00e1nicas&comma; siendo un motor con la cualidad de poder generar una temperatura ambiente nos brinda una excelente opci\u00f3n para ambientes con baja temperatura sin necesidad de accesorios adicionales por lo que evitaremos preocuparnos por un posible fallo por congelamiento.<\/li>\n<li style='margin-bottom: 5px;'>Sumando a esto su protecci\u00f3n de pl\u00e1stico Anti-UV lo que evita una decoloraci\u00f3n o opacamiento de su tonalidad nos dar\u00e1 siempre una imagen impecable.<\/li>\n<\/ul><\/div>\n<p> <!-- Secci\u00f3n de caracter\u00edsticas adicionales --> <\/p>\n<div style='margin-bottom: 30px;'>\n<h3 style='font-size: 22px; border-bottom: 2px solid currentColor; padding-bottom: 5px; margin-top: 0; color: inherit; opacity: 0.8;'>Caracter\u00edsticas de la BARRERA<\/h3>\n<ul style='padding-left: 20px; font-size: 15px; color: inherit;'>\n<li style='margin-bottom: 5px;'>Cubierta de pl\u00e1stico Anti-UV (Antiest\u00e1tico) evita la decoloraci\u00f3n<\/li>\n<li style='margin-bottom: 5px;'><strong>Brazo de 4 mts con Iluminaci\u00f3n Rojo\/Verde Incluido.<\/strong><\/li>\n<li style='margin-bottom: 5px;'>Compatible con otros brazos (ver gu\u00eda abajo).<\/li>\n<li style='margin-bottom: 5px;'>M\u00faltiples modos de operaci\u00f3n: A trav\u00e9s de rel\u00e9 externo&comma; control remoto.<\/li>\n<li style='margin-bottom: 5px;'>Cambio de sentido Izquierda\/Derecha en campo<\/li>\n<li style='margin-bottom: 5px;'><strong>Operaci\u00f3n de hasta 720 ciclos aproximados por hora.<\/strong><\/li>\n<\/ul><\/div>\n<p> <!-- Secci\u00f3n de accesorios --> <\/p>\n<div style='margin-bottom: 30px;'>\n<h3 style='font-size: 22px; border-bottom: 2px solid currentColor; padding-bottom: 5px; margin-top: 0; color: inherit; opacity: 0.8;'>Accesorios Opcionales (NO INCLUIDOS)<\/h3>\n<ul style='padding-left: 20px; font-size: 15px; color: inherit;'>\n<li style='margin-bottom: 5px;'>Lazo magn\u00e9tico <a style='color: #005cb9; text-decoration: none; font-weight: 600;' href='https:\/\/www.syscom.mx\/principal\/searchcont?route=SYS-LM6-ACCESSPRO-31960&#038;autodetect=syslm6' target='_blank'>SYS-LM6<\/a> + Sensor de masa <a style='color: #005cb9; text-decoration: none; font-weight: 600;' href='https:\/\/www.syscom.mx\/principal\/searchcont?route=10-MATRIX-IIS-1224-BEA-144360&#038;autodetect=syslm6' target='_blank'>10-MATRIX-IIS-1224.<\/a><\/li>\n<li style='margin-bottom: 5px;'>Fotoceldas <a style='color: #005cb9; text-decoration: none; font-weight: 600;' href='https:\/\/www.syscom.mx\/principal\/searchcont?route=XBS-IR33-AccessPRO-78540&#038;autodetect=xbsir33' target='_blank'>XBS-IR33<\/a> o radar DS-TMG035 (ANTIFALLRADAR).<\/li>\n<li style='margin-bottom: 5px;'>Botonera triple para operaci\u00f3n humana <a style='color: #005cb9; text-decoration: none; font-weight: 600;' href='https:\/\/www.syscom.mx\/principal\/searchcont?route=XBS-SW-01-ACCESSPRO-78542&#038;autodetect=xbssw01' target='_blank'>XBS-SW-01<\/a><\/li>\n<li style='margin-bottom: 5px;'>Sistema de Acceso con tag Vehicular <a style='color: #005cb9; text-decoration: none; font-weight: 600;' href='https:\/\/www.syscom.mx\/principal\/searchcont?route=KIT-UHFSTICKER-01-HIKVISION-177026&#038;autodetect=kituhf' target='_blank'>KIT-UHFSTICKER-01<\/a><\/li>\n<li style='margin-bottom: 5px;'><span style='color: #000000;'>Compatible con cualquier sistema de acceso.<\/span><\/li>\n<\/ul><\/div>\n<p> <!-- Imagen --> <\/p>\n<div style='margin-bottom: 30px;'> <img style='width: 100%; height: auto; border: 1px solid rgba(150&comma;150&comma;150&comma;0.3); border-radius: 8px;' src='https:\/\/ftp3.syscom.mx\/usuarios\/fespinoza\/HIKVISION\/Dispositivos\/Barreras%20Vehiculares\/DSTMG520\/5200.gif' alt=''> <\/div>\n<p> <!-- Video --> <\/p>\n<div style='margin-bottom: 30px;'>\n<h3 style='font-size: 22px; border-bottom: 2px solid currentColor; padding-bottom: 5px; margin-top: 0; color: inherit; opacity: 0.8; text-align: center;'>Configuraciones de la Barrera<\/h3>\n<div style='position: relative; padding-bottom: 56.25%; height: 0; overflow: hidden; margin: 20px 0;'>   <\/div>\n<\/p><\/div>\n<p> <!-- Nota importante --> <\/p>\n<div style='margin-bottom: 30px;'>\n<h3 style='font-size: 22px; border-bottom: 2px solid currentColor; padding-bottom: 5px; margin-top: 0; color: inherit; opacity: 0.8; text-align: center;'>Brazos de 4 mts en adelante requieren descansabrazos XB-POST para evitar da\u00f1os prematuros en el mecanismo.<\/h3>\n<\/p><\/div>\n<p> <!-- Frame de compatibilidad --> <\/p>\n<div style='margin-bottom: 30px;'>   <\/div>\n<\/p><\/div>\n","protected":false},"excerpt":{"rendered":"<p>Barrera Vehicular USO CONTINUO 5,000,000 Ciclos MCBF \/ Brazo INCLUIDO de 4 mts Iluminaci\u00f3n Rojo\/Verde \/ Apertura en 2 Seg (Ajustable) \/ Cambio de sentido en campo<\/p>\n","protected":false},"featured_media":19898,"comment_status":"open","ping_status":"closed","template":"","meta":[],"product_brand":[],"product_cat":[748],"product_tag":[401,749,54],"class_list":{"0":"post-19899","1":"product","2":"type-product","3":"status-publish","4":"has-post-thumbnail","6":"product_cat-barreras-vehiculares","7":"product_tag-acceso-vehicular","8":"product_tag-barreras-vehiculares","9":"product_tag-hikvision","11":"first","12":"outofstock","13":"sale","14":"shipping-taxable","15":"purchasable","16":"product-type-simple"},"_links":{"self":[{"href":"https:\/\/soydeaqui.ddns.net\/pachuca\/index.php\/wp-json\/wp\/v2\/product\/19899","targetHints":{"allow":["GET"]}}],"collection":[{"href":"https:\/\/soydeaqui.ddns.net\/pachuca\/index.php\/wp-json\/wp\/v2\/product"}],"about":[{"href":"https:\/\/soydeaqui.ddns.net\/pachuca\/index.php\/wp-json\/wp\/v2\/types\/product"}],"replies":[{"embeddable":true,"href":"https:\/\/soydeaqui.ddns.net\/pachuca\/index.php\/wp-json\/wp\/v2\/comments?post=19899"}],"wp:featuredmedia":[{"embeddable":true,"href":"https:\/\/soydeaqui.ddns.net\/pachuca\/index.php\/wp-json\/wp\/v2\/media\/19898"}],"wp:attachment":[{"href":"https:\/\/soydeaqui.ddns.net\/pachuca\/index.php\/wp-json\/wp\/v2\/media?parent=19899"}],"wp:term":[{"taxonomy":"product_brand","embeddable":true,"href":"https:\/\/soydeaqui.ddns.net\/pachuca\/index.php\/wp-json\/wp\/v2\/product_brand?post=19899"},{"taxonomy":"product_cat","embeddable":true,"href":"https:\/\/soydeaqui.ddns.net\/pachuca\/index.php\/wp-json\/wp\/v2\/product_cat?post=19899"},{"taxonomy":"product_tag","embeddable":true,"href":"https:\/\/soydeaqui.ddns.net\/pachuca\/index.php\/wp-json\/wp\/v2\/product_tag?post=19899"}],"curies":[{"name":"wp","href":"https:\/\/api.w.org\/{rel}","templated":true}]}}