{"id":19876,"date":"2026-03-18T10:11:13","date_gmt":"2026-03-18T10:11:13","guid":{"rendered":"https:\/\/soydeaqui.ddns.net\/pachuca\/index.php\/producto\/transmisor-de-1-canal-frecuencia-315mhz-cableado-para-proyectos-con-activacion-manual-tamano-compacto\/"},"modified":"2026-03-18T10:11:13","modified_gmt":"2026-03-18T10:11:13","slug":"transmisor-de-1-canal-frecuencia-315mhz-cableado-para-proyectos-con-activacion-manual-tamano-compacto","status":"publish","type":"product","link":"https:\/\/soydeaqui.ddns.net\/pachuca\/index.php\/producto\/transmisor-de-1-canal-frecuencia-315mhz-cableado-para-proyectos-con-activacion-manual-tamano-compacto\/","title":{"rendered":"Transmisor de 1 Canal \/ Frecuencia 315MHZ  \/ Cableado \/ Para Proyectos Con Activaci\u00f3n Manual \/ Tama\u00f1o Compacto"},"content":{"rendered":"<div style='width: 100%; max-width: 1200px; margin: 0 auto; font-family: sans-serif; line-height: 1.6; color: inherit; background-color: transparent;'>\n<hr style='border: 0; border-top: 1px solid rgba(150&comma; 150&comma; 150&comma; 0.3); margin: 30px 0;'>\n<div class='row' style='display: flex; flex-wrap: wrap; gap: 30px; margin-bottom: 30px;'>\n<div style='flex: 1 1 300px; min-width: 280px;'>\n<h3 style='font-size: 22px; border-bottom: 2px solid currentColor; padding-bottom: 5px; margin-top: 0; color: inherit; opacity: 0.8;'>Caracter\u00edsticas Principales:<\/h3>\n<ul style='padding-left: 20px; font-size: 15px; color: inherit;'>\n<li style='margin-bottom: 5px;'>Transmisor RF con cable<\/li>\n<li style='margin-bottom: 5px;'>Dos cables de 6\u2033 para N.O.<\/li>\n<li style='margin-bottom: 5px;'>Dos cables de 6\u2033 para entrada de energ\u00eda<\/li>\n<li style='margin-bottom: 5px;'>1 Solo boton<\/li>\n<\/ul><\/div>\n<div style='flex: 1 1 300px; min-width: 280px;'>\n<h3 style='font-size: 22px; border-bottom: 2px solid currentColor; padding-bottom: 5px; margin-top: 0; color: inherit; opacity: 0.8;'>Caracter\u00edsticas F\u00edsicas y El\u00e9ctricas:<\/h3>\n<ul style='padding-left: 20px; font-size: 15px; color: inherit;'>\n<li style='margin-bottom: 5px;'>Bater\u00eda de 3 VCC (CR-2032&comma; incluida)<\/li>\n<li style='margin-bottom: 5px;'>Alimentado por bater\u00eda interna o adaptador externo regulado de salida de 3~13 VCC (no incluido)<\/li>\n<li style='margin-bottom: 5px;'>Indicador de transmisi\u00f3n LED<\/li>\n<li style='margin-bottom: 5px;'>Compatible con todos los receptores SECO-LARM de la serie SK de la misma frecuencia<\/li>\n<\/ul><\/div>\n<div style='flex: 1 1 300px; min-width: 280px;'>\n<h3 style='font-size: 22px; border-bottom: 2px solid currentColor; padding-bottom: 5px; margin-top: 0; color: inherit; opacity: 0.8;'>Caracter\u00edsticas Destacadas:<\/h3>\n<ul style='padding-left: 20px; font-size: 15px; color: inherit;'>\n<li style='margin-bottom: 5px;'>Frecuencia 315 MHz<\/li>\n<li style='margin-bottom: 5px;'>1 Solo canal de transmision<\/li>\n<li style='margin-bottom: 5px;'>Funciona hasta 500 pies (150 m)<\/li>\n<li style='margin-bottom: 5px;'>Dimensiones: 1-1\/4\u2033x2-3\/16\u2033x5\/16\u2033 (31.5x55x8 mm)<\/li>\n<li style='margin-bottom: 5px;'>Tambi\u00e9n disponible sin logotipo: SK-919T1-GBWUQ \u2013 315 MHz (FCC)&comma; SK-939T1-GBWUQ \u2013 433&comma;92 MHz (CE)<\/li>\n<\/ul><\/div>\n<\/p><\/div>\n<hr style='border: 0; border-top: 1px solid rgba(150&comma; 150&comma; 150&comma; 0.3); margin: 30px 0;'> <\/div>\n","protected":false},"excerpt":{"rendered":"<p>Transmisor de 1 Canal \/ Frecuencia 315MHZ  \/ Cableado \/ Para Proyectos Con Activaci\u00f3n Manual \/ Tama\u00f1o Compacto<\/p>\n","protected":false},"featured_media":19875,"comment_status":"open","ping_status":"closed","template":"","meta":[],"product_brand":[],"product_cat":[190],"product_tag":[93,191,116],"class_list":{"0":"post-19876","1":"product","2":"type-product","3":"status-publish","4":"has-post-thumbnail","6":"product_cat-botones-de-salida","7":"product_tag-accesorios","8":"product_tag-botones-de-salida","9":"product_tag-enforcer-secolarm","11":"first","12":"outofstock","13":"sale","14":"shipping-taxable","15":"purchasable","16":"product-type-simple"},"_links":{"self":[{"href":"https:\/\/soydeaqui.ddns.net\/pachuca\/index.php\/wp-json\/wp\/v2\/product\/19876","targetHints":{"allow":["GET"]}}],"collection":[{"href":"https:\/\/soydeaqui.ddns.net\/pachuca\/index.php\/wp-json\/wp\/v2\/product"}],"about":[{"href":"https:\/\/soydeaqui.ddns.net\/pachuca\/index.php\/wp-json\/wp\/v2\/types\/product"}],"replies":[{"embeddable":true,"href":"https:\/\/soydeaqui.ddns.net\/pachuca\/index.php\/wp-json\/wp\/v2\/comments?post=19876"}],"wp:featuredmedia":[{"embeddable":true,"href":"https:\/\/soydeaqui.ddns.net\/pachuca\/index.php\/wp-json\/wp\/v2\/media\/19875"}],"wp:attachment":[{"href":"https:\/\/soydeaqui.ddns.net\/pachuca\/index.php\/wp-json\/wp\/v2\/media?parent=19876"}],"wp:term":[{"taxonomy":"product_brand","embeddable":true,"href":"https:\/\/soydeaqui.ddns.net\/pachuca\/index.php\/wp-json\/wp\/v2\/product_brand?post=19876"},{"taxonomy":"product_cat","embeddable":true,"href":"https:\/\/soydeaqui.ddns.net\/pachuca\/index.php\/wp-json\/wp\/v2\/product_cat?post=19876"},{"taxonomy":"product_tag","embeddable":true,"href":"https:\/\/soydeaqui.ddns.net\/pachuca\/index.php\/wp-json\/wp\/v2\/product_tag?post=19876"}],"curies":[{"name":"wp","href":"https:\/\/api.w.org\/{rel}","templated":true}]}}