{"id":19844,"date":"2026-03-18T10:10:40","date_gmt":"2026-03-18T10:10:40","guid":{"rendered":"https:\/\/soydeaqui.ddns.net\/pachuca\/index.php\/producto\/integracion-de-lectores-nedap-y-controlador-rosslare\/"},"modified":"2026-03-18T10:10:41","modified_gmt":"2026-03-18T10:10:41","slug":"integracion-de-lectores-nedap-y-controlador-rosslare","status":"publish","type":"product","link":"https:\/\/soydeaqui.ddns.net\/pachuca\/index.php\/producto\/integracion-de-lectores-nedap-y-controlador-rosslare\/","title":{"rendered":"Integraci\u00f3n de Lectores NEDAP  y controlador  ROSSLARE"},"content":{"rendered":"<div style='width: 100%; max-width: 1200px; margin: 0 auto; font-family: sans-serif; line-height: 1.6; color: inherit; background-color: transparent;'>\n<div style='display: flex; flex-wrap: wrap; gap: 30px; margin-bottom: 30px;'>\n<div style='flex: 1 1 300px; min-width: 280px;'>\n<h3 style='font-size: 22px; border-bottom: 2px solid currentColor; padding-bottom: 5px; margin-top: 0; color: inherit; opacity: 0.8;'>Descripci\u00f3n<\/h3>\n<p style='font-size: 15px; color: inherit; margin-bottom: 15px;'>Presentaci\u00f3n en l\u00ednea sobre la correcta especificaci\u00f3n de equipos para brindar una soluci\u00f3n de identificaci\u00f3n vehicular de la marca NEDAP&comma; en conjunto o integrado a la soluci\u00f3n de control de acceso de ROSSLARE.<\/p>\n<p style='font-size: 15px; color: inherit; margin-bottom: 15px;'>NEDAP y ROSSLARE le permitir\u00e1 conocer y ayudar a comprender los beneficios y ventajas de la soluci\u00f3n de control de acceso vehicular integrada.<\/p>\n<\/p><\/div>\n<\/p><\/div>\n<div style='display: flex; flex-wrap: wrap; gap: 20px; margin-bottom: 30px;'>\n<div style='flex: 1 1 250px; border: 1px solid rgba(150&comma; 150&comma; 150&comma; 0.4); border-radius: 8px; overflow: hidden; display: flex; flex-direction: column;'>\n<div style='padding: 15px; border-bottom: 1px solid rgba(150&comma; 150&comma; 150&comma; 0.2); font-weight: bold; font-size: 18px; color: inherit;'>Requisitos<\/div>\n<div style='padding: 15px; color: inherit;'>\n<ul style='padding-left: 20px; margin: 0; font-size: 14px; list-style-type: disc;'>\n<li style='margin-bottom: 5px;'>Ser Distribuidor SYSCOM<\/li>\n<li style='margin-bottom: 5px;'>Conocimientos b\u00e1sicos de control de acceso<\/li>\n<li style='margin-bottom: 5px;'>Identificaci\u00f3n de la empresa que representa<\/li>\n<\/ul><\/div>\n<\/p><\/div>\n<div style='flex: 1 1 250px; border: 1px solid rgba(150&comma; 150&comma; 150&comma; 0.4); border-radius: 8px; overflow: hidden; display: flex; flex-direction: column;'>\n<div style='padding: 15px; border-bottom: 1px solid rgba(150&comma; 150&comma; 150&comma; 0.2); font-weight: bold; font-size: 18px; color: inherit;'>Dirigido a<\/div>\n<div style='padding: 15px; color: inherit;'>\n<p style='font-size: 14px; margin: 0;'>A todos los que desean involucrarse en el conocimiento de las soluciones de identificaci\u00f3n vehicular de diversas tecnolog\u00edas de alta especificaci\u00f3n.<\/p>\n<\/p><\/div>\n<\/p><\/div>\n<div style='flex: 1 1 250px; border: 1px solid rgba(150&comma; 150&comma; 150&comma; 0.4); border-radius: 8px; overflow: hidden; display: flex; flex-direction: column;'>\n<div style='padding: 15px; border-bottom: 1px solid rgba(150&comma; 150&comma; 150&comma; 0.2); font-weight: bold; font-size: 18px; color: inherit;'>Objetivo del Curso<\/div>\n<div style='padding: 15px; color: inherit;'>\n<p style='font-size: 14px; margin: 0;'>El participante aprender\u00e1 y conocer\u00e1 c\u00f3mo realizar la integraci\u00f3n e implementaci\u00f3n de un sistema de control de acceso de alta especificaci\u00f3n utilizando las diferentes tecnolog\u00edas de identificaci\u00f3n vehicular con las marcas NEDAP y ROSSLARE.<\/p>\n<\/p><\/div>\n<\/p><\/div>\n<\/p><\/div>\n<div style='display: flex; flex-wrap: wrap; gap: 30px;'>\n<div style='flex: 1 1 300px; min-width: 280px;'>\n<h3 style='font-size: 22px; border-bottom: 2px solid currentColor; padding-bottom: 5px; margin-top: 0; color: inherit; opacity: 0.8;'>Contenido del Curso<\/h3>\n<ul style='padding-left: 20px; font-size: 15px; color: inherit; list-style-type: disc;'>\n<li style='margin-bottom: 5px;'>Conceptos b\u00e1sicos de Acceso<\/li>\n<li style='margin-bottom: 5px;'>C\u00f3mo funciona el lector QR de NEDAP<\/li>\n<li style='margin-bottom: 5px;'>C\u00f3mo funciona el lector de Largo alcance de NEDAP<\/li>\n<li style='margin-bottom: 5px;'>C\u00f3mo funciona el software de Administraci\u00f3n AXTRAXNG de ROSSLARE<\/li>\n<li style='margin-bottom: 5px;'>Conexiones de lectores y controlador de acceso<\/li>\n<li style='margin-bottom: 5px;'>Operaci\u00f3n completa del sistema<\/li>\n<\/ul><\/div>\n<\/p><\/div>\n<hr style='border: 0; border-top: 1px solid rgba(150&comma; 150&comma; 150&comma; 0.3); margin: 30px 0;'> <\/div>\n","protected":false},"excerpt":{"rendered":"<p>Integraci\u00f3n de Lectores NEDAP  y controlador  ROSSLARE<\/p>\n","protected":false},"featured_media":32,"comment_status":"open","ping_status":"closed","template":"","meta":[],"product_brand":[],"product_cat":[764],"product_tag":[765,744,63],"class_list":{"0":"post-19844","1":"product","2":"type-product","3":"status-publish","4":"has-post-thumbnail","6":"product_cat-biometricos-acceso-sin-contacto","7":"product_tag-acceso-sin-contacto","8":"product_tag-biometricos","9":"product_tag-syscom","11":"first","12":"outofstock","13":"sale","14":"shipping-taxable","15":"purchasable","16":"product-type-simple"},"_links":{"self":[{"href":"https:\/\/soydeaqui.ddns.net\/pachuca\/index.php\/wp-json\/wp\/v2\/product\/19844","targetHints":{"allow":["GET"]}}],"collection":[{"href":"https:\/\/soydeaqui.ddns.net\/pachuca\/index.php\/wp-json\/wp\/v2\/product"}],"about":[{"href":"https:\/\/soydeaqui.ddns.net\/pachuca\/index.php\/wp-json\/wp\/v2\/types\/product"}],"replies":[{"embeddable":true,"href":"https:\/\/soydeaqui.ddns.net\/pachuca\/index.php\/wp-json\/wp\/v2\/comments?post=19844"}],"wp:featuredmedia":[{"embeddable":true,"href":"https:\/\/soydeaqui.ddns.net\/pachuca\/index.php\/wp-json\/wp\/v2\/media\/32"}],"wp:attachment":[{"href":"https:\/\/soydeaqui.ddns.net\/pachuca\/index.php\/wp-json\/wp\/v2\/media?parent=19844"}],"wp:term":[{"taxonomy":"product_brand","embeddable":true,"href":"https:\/\/soydeaqui.ddns.net\/pachuca\/index.php\/wp-json\/wp\/v2\/product_brand?post=19844"},{"taxonomy":"product_cat","embeddable":true,"href":"https:\/\/soydeaqui.ddns.net\/pachuca\/index.php\/wp-json\/wp\/v2\/product_cat?post=19844"},{"taxonomy":"product_tag","embeddable":true,"href":"https:\/\/soydeaqui.ddns.net\/pachuca\/index.php\/wp-json\/wp\/v2\/product_tag?post=19844"}],"curies":[{"name":"wp","href":"https:\/\/api.w.org\/{rel}","templated":true}]}}