{"id":19829,"date":"2026-03-18T10:10:26","date_gmt":"2026-03-18T10:10:26","guid":{"rendered":"https:\/\/soydeaqui.ddns.net\/pachuca\/index.php\/producto\/torniquete-swing-central-premium-para-ampliar-carriles-iluminacion-led-carril-de-90-cms-requiere-torniquetes-izquierdo-y-derecho\/"},"modified":"2026-03-18T10:10:26","modified_gmt":"2026-03-18T10:10:26","slug":"torniquete-swing-central-premium-para-ampliar-carriles-iluminacion-led-carril-de-90-cms-requiere-torniquetes-izquierdo-y-derecho","status":"publish","type":"product","link":"https:\/\/soydeaqui.ddns.net\/pachuca\/index.php\/producto\/torniquete-swing-central-premium-para-ampliar-carriles-iluminacion-led-carril-de-90-cms-requiere-torniquetes-izquierdo-y-derecho\/","title":{"rendered":"Torniquete Swing Central PREMIUM para Ampliar Carriles \/ Iluminaci\u00f3n LED \/ Carril de 90 cms \/ Requiere Torniquetes Izquierdo y Derecho"},"content":{"rendered":"<div style='width: 100%; max-width: 1200px; margin: 0 auto; font-family: sans-serif; line-height: 1.6; color: inherit; background-color: transparent;'> <!-- Secci\u00f3n de caracter\u00edsticas principales --> <\/p>\n<div style='display: flex; flex-wrap: wrap; gap: 30px; margin-bottom: 30px;'>\n<div style='flex: 1 1 300px; min-width: 280px;'>\n<h3 style='font-size: 22px; border-bottom: 2px solid currentColor; padding-bottom: 5px; margin-top: 0; color: inherit; opacity: 0.8;'>Caracter\u00edsticas principales<\/h3>\n<ul style='padding-left: 20px; font-size: 15px; color: inherit;'>\n<li style='margin-bottom: 5px;'>Material de aletas: Acr\u00edlico<\/li>\n<li style='margin-bottom: 5px;'>Material: Acero Inoxidable SUS304 1.5 mm<\/li>\n<li style='margin-bottom: 5px;'>Instalaci\u00f3n: Interior\/Exterior<\/li>\n<li style='margin-bottom: 5px; color: #c0392b; font-weight: bold;'>Incluye Torniquete Central \/ Requiere Torniquetes Izquierdo y Derecho por separado<\/li>\n<li style='margin-bottom: 5px;'>14 pares de detectores IR para detecci\u00f3n de peat\u00f3n<\/li>\n<\/ul><\/div>\n<div style='flex: 1 1 300px; min-width: 280px;'>\n<h3 style='font-size: 22px; border-bottom: 2px solid currentColor; padding-bottom: 5px; margin-top: 0; color: inherit; opacity: 0.8;'>Caracter\u00edsticas F\u00edsicas y El\u00e9ctricas<\/h3>\n<ul style='padding-left: 20px; font-size: 15px; color: inherit;'>\n<li style='margin-bottom: 5px;'>Alimentaci\u00f3n 110\/220 Vca.<\/li>\n<li style='margin-bottom: 5px;'>Consumo: 55W por carril<\/li>\n<li style='margin-bottom: 5px;'>Temperatura de operaci\u00f3n: -20 \u00b0C a 65 \u00b0C<\/li>\n<li style='margin-bottom: 5px;'>Dimensiones: 1500mm x 130 mm x 1000 mm<\/li>\n<li style='margin-bottom: 5px;'>Dimensiones embalaje: 1610 x 410 x 1255 mm<\/li>\n<\/ul><\/div>\n<div style='flex: 1 1 300px; min-width: 280px;'>\n<h3 style='font-size: 22px; border-bottom: 2px solid currentColor; padding-bottom: 5px; margin-top: 0; color: inherit; opacity: 0.8;'>Caracter\u00edsticas Destacadas<\/h3>\n<ul style='padding-left: 20px; font-size: 15px; color: inherit;'>\n<li style='margin-bottom: 5px;'>Apertura autom\u00e1tica en caso de emergencia o corte de energ\u00eda el\u00e9ctrica<\/li>\n<li style='margin-bottom: 5px;'>LEDs para indicar direcci\u00f3n de paso<\/li>\n<li style='margin-bottom: 5px;'>LEDs en las aletas con color configurable<\/li>\n<li style='margin-bottom: 5px;'>Configurable por navegador<\/li>\n<li style='margin-bottom: 5px;'>Soporta ISAPI para integraciones de software<\/li>\n<\/ul><\/div>\n<\/p><\/div>\n<p> <!-- Separador --> <\/p>\n<hr style='border: 0; border-top: 1px solid rgba(150&comma; 150&comma; 150&comma; 0.3); margin: 30px 0;'> <!-- Secci\u00f3n de im\u00e1genes y texto --> <\/p>\n<div style='display: flex; flex-wrap: wrap; gap: 30px; margin-bottom: 30px;'>\n<div style='flex: 1 1 400px; min-width: 300px;'>\n<h3 style='font-size: 18px; color: inherit; margin-top: 0;'>Servomotor para 12&comma;000&comma;000 MCBF<\/h3>\n<p style='font-size: 15px; color: inherit;'>De acero m\u00e1s grueso que la mayor\u00eda de torniquetes similares (1.5 mm) y con <strong style='color: inherit;'>Servomotor garantizado por hasta 12 Millones de Ciclos antes de cualquier falla.<\/strong> Cuenta tambi\u00e9n con 14 pares de IRs para detecci\u00f3n de peat\u00f3n m\u00e1s preciso (m\u00e1s sensores que un torniquete est\u00e1ndar).<\/p>\n<h3 style='font-size: 18px; color: inherit;'>Caracter\u00edsticas<\/h3>\n<ul style='padding-left: 20px; font-size: 15px; color: inherit;'>\n<li style='margin-bottom: 5px;'>Mecanismo robusto para uso continuo&comma; r\u00e1pido y silencioso.<\/li>\n<li style='margin-bottom: 5px;'>Paso libre en caso de emergencia o p\u00e9rdida de energ\u00eda.<\/li>\n<li style='margin-bottom: 5px;'>Soporta hasta 700&comma;000 Tarjetas.<\/li>\n<li style='margin-bottom: 5px;'>Carril de 90 cms para el paso de los peatones<\/li>\n<li style='margin-bottom: 5px;'>Incluye torniquete izquierdo y derecho.<\/li>\n<li style='margin-bottom: 5px; font-weight: bold;'>Controlador de Acceso y lectores MIFARE Incluidos.<\/li>\n<li style='margin-bottom: 5px; font-weight: bold;'>Instalaci\u00f3n en Interior \/ Exterior (ver videos abajo)<\/li>\n<\/ul><\/div>\n<div style='flex: 1 1 400px; min-width: 300px;'> <img style='width: 100%; height: auto; border: 1px solid rgba(150&comma;150&comma;150&comma;0.3); border-radius: 8px;' src='https:\/\/ftp3.syscom.mx\/usuarios\/fespinoza\/HIKVISION\/Dispositivos\/Torniquetes\/DSK3B530\/Torniquetes%20Completos.png' alt='Torniquetes Completos'> <\/div>\n<\/p><\/div>\n<p> <!-- Separador --> <\/p>\n<hr style='border: 0; border-top: 1px solid rgba(150&comma; 150&comma; 150&comma; 0.3); margin: 30px 0;'> <!-- Secci\u00f3n de compatibilidad y videos --> <\/p>\n<div style='display: flex; flex-wrap: wrap; gap: 30px; margin-bottom: 30px;'>\n<div style='flex: 1 1 400px; min-width: 300px;'>\n<h3 style='font-size: 18px; color: inherit; margin-top: 0;'>Compatibles con Reconocimiento Facial<\/h3>\n<p style='font-size: 15px; color: inherit;'>Preparados para instalar el montaje <strong style='color: inherit;'>DS-KAB6ZU1<\/strong> + <strong style='color: inherit;'>Terminal Facial Min Moe<\/strong> para a\u00f1adir <em>reconocimiento facial&comma; huella&comma; QRs etc<\/em> y administraci\u00f3n en la nube a trav\u00e9s de la terminal Min Moe y HikConnect Teams.<\/p>\n<div style='display: flex; flex-wrap: wrap; gap: 15px;'> <img style='flex: 1 1 45%; width: 100%; height: auto; border: 1px solid rgba(150&comma;150&comma;150&comma;0.3); border-radius: 8px;' src='https:\/\/ftp3.syscom.mx\/usuarios\/fotos\/BancoFotografiasSyscom\/HIKVISION\/DSK1T670MWXQR\/DSK1T670MWXQR-p.PNG' alt='Terminal Facial Min Moe'> <img style='flex: 1 1 45%; width: 100%; height: auto; border: 1px solid rgba(150&comma;150&comma;150&comma;0.3); border-radius: 8px;' src='https:\/\/ftp3.syscom.mx\/usuarios\/fotos\/BancoFotografiasSyscom\/HIKVISION\/DSKAB6ZU1\/DSKAB6ZU1-p.PNG' alt='DSKAB6ZU1'> <\/div>\n<\/p><\/div>\n<div style='flex: 1 1 400px; min-width: 300px;'> <img style='width: 100%; height: auto; border: 1px solid rgba(150&comma;150&comma;150&comma;0.3); border-radius: 8px;' src='https:\/\/ftp3.syscom.mx\/usuarios\/fespinoza\/HIKVISION\/Dispositivos\/Torniquetes\/DSK3B530\/6.jpg' alt='Torniquete DSK3B530'> <\/div>\n<\/p><\/div>\n<p> <!-- Separador --> <\/p>\n<hr style='border: 0; border-top: 1px solid rgba(150&comma; 150&comma; 150&comma; 0.3); margin: 30px 0;'> <!-- Secci\u00f3n de videos --> <\/p>\n<div style='text-align: center; margin-bottom: 30px;'>\n<h3 style='font-size: 20px; color: inherit; margin-bottom: 20px;'>VIDEOS DE OPERACION EN INTERIOR Y EXTERIOR<\/h3>\n<\/p><\/div>\n<div style='display: flex; flex-wrap: wrap; gap: 30px; justify-content: center;'>\n<div style='flex: 1 1 560px; min-width: 300px; position: relative; padding-bottom: 56.25%; height: 0; overflow: hidden;'>   <\/div>\n<div style='flex: 1 1 560px; min-width: 300px; position: relative; padding-bottom: 56.25%; height: 0; overflow: hidden;'>   <\/div>\n<\/p><\/div>\n<p> <!-- Separador final --> <\/p>\n<hr style='border: 0; border-top: 1px solid rgba(150&comma; 150&comma; 150&comma; 0.3); margin: 30px 0;'> <\/div>\n","protected":false},"excerpt":{"rendered":"<p>Torniquete Swing Central PREMIUM para Ampliar Carriles \/ Iluminaci\u00f3n LED \/ Carril de 90 cms \/ Requiere Torniquetes Izquierdo y Derecho<\/p>\n","protected":false},"featured_media":19828,"comment_status":"open","ping_status":"closed","template":"","meta":[],"product_brand":[],"product_cat":[758],"product_tag":[54,760,759],"class_list":{"0":"post-19829","1":"product","2":"type-product","3":"status-publish","4":"has-post-thumbnail","6":"product_cat-torniquetes-de-medio-cuerpo","7":"product_tag-hikvision","8":"product_tag-torniquetes-de-medio-cuerpo","9":"product_tag-torniquetes-y-puertas-de-cortesia","11":"first","12":"outofstock","13":"sale","14":"shipping-taxable","15":"purchasable","16":"product-type-simple"},"_links":{"self":[{"href":"https:\/\/soydeaqui.ddns.net\/pachuca\/index.php\/wp-json\/wp\/v2\/product\/19829","targetHints":{"allow":["GET"]}}],"collection":[{"href":"https:\/\/soydeaqui.ddns.net\/pachuca\/index.php\/wp-json\/wp\/v2\/product"}],"about":[{"href":"https:\/\/soydeaqui.ddns.net\/pachuca\/index.php\/wp-json\/wp\/v2\/types\/product"}],"replies":[{"embeddable":true,"href":"https:\/\/soydeaqui.ddns.net\/pachuca\/index.php\/wp-json\/wp\/v2\/comments?post=19829"}],"wp:featuredmedia":[{"embeddable":true,"href":"https:\/\/soydeaqui.ddns.net\/pachuca\/index.php\/wp-json\/wp\/v2\/media\/19828"}],"wp:attachment":[{"href":"https:\/\/soydeaqui.ddns.net\/pachuca\/index.php\/wp-json\/wp\/v2\/media?parent=19829"}],"wp:term":[{"taxonomy":"product_brand","embeddable":true,"href":"https:\/\/soydeaqui.ddns.net\/pachuca\/index.php\/wp-json\/wp\/v2\/product_brand?post=19829"},{"taxonomy":"product_cat","embeddable":true,"href":"https:\/\/soydeaqui.ddns.net\/pachuca\/index.php\/wp-json\/wp\/v2\/product_cat?post=19829"},{"taxonomy":"product_tag","embeddable":true,"href":"https:\/\/soydeaqui.ddns.net\/pachuca\/index.php\/wp-json\/wp\/v2\/product_tag?post=19829"}],"curies":[{"name":"wp","href":"https:\/\/api.w.org\/{rel}","templated":true}]}}