{"id":19798,"date":"2026-03-18T10:09:54","date_gmt":"2026-03-18T10:09:54","guid":{"rendered":"https:\/\/soydeaqui.ddns.net\/pachuca\/index.php\/producto\/limpiador-desengrasante-en-aerosol-dielectrico-para-tarjetas-electronicas-y-circuitos-bote-170-ml\/"},"modified":"2026-03-18T10:09:55","modified_gmt":"2026-03-18T10:09:55","slug":"limpiador-desengrasante-en-aerosol-dielectrico-para-tarjetas-electronicas-y-circuitos-bote-170-ml","status":"publish","type":"product","link":"https:\/\/soydeaqui.ddns.net\/pachuca\/index.php\/producto\/limpiador-desengrasante-en-aerosol-dielectrico-para-tarjetas-electronicas-y-circuitos-bote-170-ml\/","title":{"rendered":"Limpiador desengrasante en aerosol dielectrico, para tarjetas electr\u00f3nicas y circuitos, bote 170 ml."},"content":{"rendered":"<div style='width: 100%; max-width: 1200px; margin: 0 auto; font-family: sans-serif; line-height: 1.6; color: inherit; background-color: transparent;'>\n<div style='display: flex; flex-wrap: wrap; gap: 30px;'>\n<div style='flex: 1 1 500px; min-width: 300px;'>\n<div style='width: 100%; max-width: 100%;'> <img style='width: 100%; height: auto; border: 1px solid rgba(150&comma;150&comma;150&comma;0.3); border-radius: 8px;' src='https:\/\/ftp3.syscom.mx\/usuarios\/fotos\/COMPUKLIN\/165211-silimexup.jpg' alt=''> <\/div>\n<p style='margin-top: 1.5em; margin-bottom: 1em; font-size: 1.2em; font-weight: bold; color: inherit; opacity: 0.9;'> Limpiador desengrasante en aerosol <\/p>\n<p style='margin-bottom: 1em; color: inherit;'> COMPUKLIN limpia y desengrasa&comma; Desintegra grasa&comma; cochambre&comma; polvo y otros residuos en circuitos y tarjetas electr\u00f3nicas&comma; R\u00e1pida evaporaci\u00f3n. <\/p>\n<ul style='padding-left: 20px; margin-bottom: 1.5em; color: inherit;'>\n<li style='margin-bottom: 5px;'><strong>Presentaci\u00f3n:<\/strong> Bote con 170 ml<\/li>\n<\/ul>\n<div style='position: relative; padding-bottom: 56.25%; height: 0; overflow: hidden; margin-bottom: 30px;'>   <\/div>\n<\/p><\/div>\n<div style='flex: 1 1 500px; min-width: 300px;'>\n<div style='width: 100%; max-width: 100%;'> <img style='width: 100%; height: auto; border: 1px solid rgba(150&comma;150&comma;150&comma;0.3); border-radius: 8px;' src='https:\/\/ftp3.syscom.mx\/usuarios\/fotos\/COMPUKLIN\/165211-linkdn.png' alt=''> <\/div>\n<\/p><\/div>\n<\/p><\/div>\n<\/p><\/div>\n","protected":false},"excerpt":{"rendered":"<p>Limpiador desengrasante en aerosol dielectrico, para tarjetas electr\u00f3nicas y circuitos, bote 170 ml.<\/p>\n","protected":false},"featured_media":19797,"comment_status":"open","ping_status":"closed","template":"","meta":[],"product_brand":[],"product_cat":[752],"product_tag":[93,753,607],"class_list":{"0":"post-19798","1":"product","2":"type-product","3":"status-publish","4":"has-post-thumbnail","6":"product_cat-mobiliario-de-apoyo","7":"product_tag-accesorios","8":"product_tag-mobiliario-de-apoyo","9":"product_tag-silimex","11":"first","12":"instock","13":"sale","14":"shipping-taxable","15":"purchasable","16":"product-type-simple"},"_links":{"self":[{"href":"https:\/\/soydeaqui.ddns.net\/pachuca\/index.php\/wp-json\/wp\/v2\/product\/19798","targetHints":{"allow":["GET"]}}],"collection":[{"href":"https:\/\/soydeaqui.ddns.net\/pachuca\/index.php\/wp-json\/wp\/v2\/product"}],"about":[{"href":"https:\/\/soydeaqui.ddns.net\/pachuca\/index.php\/wp-json\/wp\/v2\/types\/product"}],"replies":[{"embeddable":true,"href":"https:\/\/soydeaqui.ddns.net\/pachuca\/index.php\/wp-json\/wp\/v2\/comments?post=19798"}],"wp:featuredmedia":[{"embeddable":true,"href":"https:\/\/soydeaqui.ddns.net\/pachuca\/index.php\/wp-json\/wp\/v2\/media\/19797"}],"wp:attachment":[{"href":"https:\/\/soydeaqui.ddns.net\/pachuca\/index.php\/wp-json\/wp\/v2\/media?parent=19798"}],"wp:term":[{"taxonomy":"product_brand","embeddable":true,"href":"https:\/\/soydeaqui.ddns.net\/pachuca\/index.php\/wp-json\/wp\/v2\/product_brand?post=19798"},{"taxonomy":"product_cat","embeddable":true,"href":"https:\/\/soydeaqui.ddns.net\/pachuca\/index.php\/wp-json\/wp\/v2\/product_cat?post=19798"},{"taxonomy":"product_tag","embeddable":true,"href":"https:\/\/soydeaqui.ddns.net\/pachuca\/index.php\/wp-json\/wp\/v2\/product_tag?post=19798"}],"curies":[{"name":"wp","href":"https:\/\/api.w.org\/{rel}","templated":true}]}}