{"id":19783,"date":"2026-03-18T10:09:37","date_gmt":"2026-03-18T10:09:37","guid":{"rendered":"https:\/\/soydeaqui.ddns.net\/pachuca\/index.php\/producto\/seccion-de-picos-poncha-llantas-de-1-metro-ideales-para-direccionar-el-trafico-vehicular\/"},"modified":"2026-03-18T10:09:40","modified_gmt":"2026-03-18T10:09:40","slug":"seccion-de-picos-poncha-llantas-de-1-metro-ideales-para-direccionar-el-trafico-vehicular","status":"publish","type":"product","link":"https:\/\/soydeaqui.ddns.net\/pachuca\/index.php\/producto\/seccion-de-picos-poncha-llantas-de-1-metro-ideales-para-direccionar-el-trafico-vehicular\/","title":{"rendered":"Seccion  de Picos Poncha-Llantas de 1 Metro \/ Ideales Para Direccionar el Trafico Vehicular"},"content":{"rendered":"<div style='width: 100%; max-width: 1200px; margin: 0 auto; font-family: sans-serif; line-height: 1.6; color: inherit; background-color: transparent;'>\n<div style='display: flex; flex-wrap: wrap; gap: 30px; margin-bottom: 30px;'>\n<div style='flex: 1 1 300px; min-width: 280px;'>\n<h3 style='font-size: 22px; border-bottom: 2px solid currentColor; padding-bottom: 5px; margin-top: 0; color: inherit; opacity: 0.8;'>Secci\u00f3n de picos ponchallantas de 1 metro<\/h3>\n<h3 style='font-size: 18px; margin-top: 20px; margin-bottom: 10px; color: inherit;'>Caracter\u00edsticas:<\/h3>\n<ul style='padding-left: 20px; font-size: 15px; color: inherit;'>\n<li style='margin-bottom: 5px;'>Fabricados en acero<\/li>\n<li style='margin-bottom: 5px;'>Color amarillo<\/li>\n<li style='margin-bottom: 5px;'>Bloqueo por medio de tornillos<\/li>\n<li style='margin-bottom: 5px;'>Activaci\u00f3n por medio de resortes<\/li>\n<li style='margin-bottom: 5px;'>Ideales para control de tr\u00e1fico vehicular<\/li>\n<li style='margin-bottom: 5px;'>F\u00e1cil ensamble de secciones<\/li>\n<li style='margin-bottom: 5px;'>Medidas 1000 x 480 x 120 mm<\/li>\n<li style='margin-bottom: 5px;'>No incluye tornillos para instalaci\u00f3n (puede usar AC-4TOR o AC-30ANCLA)<\/li>\n<\/ul>\n<h3 style='font-size: 18px; margin-top: 20px; margin-bottom: 10px; color: inherit;'>Accesorios adicionales (No incluidos):<\/h3>\n<ul style='padding-left: 20px; font-size: 15px; color: inherit;'>\n<li style='margin-bottom: 5px;'><strong>XBTKCAPH<\/strong> Bisel final hembra para picos XBTKM<\/li>\n<li style='margin-bottom: 5px;'><strong>XBTKCAPM<\/strong> Bisel final macho para picos XBTKM<\/li>\n<\/ul><\/div>\n<div style='flex: 1 1 300px; min-width: 280px;'> <img style='width: 100%; height: auto; border: 1px solid rgba(150&comma;150&comma;150&comma;0.3); border-radius: 8px;' src='https:\/\/ftp3.syscom.mx\/usuarios\/fotos\/XBTK1M\/188762-xbtk1m.png' alt=''> <\/div>\n<\/p><\/div>\n<hr style='border: 0; border-top: 1px solid rgba(150&comma; 150&comma; 150&comma; 0.3); margin: 30px 0;'>\n<div style='margin-bottom: 30px;'>\n<p style='text-align: center; font-size: 15px; margin: 10px 0; color: inherit;'>Se tienen dos versiones de biseles finales para las secciones de ponchallantas (Macho y Hembra)<\/p>\n<p style='text-align: center; font-size: 15px; margin: 10px 0; color: inherit;'>Para un mejor funcionamiento del equipo&comma; se debe de hacer limpieza diaria para evitar que la acumulaci\u00f3n de part\u00edculas llegue a atorar los ponchallantas.<\/p>\n<p style='text-align: center; font-size: 15px; margin: 10px 0; color: inherit;'>Al llegar a ponchallantas debe de hacerse de manera recta&comma; ya que de no hacerlo puede da\u00f1ar los neum\u00e1ticos de su autom\u00f3vil.<\/p>\n<p style='text-align: center; font-size: 15px; margin: 10px 0; color: inherit;'>Velocidad m\u00e1xima de 8 km\/hr.<\/p>\n<p style='text-align: center; font-size: 15px; margin: 10px 0; color: inherit;'>La altura m\u00ednima de los autom\u00f3viles debe de ser de 13 cm.<\/p>\n<\/p><\/div>\n<hr style='border: 0; border-top: 1px solid rgba(150&comma; 150&comma; 150&comma; 0.3); margin: 30px 0;'> <\/div>\n","protected":false},"excerpt":{"rendered":"<p>Seccion  de Picos Poncha-Llantas de 1 Metro \/ Ideales Para Direccionar el Trafico Vehicular<\/p>\n","protected":false},"featured_media":19782,"comment_status":"open","ping_status":"closed","template":"","meta":[],"product_brand":[],"product_cat":[746],"product_tag":[401,234,747],"class_list":{"0":"post-19783","1":"product","2":"type-product","3":"status-publish","4":"has-post-thumbnail","6":"product_cat-picos-poncha-llantas","7":"product_tag-acceso-vehicular","8":"product_tag-accesspro","9":"product_tag-picos-poncha-llantas","11":"first","12":"instock","13":"sale","14":"shipping-taxable","15":"purchasable","16":"product-type-simple"},"_links":{"self":[{"href":"https:\/\/soydeaqui.ddns.net\/pachuca\/index.php\/wp-json\/wp\/v2\/product\/19783","targetHints":{"allow":["GET"]}}],"collection":[{"href":"https:\/\/soydeaqui.ddns.net\/pachuca\/index.php\/wp-json\/wp\/v2\/product"}],"about":[{"href":"https:\/\/soydeaqui.ddns.net\/pachuca\/index.php\/wp-json\/wp\/v2\/types\/product"}],"replies":[{"embeddable":true,"href":"https:\/\/soydeaqui.ddns.net\/pachuca\/index.php\/wp-json\/wp\/v2\/comments?post=19783"}],"wp:featuredmedia":[{"embeddable":true,"href":"https:\/\/soydeaqui.ddns.net\/pachuca\/index.php\/wp-json\/wp\/v2\/media\/19782"}],"wp:attachment":[{"href":"https:\/\/soydeaqui.ddns.net\/pachuca\/index.php\/wp-json\/wp\/v2\/media?parent=19783"}],"wp:term":[{"taxonomy":"product_brand","embeddable":true,"href":"https:\/\/soydeaqui.ddns.net\/pachuca\/index.php\/wp-json\/wp\/v2\/product_brand?post=19783"},{"taxonomy":"product_cat","embeddable":true,"href":"https:\/\/soydeaqui.ddns.net\/pachuca\/index.php\/wp-json\/wp\/v2\/product_cat?post=19783"},{"taxonomy":"product_tag","embeddable":true,"href":"https:\/\/soydeaqui.ddns.net\/pachuca\/index.php\/wp-json\/wp\/v2\/product_tag?post=19783"}],"curies":[{"name":"wp","href":"https:\/\/api.w.org\/{rel}","templated":true}]}}