{"id":19780,"date":"2026-03-18T10:09:35","date_gmt":"2026-03-18T10:09:35","guid":{"rendered":"https:\/\/soydeaqui.ddns.net\/pachuca\/index.php\/producto\/terminal-facial-min-moe-con-lector-de-huellas-y-tarjetas-prox-em-3000-rostros-3000-huellas-pantalla-4-5-administrable-en-la-nube-con-hikconnect-teams-exterior-ip65-poe-wifi-hik-ia\/"},"modified":"2026-03-18T10:09:36","modified_gmt":"2026-03-18T10:09:36","slug":"terminal-facial-min-moe-con-lector-de-huellas-y-tarjetas-prox-em-3000-rostros-3000-huellas-pantalla-4-5-administrable-en-la-nube-con-hikconnect-teams-exterior-ip65-poe-wifi-hik-ia","status":"publish","type":"product","link":"https:\/\/soydeaqui.ddns.net\/pachuca\/index.php\/producto\/terminal-facial-min-moe-con-lector-de-huellas-y-tarjetas-prox-em-3000-rostros-3000-huellas-pantalla-4-5-administrable-en-la-nube-con-hikconnect-teams-exterior-ip65-poe-wifi-hik-ia\/","title":{"rendered":"Terminal Facial Min Moe con LECTOR DE HUELLAS y Tarjetas PROX EM \/ 3000 Rostros \/ 3000 Huellas \/ Pantalla 4.5&#8243; \/ Administrable en la Nube con HikConnect Teams  \/ Exterior IP65  \/ PoE \/ WiFi \/ HIK-IA \/ SIP Estandar"},"content":{"rendered":"<div style='width: 100%; max-width: 1200px; margin: 0 auto; font-family: sans-serif; line-height: 1.6; color: inherit; background-color: transparent;'> <!-- Secci\u00f3n principal --> <\/p>\n<div style='display: flex; flex-wrap: wrap; gap: 30px; margin-bottom: 30px;'>\n<div style='flex: 1 1 300px; min-width: 280px;'> <img style='width: 100%; height: auto; border: 1px solid rgba(150&comma;150&comma;150&comma;0.3); border-radius: 8px;' src='https:\/\/ftp3.syscom.mx\/usuarios\/fespinoza\/HIKVISION\/banner_hikconnect_6.png' alt='Banner Hik-Connect Teams'> <\/div>\n<div style='flex: 1 1 300px; min-width: 280px;'>\n<h2 style='font-size: 24px; margin-top: 0; margin-bottom: 15px;'>Administre este equipo en la Nube Aproveche <span style='color: #c0392b;'>Hik-Connect Teams<\/span><\/h2>\n<p style='font-size: 14px;'> <span style='color: #c0392b;'>* Gratis para 10 Dispositivos y 100 empleados. <span style='color: #000000;'>Licencia adicional <\/span><\/span> <a href='https:\/\/www.syscom.mx\/producto\/HCT-ACCESO-1P-HIKVISION-226166.html' style='color: #000000; text-decoration: underline; font-weight: bold;'>HCTACCESO1P<\/a> <span style='color: #c0392b;'>. <\/span> <span style='color: #c0392b;'> <span style='color: #000000;'>Reg\u00edstrese en<\/span> <a href='https:\/\/ius.hik-connect.com\/' style='color: #2880b9; text-decoration: underline; font-weight: bold;'>www.hik-connect.com<\/a> <\/span> <\/p>\n<p style='font-size: 14px;'>HikConnect Teams es una plataforma <strong>SaaS<\/strong> para la gesti\u00f3n unificada en la nube de la seguridad con mayor rentabilidad&comma; f\u00e1cil de implementar&comma; altamente escalable en todos sus niveles y extremadamente seguro.<\/p>\n<ul style='padding-left: 20px; font-size: 14px;'>\n<li style='margin-bottom: 5px;'><em>Administraci\u00f3n de usuarios&comma; roles&comma; y sucursales.<\/em><\/li>\n<li style='margin-bottom: 5px;'><em>Sincronizaci\u00f3n autom\u00e1tica de usuarios por \u00e1reas.<\/em><\/li>\n<li style='margin-bottom: 5px;'><em>Chequeo de Asistencia por App de Smartphone con ubicaci\u00f3n GPS.<\/em><\/li>\n<li style='margin-bottom: 5px;'><em>Reportes de acceso y asistencia remotos.<\/em><\/li>\n<li style='margin-bottom: 5px;'><em>Pases temporales para visitantes generados desde App.<\/em><\/li>\n<li style='margin-bottom: 5px;'><em>Integrable con Videovigilancia&comma; Intercom&comma; Monitoreo de Veh\u00edculos etc<\/em><\/li>\n<\/ul><\/div>\n<\/p><\/div>\n<p> <!-- Secci\u00f3n de caracter\u00edsticas --> <\/p>\n<div style='display: flex; flex-wrap: wrap; gap: 20px; margin-bottom: 30px;'>\n<div style='flex: 1 1 250px; border: 1px solid rgba(150&comma; 150&comma; 150&comma; 0.4); border-radius: 8px; overflow: hidden; display: flex; flex-direction: column;'>\n<div style='padding: 15px; border-bottom: 1px solid rgba(150&comma; 150&comma; 150&comma; 0.2); font-weight: bold; font-size: 18px; color: inherit;'>Caracter\u00edsticas Principales<\/div>\n<div style='padding: 15px; color: inherit;'>\n<ul style='padding-left: 20px; margin: 0; font-size: 14px; list-style-type: disc;'>\n<li style='margin-bottom: 5px;'>Pantalla T\u00e1ctil LCD de 4.5&#8242;<\/li>\n<li style='margin-bottom: 5px;'>C\u00e1mara de 2 MP con doble lente de gran angular.<\/li>\n<li style='margin-bottom: 5px;'>3&comma;000 Rostros.<\/li>\n<li style='margin-bottom: 5px;'>3&comma;000 Tarjetas Prox EM 125 Khz<\/li>\n<li style='margin-bottom: 5px;'>3&comma;000 Huellas<\/li>\n<li style='margin-bottom: 5px;'>150&comma;000 Eventos<\/li>\n<li style='margin-bottom: 5px;'>Distancia de Reconocimiento Facial 0.3 &#8211; 1.5 mts.<\/li>\n<li style='margin-bottom: 5px;'>Se agrega al software con el Puerto 80.<\/li>\n<\/ul><\/div>\n<\/p><\/div>\n<div style='flex: 1 1 250px; border: 1px solid rgba(150&comma; 150&comma; 150&comma; 0.4); border-radius: 8px; overflow: hidden; display: flex; flex-direction: column;'>\n<div style='padding: 15px; border-bottom: 1px solid rgba(150&comma; 150&comma; 150&comma; 0.2); font-weight: bold; font-size: 18px; color: inherit;'>Caracter\u00edsticas F\u00edsicas y El\u00e9ctricas<\/div>\n<div style='padding: 15px; color: inherit;'>\n<ul style='padding-left: 20px; margin: 0; font-size: 14px; list-style-type: disc;'>\n<li style='margin-bottom: 5px;'>Alimentaci\u00f3n 12 Vcd (Incluida) o PoE 802.3at.<\/li>\n<li style='margin-bottom: 5px;'>1x TCP\/IP Cableado o WiFi.<\/li>\n<li style='margin-bottom: 5px;'>1x RS-485<\/li>\n<li style='margin-bottom: 5px;'>1x Wiegand solo Entrada.<\/li>\n<li style='margin-bottom: 5px;'>1x Salida de relevador para chapa.<\/li>\n<li style='margin-bottom: 5px;'>1x Sensor de Puerta<\/li>\n<li style='margin-bottom: 5px;'>1x USB<\/li>\n<li style='margin-bottom: 5px;'>2x Entradas de Alarma<\/li>\n<li style='margin-bottom: 5px;'>1x Salida de Alarma<\/li>\n<li style='margin-bottom: 5px;'>1x Entrada de Bot\u00f3n.<\/li>\n<\/ul><\/div>\n<\/p><\/div>\n<div style='flex: 1 1 250px; border: 1px solid rgba(150&comma; 150&comma; 150&comma; 0.4); border-radius: 8px; overflow: hidden; display: flex; flex-direction: column;'>\n<div style='padding: 15px; border-bottom: 1px solid rgba(150&comma; 150&comma; 150&comma; 0.2); font-weight: bold; font-size: 18px; color: inherit;'>Caracter\u00edsticas Destacadas<\/div>\n<div style='padding: 15px; color: inherit;'>\n<ul style='padding-left: 20px; margin: 0; font-size: 14px; list-style-type: disc;'>\n<li style='margin-bottom: 5px;'>El terminal frontal de la serie DS-K1T344 adopta un algoritmo DEEP LEARNING con <strong>HIK-IA<\/strong> que ayuda a reconocer el rostro de las personas m\u00e1s r\u00e1pido y con mayor precisi\u00f3n. Aplicable en escenarios&comma; como edificios&comma; empresas&comma; industrias y otras \u00e1reas importantes.<\/li>\n<li style='margin-bottom: 5px;'>Flexible administraci\u00f3n remota o local por software&comma; interfaz web o pantalla touch.<\/li>\n<li style='margin-bottom: 5px;'>SDK\/API disponible para integraci\u00f3n con sistemas de terceros.<\/li>\n<li style='margin-bottom: 5px;'> <strong>Modelos similares<\/strong> ( <a href='https:\/\/www.syscom.mx\/producto\/hikvision-ds-k1t344mbwx-e1-233301.html' style='color: inherit; text-decoration: underline;'>con bot\u00f3n de llamada f\u00edsico<\/a> \/ <a href='https:\/\/www.syscom.mx\/producto\/DS-K1T344MBWX-QRE1-HIKVISION-232087.html' style='color: inherit; text-decoration: underline;'>con lector de QRs F\u00edsico Ultra R\u00e1pido<\/a> \/ <a href='https:\/\/www.syscom.mx\/producto\/DS-K1T344MBFWX-E1-HIKVISION-231117.html' style='color: inherit; text-decoration: underline;'>con lector de huella + MiFare<\/a> ) en lugar de lector de huellas + lector de tarjetas PROX EM. <\/li>\n<\/ul><\/div>\n<\/p><\/div>\n<\/p><\/div>\n<p> <!-- Secci\u00f3n de imagen y caracter\u00edsticas adicionales --> <\/p>\n<div style='display: flex; flex-wrap: wrap; gap: 30px; margin-bottom: 30px;'>\n<div style='flex: 1 1 300px; min-width: 280px;'> <img style='width: 100%; height: auto; border: 1px solid rgba(150&comma;150&comma;150&comma;0.3); border-radius: 8px;' src='https:\/\/ftp3.syscom.mx\/usuarios\/fespinoza\/HIKVISION\/Dispositivos\/Biometricos\/DSK1T344\/PROX.jpg' alt='Lector de Huellas y Tarjetas Prox EM'> <\/div>\n<div style='flex: 1 1 300px; min-width: 280px;'>\n<h2 style='font-size: 20px; margin-top: 0; margin-bottom: 15px;'>Lector de Huellas y Tarjetas Prox EM 125 Khz Incorporados<\/h2>\n<p style='font-size: 14px; margin-bottom: 15px;'><strong>Adem\u00e1s del Reconocimiento Facial Ultra R\u00e1pido<\/strong>&comma; esta terminal nos brinda la versatilidad para que se pueda considerar para proyectos en donde se requieren m\u00faltiples m\u00e9todos de verificaci\u00f3n como huellas o tarjetas Prox EM&comma; entre otros.<\/p>\n<h3 style='font-size: 18px; margin-bottom: 10px;'>Caracter\u00edsticas<\/h3>\n<ul style='padding-left: 20px; font-size: 14px; margin-bottom: 15px;'>\n<li style='margin-bottom: 5px;'><span style='color: #c0392b;'><strong>Soporta hasta 3&comma;000 Huellas y 3&comma;000 Tarjetas PROX EM 125 Khz.<\/strong><\/span><\/li>\n<li style='margin-bottom: 5px;'>Soporta Rostros&comma; Huellas&comma; Tarjetas MiFare&comma; PIN&comma; Bluetooth y apertura remota.<\/li>\n<li style='margin-bottom: 5px;'>Conexi\u00f3n LAN cableado o <strong>WiFi<\/strong>.<\/li>\n<li style='margin-bottom: 5px;'><strong>Alimentaci\u00f3n PoE<\/strong> o Transformador 12 Vcd 1A.<\/li>\n<li style='margin-bottom: 5px;'>Funci\u00f3n de Videoportero en Pantalla Touch.<\/li>\n<li style='margin-bottom: 5px;'><strong>Salida de 12 Vcd para cerradura<\/strong> (cuando se alimenta PoE).<\/li>\n<li style='margin-bottom: 5px;'>Soporta instalaci\u00f3n en <strong>Exterior IP65.<\/strong><\/li>\n<li style='margin-bottom: 5px;'><strong>Lectura de c\u00f3digos QR por medio de c\u00e1mara facial.<\/strong><\/li>\n<\/ul><\/div>\n<\/p><\/div>\n<p> <!-- Secci\u00f3n de m\u00f3dulo esclavo --> <\/p>\n<div style='border-left: 5px solid #3c57ea; border-radius: 8px; padding: 15px; margin-bottom: 30px; background-color: rgba(216&comma; 216&comma; 216&comma; 0.1);'>\n<div style='font-family: verdana&comma; geneva&comma; sans-serif; text-align: center;'> <strong style='font-size: 16px;'>Instalaciones seguras con m\u00f3dulo esclavo <a href='https:\/\/www.syscom.mx\/producto\/DS-K2M061-HIKVISION-205871.html' style='color: inherit; text-decoration: underline;'>DS-K2M061<\/a><\/strong> <\/p>\n<ul style='padding-left: 20px; margin: 15px 0; font-size: 14px;'>\n<li style='margin-bottom: 10px;'>En una instalaci\u00f3n de control de acceso convencional con dispositivos aut\u00f3nomos es recomendado a\u00f1adir un sistema que permita mantener el control de la puerta desde el interior del recinto aumentando significativamente la seguridad de nuestra instalaci\u00f3n.<\/li>\n<\/ul>\n<h3 style='text-align: center; margin: 20px 0; font-size: 18px;'> <a href='https:\/\/soporte.syscom.mx\/es\/articles\/5608107-hikvision-instalacion-segura-de-control-de-acceso-con-equipo-autonomo-y-ds-k2m061' target='_blank' rel='noopener' style='color: inherit; text-decoration: underline;'>\u00bfPor qu\u00e9 es recomendado usar un m\u00f3dulo seguro para sistemas aut\u00f3nomos?<\/a> <\/h3>\n<p> <img style='width: 100%; height: auto; border: 1px solid rgba(150&comma;150&comma;150&comma;0.3); border-radius: 8px; display: block; margin: 0 auto;' src='http:\/\/ftp3.syscom.mx\/usuarios\/fespinoza\/modulo%20seguro.png' alt='M\u00f3dulo Seguro'> <\/div>\n<\/p><\/div>\n<p> <!-- Secci\u00f3n de video configuraci\u00f3n IVMS4200 --> <\/p>\n<div style='text-align: center; margin-bottom: 30px;'>\n<h2 style='font-size: 20px; margin-bottom: 15px;'>\u00bfConfiguraci\u00f3n con IVMS4200? Consulte el video paso a paso<\/h2>\n<div style='position: relative; padding-bottom: 56.25%; height: 0; overflow: hidden; margin: 0 auto;'>   <\/div>\n<\/p><\/div>\n<p> <!-- Secci\u00f3n de compatibilidad con plataformas --> <\/p>\n<div style='text-align: center; margin-bottom: 30px;'>\n<h2 style='font-size: 20px; margin-bottom: 15px;'>Otras Plataformas Compatibles<\/h2>\n<\/p><\/div>\n<\/p><\/div>\n","protected":false},"excerpt":{"rendered":"<p>Terminal Facial Min Moe con LECTOR DE HUELLAS y Tarjetas PROX EM \/ 3000 Rostros \/ 3000 Huellas \/ Pantalla 4.5&#8243; \/ Administrable en la Nube con HikConnect Teams  \/ Exterior IP65  \/ PoE \/ WiFi \/ HIK-IA \/ SIP Estandar<\/p>\n","protected":false},"featured_media":19779,"comment_status":"open","ping_status":"closed","template":"","meta":[],"product_brand":[],"product_cat":[743],"product_tag":[744,54,745],"class_list":{"0":"post-19780","1":"product","2":"type-product","3":"status-publish","4":"has-post-thumbnail","6":"product_cat-para-tiempo-y-asistencia-checadores","7":"product_tag-biometricos","8":"product_tag-hikvision","9":"product_tag-para-tiempo-y-asistencia-checadores","11":"first","12":"instock","13":"sale","14":"shipping-taxable","15":"purchasable","16":"product-type-simple"},"_links":{"self":[{"href":"https:\/\/soydeaqui.ddns.net\/pachuca\/index.php\/wp-json\/wp\/v2\/product\/19780","targetHints":{"allow":["GET"]}}],"collection":[{"href":"https:\/\/soydeaqui.ddns.net\/pachuca\/index.php\/wp-json\/wp\/v2\/product"}],"about":[{"href":"https:\/\/soydeaqui.ddns.net\/pachuca\/index.php\/wp-json\/wp\/v2\/types\/product"}],"replies":[{"embeddable":true,"href":"https:\/\/soydeaqui.ddns.net\/pachuca\/index.php\/wp-json\/wp\/v2\/comments?post=19780"}],"wp:featuredmedia":[{"embeddable":true,"href":"https:\/\/soydeaqui.ddns.net\/pachuca\/index.php\/wp-json\/wp\/v2\/media\/19779"}],"wp:attachment":[{"href":"https:\/\/soydeaqui.ddns.net\/pachuca\/index.php\/wp-json\/wp\/v2\/media?parent=19780"}],"wp:term":[{"taxonomy":"product_brand","embeddable":true,"href":"https:\/\/soydeaqui.ddns.net\/pachuca\/index.php\/wp-json\/wp\/v2\/product_brand?post=19780"},{"taxonomy":"product_cat","embeddable":true,"href":"https:\/\/soydeaqui.ddns.net\/pachuca\/index.php\/wp-json\/wp\/v2\/product_cat?post=19780"},{"taxonomy":"product_tag","embeddable":true,"href":"https:\/\/soydeaqui.ddns.net\/pachuca\/index.php\/wp-json\/wp\/v2\/product_tag?post=19780"}],"curies":[{"name":"wp","href":"https:\/\/api.w.org\/{rel}","templated":true}]}}