{"id":1976,"date":"2026-03-18T05:51:55","date_gmt":"2026-03-18T05:51:55","guid":{"rendered":"https:\/\/soydeaqui.ddns.net\/pachuca\/index.php\/producto\/altavoz-omnidireccional-500w\/"},"modified":"2026-03-18T05:51:55","modified_gmt":"2026-03-18T05:51:55","slug":"altavoz-omnidireccional-500w","status":"publish","type":"product","link":"https:\/\/soydeaqui.ddns.net\/pachuca\/index.php\/producto\/altavoz-omnidireccional-500w\/","title":{"rendered":"Altavoz Omnidireccional | 500W"},"content":{"rendered":"<div style='width: 100%; max-width: 1200px; margin: 0 auto; font-family: sans-serif; line-height: 1.6; color: inherit; background-color: transparent;'>\n<div style='margin-bottom: 30px;'>\n<div style='font-size: 1.2em; color: inherit;'>\n<div style='margin-bottom: 20px;'> <span style='font-family: arial&comma; helvetica&comma; sans-serif;'>La l\u00ednea de productos HyperSpike\u00ae MA es una serie de sistemas de alto poder para notificaciones masivas en 360 grados que est\u00e1n probadas y certificadas en el campo de batalla. Con una cobertura total de materiales compuestos a prueba de agua y resistente a los rayos ultravioletas&comma; los productos MA pueden soportar cualquier condici\u00f3n del medio ambiente. Este altavoz ligero y compacto se mezcla de forma homog\u00e9nea en cualquier medio ambiente con un ensamblaje m\u00ednimo y provee una buena apariencia est\u00e9tica. Hay un sinf\u00edn de aplicaciones para la serie MA. Desde la seguridad militar a las notificaciones de emergencia en un campus&comma; HyperSpike\u00ae cubre todas las posibilidades.<\/span> <\/div>\n<div style='margin-bottom: 20px;'> <span style='font-family: arial&comma; helvetica&comma; sans-serif;'>Con un rendimiento ac\u00fastico poderoso&comma; una amplia gama de usos y la m\u00e1s alta inteligibilidad en la industria&comma; se garantiza que su mensaje se oir\u00e1 y se entender\u00e1. Cuando el mensaje importa&comma; HyperSpike\u00ae cumple lo que promete.<\/span> <\/div>\n<\/p><\/div>\n<\/p><\/div>\n<div style='margin-bottom: 30px;'>\n<h3 style='font-size: 22px; border-bottom: 2px solid currentColor; padding-bottom: 5px; margin-top: 0; color: inherit; opacity: 0.8;'>MA-MICRO<\/h3>\n<div style='font-size: 15px; color: inherit;'> <span style='font-family: arial&comma; helvetica&comma; sans-serif;'>El HyperSpike\u00ae MA-Micro es un conjunto de altavoces livianos de potencia media de 360 \u00b0 que transmite comandos de voz y tonos en vivo y pregrabados en un radio de media milla. Liderando la industria en inteligibilidad de voz&comma; el dise\u00f1o del altavoz MA-Micro logra un STI excepcional de 0.84 \/ 1.0&comma; asegurando que los comandos se transmitan y escuchen claramente&comma; incluso en entornos con mucho ruido. El MA-Micro probado en batalla viene con una carcasa impermeable resistente a los rayos UV que garantiza la durabilidad en entornos hostiles.<\/span> <\/div>\n<\/p><\/div>\n<div style='display: flex; flex-wrap: wrap; gap: 30px; margin-bottom: 30px;'>\n<div style='flex: 1 1 300px; min-width: 280px;'>\n<h3 style='font-size: 22px; border-bottom: 2px solid currentColor; padding-bottom: 5px; margin-top: 0; color: inherit; opacity: 0.8;'>Caracter\u00edsticas<\/h3>\n<ul style='padding-left: 20px; font-size: 15px; color: inherit;'>\n<li style='margin-bottom: 5px;'><span style='font-family: arial&comma; helvetica&comma; sans-serif;'>Aplicaciones humedas en interior o exterior<\/span><\/li>\n<li style='margin-bottom: 5px;'><span style='font-family: arial&comma; helvetica&comma; sans-serif;'>360\u00b0 de energ\u00eda acustica<\/span><\/li>\n<li style='margin-bottom: 5px;'><span style='font-family: arial&comma; helvetica&comma; sans-serif;'>Optimizados para voz humana<\/span><\/li>\n<li style='margin-bottom: 5px;'><span style='font-family: arial&comma; helvetica&comma; sans-serif;'>Excelente Inteligibilidad de la Voz<\/span><\/li>\n<li style='margin-bottom: 5px;'><span style='font-family: arial&comma; helvetica&comma; sans-serif;'>Temperatura de funcionamiento de -40\u00b0 C a 60 \u00b0C<\/span><\/li>\n<li style='margin-bottom: 5px;'><span style='font-family: arial&comma; helvetica&comma; sans-serif;'>Cumple con UL1480A<\/span><\/li>\n<li style='margin-bottom: 5px;'><span style='font-family: arial&comma; helvetica&comma; sans-serif;'>Certificados para Clase I lugares peligrosos&comma; divisi\u00f3n 2&comma; grupos A&comma; B&comma; C y D<\/span><\/li>\n<li style='margin-bottom: 5px;'><span style='font-family: arial&comma; helvetica&comma; sans-serif;'>Voltaje de entrada: 41 VRMS<\/span><\/li>\n<li style='margin-bottom: 5px;'><span style='font-family: arial&comma; helvetica&comma; sans-serif;'>Impedancia: 4 Ohms<\/span><\/li>\n<li style='margin-bottom: 5px;'><span style='font-family: arial&comma; helvetica&comma; sans-serif;'>Respuesta en frecuencia: 125Hz &#8211; 8000Hz<\/span><\/li>\n<li style='margin-bottom: 5px;'><span style='font-family: arial&comma; helvetica&comma; sans-serif;'>360\u00b0 Omnidireccional<\/span><\/li>\n<li style='margin-bottom: 5px;'><span style='font-family: arial&comma; helvetica&comma; sans-serif;'>Peso: 9 kg.<\/span><\/li>\n<li style='margin-bottom: 5px;'><span style='font-family: arial&comma; helvetica&comma; sans-serif;'>Dimensiones: 32.5 cm diametro x 20 cm altura.<\/span><\/li>\n<\/ul><\/div>\n<div style='flex: 1 1 300px; min-width: 280px;'>\n<h3 style='font-size: 22px; border-bottom: 2px solid currentColor; padding-bottom: 5px; margin-top: 0; color: inherit; opacity: 0.8;'>Aplicaciones<\/h3>\n<ul style='padding-left: 20px; font-size: 15px; color: inherit;'>\n<li style='margin-bottom: 5px;'><span style='font-family: arial&comma; helvetica&comma; sans-serif;'>Notificaci\u00f3n de emergencias<\/span><\/li>\n<li style='margin-bottom: 5px;'><span style='font-family: arial&comma; helvetica&comma; sans-serif;'>Protecci\u00f3n de ejercito<\/span><\/li>\n<li style='margin-bottom: 5px;'><span style='font-family: arial&comma; helvetica&comma; sans-serif;'>Notificaci\u00f3n en desastres naturales<\/span><\/li>\n<li style='margin-bottom: 5px;'><span style='font-family: arial&comma; helvetica&comma; sans-serif;'>Seguridad militar<\/span><\/li>\n<li style='margin-bottom: 5px;'><span style='font-family: arial&comma; helvetica&comma; sans-serif;'>Seguridad en Campus<\/span><\/li>\n<li style='margin-bottom: 5px;'><span style='font-family: arial&comma; helvetica&comma; sans-serif;'>Cubiertas de aterrizaje<\/span><\/li>\n<li style='margin-bottom: 5px;'><span style='font-family: arial&comma; helvetica&comma; sans-serif;'>F\u00e1bricas<\/span><\/li>\n<li style='margin-bottom: 5px;'><span style='font-family: arial&comma; helvetica&comma; sans-serif;'>Estadios<\/span><\/li>\n<\/ul><\/div>\n<\/p><\/div>\n<div style='margin-bottom: 30px;'> <img style='width: 100%; height: auto; border: 1px solid rgba(150&comma;150&comma;150&comma;0.3); border-radius: 8px;' src='https:\/\/ftp3.syscom.mx\/usuarios\/fotos\/90145A80104L\/196470-caracteristicas.jpg' alt=''> <\/div>\n<hr style='border: 0; border-top: 1px solid rgba(150&comma; 150&comma; 150&comma; 0.3); margin: 30px 0;'> <\/div>\n","protected":false},"excerpt":{"rendered":"<p>Altavoz Omnidireccional | 500W<\/p>\n","protected":false},"featured_media":1975,"comment_status":"open","ping_status":"closed","template":"","meta":[],"product_brand":[],"product_cat":[208],"product_tag":[209,197,109],"class_list":{"0":"post-1976","1":"product","2":"type-product","3":"status-publish","4":"has-post-thumbnail","6":"product_cat-honeywell","7":"product_tag-honeywell","8":"product_tag-hyperspike","9":"product_tag-megafonia-y-audioevacuacion","11":"first","12":"outofstock","13":"sale","14":"shipping-taxable","15":"purchasable","16":"product-type-simple"},"_links":{"self":[{"href":"https:\/\/soydeaqui.ddns.net\/pachuca\/index.php\/wp-json\/wp\/v2\/product\/1976","targetHints":{"allow":["GET"]}}],"collection":[{"href":"https:\/\/soydeaqui.ddns.net\/pachuca\/index.php\/wp-json\/wp\/v2\/product"}],"about":[{"href":"https:\/\/soydeaqui.ddns.net\/pachuca\/index.php\/wp-json\/wp\/v2\/types\/product"}],"replies":[{"embeddable":true,"href":"https:\/\/soydeaqui.ddns.net\/pachuca\/index.php\/wp-json\/wp\/v2\/comments?post=1976"}],"wp:featuredmedia":[{"embeddable":true,"href":"https:\/\/soydeaqui.ddns.net\/pachuca\/index.php\/wp-json\/wp\/v2\/media\/1975"}],"wp:attachment":[{"href":"https:\/\/soydeaqui.ddns.net\/pachuca\/index.php\/wp-json\/wp\/v2\/media?parent=1976"}],"wp:term":[{"taxonomy":"product_brand","embeddable":true,"href":"https:\/\/soydeaqui.ddns.net\/pachuca\/index.php\/wp-json\/wp\/v2\/product_brand?post=1976"},{"taxonomy":"product_cat","embeddable":true,"href":"https:\/\/soydeaqui.ddns.net\/pachuca\/index.php\/wp-json\/wp\/v2\/product_cat?post=1976"},{"taxonomy":"product_tag","embeddable":true,"href":"https:\/\/soydeaqui.ddns.net\/pachuca\/index.php\/wp-json\/wp\/v2\/product_tag?post=1976"}],"curies":[{"name":"wp","href":"https:\/\/api.w.org\/{rel}","templated":true}]}}