{"id":19737,"date":"2026-03-18T10:08:49","date_gmt":"2026-03-18T10:08:49","guid":{"rendered":"https:\/\/soydeaqui.ddns.net\/pachuca\/index.php\/producto\/pdu-monitoreable-de-transferencia-automatica-ats-fuente-redundante-con-10-salidas-5-15r-enchufes-de-entrada-l5-20p-instalacion-horizontal-de-19in-1ur-20-amp-120-vca\/"},"modified":"2026-03-18T10:08:52","modified_gmt":"2026-03-18T10:08:52","slug":"pdu-monitoreable-de-transferencia-automatica-ats-fuente-redundante-con-10-salidas-5-15r-enchufes-de-entrada-l5-20p-instalacion-horizontal-de-19in-1ur-20-amp-120-vca","status":"publish","type":"product","link":"https:\/\/soydeaqui.ddns.net\/pachuca\/index.php\/producto\/pdu-monitoreable-de-transferencia-automatica-ats-fuente-redundante-con-10-salidas-5-15r-enchufes-de-entrada-l5-20p-instalacion-horizontal-de-19in-1ur-20-amp-120-vca\/","title":{"rendered":"PDU Monitoreable de Transferencia Autom\u00e1tica ATS (Fuente Redundante), Con 10 Salidas 5-15R,   Enchufes de Entrada L5-20P, Instalaci\u00f3n Horizontal de 19in, 1UR, 20 Amp, 120 Vca"},"content":{"rendered":"<div style='width: 100%; max-width: 1200px; margin: 0 auto; font-family: sans-serif; line-height: 1.6; color: inherit; background-color: transparent;'> <!-- Secci\u00f3n de descripci\u00f3n --> <\/p>\n<div style='margin-bottom: 30px;'>\n<p style='margin: 0 0 15px 0; font-size: 15px; color: inherit;'>Los PDUs de transferencia autom\u00e1tica en rack brindan redundancia de energ\u00eda para dispositivos de TI montados en rack que no est\u00e1n dise\u00f1ados para aprovechar la segunda fuente de energ\u00eda de los centros de datos.<\/p>\n<\/p><\/div>\n<p> <!-- Secci\u00f3n de caracter\u00edsticas --> <\/p>\n<div style='display: flex; flex-wrap: wrap; gap: 30px; margin-bottom: 30px;'>\n<div style='flex: 1 1 300px; min-width: 280px;'>\n<h3 style='font-size: 22px; border-bottom: 2px solid currentColor; padding-bottom: 5px; margin-top: 0; color: inherit; opacity: 0.8;'>Caracter\u00edsticas principales<\/h3>\n<ul style='padding-left: 20px; font-size: 15px; color: inherit;'>\n<li style='margin-bottom: 5px;'>Los dispositivos cambian autom\u00e1ticamente y sin problemas las fuentes de energ\u00eda cuando se detecta una p\u00e9rdida de energ\u00eda en la entrada principal<\/li>\n<li style='margin-bottom: 5px;'>Las entradas de energ\u00eda se pueden conmutar en el rack del propio ATS o de forma remota a trav\u00e9s de IP&comma; ahorrando tiempo y recursos.<\/li>\n<li style='margin-bottom: 5px;'>Las m\u00e9tricas de energ\u00eda se pueden monitorear de forma remota a trav\u00e9s de IP para ayudar con la planificaci\u00f3n de la capacidad y mejorar la eficiencia general.<\/li>\n<li style='margin-bottom: 5px;'>Proporciona conmutaci\u00f3n remota de encendido\/apagado a trav\u00e9s de la red IP<\/li>\n<li style='margin-bottom: 5px;'>Software de gesti\u00f3n gratuito proporcionado para gestionar remotamente el ATS<\/li>\n<li style='margin-bottom: 5px;'>Todas las unidades incluyen monitoreo&comma; monitoreo de circuito y conmutaci\u00f3n de salida.<\/li>\n<li style='margin-bottom: 5px;'>El medidor local es LCD en color de 2.00 (51 mm) reemplazable en campo<\/li>\n<li style='margin-bottom: 5px;'>Protecci\u00f3n contra sobrecarga: Disyuntor miniatura hidr\u00e1ulico-magn\u00e9tico (MCB)<\/li>\n<li style='margin-bottom: 5px;'>Tiempo de transferencia: 10 ms<\/li>\n<li style='margin-bottom: 5px;'>Temperatura de funcionamiento: 23 a 140 \u00baF (-5 a -60 \u00baC)<\/li>\n<li style='margin-bottom: 5px;'>Humedad de funcionamiento: 0~95%&comma; sin condensaci\u00f3n<\/li>\n<\/ul><\/div>\n<\/p><\/div>\n<p> <!-- Separador --> <\/p>\n<hr style='border: 0; border-top: 1px solid rgba(150&comma; 150&comma; 150&comma; 0.3); margin: 30px 0;'> <!-- Secci\u00f3n de especificaciones --> <\/p>\n<div style='display: flex; flex-wrap: wrap; gap: 20px; margin-bottom: 30px;'>\n<div style='flex: 1 1 250px; border: 1px solid rgba(150&comma; 150&comma; 150&comma; 0.4); border-radius: 8px; overflow: hidden; display: flex; flex-direction: column;'>\n<div style='padding: 15px; border-bottom: 1px solid rgba(150&comma; 150&comma; 150&comma; 0.2); font-weight: bold; font-size: 18px; color: inherit;'>Especificaciones T\u00e9cnicas<\/div>\n<div style='padding: 15px; color: inherit;'>\n<ul style='padding-left: 20px; margin: 0; font-size: 14px; list-style-type: disc;'>\n<li style='margin-bottom: 5px;'><strong>Material:<\/strong> Acero dulce<\/li>\n<li style='margin-bottom: 5px;'><strong>Acabado:<\/strong> Recubierto en polvo<\/li>\n<li style='margin-bottom: 5px;'><strong>Color:<\/strong> Negro<\/li>\n<li style='margin-bottom: 5px;'><strong>C\u00f3digo de color:<\/strong> RAL 9005<\/li>\n<li style='margin-bottom: 5px;'><strong>Voltaje nominal:<\/strong> 110 Vca<\/li>\n<li style='margin-bottom: 5px;'><strong>Frecuencia:<\/strong> 50\/60Hz<\/li>\n<li style='margin-bottom: 5px;'><strong>Capacidad de carga:<\/strong> 15 A<\/li>\n<li style='margin-bottom: 5px;'><strong>Cantidad de recept\u00e1culo:<\/strong> 10<\/li>\n<li style='margin-bottom: 5px;'><strong>Tipo de recept\u00e1culo:<\/strong> 10 x NEMA 5-12R<\/li>\n<li style='margin-bottom: 5px;'><strong>Enchufe del cable de alimentaci\u00f3n:<\/strong> L5-20P<\/li>\n<li style='margin-bottom: 5px;'><strong>Cantidad de unidades de Rack:<\/strong> 1<\/li>\n<li style='margin-bottom: 5px;'><strong>Altura:<\/strong> 44 mm<\/li>\n<li style='margin-bottom: 5px;'><strong>Ancho:<\/strong> 450 mm<\/li>\n<li style='margin-bottom: 5px;'><strong>Profundidad:<\/strong> 442 mm<\/li>\n<\/ul><\/div>\n<\/p><\/div>\n<\/p><\/div>\n<\/p><\/div>\n","protected":false},"excerpt":{"rendered":"<p>PDU Monitoreable de Transferencia Autom\u00e1tica ATS (Fuente Redundante), Con 10 Salidas 5-15R,   Enchufes de Entrada L5-20P, Instalaci\u00f3n Horizontal de 19in, 1UR, 20 Amp, 120 Vca<\/p>\n","protected":false},"featured_media":19736,"comment_status":"open","ping_status":"closed","template":"","meta":[],"product_brand":[],"product_cat":[739],"product_tag":[740,698,646],"class_list":{"0":"post-19737","1":"product","2":"type-product","3":"status-publish","4":"has-post-thumbnail","6":"product_cat-fuente-redundante-ats","7":"product_tag-fuente-redundante-ats","8":"product_tag-hoffman","9":"product_tag-pdu","11":"first","12":"instock","13":"sale","14":"shipping-taxable","15":"purchasable","16":"product-type-simple"},"_links":{"self":[{"href":"https:\/\/soydeaqui.ddns.net\/pachuca\/index.php\/wp-json\/wp\/v2\/product\/19737","targetHints":{"allow":["GET"]}}],"collection":[{"href":"https:\/\/soydeaqui.ddns.net\/pachuca\/index.php\/wp-json\/wp\/v2\/product"}],"about":[{"href":"https:\/\/soydeaqui.ddns.net\/pachuca\/index.php\/wp-json\/wp\/v2\/types\/product"}],"replies":[{"embeddable":true,"href":"https:\/\/soydeaqui.ddns.net\/pachuca\/index.php\/wp-json\/wp\/v2\/comments?post=19737"}],"wp:featuredmedia":[{"embeddable":true,"href":"https:\/\/soydeaqui.ddns.net\/pachuca\/index.php\/wp-json\/wp\/v2\/media\/19736"}],"wp:attachment":[{"href":"https:\/\/soydeaqui.ddns.net\/pachuca\/index.php\/wp-json\/wp\/v2\/media?parent=19737"}],"wp:term":[{"taxonomy":"product_brand","embeddable":true,"href":"https:\/\/soydeaqui.ddns.net\/pachuca\/index.php\/wp-json\/wp\/v2\/product_brand?post=19737"},{"taxonomy":"product_cat","embeddable":true,"href":"https:\/\/soydeaqui.ddns.net\/pachuca\/index.php\/wp-json\/wp\/v2\/product_cat?post=19737"},{"taxonomy":"product_tag","embeddable":true,"href":"https:\/\/soydeaqui.ddns.net\/pachuca\/index.php\/wp-json\/wp\/v2\/product_tag?post=19737"}],"curies":[{"name":"wp","href":"https:\/\/api.w.org\/{rel}","templated":true}]}}