{"id":19732,"date":"2026-03-18T10:08:44","date_gmt":"2026-03-18T10:08:44","guid":{"rendered":"https:\/\/soydeaqui.ddns.net\/pachuca\/index.php\/producto\/abrazadera-isofonica-reforzada-1-35mm\/"},"modified":"2026-03-18T10:08:48","modified_gmt":"2026-03-18T10:08:48","slug":"abrazadera-isofonica-reforzada-1-35mm","status":"publish","type":"product","link":"https:\/\/soydeaqui.ddns.net\/pachuca\/index.php\/producto\/abrazadera-isofonica-reforzada-1-35mm\/","title":{"rendered":"Abrazadera isof\u00f3nica reforzada 1&#8243; (35mm)."},"content":{"rendered":"<div style='width: 100%; max-width: 1200px; margin: 0 auto; font-family: sans-serif; line-height: 1.6; color: inherit; background-color: transparent;'>\n<div style='display: flex; flex-wrap: wrap; gap: 30px; margin-bottom: 30px;'>\n<div style='flex: 1 1 300px; min-width: 280px;'>\n<h3 style='font-size: 22px; border-bottom: 2px solid currentColor; padding-bottom: 5px; margin-top: 0; color: inherit; opacity: 0.8;'>Caracter\u00edsticas<\/h3>\n<ul style='padding-left: 20px; font-size: 15px; color: inherit;'>\n<li style='margin-bottom: 5px;'><strong style='color: inherit;'>Acabado superficial:<\/strong> Cincado electrol\u00edtico&comma; recubrimiento >3 micras<\/li>\n<li style='margin-bottom: 5px;'><strong style='color: inherit;'>Material:<\/strong> Goma de EPDM para aislamiento<\/li>\n<li style='margin-bottom: 5px;'><strong style='color: inherit;'>Cumplimiento:<\/strong> C\u00f3digo T\u00e9cnico de la Edificaci\u00f3n (CTE)&comma; Documentos B\u00e1sicos HS y HR<\/li>\n<li style='margin-bottom: 5px;'><strong style='color: inherit;'>Perfil de acero:<\/strong> 1.75 \u00f7 2.3 mm de espesor<\/li>\n<li style='margin-bottom: 5px;'><strong style='color: inherit;'>Torniller\u00eda:<\/strong> Laterales con arandela de pl\u00e1stico<\/li>\n<li style='margin-bottom: 5px;'><strong style='color: inherit;'>Reforzada:<\/strong> Tuerca soldada de 3\/8\u201d<\/li>\n<li style='margin-bottom: 5px;'><strong style='color: inherit;'>Compatibilidad:<\/strong> Tubos de acero&comma; pl\u00e1stico&comma; cobre y ventilaci\u00f3n<\/li>\n<li style='margin-bottom: 5px;'><strong style='color: inherit;'>Aplicaciones:<\/strong> Instalaciones de agua&comma; saneamiento&comma; climatizaci\u00f3n&comma; calefacci\u00f3n&comma; ventilaci\u00f3n&comma; aire comprimido&comma; gas\u00f3leo<\/li>\n<li style='margin-bottom: 5px;'><strong style='color: inherit;'>Temperatura de trabajo:<\/strong> -30\u00baC \u00f7 +120\u00baC<\/li>\n<\/ul><\/div>\n<div style='flex: 1 1 300px; min-width: 280px;'>\n<h3 style='font-size: 22px; border-bottom: 2px solid currentColor; padding-bottom: 5px; margin-top: 0; color: inherit; opacity: 0.8;'>Especificaciones t\u00e9cnicas<\/h3>\n<ul style='padding-left: 20px; font-size: 15px; color: inherit;'>\n<li style='margin-bottom: 5px;'><strong style='color: inherit;'>Medida:<\/strong> 35 mm<\/li>\n<li style='margin-bottom: 5px;'><strong style='color: inherit;'>Di\u00e1metro interno:<\/strong> 1&#8242; (32-36 mm)<\/li>\n<li style='margin-bottom: 5px;'><strong style='color: inherit;'>Dimensiones:<\/strong> 18.5 x 1.75 mm<\/li>\n<li style='margin-bottom: 5px;'><strong style='color: inherit;'>Carga m\u00e1xima recomendada:<\/strong> 150 kg<\/li>\n<\/ul><\/div>\n<\/p><\/div>\n<div style='display: flex; flex-wrap: wrap; justify-content: center; margin-bottom: 30px;'>\n<div style='width: 100%; max-width: 500px;'> <img style='width: 100%; height: auto; border: 1px solid rgba(150&comma;150&comma;150&comma;0.3); border-radius: 8px;' src='https:\/\/www.climabit.com\/3596-home_default\/abrazadera-isofonica-m8m10-200-mm.jpg' alt='Abrazadera Isof\u00f3nica M8+M10 - 200 mm.'> <\/div>\n<\/p><\/div>\n<\/p><\/div>\n","protected":false},"excerpt":{"rendered":"<p>Abrazadera isof\u00f3nica reforzada 1&#8243; (35mm).<\/p>\n","protected":false},"featured_media":19731,"comment_status":"open","ping_status":"closed","template":"","meta":[],"product_brand":[],"product_cat":[655],"product_tag":[572,709,656],"class_list":{"0":"post-19732","1":"product","2":"type-product","3":"status-publish","4":"has-post-thumbnail","6":"product_cat-tuberia-metalica-conduit-accesorios","7":"product_tag-canalizacion","8":"product_tag-index","9":"product_tag-tuberia-metalica-conduit-accesorios","11":"first","12":"instock","13":"sale","14":"shipping-taxable","15":"purchasable","16":"product-type-simple"},"_links":{"self":[{"href":"https:\/\/soydeaqui.ddns.net\/pachuca\/index.php\/wp-json\/wp\/v2\/product\/19732","targetHints":{"allow":["GET"]}}],"collection":[{"href":"https:\/\/soydeaqui.ddns.net\/pachuca\/index.php\/wp-json\/wp\/v2\/product"}],"about":[{"href":"https:\/\/soydeaqui.ddns.net\/pachuca\/index.php\/wp-json\/wp\/v2\/types\/product"}],"replies":[{"embeddable":true,"href":"https:\/\/soydeaqui.ddns.net\/pachuca\/index.php\/wp-json\/wp\/v2\/comments?post=19732"}],"wp:featuredmedia":[{"embeddable":true,"href":"https:\/\/soydeaqui.ddns.net\/pachuca\/index.php\/wp-json\/wp\/v2\/media\/19731"}],"wp:attachment":[{"href":"https:\/\/soydeaqui.ddns.net\/pachuca\/index.php\/wp-json\/wp\/v2\/media?parent=19732"}],"wp:term":[{"taxonomy":"product_brand","embeddable":true,"href":"https:\/\/soydeaqui.ddns.net\/pachuca\/index.php\/wp-json\/wp\/v2\/product_brand?post=19732"},{"taxonomy":"product_cat","embeddable":true,"href":"https:\/\/soydeaqui.ddns.net\/pachuca\/index.php\/wp-json\/wp\/v2\/product_cat?post=19732"},{"taxonomy":"product_tag","embeddable":true,"href":"https:\/\/soydeaqui.ddns.net\/pachuca\/index.php\/wp-json\/wp\/v2\/product_tag?post=19732"}],"curies":[{"name":"wp","href":"https:\/\/api.w.org\/{rel}","templated":true}]}}