{"id":19722,"date":"2026-03-18T10:08:34","date_gmt":"2026-03-18T10:08:34","guid":{"rendered":"https:\/\/soydeaqui.ddns.net\/pachuca\/index.php\/producto\/kit-generador-de-tono-digital-y-sonda-de-rastreo-de-cables-digitales\/"},"modified":"2026-03-18T10:08:39","modified_gmt":"2026-03-18T10:08:39","slug":"kit-generador-de-tono-digital-y-sonda-de-rastreo-de-cables-digitales","status":"publish","type":"product","link":"https:\/\/soydeaqui.ddns.net\/pachuca\/index.php\/producto\/kit-generador-de-tono-digital-y-sonda-de-rastreo-de-cables-digitales\/","title":{"rendered":"Kit Generador de Tono Digital y Sonda de Rastreo de Cables Digitales."},"content":{"rendered":"<div style='width: 100%; max-width: 1200px; margin: 0 auto; font-family: sans-serif; line-height: 1.6; color: inherit; background-color: transparent;'>\n<div style='width: 100%; margin-bottom: 30px;'>\n<h1 style='font-size: 32px; margin: 0; font-family: 'Oswald'&comma; sans-serif; font-weight: 300; color: inherit;'>KIT Generador de Tono Digital y Sonda de Rastreo de Cables Digital en RED Activa.<\/h1>\n<\/p><\/div>\n<div style='width: 100%; margin-bottom: 30px;'>\n<p style='font-size: 16px; line-height: 24px; color: inherit;'>Rastrea y ubica cables de red de manera m\u00e1s eficaz dentro de los paquetes&comma; en interruptores&comma; paneles de empalme o bloques de terminaci\u00f3n. El juego Digital Tone and Probe de Klein Tools proporciona se\u00f1ales digitales y anal\u00f3gicas&comma; todo en un generador de tono y sonda. Dise\u00f1ado con una tecnolog\u00eda potente de rastreo y ubicaci\u00f3n de cables para cualquier entorno de trabajo. Utiliza el modo digital para rastrear y ubicar cables de datos en una red activa. Utiliza el modo anal\u00f3gico para aislar pares de cables individuales y rastrear cables de voz&comma; datos y video.<\/p>\n<\/p><\/div>\n<div style='width: 100%; margin-bottom: 30px;'>\n<h3 style='font-size: 20px; margin-bottom: 20px; margin-top: 30px; font-family: 'Helvetica Now Display'&comma; sans-serif; font-weight: normal; color: inherit; opacity: 0.8;'>Especificaciones:<\/h3>\n<div style='display: flex; flex-wrap: wrap; gap: 20px; margin-bottom: 30px;'>\n<div style='flex: 1 1 400px; min-width: 280px;'>\n<div style='display: flex; flex-direction: column;'>\n<div style='display: flex; padding: 15px; border-bottom: 1px solid rgba(150&comma; 150&comma; 150&comma; 0.3);'>\n<div style='flex: 1; font-weight: bold; color: inherit;'>Tipo:<\/div>\n<div style='flex: 2; color: inherit;'>Generador de tono&comma; sonda de rastreo<\/div>\n<\/p><\/div>\n<div style='display: flex; padding: 15px; border-bottom: 1px solid rgba(150&comma; 150&comma; 150&comma; 0.3); background-color: rgba(150&comma; 150&comma; 150&comma; 0.1);'>\n<div style='flex: 1; font-weight: bold; color: inherit;'>Aplicaci\u00f3n:<\/div>\n<div style='flex: 2; color: inherit;'>Identificaci\u00f3n y trazado de cables<\/div>\n<\/p><\/div>\n<div style='display: flex; padding: 15px; border-bottom: 1px solid rgba(150&comma; 150&comma; 150&comma; 0.3);'>\n<div style='flex: 1; font-weight: bold; color: inherit;'>Caracter\u00edsticas especiales:<\/div>\n<div style='flex: 2; color: inherit;'>Pinzas con bornes de conexi\u00f3n multicontacto en \u00e1ngulo (ABN)&comma; puerto RJ45&comma; 3 cadencias distintas&comma; luz de trabajo<\/div>\n<\/p><\/div>\n<div style='display: flex; padding: 15px; border-bottom: 1px solid rgba(150&comma; 150&comma; 150&comma; 0.3); background-color: rgba(150&comma; 150&comma; 150&comma; 0.1);'>\n<div style='flex: 1; font-weight: bold; color: inherit;'>Longitud total:<\/div>\n<div style='flex: 2; color: inherit;'>6&comma;8&#8221; (17&comma;3 cm)<\/div>\n<\/p><\/div>\n<div style='display: flex; padding: 15px; border-bottom: 1px solid rgba(150&comma; 150&comma; 150&comma; 0.3);'>\n<div style='flex: 1; font-weight: bold; color: inherit;'>Altura total:<\/div>\n<div style='flex: 2; color: inherit;'>13&comma;3&#8221; (33&comma;8 cm)<\/div>\n<\/p><\/div>\n<div style='display: flex; padding: 15px; border-bottom: 1px solid rgba(150&comma; 150&comma; 150&comma; 0.3); background-color: rgba(150&comma; 150&comma; 150&comma; 0.1);'>\n<div style='flex: 1; font-weight: bold; color: inherit;'>Ancho total:<\/div>\n<div style='flex: 2; color: inherit;'>3&#8221; (7&comma;6 cm)<\/div>\n<\/p><\/div>\n<\/p><\/div>\n<\/p><\/div>\n<div style='flex: 1 1 400px; min-width: 280px;'>\n<div style='display: flex; flex-direction: column;'>\n<div style='display: flex; padding: 15px; border-bottom: 1px solid rgba(150&comma; 150&comma; 150&comma; 0.3);'>\n<div style='flex: 1; font-weight: bold; color: inherit;'>Material:<\/div>\n<div style='flex: 2; color: inherit;'>ABS<\/div>\n<\/p><\/div>\n<div style='display: flex; padding: 15px; border-bottom: 1px solid rgba(150&comma; 150&comma; 150&comma; 0.3); background-color: rgba(150&comma; 150&comma; 150&comma; 0.1);'>\n<div style='flex: 1; font-weight: bold; color: inherit;'>Bater\u00edas:<\/div>\n<div style='flex: 2; color: inherit;'>8 AAA<\/div>\n<\/p><\/div>\n<div style='display: flex; padding: 15px; border-bottom: 1px solid rgba(150&comma; 150&comma; 150&comma; 0.3);'>\n<div style='flex: 1; font-weight: bold; color: inherit;'>Incluye:<\/div>\n<div style='flex: 2; color: inherit;'>Generador de tono digital (VDV500-163); sonda de rastreo digital (VDV500-223); estuche; cables de prueba; instrucciones y todas las bater\u00edas necesarias<\/div>\n<\/p><\/div>\n<div style='display: flex; padding: 15px; border-bottom: 1px solid rgba(150&comma; 150&comma; 150&comma; 0.3); background-color: rgba(150&comma; 150&comma; 150&comma; 0.1);'>\n<div style='flex: 1; font-weight: bold; color: inherit;'>Peso:<\/div>\n<div style='flex: 2; color: inherit;'>1&comma;4 lb (0&comma;6 kg)<\/div>\n<\/p><\/div>\n<div style='display: flex; padding: 15px; border-bottom: 1px solid rgba(150&comma; 150&comma; 150&comma; 0.3);'>\n<div style='flex: 1; font-weight: bold; color: inherit;'>UPC:<\/div>\n<div style='flex: 2; color: inherit;'>092644583872<\/div>\n<\/p><\/div>\n<\/p><\/div>\n<\/p><\/div>\n<\/p><\/div>\n<\/p><\/div>\n<div style='width: 100%; margin-bottom: 30px;'>\n<h3 style='font-size: 20px; margin-bottom: 20px; margin-top: 30px; font-family: 'Helvetica Now Display'&comma; sans-serif; font-weight: normal; color: inherit; opacity: 0.8;'>Certificaciones:<\/h3>\n<div style='display: flex; flex-wrap: wrap; gap: 20px;'>\n<div style='flex: 1 1 150px; min-width: 120px;'> <img style='width: 100%; height: auto; border: 1px solid rgba(150&comma;150&comma;150&comma;0.3); border-radius: 8px;' src='https:\/\/www.kleintools.com.mx\/sites\/default\/files\/product-assets\/icons\/klein\/wp_ce.jpg' alt='ce Product Icon'> <\/div>\n<div style='flex: 1 1 150px; min-width: 120px;'> <img style='width: 100%; height: auto; border: 1px solid rgba(150&comma;150&comma;150&comma;0.3); border-radius: 8px;' src='https:\/\/www.kleintools.com.mx\/sites\/default\/files\/product-assets\/icons\/klein\/wp_ukca.jpg' alt='ukca Product Icon'> <\/div>\n<div style='flex: 1 1 150px; min-width: 120px;'> <img style='width: 100%; height: auto; border: 1px solid rgba(150&comma;150&comma;150&comma;0.3); border-radius: 8px;' src='https:\/\/www.kleintools.com.mx\/sites\/default\/files\/product-assets\/icons\/klein\/wp_drop_protection-2m.jpg' alt='drop_protection-2m Product Icon'> <\/div>\n<\/p><\/div>\n<\/p><\/div>\n<div style='width: 100%; margin-bottom: 30px;'>\n<h3 style='font-size: 20px; margin-bottom: 20px; margin-top: 30px; font-family: 'Helvetica Now Display'&comma; sans-serif; font-weight: normal; color: inherit; opacity: 0.8;'>Aplicaciones:<\/h3>\n<div style='display: flex; flex-wrap: wrap; gap: 20px;'>\n<div style='flex: 1 1 300px; min-width: 280px;'> <img style='width: 100%; height: auto; border: 1px solid rgba(150&comma;150&comma;150&comma;0.3); border-radius: 8px;' src='https:\/\/ftp3.syscom.mx\/usuarios\/fotos\/VDV500920\/228550-vdv500223_app2.jpg' alt=''> <\/div>\n<div style='flex: 1 1 300px; min-width: 280px;'> <img style='width: 100%; height: auto; border: 1px solid rgba(150&comma;150&comma;150&comma;0.3); border-radius: 8px;' src='https:\/\/ftp3.syscom.mx\/usuarios\/fotos\/VDV500920\/228550-vdv500163_app3.jpg' alt=''> <\/div>\n<\/p><\/div>\n<\/p><\/div>\n<\/p><\/div>\n","protected":false},"excerpt":{"rendered":"<p>Kit Generador de Tono Digital y Sonda de Rastreo de Cables Digitales.<\/p>\n","protected":false},"featured_media":19721,"comment_status":"open","ping_status":"closed","template":"","meta":[],"product_brand":[],"product_cat":[608],"product_tag":[586,25,432],"class_list":{"0":"post-19722","1":"product","2":"type-product","3":"status-publish","4":"has-post-thumbnail","6":"product_cat-herramientas-cableado-de-cobre","7":"product_tag-cableado-de-cobre","8":"product_tag-herramientas","9":"product_tag-klein-tools","11":"first","12":"instock","13":"sale","14":"shipping-taxable","15":"purchasable","16":"product-type-simple"},"_links":{"self":[{"href":"https:\/\/soydeaqui.ddns.net\/pachuca\/index.php\/wp-json\/wp\/v2\/product\/19722","targetHints":{"allow":["GET"]}}],"collection":[{"href":"https:\/\/soydeaqui.ddns.net\/pachuca\/index.php\/wp-json\/wp\/v2\/product"}],"about":[{"href":"https:\/\/soydeaqui.ddns.net\/pachuca\/index.php\/wp-json\/wp\/v2\/types\/product"}],"replies":[{"embeddable":true,"href":"https:\/\/soydeaqui.ddns.net\/pachuca\/index.php\/wp-json\/wp\/v2\/comments?post=19722"}],"wp:featuredmedia":[{"embeddable":true,"href":"https:\/\/soydeaqui.ddns.net\/pachuca\/index.php\/wp-json\/wp\/v2\/media\/19721"}],"wp:attachment":[{"href":"https:\/\/soydeaqui.ddns.net\/pachuca\/index.php\/wp-json\/wp\/v2\/media?parent=19722"}],"wp:term":[{"taxonomy":"product_brand","embeddable":true,"href":"https:\/\/soydeaqui.ddns.net\/pachuca\/index.php\/wp-json\/wp\/v2\/product_brand?post=19722"},{"taxonomy":"product_cat","embeddable":true,"href":"https:\/\/soydeaqui.ddns.net\/pachuca\/index.php\/wp-json\/wp\/v2\/product_cat?post=19722"},{"taxonomy":"product_tag","embeddable":true,"href":"https:\/\/soydeaqui.ddns.net\/pachuca\/index.php\/wp-json\/wp\/v2\/product_tag?post=19722"}],"curies":[{"name":"wp","href":"https:\/\/api.w.org\/{rel}","templated":true}]}}