{"id":19715,"date":"2026-03-18T10:08:25","date_gmt":"2026-03-18T10:08:25","guid":{"rendered":"https:\/\/soydeaqui.ddns.net\/pachuca\/index.php\/producto\/sujetador-plstico-para-fibra-ptica-con-holder-para-cortadora-de-fibra-para-conectores-sc-upc-y-apc\/"},"modified":"2026-03-18T10:08:31","modified_gmt":"2026-03-18T10:08:31","slug":"sujetador-plstico-para-fibra-ptica-con-holder-para-cortadora-de-fibra-para-conectores-sc-upc-y-apc","status":"publish","type":"product","link":"https:\/\/soydeaqui.ddns.net\/pachuca\/index.php\/producto\/sujetador-plstico-para-fibra-ptica-con-holder-para-cortadora-de-fibra-para-conectores-sc-upc-y-apc\/","title":{"rendered":"Sujetador Pl?stico para Fibra ?ptica con Holder para Cortadora de Fibra, para Conectores SC, UPC y APC."},"content":{"rendered":"<div style='width: 100%; max-width: 1200px; margin: 0 auto; font-family: sans-serif; line-height: 1.6; color: inherit; background-color: transparent;'> <!-- Secci\u00f3n de descripci\u00f3n principal --> <\/p>\n<div style='margin-bottom: 30px;'>\n<h2 style='font-size: 24px; border-bottom: 2px solid currentColor; padding-bottom: 8px; margin-top: 0; color: inherit; opacity: 0.9;'>Descripci\u00f3n del Producto<\/h2>\n<p style='font-size: 15px; color: inherit; margin-top: 15px;'>Sujetador de fibra \u00f3ptica ideal para mantener y organizar los cables de fibra de manera segura y ordenada&comma; dise\u00f1o de pl\u00e1stico resistente que garantiza durabilidad y protecci\u00f3n para los cables.<\/p>\n<\/p><\/div>\n<p> <!-- Secci\u00f3n de caracter\u00edsticas principales --> <\/p>\n<div style='display: flex; flex-wrap: wrap; gap: 30px; margin-bottom: 30px;'>\n<div style='flex: 1 1 300px; min-width: 280px;'>\n<h3 style='font-size: 22px; border-bottom: 2px solid currentColor; padding-bottom: 5px; margin-top: 0; color: inherit; opacity: 0.8;'>Caracter\u00edsticas Principales<\/h3>\n<ul style='padding-left: 20px; font-size: 15px; color: inherit;'>\n<li style='margin-bottom: 5px;'>Dise\u00f1o de pl\u00e1stico resistente y duradero<\/li>\n<li style='margin-bottom: 5px;'>Organizaci\u00f3n segura de cables de fibra \u00f3ptica<\/li>\n<li style='margin-bottom: 5px;'>Protecci\u00f3n eficaz para cables delicados<\/li>\n<li style='margin-bottom: 5px;'>Ideal para entornos profesionales y dom\u00e9sticos<\/li>\n<li style='margin-bottom: 5px;'>Facilita el manejo y mantenimiento de cables<\/li>\n<\/ul><\/div>\n<p> <!-- Secci\u00f3n de especificaciones t\u00e9cnicas --> <\/p>\n<div style='flex: 1 1 300px; min-width: 280px;'>\n<h3 style='font-size: 22px; border-bottom: 2px solid currentColor; padding-bottom: 5px; margin-top: 0; color: inherit; opacity: 0.8;'>Especificaciones T\u00e9cnicas<\/h3>\n<ul style='padding-left: 20px; font-size: 15px; color: inherit;'>\n<li style='margin-bottom: 5px;'><strong>Material:<\/strong> Pl\u00e1stico<\/li>\n<li style='margin-bottom: 5px;'><strong>Longitud:<\/strong> 6.8 cm<\/li>\n<\/ul><\/div>\n<\/p><\/div>\n<p> <!-- Secci\u00f3n de instrucciones de uso --> <\/p>\n<div style='margin-bottom: 30px;'>\n<h3 style='font-size: 22px; border-bottom: 2px solid currentColor; padding-bottom: 5px; margin-top: 0; color: inherit; opacity: 0.8;'>Instrucciones de Uso<\/h3>\n<ol style='padding-left: 20px; font-size: 15px; color: inherit;'>\n<li style='margin-bottom: 8px;'>Coloque la fibra \u00f3ptica con recubrimiento en la superficie de pelado.<\/li>\n<li style='margin-bottom: 8px;'>Sostenga con la mano izquierda suavemente y tire hacia abajo con la derecha.<\/li>\n<li style='margin-bottom: 8px;'>Retire el cable y retire el recubrimiento.<\/li>\n<li style='margin-bottom: 8px;'>Pase las fibras \u00f3pticas peladas con papel sin polvo y alcohol.<\/li>\n<li style='margin-bottom: 8px;'>Coloque las fibras \u00f3pticas en la superficie de longitud fija.<\/li>\n<li style='margin-bottom: 8px;'>Use la cuchilla para completar el corte.<\/li>\n<\/ol><\/div>\n<p> <!-- Secci\u00f3n de aplicaciones --> <\/p>\n<div style='margin-bottom: 30px;'>\n<h3 style='font-size: 22px; border-bottom: 2px solid currentColor; padding-bottom: 5px; margin-top: 0; color: inherit; opacity: 0.8;'>Aplicaciones<\/h3>\n<ul style='padding-left: 20px; font-size: 15px; color: inherit;'>\n<li style='margin-bottom: 5px;'>Organizaci\u00f3n de cables de fibra \u00f3ptica<\/li>\n<li style='margin-bottom: 5px;'>Mantenimiento de redes de fibra \u00f3ptica<\/li>\n<li style='margin-bottom: 5px;'>Instalaciones de conectores SC&comma; UPC y APC<\/li>\n<li style='margin-bottom: 5px;'>Uso en entornos profesionales y dom\u00e9sticos<\/li>\n<\/ul><\/div>\n<p> <!-- Nota legal --> <\/p>\n<div style='margin-bottom: 30px; font-size: 13px; color: inherit; opacity: 0.7;'>\n<p>\u00a9 SYSCOM&comma; Todos los derechos reservados<\/p>\n<p>Todas las medidas y valores sin tolerancias son valores de referencia. Las especificaciones se refieren al producto suministrado por Syscom: cualquier modificaci\u00f3n posterior puede dar resultados diferentes.<\/p>\n<p>La informaci\u00f3n contenida en este documento no puede ser copiada&comma; reimprimida o reproducida en ninguna forma total o parcial sin el consentimiento por escrito de Syscom.<\/p>\n<p>La informaci\u00f3n se considera correcta al momento de la emisi\u00f3n. Syscom se reserva el derecho de modificar estas especificaciones sin previo aviso.<\/p>\n<p>Esta especificaci\u00f3n no es v\u00e1lida contractualmente a menos que sea autorizada espec\u00edficamente por Syscom.<\/p>\n<\/p><\/div>\n<\/p><\/div>\n","protected":false},"excerpt":{"rendered":"<p>Sujetador Pl?stico para Fibra ?ptica con Holder para Cortadora de Fibra, para Conectores SC, UPC y APC.<\/p>\n","protected":false},"featured_media":19714,"comment_status":"open","ping_status":"closed","template":"","meta":[],"product_brand":[],"product_cat":[636],"product_tag":[611,25,435],"class_list":{"0":"post-19715","1":"product","2":"type-product","3":"status-publish","4":"has-post-thumbnail","6":"product_cat-herramientas-fibra-optica","7":"product_tag-fibra-optica","8":"product_tag-herramientas","9":"product_tag-linkedpro-by-epcom","11":"first","12":"instock","13":"sale","14":"shipping-taxable","15":"purchasable","16":"product-type-simple"},"_links":{"self":[{"href":"https:\/\/soydeaqui.ddns.net\/pachuca\/index.php\/wp-json\/wp\/v2\/product\/19715","targetHints":{"allow":["GET"]}}],"collection":[{"href":"https:\/\/soydeaqui.ddns.net\/pachuca\/index.php\/wp-json\/wp\/v2\/product"}],"about":[{"href":"https:\/\/soydeaqui.ddns.net\/pachuca\/index.php\/wp-json\/wp\/v2\/types\/product"}],"replies":[{"embeddable":true,"href":"https:\/\/soydeaqui.ddns.net\/pachuca\/index.php\/wp-json\/wp\/v2\/comments?post=19715"}],"wp:featuredmedia":[{"embeddable":true,"href":"https:\/\/soydeaqui.ddns.net\/pachuca\/index.php\/wp-json\/wp\/v2\/media\/19714"}],"wp:attachment":[{"href":"https:\/\/soydeaqui.ddns.net\/pachuca\/index.php\/wp-json\/wp\/v2\/media?parent=19715"}],"wp:term":[{"taxonomy":"product_brand","embeddable":true,"href":"https:\/\/soydeaqui.ddns.net\/pachuca\/index.php\/wp-json\/wp\/v2\/product_brand?post=19715"},{"taxonomy":"product_cat","embeddable":true,"href":"https:\/\/soydeaqui.ddns.net\/pachuca\/index.php\/wp-json\/wp\/v2\/product_cat?post=19715"},{"taxonomy":"product_tag","embeddable":true,"href":"https:\/\/soydeaqui.ddns.net\/pachuca\/index.php\/wp-json\/wp\/v2\/product_tag?post=19715"}],"curies":[{"name":"wp","href":"https:\/\/api.w.org\/{rel}","templated":true}]}}