{"id":197,"date":"2026-03-18T05:36:59","date_gmt":"2026-03-18T05:36:59","guid":{"rendered":"https:\/\/soydeaqui.ddns.net\/pachuca\/index.php\/producto\/bobina-de-305-metros-1000-pies-cable-de-cobre-8-x-22-awg-riser-tipo-cmr-cl3r-blindado-gris-para-aplicaciones-de-control-de-acceso-alarmas-de-intrusin-automatizacin-interfonos-y\/"},"modified":"2026-03-18T05:37:00","modified_gmt":"2026-03-18T05:37:00","slug":"bobina-de-305-metros-1000-pies-cable-de-cobre-8-x-22-awg-riser-tipo-cmr-cl3r-blindado-gris-para-aplicaciones-de-control-de-acceso-alarmas-de-intrusin-automatizacin-interfonos-y","status":"publish","type":"product","link":"https:\/\/soydeaqui.ddns.net\/pachuca\/index.php\/producto\/bobina-de-305-metros-1000-pies-cable-de-cobre-8-x-22-awg-riser-tipo-cmr-cl3r-blindado-gris-para-aplicaciones-de-control-de-acceso-alarmas-de-intrusin-automatizacin-interfonos-y\/","title":{"rendered":"Bobina de 305 Metros (1000 Pies) \/ Cable de Cobre \/ 8 x 22 AWG \/ Riser \/ Tipo CMR-CL3R \/ Blindado \/ Gris \/ Para Aplicaciones de Control de Acceso \/ Alarmas de Intrusi?n \/ Automatizaci?n \/ Interfonos y TV Porteros"},"content":{"rendered":"<div style='width: 100%; max-width: 1200px; margin: 0 auto; font-family: sans-serif; line-height: 1.6; color: inherit; background-color: transparent;'> <!-- Im\u00e1genes de iconos --> <\/p>\n<div style='display: flex; gap: 15px; margin-bottom: 20px; flex-wrap: wrap;'> <img style='width: auto; height: 42px; border: 1px solid rgba(150&comma;150&comma;150&comma;0.3); border-radius: 8px;' src='http:\/\/ftp3.syscom.mx\/usuarios\/maguilar\/Icons\/RoHS%20Icon.png' alt='RoHS'> <img style='width: auto; height: 65px; border: 1px solid rgba(150&comma;150&comma;150&comma;0.3); border-radius: 8px;' src='http:\/\/ftp3.syscom.mx\/usuarios\/maguilar\/Icons\/Riser%20Icon.png' alt='Riser'> <\/div>\n<p> <!-- Descripci\u00f3n principal --> <\/p>\n<div style='margin-bottom: 30px;'>\n<h3 style='font-size: 18px; color: inherit; margin-top: 0; margin-bottom: 15px;'>CABLE DE 8 CONDUCTORES CALIBRE 22 CON FORRO GRIS PARA APLICACIONES EN ALARMAS Y SISTEMAS DE AUTOMATIZACION<\/h3>\n<p style='font-size: 15px; color: inherit; margin-bottom: 15px;'>Conductores de cobre suave s\u00f3lido aislamiento de PVC&comma; uso en aplicaciones de alarmas&comma; cableado de sensores&comma; cableado de sirenas y sistemas de automatizaci\u00f3n.<\/p>\n<\/p><\/div>\n<p> <!-- Secci\u00f3n de caracter\u00edsticas con grid --> <\/p>\n<div style='display: grid; grid-template-columns: repeat(auto-fit&comma; minmax(280px&comma; 1fr)); gap: 30px; margin-bottom: 30px;'> <!-- Caracter\u00edsticas principales --> <\/p>\n<div style='border: 1px solid rgba(150&comma; 150&comma; 150&comma; 0.4); border-left: 5px solid #F52207; border-radius: 8px; overflow: hidden; background-color: rgba(255&comma; 255&comma; 255&comma; 0.02);'>\n<div style='padding: 15px; border-bottom: 1px solid rgba(150&comma; 150&comma; 150&comma; 0.2); font-weight: bold; font-size: 18px; color: inherit;'>Caracter\u00edsticas<\/div>\n<div style='padding: 15px; color: inherit;'>\n<ul style='padding-left: 20px; margin: 0; font-size: 14px; list-style-type: disc;'>\n<li style='margin-bottom: 5px;'>Uso Interior<\/li>\n<li style='margin-bottom: 5px;'>Alarmas de instrusi\u00f3n: Sensores&comma; tecnologias convensionales&comma; sirenas&comma; estrobos.<\/li>\n<li style='margin-bottom: 5px;'>Sistemas de control de automatizaci\u00f3n<\/li>\n<\/ul><\/div>\n<\/p><\/div>\n<p> <!-- Caracter\u00edsticas f\u00edsicas y el\u00e9ctricas --> <\/p>\n<div style='border: 1px solid rgba(150&comma; 150&comma; 150&comma; 0.4); border-left: 5px solid #F52207; border-radius: 8px; overflow: hidden; background-color: rgba(255&comma; 255&comma; 255&comma; 0.02);'>\n<div style='padding: 15px; border-bottom: 1px solid rgba(150&comma; 150&comma; 150&comma; 0.2); font-weight: bold; font-size: 18px; color: inherit;'>Caracter\u00edsticas f\u00edsicas y el\u00e9ctricas<\/div>\n<div style='padding: 15px; color: inherit;'>\n<ul style='padding-left: 20px; margin: 0; font-size: 14px; list-style-type: disc;'>\n<li style='margin-bottom: 5px;'><strong>Tipo:<\/strong> Cable (4 pares)<\/li>\n<li style='margin-bottom: 5px;'><strong>Impedancia (\u03a9):<\/strong> 59<\/li>\n<li style='margin-bottom: 5px;'><strong>Resistencia en \u03a9 a 305 m.:<\/strong> 16.9<\/li>\n<li style='margin-bottom: 5px;'>Blindado<\/li>\n<li style='margin-bottom: 5px;'><strong>Calibre:<\/strong> 22<\/li>\n<li style='margin-bottom: 5px;'><strong>Color externo:<\/strong> Gris<\/li>\n<li style='margin-bottom: 5px;'><strong>Color interno:<\/strong> Negro&comma; Rojo&comma; Cafe&comma; Verde&comma; Az\u00fal&comma; Blanco&comma; Naranja&comma; Amarillo<\/li>\n<li style='margin-bottom: 5px;'><strong>Di\u00e1metro exterior (mm):<\/strong> 4.47<\/li>\n<li style='margin-bottom: 5px;'> <strong>Tipo:<\/strong>\n<ul style='padding-left: 25px; margin: 10px 0 5px 0; list-style-type: disc;'>\n<li style='margin-bottom: 5px;'>CMR = Alambres y cables de comunicaci\u00f3n tipo Riser<\/li>\n<li style='margin-bottom: 5px;'>CLR3= Clase 3&comma; Cables de alimentaci\u00f3n limitada&comma; control remota y se\u00f1alizaci\u00f3n.<\/li>\n<li style='margin-bottom: 5px;'>FPLR<\/li>\n<li style='margin-bottom: 5px;'>FT4<\/li>\n<\/ul>\n<\/li>\n<li style='margin-bottom: 5px;'><strong>Temperatura de operaci\u00f3n:<\/strong> -20\u00b0C a 75\u00b0C<\/li>\n<\/ul><\/div>\n<\/p><\/div>\n<p> <!-- Est\u00e1ndares --> <\/p>\n<div style='border: 1px solid rgba(150&comma; 150&comma; 150&comma; 0.4); border-left: 5px solid #F52207; border-radius: 8px; overflow: hidden; background-color: rgba(255&comma; 255&comma; 255&comma; 0.02);'>\n<div style='padding: 15px; border-bottom: 1px solid rgba(150&comma; 150&comma; 150&comma; 0.2); font-weight: bold; font-size: 18px; color: inherit;'>Est\u00e1ndares<\/div>\n<div style='padding: 15px; color: inherit;'>\n<ul style='padding-left: 20px; margin: 0; font-size: 14px; list-style-type: disc;'>\n<li style='margin-bottom: 5px;'>UL1666 (Riser)<\/li>\n<li style='margin-bottom: 5px;'>CSA C22.2 No. 2556 (FT4)<\/li>\n<li style='margin-bottom: 5px;'>RoHS Compliant<\/li>\n<li style='margin-bottom: 5px;'>ETL Listed<\/li>\n<\/ul><\/div>\n<\/p><\/div>\n<\/p><\/div>\n<p> <!-- Nota de precio --> <\/p>\n<div style='margin-top: 20px; padding: 15px; border-left: 4px solid #F52207; background-color: rgba(255&comma; 255&comma; 255&comma; 0.02);'>\n<p style='margin: 0; font-size: 14px; color: inherit;'><strong>* Precio por bobina de 305 metros.<\/strong><\/p>\n<\/p><\/div>\n<\/p><\/div>\n","protected":false},"excerpt":{"rendered":"<p>Bobina de 305 Metros (1000 Pies) \/ Cable de Cobre \/ 8 x 22 AWG \/ Riser \/ Tipo CMR-CL3R \/ Blindado \/ Gris \/ Para Aplicaciones de Control de Acceso \/ Alarmas de Intrusi?n \/ Automatizaci?n \/ Interfonos y TV Porteros<\/p>\n","protected":false},"featured_media":196,"comment_status":"open","ping_status":"closed","template":"","meta":[],"product_brand":[],"product_cat":[137],"product_tag":[138,139,62],"class_list":{"0":"post-197","1":"product","2":"type-product","3":"status-publish","4":"has-post-thumbnail","6":"product_cat-todos-cables","7":"product_tag-cables","8":"product_tag-genesis","9":"product_tag-todos","11":"first","12":"outofstock","13":"sale","14":"shipping-taxable","15":"purchasable","16":"product-type-simple"},"_links":{"self":[{"href":"https:\/\/soydeaqui.ddns.net\/pachuca\/index.php\/wp-json\/wp\/v2\/product\/197","targetHints":{"allow":["GET"]}}],"collection":[{"href":"https:\/\/soydeaqui.ddns.net\/pachuca\/index.php\/wp-json\/wp\/v2\/product"}],"about":[{"href":"https:\/\/soydeaqui.ddns.net\/pachuca\/index.php\/wp-json\/wp\/v2\/types\/product"}],"replies":[{"embeddable":true,"href":"https:\/\/soydeaqui.ddns.net\/pachuca\/index.php\/wp-json\/wp\/v2\/comments?post=197"}],"wp:featuredmedia":[{"embeddable":true,"href":"https:\/\/soydeaqui.ddns.net\/pachuca\/index.php\/wp-json\/wp\/v2\/media\/196"}],"wp:attachment":[{"href":"https:\/\/soydeaqui.ddns.net\/pachuca\/index.php\/wp-json\/wp\/v2\/media?parent=197"}],"wp:term":[{"taxonomy":"product_brand","embeddable":true,"href":"https:\/\/soydeaqui.ddns.net\/pachuca\/index.php\/wp-json\/wp\/v2\/product_brand?post=197"},{"taxonomy":"product_cat","embeddable":true,"href":"https:\/\/soydeaqui.ddns.net\/pachuca\/index.php\/wp-json\/wp\/v2\/product_cat?post=197"},{"taxonomy":"product_tag","embeddable":true,"href":"https:\/\/soydeaqui.ddns.net\/pachuca\/index.php\/wp-json\/wp\/v2\/product_tag?post=197"}],"curies":[{"name":"wp","href":"https:\/\/api.w.org\/{rel}","templated":true}]}}