{"id":19677,"date":"2026-03-18T10:07:42","date_gmt":"2026-03-18T10:07:42","guid":{"rendered":"https:\/\/soydeaqui.ddns.net\/pachuca\/index.php\/producto\/cable-de-alimentacion-electrica-con-bloqueo-de-seguridad-de-iec-c14-a-iec-c13-1-8-metros-de-largo-color-negro-1-pieza\/"},"modified":"2026-03-18T10:07:43","modified_gmt":"2026-03-18T10:07:43","slug":"cable-de-alimentacion-electrica-con-bloqueo-de-seguridad-de-iec-c14-a-iec-c13-1-8-metros-de-largo-color-negro-1-pieza","status":"publish","type":"product","link":"https:\/\/soydeaqui.ddns.net\/pachuca\/index.php\/producto\/cable-de-alimentacion-electrica-con-bloqueo-de-seguridad-de-iec-c14-a-iec-c13-1-8-metros-de-largo-color-negro-1-pieza\/","title":{"rendered":"Cable de Alimentaci\u00f3n El\u00e9ctrica Con Bloqueo de Seguridad, de IEC C14 a IEC C13, 1.8 Metros de Largo, Color Negro, 1 Pieza"},"content":{"rendered":"<div style='width: 100%; max-width: 1200px; margin: 0 auto; font-family: sans-serif; line-height: 1.6; color: inherit; background-color: transparent;'>\n<div style='display: flex; flex-wrap: wrap; gap: 30px; margin-bottom: 30px;'>\n<div style='flex: 1 1 300px; min-width: 280px;'>\n<h3 style='font-size: 22px; border-bottom: 2px solid currentColor; padding-bottom: 5px; margin-top: 0; color: inherit; opacity: 0.8;'>Caracter\u00edsticas principales<\/h3>\n<ul style='padding-left: 20px; font-size: 15px; color: inherit;'>\n<li style='margin-bottom: 5px;'><span style='color: inherit;'>Cables de alimentaci\u00f3n con bloqueo doble seguro<\/span><\/li>\n<li style='margin-bottom: 5px;'><span style='color: inherit;'>El enchufe IEC C14 se bloquear\u00e1 en cualquier PDU RackPower<\/span><\/li>\n<li style='margin-bottom: 5px;'><span style='color: inherit;'>El conector IEC de bloqueo universal se bloquear\u00e1 de forma segura en cualquier entrada de alimentaci\u00f3n est\u00e1ndar C14<\/span><\/li>\n<li style='margin-bottom: 5px;'><span style='color: inherit;'>Ambas conexiones requieren una acci\u00f3n deliberada para liberar los botones de bloqueo y desconectar la alimentaci\u00f3n<\/span><\/li>\n<\/ul><\/div>\n<\/p><\/div>\n<div style='display: flex; flex-wrap: wrap; gap: 20px; margin-bottom: 30px;'>\n<div style='flex: 1 1 250px; border: 1px solid rgba(150&comma; 150&comma; 150&comma; 0.4); border-radius: 8px; overflow: hidden; display: flex; flex-direction: column;'>\n<div style='padding: 15px; border-bottom: 1px solid rgba(150&comma; 150&comma; 150&comma; 0.2); font-weight: bold; font-size: 18px; color: inherit;'>Especificaciones T\u00e9cnicas<\/div>\n<div style='padding: 15px; color: inherit;'>\n<ul style='padding-left: 20px; margin: 0; font-size: 14px; list-style-type: disc;'>\n<li style='margin-bottom: 5px;'><span style='color: inherit;'>Color: negro<\/span><\/li>\n<li style='margin-bottom: 5px;'><span style='color: inherit;'>Tipo de conector: IEC60320 C13<\/span><\/li>\n<li style='margin-bottom: 5px;'><span style='color: inherit;'>Tipo de enchufe IEC60320 C14<\/span><\/li>\n<li style='margin-bottom: 5px;'><span style='color: inherit;'>Longitud total (pies): 6<\/span><\/li>\n<li style='margin-bottom: 5px;'><span style='color: inherit;'>Longitud total (m): 1.8<\/span><\/li>\n<li style='margin-bottom: 5px;'><span style='color: inherit;'>Normas cumplidas: UL&comma; CE y EAC<\/span><\/li>\n<\/ul><\/div>\n<\/p><\/div>\n<\/p><\/div>\n<div style='margin-bottom: 30px;'>\n<p style='color: inherit; font-size: 15px; margin-bottom: 15px;'>Los cables de alimentaci\u00f3n duales seguros W-Lock brindan una retenci\u00f3n mejorada del cable entre la PDU y el equipo de TI. Ambas conexiones requieren una acci\u00f3n deliberada para liberar los botones de bloqueo y evitar que las conexiones de alimentaci\u00f3n se desconecten accidentalmente. Los cables funcionan con cualquier recept\u00e1culo IEC est\u00e1ndar correspondiente&comma; pero la funci\u00f3n de bloqueo requiere tomas de corriente W-lock o V-lock compatibles.<\/p>\n<\/p><\/div>\n<\/p><\/div>\n","protected":false},"excerpt":{"rendered":"<p>Cable de Alimentaci\u00f3n El\u00e9ctrica Con Bloqueo de Seguridad, de IEC C14 a IEC C13, 1.8 Metros de Largo, Color Negro, 1 Pieza<\/p>\n","protected":false},"featured_media":19676,"comment_status":"open","ping_status":"closed","template":"","meta":[],"product_brand":[],"product_cat":[645],"product_tag":[647,698,646],"class_list":{"0":"post-19677","1":"product","2":"type-product","3":"status-publish","4":"has-post-thumbnail","6":"product_cat-basicos","7":"product_tag-basicos","8":"product_tag-hoffman","9":"product_tag-pdu","11":"first","12":"outofstock","13":"sale","14":"shipping-taxable","15":"purchasable","16":"product-type-simple"},"_links":{"self":[{"href":"https:\/\/soydeaqui.ddns.net\/pachuca\/index.php\/wp-json\/wp\/v2\/product\/19677","targetHints":{"allow":["GET"]}}],"collection":[{"href":"https:\/\/soydeaqui.ddns.net\/pachuca\/index.php\/wp-json\/wp\/v2\/product"}],"about":[{"href":"https:\/\/soydeaqui.ddns.net\/pachuca\/index.php\/wp-json\/wp\/v2\/types\/product"}],"replies":[{"embeddable":true,"href":"https:\/\/soydeaqui.ddns.net\/pachuca\/index.php\/wp-json\/wp\/v2\/comments?post=19677"}],"wp:featuredmedia":[{"embeddable":true,"href":"https:\/\/soydeaqui.ddns.net\/pachuca\/index.php\/wp-json\/wp\/v2\/media\/19676"}],"wp:attachment":[{"href":"https:\/\/soydeaqui.ddns.net\/pachuca\/index.php\/wp-json\/wp\/v2\/media?parent=19677"}],"wp:term":[{"taxonomy":"product_brand","embeddable":true,"href":"https:\/\/soydeaqui.ddns.net\/pachuca\/index.php\/wp-json\/wp\/v2\/product_brand?post=19677"},{"taxonomy":"product_cat","embeddable":true,"href":"https:\/\/soydeaqui.ddns.net\/pachuca\/index.php\/wp-json\/wp\/v2\/product_cat?post=19677"},{"taxonomy":"product_tag","embeddable":true,"href":"https:\/\/soydeaqui.ddns.net\/pachuca\/index.php\/wp-json\/wp\/v2\/product_tag?post=19677"}],"curies":[{"name":"wp","href":"https:\/\/api.w.org\/{rel}","templated":true}]}}