{"id":19663,"date":"2026-03-18T10:07:27","date_gmt":"2026-03-18T10:07:27","guid":{"rendered":"https:\/\/soydeaqui.ddns.net\/pachuca\/index.php\/producto\/850-tubos-termoencogibles-termofit-21-de-12-diferentes-medidas\/"},"modified":"2026-03-18T10:07:29","modified_gmt":"2026-03-18T10:07:29","slug":"850-tubos-termoencogibles-termofit-21-de-12-diferentes-medidas","status":"publish","type":"product","link":"https:\/\/soydeaqui.ddns.net\/pachuca\/index.php\/producto\/850-tubos-termoencogibles-termofit-21-de-12-diferentes-medidas\/","title":{"rendered":"850 Tubos Termoencogibles (Termofit) 2:1, de 12 Diferentes Medidas"},"content":{"rendered":"<div style='width: 100%; max-width: 1200px; margin: 0 auto; font-family: sans-serif; line-height: 1.6; color: inherit; background-color: transparent;'>\n<div style='display: flex; flex-direction: column; gap: 30px;'>\n<div style='width: 100%;'> <img style='width: 100%; height: auto; border: 1px solid rgba(150&comma;150&comma;150&comma;0.3); border-radius: 8px; display: block; margin: 0 auto;' src='data:image\/png;base64&comma;iVBORw0KGgoAAAANSUhEUgAAAMwAAABDCAYAAADQxOr\/AAATeUlEQVR4nO2ceXiU1b3HP+edPXsIZCeQkEwmyUwmmUx2EiCEJGxhC4JYrW211WpRq7X2VZQl7CqCqCjIvq9VQFkUWZQ97IqIgAgiK8E9JGxJmMlM5n3vH3POZJLJZLX3+33P85z7zJzzzjvzO+\/7fM\/5ne\/5nd\/5nV8opZQoikI0aBd7A4qieP9QglEooqAJRqFQaJpgFIooaIJRKBQaJhiFQqFhglEoFJpgFAqFhglGoVBoQcH8H4qK3Q0z66EAAAAASUVORK5CYII=' alt=''> <\/div>\n<div style='display: flex; flex-direction: column; gap: 15px;'>\n<p style='font-size: 16px; color: inherit; margin: 0;'>El Tubo Termoencogible o Thermofit es una soluci\u00f3n de empaque innovadora y eficiente que se adapta a una amplia gama de productos y aplicaciones&comma; Este tubo se contrae uniformemente al aplicar calor en una proporci\u00f3n de 2 a 1&comma; creando un sello herm\u00e9tico y profesional alrededor de los productos.<\/p>\n<p style='font-size: 16px; color: inherit; margin: 0;'>El Tubo Termoencongible es resistente a las temperaturas&comma; a la abrasi\u00f3n y a la corrosi\u00f3n&comma; generando un buen aislamiento impermeable y de alta resistencia contra la fricci\u00f3n.<\/p>\n<p style='font-size: 16px; color: inherit; margin: 0;'>Los tubos termorretr\u00e1ctiles se pueden utilizar para la conexi\u00f3n&comma; protecci\u00f3n o uni\u00f3n de cables&comma; aislamiento de las juntas de soldadura&comma; la agrupaci\u00f3n de cables&comma; la protecci\u00f3n de antenas&comma; la reparaci\u00f3n de cables de datos&comma; la reparaci\u00f3n de auriculares&comma; etc.<\/p>\n<\/p><\/div>\n<div style='width: 100%;'> <img style='width: 100%; height: auto; border: 1px solid rgba(150&comma;150&comma;150&comma;0.3); border-radius: 8px; display: block; margin: 0 auto;' src='https:\/\/ftp3.syscom.mx\/usuarios\/fotos\/PSTC04002\/230064-termok2.jpg' alt=''> <\/div>\n<\/p><\/div>\n<\/p><\/div>\n","protected":false},"excerpt":{"rendered":"<p>850 Tubos Termoencogibles (Termofit) 2:1, de 12 Diferentes Medidas<\/p>\n","protected":false},"featured_media":19662,"comment_status":"open","ping_status":"closed","template":"","meta":[],"product_brand":[],"product_cat":[130],"product_tag":[25,131,248],"class_list":{"0":"post-19663","1":"product","2":"type-product","3":"status-publish","4":"has-post-thumbnail","6":"product_cat-herramientas-electricas","7":"product_tag-herramientas","8":"product_tag-herramientas-electricas","9":"product_tag-precision","11":"first","12":"instock","13":"sale","14":"shipping-taxable","15":"purchasable","16":"product-type-simple"},"_links":{"self":[{"href":"https:\/\/soydeaqui.ddns.net\/pachuca\/index.php\/wp-json\/wp\/v2\/product\/19663","targetHints":{"allow":["GET"]}}],"collection":[{"href":"https:\/\/soydeaqui.ddns.net\/pachuca\/index.php\/wp-json\/wp\/v2\/product"}],"about":[{"href":"https:\/\/soydeaqui.ddns.net\/pachuca\/index.php\/wp-json\/wp\/v2\/types\/product"}],"replies":[{"embeddable":true,"href":"https:\/\/soydeaqui.ddns.net\/pachuca\/index.php\/wp-json\/wp\/v2\/comments?post=19663"}],"wp:featuredmedia":[{"embeddable":true,"href":"https:\/\/soydeaqui.ddns.net\/pachuca\/index.php\/wp-json\/wp\/v2\/media\/19662"}],"wp:attachment":[{"href":"https:\/\/soydeaqui.ddns.net\/pachuca\/index.php\/wp-json\/wp\/v2\/media?parent=19663"}],"wp:term":[{"taxonomy":"product_brand","embeddable":true,"href":"https:\/\/soydeaqui.ddns.net\/pachuca\/index.php\/wp-json\/wp\/v2\/product_brand?post=19663"},{"taxonomy":"product_cat","embeddable":true,"href":"https:\/\/soydeaqui.ddns.net\/pachuca\/index.php\/wp-json\/wp\/v2\/product_cat?post=19663"},{"taxonomy":"product_tag","embeddable":true,"href":"https:\/\/soydeaqui.ddns.net\/pachuca\/index.php\/wp-json\/wp\/v2\/product_tag?post=19663"}],"curies":[{"name":"wp","href":"https:\/\/api.w.org\/{rel}","templated":true}]}}