{"id":19659,"date":"2026-03-18T10:07:20","date_gmt":"2026-03-18T10:07:20","guid":{"rendered":"https:\/\/soydeaqui.ddns.net\/pachuca\/index.php\/producto\/cable-utp-ethernet-cat-6-color-amarillo-2-metros\/"},"modified":"2026-03-18T10:07:21","modified_gmt":"2026-03-18T10:07:21","slug":"cable-utp-ethernet-cat-6-color-amarillo-2-metros","status":"publish","type":"product","link":"https:\/\/soydeaqui.ddns.net\/pachuca\/index.php\/producto\/cable-utp-ethernet-cat-6-color-amarillo-2-metros\/","title":{"rendered":"Cable UTP Ethernet Cat 6  Color Amarillo 2 Metros"},"content":{"rendered":"<div style='width: 100%; max-width: 1200px; margin: 0 auto; font-family: sans-serif; line-height: 1.6; color: inherit; background-color: transparent;'> <!-- Secci\u00f3n de descripci\u00f3n principal --> <\/p>\n<div style='margin-bottom: 30px;'>\n<h3 style='font-size: 22px; border-bottom: 2px solid currentColor; padding-bottom: 5px; margin-top: 0; color: inherit; opacity: 0.8;'>Descripci\u00f3n<\/h3>\n<p style='font-size: 15px; color: inherit; margin-top: 10px; margin-bottom: 10px;'>El cable Ugreen CAT6 es un cable ideal para conectar dispositivos en su red. Admite una velocidad de red de 10\/100\/1000 Mbps con frecuencia operativa de hasta 250 MHz. Cobre puro y pines de contacto chapados en oro de 24k&comma; el n\u00facleo de reducci\u00f3n de ruido cruzado proporciona una capacidad de transmisi\u00f3n de se\u00f1al estable y duradera durante largos per\u00edodos de uso.<\/p>\n<\/p><\/div>\n<p> <!-- Secci\u00f3n de caracter\u00edsticas --> <\/p>\n<div style='display: flex; flex-wrap: wrap; gap: 30px; margin-bottom: 30px;'>\n<div style='flex: 1 1 300px; min-width: 280px;'>\n<h3 style='font-size: 22px; border-bottom: 2px solid currentColor; padding-bottom: 5px; margin-top: 0; color: inherit; opacity: 0.8;'>Caracter\u00edsticas<\/h3>\n<ul style='padding-left: 20px; font-size: 15px; color: inherit; list-style-type: disc;'>\n<li style='margin-bottom: 5px;'>Transmisi\u00f3n estable<\/li>\n<li style='margin-bottom: 5px;'>Aplicaci\u00f3n amplia<\/li>\n<li style='margin-bottom: 5px;'>Plug and play&comma; no requiere controlador<\/li>\n<li style='margin-bottom: 5px;'>Anti-interferencia<\/li>\n<li style='margin-bottom: 5px;'>N\u00facleo ultragrueso<\/li>\n<\/ul><\/div>\n<\/p><\/div>\n<p> <!-- Secci\u00f3n de especificaciones t\u00e9cnicas --> <\/p>\n<div style='display: flex; flex-wrap: wrap; gap: 20px; margin-bottom: 30px;'>\n<div style='flex: 1 1 250px; border: 1px solid rgba(150&comma; 150&comma; 150&comma; 0.4); border-radius: 8px; overflow: hidden; display: flex; flex-direction: column;'>\n<div style='padding: 15px; border-bottom: 1px solid rgba(150&comma; 150&comma; 150&comma; 0.2); font-weight: bold; font-size: 18px; color: inherit;'>Especificaciones T\u00e9cnicas<\/div>\n<div style='padding: 15px; color: inherit;'>\n<ul style='padding-left: 20px; margin: 0; font-size: 14px; list-style-type: disc;'>\n<li style='margin-bottom: 5px;'><strong>Categor\u00eda:<\/strong> Cat 6<\/li>\n<li style='margin-bottom: 5px;'><strong>Est\u00e1ndar:<\/strong> UTP<\/li>\n<li style='margin-bottom: 5px;'><strong>Conductor:<\/strong> 26AWG CCA<\/li>\n<li style='margin-bottom: 5px;'><strong>Conector:<\/strong> Cobre puro chapado en oro<\/li>\n<li style='margin-bottom: 5px;'><strong>Tipo de conexi\u00f3n:<\/strong> RJ45<\/li>\n<li style='margin-bottom: 5px;'><strong>M\u00e9todo de conexi\u00f3n:<\/strong> 568B<\/li>\n<\/ul><\/div>\n<\/p><\/div>\n<div style='flex: 1 1 250px; border: 1px solid rgba(150&comma; 150&comma; 150&comma; 0.4); border-radius: 8px; overflow: hidden; display: flex; flex-direction: column;'>\n<div style='padding: 15px; border-bottom: 1px solid rgba(150&comma; 150&comma; 150&comma; 0.2); font-weight: bold; font-size: 18px; color: inherit;'>Desempe\u00f1o<\/div>\n<div style='padding: 15px; color: inherit;'>\n<ul style='padding-left: 20px; margin: 0; font-size: 14px; list-style-type: disc;'>\n<li style='margin-bottom: 5px;'><strong>Velocidad:<\/strong> 1000Mbps<\/li>\n<li style='margin-bottom: 5px;'><strong>Ancho de banda:<\/strong> 250 MHz<\/li>\n<li style='margin-bottom: 5px;'><strong>Estructura:<\/strong> Par trenzado de 8 n\u00facleos<\/li>\n<li style='margin-bottom: 5px;'><strong>Blindaje:<\/strong> Sistema de aislamiento cruzado<\/li>\n<li style='margin-bottom: 5px;'><strong>Pruebas:<\/strong> Aprobado por Fluke<\/li>\n<\/ul><\/div>\n<\/p><\/div>\n<div style='flex: 1 1 250px; border: 1px solid rgba(150&comma; 150&comma; 150&comma; 0.4); border-radius: 8px; overflow: hidden; display: flex; flex-direction: column;'>\n<div style='padding: 15px; border-bottom: 1px solid rgba(150&comma; 150&comma; 150&comma; 0.2); font-weight: bold; font-size: 18px; color: inherit;'>Especificaciones del Paquete<\/div>\n<div style='padding: 15px; color: inherit;'>\n<ul style='padding-left: 20px; margin: 0; font-size: 14px; list-style-type: disc;'>\n<li style='margin-bottom: 5px;'><strong>Peso:<\/strong> 65g<\/li>\n<li style='margin-bottom: 5px;'><strong>Dimensiones:<\/strong> 16&comma;8 x 2 x 23 cm<\/li>\n<li style='margin-bottom: 5px;'><strong>Embalaje:<\/strong> Bolsa de aluminio<\/li>\n<\/ul><\/div>\n<\/p><\/div>\n<\/p><\/div>\n<p> <!-- Garant\u00eda --> <\/p>\n<div style='margin-bottom: 30px;'>\n<h4 style='font-size: 18px; color: inherit; margin-top: 0; margin-bottom: 10px; font-weight: 500; color: inherit; opacity: 0.8;'>Garant\u00eda<\/h4>\n<p style='font-size: 15px; color: inherit; margin-top: 0; margin-bottom: 0;'>1 A\u00f1o de garant\u00eda<\/p>\n<\/p><\/div>\n<p> <!-- Separador --> <\/p>\n<hr style='border: 0; border-top: 1px solid rgba(150&comma; 150&comma; 150&comma; 0.3); margin: 30px 0;'> <\/div>\n","protected":false},"excerpt":{"rendered":"<p>Cable UTP Ethernet Cat 6  Color Amarillo 2 Metros<\/p>\n","protected":false},"featured_media":19658,"comment_status":"open","ping_status":"closed","template":"","meta":[],"product_brand":[],"product_cat":[598],"product_tag":[586,599,650],"class_list":{"0":"post-19659","1":"product","2":"type-product","3":"status-publish","4":"has-post-thumbnail","6":"product_cat-patch-cords","7":"product_tag-cableado-de-cobre","8":"product_tag-patch-cords","9":"product_tag-ugreen","11":"first","12":"outofstock","13":"sale","14":"shipping-taxable","15":"purchasable","16":"product-type-simple"},"_links":{"self":[{"href":"https:\/\/soydeaqui.ddns.net\/pachuca\/index.php\/wp-json\/wp\/v2\/product\/19659","targetHints":{"allow":["GET"]}}],"collection":[{"href":"https:\/\/soydeaqui.ddns.net\/pachuca\/index.php\/wp-json\/wp\/v2\/product"}],"about":[{"href":"https:\/\/soydeaqui.ddns.net\/pachuca\/index.php\/wp-json\/wp\/v2\/types\/product"}],"replies":[{"embeddable":true,"href":"https:\/\/soydeaqui.ddns.net\/pachuca\/index.php\/wp-json\/wp\/v2\/comments?post=19659"}],"wp:featuredmedia":[{"embeddable":true,"href":"https:\/\/soydeaqui.ddns.net\/pachuca\/index.php\/wp-json\/wp\/v2\/media\/19658"}],"wp:attachment":[{"href":"https:\/\/soydeaqui.ddns.net\/pachuca\/index.php\/wp-json\/wp\/v2\/media?parent=19659"}],"wp:term":[{"taxonomy":"product_brand","embeddable":true,"href":"https:\/\/soydeaqui.ddns.net\/pachuca\/index.php\/wp-json\/wp\/v2\/product_brand?post=19659"},{"taxonomy":"product_cat","embeddable":true,"href":"https:\/\/soydeaqui.ddns.net\/pachuca\/index.php\/wp-json\/wp\/v2\/product_cat?post=19659"},{"taxonomy":"product_tag","embeddable":true,"href":"https:\/\/soydeaqui.ddns.net\/pachuca\/index.php\/wp-json\/wp\/v2\/product_tag?post=19659"}],"curies":[{"name":"wp","href":"https:\/\/api.w.org\/{rel}","templated":true}]}}